{"id":10373,"date":"2017-10-06T20:00:03","date_gmt":"2017-10-06T18:00:03","guid":{"rendered":"https:\/\/ringuvos-sm.siauliai.lm.lt\/?page_id=10373"},"modified":"2017-10-06T20:00:03","modified_gmt":"2017-10-06T18:00:03","slug":"2016-2017-m-m-foto-archyvas","status":"publish","type":"page","link":"https:\/\/ringuvos-sm.siauliai.lm.lt\/?page_id=10373","title":{"rendered":"2016 &#8211;  2017 m.m. Foto archyvas"},"content":{"rendered":"<h5><strong>2016 &#8211; 2017 m.m.<\/strong><\/h5>\n<h5><span style=\"color: #000000;\"><a style=\"color: #000000;\" href=\"https:\/\/ringuvos-sm.siauliai.lm.lt\/?page_id=10230\">2017 06 09 I\u0161vyka prie Burbai\u010di\u0173 piliakalnio&nbsp;<\/a><\/span><\/h5>\n<h6><span style=\"color: #000000;\"><a style=\"color: #000000;\" href=\"https:\/\/ringuvos-sm.siauliai.lm.lt\/?page_id=10193\">2017 06 07 Ekskursija \u012f Anyk\u0161\u010dius&nbsp;<\/a><\/span><\/h6>\n<h6><span style=\"color: #000000;\"><a style=\"color: #000000;\" href=\"https:\/\/ringuvos-sm.siauliai.lm.lt\/?page_id=10104\">2017 06 01 Edukacinis u\u017esi\u0117mimas ,,Ind\u0117n\u0173 buitis ir \u017eaidimai\u201c<\/a><\/span><\/h6>\n<h6><span style=\"color: #000000;\"><a style=\"color: #000000;\" href=\"https:\/\/ringuvos-sm.siauliai.lm.lt\/?page_id=10102\">2017 06 01 U\u017esi\u0117mimas \u201eSvajoni\u0173 pauk\u0161t\u0117\u201d<\/a><\/span><\/h6>\n<h5><span style=\"color: #000000;\"><a style=\"color: #000000;\" href=\"https:\/\/ringuvos-sm.siauliai.lm.lt\/?page_id=10050\">2017 05 31 I\u0161vyka \u012f Dinozaur\u0173 &#8211; drakon\u0173 park\u0105 ir mini zoo<\/a><\/span><\/h5>\n<h5><span style=\"color: #000000;\"><a style=\"color: #000000;\" href=\"https:\/\/ringuvos-sm.siauliai.lm.lt\/?page_id=10048\">2017 05 31 Renginys ,,Spalvotas pasaulis\u201c<\/a><\/span><\/h5>\n<h5><span style=\"color: #000000;\"><a style=\"color: #000000;\" href=\"https:\/\/ringuvos-sm.siauliai.lm.lt\/?page_id=10014\">2017 05 30 I\u0161vyka \u012f alpak\u0173 \u016bk\u012f&nbsp;<\/a><\/span><\/h5>\n<h5><span style=\"color: #000000;\"><a class=\"article-title\" style=\"color: #000000;\" title=\"2017 05 26 Ekskursija \u012f \u201e\u017dv\u0117rin\u010di\u0173\u201c\" href=\"https:\/\/ringuvos-sm.siauliai.lm.lt\/?page_id=9990\" rel=\"bookmark\">2017 05 26 Ekskursija \u012f \u201e\u017dv\u0117rin\u010di\u0173\u201c<\/a><\/span><\/h5>\n<h5><span style=\"color: #000000;\"><a style=\"color: #000000;\" href=\"https:\/\/ringuvos-sm.siauliai.lm.lt\/?page_id=9959\">2017 05 24 Respublikin\u0117 speciali\u0173j\u0173 mokykl\u0173 mokini\u0173 konferencija ,,Gamtos atradimai vaiko akimis\u201c<\/a><\/span><\/h5>\n<h5><span style=\"color: #000000;\"><a style=\"color: #000000;\" href=\"https:\/\/ringuvos-sm.siauliai.lm.lt\/?page_id=9881\">2017 05 23 &nbsp;Bendruomen\u0117s \u0161vent\u0117 ,,Pab\u016bkime kartu\u201c<\/a><\/span><\/h5>\n<h6><span style=\"color: #000000;\"><a style=\"color: #000000;\" href=\"https:\/\/ringuvos-sm.siauliai.lm.lt\/?page_id=9816\">2017 05 18 Akcija ,,\u017dyd\u0117k, mokykl\u0117le&#8221;&nbsp;<\/a><\/span><\/h6>\n<h5><span style=\"color: #000000;\"><a style=\"color: #000000;\" href=\"https:\/\/ringuvos-sm.siauliai.lm.lt\/?page_id=9732\">2017 05 10 VI Respublikinis speciali\u0173j\u0173 ugdymo \u012fstaig\u0173 mokini\u0173 teatr\u0173 festivalis \u201eSaul\u0117s skraist\u0117\u201c<\/a><\/span><\/h5>\n<h5><span style=\"color: #000000;\"><a style=\"color: #000000;\" href=\"https:\/\/ringuvos-sm.siauliai.lm.lt\/?page_id=9575\">2017 04 05 K\u016brybi\u0161kumo \u017eadintuvas \u201ePauk\u0161\u010di\u0173 taku\u201c<\/a><\/span><\/h5>\n<h6><span style=\"color: #000000;\"><a style=\"color: #000000;\" href=\"https:\/\/ringuvos-sm.siauliai.lm.lt\/?page_id=9440\">2017 04 05 &nbsp;<\/a><a class=\"article-title\" style=\"color: #000000;\" title=\"2017 04 05 Edukacinis u\u017esi\u0117mimas ,,Linksmieji margu\u010diai\u201c\" href=\"https:\/\/ringuvos-sm.siauliai.lm.lt\/?p=9438\" rel=\"bookmark\">Edukacinis u\u017esi\u0117mimas ,,Linksmieji margu\u010diai\u201c<\/a><\/span><\/h6>\n<h5><span style=\"color: #000000;\"><a style=\"color: #000000;\" href=\"https:\/\/ringuvos-sm.siauliai.lm.lt\/?page_id=9411\">2017 04 05 Edukacinis u\u017esi\u0117mimas \u201eMargu\u010di\u0173 marginimas\u201d&nbsp;<\/a><\/span><\/h5>\n<h5><span style=\"color: #000000;\"><a style=\"color: #000000;\" href=\"https:\/\/ringuvos-sm.siauliai.lm.lt\/?page_id=9349\">2017 03 24 &nbsp; &nbsp;,,Veiksmo savait\u0117 ,,Be paty\u010di\u0173\u201d&nbsp;<\/a><\/span><\/h5>\n<h5><span style=\"color: #000000;\"><a style=\"color: #000000;\" href=\"https:\/\/ringuvos-sm.siauliai.lm.lt\/?page_id=9322\">2017 03 16 Metodinis susitikimas \u2013 seminaras \u201eSpecialiojo ugdymo \u012fstaigose dirban\u010di\u0173 pedagog\u0173 profesini\u0173 bei speciali\u0173j\u0173 kompetencij\u0173 pl\u0117tot\u0117\u201c<\/a><\/span><\/h5>\n<h6><span style=\"color: #000000;\">2017 02 09 &nbsp;<a style=\"color: #000000;\" href=\"https:\/\/www.facebook.com\/media\/set\/?set=a.1841951576093292.1073742044.1674961069459011&amp;type=3\">Edukacinis u\u017esi\u0117mimas ,,U\u017egav\u0117ni\u0173 kauk\u0117s\u201c<\/a><\/span><\/h6>\n<h6><span style=\"color: #000000;\"><a style=\"color: #000000;\" href=\"https:\/\/ringuvos-sm.siauliai.lm.lt\/?page_id=9191\">2017 02 09 Pie\u0161ini\u0173 ir k\u016brybini\u0173 darb\u0173 paroda \u201eKuriame diding\u0105 praeit\u012f\u201d<\/a><\/span><\/h6>\n<h5><span style=\"color: #000000;\"><a style=\"color: #000000;\" href=\"https:\/\/ringuvos-sm.siauliai.lm.lt\/?page_id=8915\">2017 01 13&nbsp; Specialiosios olimpiados programos ,,Jaunieji atletai&#8221;&nbsp;projektas<\/a><\/span><\/h5>\n<h5><span style=\"color: #000000;\"><a style=\"color: #000000;\" href=\"https:\/\/ringuvos-sm.siauliai.lm.lt\/?page_id=9517\">2016 12 21 \u0160ventinis renginys ,,Ne\u0161k svajon\u0119 delnuose&#8221;&nbsp;<\/a><\/span><\/h5>\n<h5><span style=\"color: #000000;\">2016&nbsp;<a style=\"color: #000000;\" href=\"https:\/\/ringuvos-sm.siauliai.lm.lt\/?page_id=8766\">12 12 &nbsp; Akcija &nbsp;\u201eLaim\u0117s keksiukai 2016\u201c<\/a><\/span><\/h5>\n<h5><span style=\"color: #000000;\"><a style=\"color: #000000;\" href=\"https:\/\/ringuvos-sm.siauliai.lm.lt\/?page_id=8732\">2016 12 09 &nbsp;Projekto \u201e\u017daid\u017eiame pasak\u0105\u201c III ciklas<\/a><\/span><\/h5>\n<h6><span style=\"color: #000000;\">&nbsp;<a style=\"color: #000000;\" href=\"https:\/\/ringuvos-sm.siauliai.lm.lt\/?page_id=8445\">2016 10 14 Saugaus eismo savaite<\/a><\/span><\/h6>\n<h5><span style=\"color: #000000;\"><a style=\"color: #000000;\" href=\"https:\/\/ringuvos-sm.siauliai.lm.lt\/?page_id=8408\">2016 10 10 Pasaulin\u0117 ko\u0161\u0117s diena<\/a><\/span><\/h5>\n<h6><span style=\"color: #000000;\"><a style=\"color: #000000;\" href=\"https:\/\/ringuvos-sm.siauliai.lm.lt\/?page_id=8364\">2016 10 06 I\u0161vyka \u012f Signatar\u0173 al\u0117j\u0105<\/a><\/span><\/h6>\n<h6><span style=\"color: #000000;\"><a style=\"color: #000000;\" href=\"https:\/\/ringuvos-sm.siauliai.lm.lt\/?page_id=9489\">2016 10 05 Renginys Mokytojo dienai&nbsp;<\/a><\/span><\/h6>\n<h6><span style=\"color: #000000;\"><a style=\"color: #000000;\" href=\"https:\/\/ringuvos-sm.siauliai.lm.lt\/?page_id=8303\">2016 10 03 Rudenini\u0173 g\u0117li\u0173 kompozicij\u0173 paroda ,,Rudens taku\u010diu\u201c<\/a><\/span><\/h6>\n<h6><span style=\"color: #000000;\"><a class=\"article-title\" style=\"color: #000000;\" title=\"2016 09 19 I\u0161vyka \u012f Naisius\" href=\"https:\/\/ringuvos-sm.siauliai.lm.lt\/?page_id=8193\" rel=\"bookmark\">2016 09 19 I\u0161vyka \u012f Naisius<\/a><\/span><\/h6>\n<h6><span style=\"color: #000000;\"><a style=\"color: #000000;\" href=\"https:\/\/ringuvos-sm.siauliai.lm.lt\/?page_id=8154\">2016 09 &nbsp;07 Akcija ,,\u017dyd\u0117k, mokykla\u201d<\/a><\/span><\/h6>\n","protected":false},"excerpt":{"rendered":"<p>2016 &#8211; 2017 m.m. 2017 06 09 I\u0161vyka prie Burbai\u010di\u0173 piliakalnio&nbsp; 2017 06 07 Ekskursija \u012f Anyk\u0161\u010dius&nbsp; 2017 06 01 Edukacinis u\u017esi\u0117mimas ,,Ind\u0117n\u0173 buitis ir \u017eaidimai\u201c 2017 06 01 U\u017esi\u0117mimas \u201eSvajoni\u0173 pauk\u0161t\u0117\u201d 2017 05 31 I\u0161vyka \u012f Dinozaur\u0173 &#8211; drakon\u0173 &hellip; <a href=\"https:\/\/ringuvos-sm.siauliai.lm.lt\/?page_id=10373\">Continue reading <span class=\"meta-nav\">&rarr;<\/span><\/a><\/p>\n","protected":false},"author":2,"featured_media":0,"parent":0,"menu_order":0,"comment_status":"closed","ping_status":"closed","template":"","meta":{"ngg_post_thumbnail":0,"footnotes":""},"class_list":["post-10373","page","type-page","status-publish","hentry"],"_links":{"self":[{"href":"https:\/\/ringuvos-sm.siauliai.lm.lt\/index.php?rest_route=\/wp\/v2\/pages\/10373","targetHints":{"allow":["GET"]}}],"collection":[{"href":"https:\/\/ringuvos-sm.siauliai.lm.lt\/index.php?rest_route=\/wp\/v2\/pages"}],"about":[{"href":"https:\/\/ringuvos-sm.siauliai.lm.lt\/index.php?rest_route=\/wp\/v2\/types\/page"}],"author":[{"embeddable":true,"href":"https:\/\/ringuvos-sm.siauliai.lm.lt\/index.php?rest_route=\/wp\/v2\/users\/2"}],"replies":[{"embeddable":true,"href":"https:\/\/ringuvos-sm.siauliai.lm.lt\/index.php?rest_route=%2Fwp%2Fv2%2Fcomments&post=10373"}],"version-history":[{"count":1,"href":"https:\/\/ringuvos-sm.siauliai.lm.lt\/index.php?rest_route=\/wp\/v2\/pages\/10373\/revisions"}],"predecessor-version":[{"id":10374,"href":"https:\/\/ringuvos-sm.siauliai.lm.lt\/index.php?rest_route=\/wp\/v2\/pages\/10373\/revisions\/10374"}],"wp:attachment":[{"href":"https:\/\/ringuvos-sm.siauliai.lm.lt\/index.php?rest_route=%2Fwp%2Fv2%2Fmedia&parent=10373"}],"curies":[{"name":"wp","href":"https:\/\/api.w.org\/{rel}","templated":true}]}}