{"id":10558,"date":"2017-10-28T17:30:21","date_gmt":"2017-10-28T15:30:21","guid":{"rendered":"https:\/\/ringuvos-sm.siauliai.lm.lt\/?page_id=10558"},"modified":"2017-10-28T20:46:44","modified_gmt":"2017-10-28T18:46:44","slug":"2017-10-23-isvyka-i-siauliu-vyskupijos-pastoracini-centra","status":"publish","type":"page","link":"https:\/\/ringuvos-sm.siauliai.lm.lt\/?page_id=10558","title":{"rendered":"2017 10 23 I\u0161vyka \u012f \u0160iauli\u0173 vyskupijos Pastoracin\u012f centr\u0105"},"content":{"rendered":"<p><a href=\"https:\/\/ringuvos-sm.siauliai.lm.lt\/?page_id=10558\"><strong>ngg_shortcode_0_placeholder&nbsp;<\/strong><\/a><\/p>\n","protected":false},"excerpt":{"rendered":"<p>&nbsp;<\/p>\n","protected":false},"author":2,"featured_media":0,"parent":0,"menu_order":0,"comment_status":"closed","ping_status":"closed","template":"","meta":{"ngg_post_thumbnail":0,"footnotes":""},"class_list":["post-10558","page","type-page","status-publish","hentry"],"_links":{"self":[{"href":"https:\/\/ringuvos-sm.siauliai.lm.lt\/index.php?rest_route=\/wp\/v2\/pages\/10558","targetHints":{"allow":["GET"]}}],"collection":[{"href":"https:\/\/ringuvos-sm.siauliai.lm.lt\/index.php?rest_route=\/wp\/v2\/pages"}],"about":[{"href":"https:\/\/ringuvos-sm.siauliai.lm.lt\/index.php?rest_route=\/wp\/v2\/types\/page"}],"author":[{"embeddable":true,"href":"https:\/\/ringuvos-sm.siauliai.lm.lt\/index.php?rest_route=\/wp\/v2\/users\/2"}],"replies":[{"embeddable":true,"href":"https:\/\/ringuvos-sm.siauliai.lm.lt\/index.php?rest_route=%2Fwp%2Fv2%2Fcomments&post=10558"}],"version-history":[{"count":3,"href":"https:\/\/ringuvos-sm.siauliai.lm.lt\/index.php?rest_route=\/wp\/v2\/pages\/10558\/revisions"}],"predecessor-version":[{"id":10593,"href":"https:\/\/ringuvos-sm.siauliai.lm.lt\/index.php?rest_route=\/wp\/v2\/pages\/10558\/revisions\/10593"}],"wp:attachment":[{"href":"https:\/\/ringuvos-sm.siauliai.lm.lt\/index.php?rest_route=%2Fwp%2Fv2%2Fmedia&parent=10558"}],"curies":[{"name":"wp","href":"https:\/\/api.w.org\/{rel}","templated":true}]}}