{"id":10631,"date":"2017-11-17T11:31:30","date_gmt":"2017-11-17T09:31:30","guid":{"rendered":"https:\/\/ringuvos-sm.siauliai.lm.lt\/?page_id=10631"},"modified":"2025-11-11T11:22:15","modified_gmt":"2025-11-11T09:22:15","slug":"darbuotoju-pareigybiu-aprasai","status":"publish","type":"page","link":"https:\/\/ringuvos-sm.siauliai.lm.lt\/?page_id=10631","title":{"rendered":"Darbuotoj\u0173 pareigybi\u0173 apra\u0161ymai"},"content":{"rendered":"<ul>\n<li>\n<h5><span style=\"color: #000000;\">Apsaugos darbuotojo pareigyb\u0117s apra\u0161ymas <a href=\"https:\/\/ringuvos-sm.siauliai.lm.lt\/wp-content\/uploads\/2023\/02\/Apsaugos-darbuotojas.pdf\"><span style=\"color: #008000;\">pdf&nbsp;<\/span><\/a><\/span><\/h5>\n<\/li>\n<li>\n<h5><span style=\"color: #000000;\">Administratoriaus pareigyb\u0117s apra\u0161ymas&nbsp; <a href=\"https:\/\/ringuvos-sm.siauliai.lm.lt\/wp-content\/uploads\/2025\/10\/Administratoriaus-pareigybe_1pdf.pdf\"><span style=\"color: #008000;\">pdf1<\/span><\/a>&nbsp; &nbsp; <span style=\"color: #008000;\"><a style=\"color: #008000;\" href=\"https:\/\/ringuvos-sm.siauliai.lm.lt\/wp-content\/uploads\/2025\/06\/Administratoriaus-pareigybe_2.pdf\">pdf2<\/a><\/span>&nbsp; &nbsp; &nbsp;<span style=\"color: #008000;\"><a style=\"color: #008000;\" href=\"https:\/\/ringuvos-sm.siauliai.lm.lt\/wp-content\/uploads\/2025\/06\/Administratoriaus-pareigybe_3.pdf\">pdf3<\/a><\/span>&nbsp; &nbsp; &nbsp; <span style=\"color: #008000;\"><a style=\"color: #008000;\" href=\"https:\/\/ringuvos-sm.siauliai.lm.lt\/wp-content\/uploads\/2025\/06\/Administratoriaus-pareigybe_4.pdf\">pdf<\/a>4&nbsp;<\/span><\/span><\/h5>\n<\/li>\n<li>\n<h5>Apskaitininko pareigyb\u0117s apra\u0161ymas <a href=\"https:\/\/ringuvos-sm.siauliai.lm.lt\/wp-content\/uploads\/2023\/02\/Apskaitininko-pareigybes-aprasymas.pdf\"><span style=\"color: #008000;\">pdf<\/span><\/a><\/h5>\n<\/li>\n<li>\n<h5>Aukl\u0117s (naktin\u0117s) pareigyb\u0117s apra\u0161ymas <span style=\"color: #008000;\"><a style=\"color: #008000;\" href=\"https:\/\/ringuvos-sm.siauliai.lm.lt\/wp-content\/uploads\/2023\/02\/Aukles-pareigybe-naktine.pdf\">pdf&nbsp;<\/a><\/span><\/h5>\n<\/li>\n<li>\n<h5><span style=\"color: #000000;\">Aukl\u0117s pareigyb\u0117s apra\u0161ymas<\/span> <span style=\"color: #008000;\"><a style=\"color: #008000;\" href=\"https:\/\/ringuvos-sm.siauliai.lm.lt\/wp-content\/uploads\/2023\/02\/Aukles-pareigybe.pdf\">pdf&nbsp;<\/a><\/span><\/h5>\n<\/li>\n<li>\n<h5><span style=\"color: #000000;\">Aukl\u0117tojo pareigyb\u0117s apra\u0161ymas <span style=\"color: #008000;\"><a style=\"color: #008000;\" href=\"https:\/\/ringuvos-sm.siauliai.lm.lt\/wp-content\/uploads\/2023\/02\/Aukletojo-pareigybe.pdf\">pdf<\/a><\/span><\/span><\/h5>\n<\/li>\n<li>\n<h5><span style=\"color: #000000;\">Bendrosios praktikos slaugytojo pareigyb\u0117s apra\u0161ymas <span style=\"color: #008000;\"><a style=\"color: #008000;\" href=\"https:\/\/ringuvos-sm.siauliai.lm.lt\/wp-content\/uploads\/2023\/02\/Bendrosios-praktikos-slaugytojo-pareigybe.pdf\">pdf<\/a><\/span><\/span><\/h5>\n<\/li>\n<li>\n<h5><span style=\"color: #000000;\">Bibliotekininko pareigyb\u0117s apra\u0161ymas&nbsp; <span style=\"color: #008000;\"><a style=\"color: #008000;\" href=\"https:\/\/ringuvos-sm.siauliai.lm.lt\/wp-content\/uploads\/2023\/02\/Bibliotekininko-pareigybe.pdf\">pdf<\/a><\/span><\/span><\/h5>\n<\/li>\n<li>\n<h5><span style=\"color: #000000;\">Bud\u0117tojo pareigyb\u0117s apra\u0161ymas<\/span> <span style=\"color: #008000;\"><a style=\"color: #008000;\" href=\"https:\/\/ringuvos-sm.siauliai.lm.lt\/wp-content\/uploads\/2023\/02\/Budetojo-pareigybe.pdf\">pdf&nbsp;<\/a><\/span><\/h5>\n<\/li>\n<li>\n<h5><span style=\"color: #000000;\">Direktoriaus pareigyb\u0117<\/span> <span style=\"color: #008000;\"><a style=\"color: #008000;\" href=\"https:\/\/ringuvos-sm.siauliai.lm.lt\/wp-content\/uploads\/2024\/09\/bendrojo_ugdymo_pareigybe_2024.pdf\">pdf&nbsp;<\/a><\/span><\/h5>\n<\/li>\n<li>\n<h5><span style=\"color: inherit; font-size: 1em;\"><span style=\"color: #000000;\">Dail\u0117s mokytojo pareigyb\u0117s apra\u0161ymas<\/span> <span style=\"color: #008000;\"><a style=\"color: #008000;\" href=\"https:\/\/ringuvos-sm.siauliai.lm.lt\/wp-content\/uploads\/2023\/02\/Dailes-mokytojo.pdf\">pdf<\/a><\/span><\/span><\/h5>\n<\/li>\n<li>\n<h5><span style=\"color: #000000;\">Darbininko pareigyb\u0117s apra\u0161ymas<\/span> <span style=\"color: #008000;\"><a style=\"color: #008000;\" href=\"https:\/\/ringuvos-sm.siauliai.lm.lt\/wp-content\/uploads\/2023\/02\/Darbininko-pareigybe.pdf\">pdf<\/a><\/span><\/h5>\n<\/li>\n<li>\n<h5><span style=\"color: #000000;\">Dietisto pareigyb\u0117s apra\u0161ymas&nbsp; <span style=\"color: #008000;\"><a style=\"color: #008000;\" href=\"https:\/\/ringuvos-sm.siauliai.lm.lt\/wp-content\/uploads\/2023\/02\/Dietisto-pareigybe.pdf\">pdf<\/a><\/span><\/span><\/h5>\n<\/li>\n<li>\n<h5><span style=\"color: #000000;\">Direktoriaus pavaduotojo pareigyb\u0117s apra\u0161ymas&nbsp; &nbsp;<span style=\"color: #008000;\"><a style=\"color: #008000;\" href=\"https:\/\/ringuvos-sm.siauliai.lm.lt\/wp-content\/uploads\/2023\/02\/direktoriaus-pavaduotojo-Salvinijos.pdf\">pdf<\/a><\/span><\/span><\/h5>\n<\/li>\n<li><span style=\"color: #008000;\"><span style=\"color: #000000;\">Karjeros specialisto pareigyb\u0117s apra\u0161ymas <span style=\"color: #008000;\"><a style=\"color: #008000;\" href=\"https:\/\/ringuvos-sm.siauliai.lm.lt\/wp-content\/uploads\/2023\/02\/Karjeros-specialisto-pareigybes-aprasymas-2.pdf\">pdf<\/a><\/span><\/span><\/span><\/li>\n<li>\n<h5><span style=\"color: #000000;\">Mokinio pad\u0117j\u0117jo pareigyb\u0117s apra\u0161ymas<\/span><a href=\"https:\/\/ringuvos-sm.siauliai.lm.lt\/wp-content\/uploads\/2025\/11\/mokytojo-padejejo-pareigybe-pataisyta.pdf\"><span style=\"color: #008000;\"> pdf<\/span><\/a><\/h5>\n<\/li>\n<li>\n<h5><span style=\"color: #000000;\">Mokytojo, dirban\u010dio su speciali\u0173j\u0173 ugdymosi poreiki\u0173 mokiniais,&nbsp; pareigyb\u0117s apra\u0161ymas&nbsp;<span style=\"color: #008000;\"><a style=\"color: #008000;\" href=\"https:\/\/ringuvos-sm.siauliai.lm.lt\/wp-content\/uploads\/2023\/02\/Mokytojo.pdf\"> pdf<\/a><\/span><\/span><\/h5>\n<\/li>\n<li>\n<h5><span style=\"color: #000000;\">Muzikos mokytojo metodininko pareigyb\u0117s apra\u0161ymas <span style=\"color: #008000;\"><a style=\"color: #008000;\" href=\"https:\/\/ringuvos-sm.siauliai.lm.lt\/wp-content\/uploads\/2023\/02\/Muzikos-mokytojo-metodininko.pdf\">pdf<\/a><\/span><\/span><\/h5>\n<\/li>\n<li><span style=\"color: #000000;\">Pagalbinio virtuv\u0117s darbininko pareigyb\u0117s apra\u0161ymas <span style=\"color: #008000;\"><a style=\"color: #008000;\" href=\"https:\/\/ringuvos-sm.siauliai.lm.lt\/wp-content\/uploads\/2023\/02\/Pagalbinio-virtuves-darbininko-pareigybe.pdf\">pdf<\/a><\/span><\/span><\/li>\n<li>\n<h5>Pirkim\u0173 specialisto pareigyb\u0117s apra\u0161ymas&nbsp; <span style=\"color: #008000;\"><a style=\"color: #008000;\" href=\"https:\/\/ringuvos-sm.siauliai.lm.lt\/wp-content\/uploads\/2023\/02\/pirkimo-specialisto_2021.pdf\">pdf<\/a><\/span><\/h5>\n<\/li>\n<li>\n<h5><span style=\"color: #000000;\">Sekretoriaus pareigyb\u0117s apra\u0161ymas<span style=\"color: #008000;\"><a style=\"color: #008000;\" href=\"https:\/\/ringuvos-sm.siauliai.lm.lt\/wp-content\/uploads\/2023\/02\/Sekretoriaus-pareigybe_2021.pdf\"> pdf&nbsp;<\/a><\/span><\/span><\/h5>\n<\/li>\n<li>\n<h5><span style=\"color: #000000;\">Sand\u0117lininko pareigyb\u0117s apra\u0161ymas <span style=\"color: #008000;\"><a style=\"color: #008000;\" href=\"https:\/\/ringuvos-sm.siauliai.lm.lt\/wp-content\/uploads\/2023\/02\/Sandelininko-pareigybe.pdf\">pdf<\/a><\/span><\/span><\/h5>\n<\/li>\n<li>\n<h5><span style=\"color: #000000; font-size: 1em;\">Socialinio pedagogo pareigyb\u0117s apra\u0161ymas <span style=\"color: #008000;\"><a style=\"color: #008000;\" href=\"https:\/\/ringuvos-sm.siauliai.lm.lt\/wp-content\/uploads\/2023\/02\/Socialinio-pedagogo.pdf\">pdf<\/a><\/span><\/span><\/h5>\n<\/li>\n<li>\n<h5>Specialiojo pedagogo pareigyb\u0117s apra\u0161ymas&nbsp;<span style=\"color: #008000;\"> <a style=\"color: #008000;\" href=\"https:\/\/ringuvos-sm.siauliai.lm.lt\/wp-content\/uploads\/2023\/02\/specialiojo-pedagogo-pareigybe.pdf\">pdf&nbsp;<\/a><\/span><\/h5>\n<\/li>\n<li>\n<h5>Technologij\u0173 vyresniojo mokytojo pareigyb\u0117s apra\u0161ymas&nbsp; <span style=\"color: #008000;\"><a style=\"color: #008000;\" href=\"https:\/\/ringuvos-sm.siauliai.lm.lt\/wp-content\/uploads\/2023\/02\/Technologiju-vyresniojo-mokytojo.pdf\">pdf&nbsp;<\/a><\/span><\/h5>\n<\/li>\n<li>\n<h5>\u016akved\u017eio pareigyb\u0117s apra\u0161ymas&nbsp; <a href=\"https:\/\/ringuvos-sm.siauliai.lm.lt\/wp-content\/uploads\/2023\/05\/Ukvedzio-2.doc\"><span style=\"color: #008000;\">pdf&nbsp;<\/span><\/a><\/h5>\n<\/li>\n<li>\n<h5><span style=\"color: #000000;\">Vairuotojo pareigyb\u0117s apra\u0161ymas<span style=\"color: #008000;\"><a style=\"color: #008000;\" href=\"https:\/\/ringuvos-sm.siauliai.lm.lt\/wp-content\/uploads\/2023\/02\/Vairuotojo-pareigybe.pdf\"> pdf<\/a><\/span><\/span><\/h5>\n<\/li>\n<li>\n<h5><span style=\"color: #000000;\">Valytojo pareigyb\u0117s apra\u0161ymas <span style=\"color: #008000;\">&nbsp;<a style=\"color: #008000;\" href=\"https:\/\/ringuvos-sm.siauliai.lm.lt\/wp-content\/uploads\/2023\/02\/Valytojas.pdf\">pdf<\/a><\/span><\/span><\/h5>\n<\/li>\n<li>\n<h5><span style=\"color: #000000;\">Vir\u0117jo pareigyb\u0117s apra\u0161ymas <span style=\"color: #008000;\"><a style=\"color: #008000;\" href=\"https:\/\/ringuvos-sm.siauliai.lm.lt\/wp-content\/uploads\/2023\/02\/Virejo-pareigybe.pdf\">pdf<\/a><\/span><\/span><\/h5>\n<\/li>\n<li>\n<h5><span style=\"color: #000000;\">Vyresniojo logopedo pareigyb\u0117s apra\u0161ymas<\/span> <span style=\"color: #008000;\"><a style=\"color: #008000;\" href=\"https:\/\/ringuvos-sm.siauliai.lm.lt\/wp-content\/uploads\/2023\/02\/Vyresniojo-logopedo.pdf\">pdf<\/a><\/span><\/h5>\n<\/li>\n<li>\n<h5><span style=\"color: #000000;\">Vyresniojo aukl\u0117tojo pareigyb\u0117s apra\u0161ymas<\/span> <span style=\"color: #008000;\"><a style=\"color: #008000;\" href=\"https:\/\/ringuvos-sm.siauliai.lm.lt\/wp-content\/uploads\/2023\/02\/Vyr.-aukletojo-pareigybe.pdf\">pdf&nbsp;<\/a><\/span><\/h5>\n<\/li>\n<li>\n<h5><span style=\"color: #000000;\">Vyresniojo specialiojo pedagogo pareigyb\u0117s apra\u0161ymas<\/span> <span style=\"color: #008000;\"><a style=\"color: #008000;\" href=\"https:\/\/ringuvos-sm.siauliai.lm.lt\/wp-content\/uploads\/2023\/02\/Vyresniojo-specialiojo-pedagogo.pdf\">pdf<\/a><\/span><\/h5>\n<\/li>\n<li>\n<h5><span style=\"color: #000000;\">Vyresniojo mokytojo, dirban\u010dio su speciali\u0173j\u0173 ugdymosi poreiki\u0173 mokiniais,&nbsp; pareigyb\u0117s apra\u0161ymas&nbsp;<\/span> <span style=\"color: #008000;\"><a style=\"color: #008000;\" href=\"https:\/\/ringuvos-sm.siauliai.lm.lt\/wp-content\/uploads\/2023\/02\/Vyresniojo-mokytojo.pdf\">pdf<\/a><\/span><\/h5>\n<\/li>\n<\/ul>\n\n\n<p><\/p>\n","protected":false},"excerpt":{"rendered":"<p>Apsaugos darbuotojo pareigyb\u0117s apra\u0161ymas pdf&nbsp; Administratoriaus pareigyb\u0117s apra\u0161ymas&nbsp; pdf1&nbsp; &nbsp; pdf2&nbsp; &nbsp; &nbsp;pdf3&nbsp; &nbsp; &nbsp; pdf4&nbsp; Apskaitininko pareigyb\u0117s apra\u0161ymas pdf Aukl\u0117s (naktin\u0117s) pareigyb\u0117s apra\u0161ymas pdf&nbsp; Aukl\u0117s pareigyb\u0117s apra\u0161ymas pdf&nbsp; Aukl\u0117tojo pareigyb\u0117s apra\u0161ymas pdf Bendrosios praktikos slaugytojo pareigyb\u0117s apra\u0161ymas pdf Bibliotekininko &hellip; <a href=\"https:\/\/ringuvos-sm.siauliai.lm.lt\/?page_id=10631\">Continue reading <span class=\"meta-nav\">&rarr;<\/span><\/a><\/p>\n","protected":false},"author":2,"featured_media":0,"parent":0,"menu_order":0,"comment_status":"closed","ping_status":"closed","template":"","meta":{"ngg_post_thumbnail":0,"footnotes":""},"class_list":["post-10631","page","type-page","status-publish","hentry"],"_links":{"self":[{"href":"https:\/\/ringuvos-sm.siauliai.lm.lt\/index.php?rest_route=\/wp\/v2\/pages\/10631","targetHints":{"allow":["GET"]}}],"collection":[{"href":"https:\/\/ringuvos-sm.siauliai.lm.lt\/index.php?rest_route=\/wp\/v2\/pages"}],"about":[{"href":"https:\/\/ringuvos-sm.siauliai.lm.lt\/index.php?rest_route=\/wp\/v2\/types\/page"}],"author":[{"embeddable":true,"href":"https:\/\/ringuvos-sm.siauliai.lm.lt\/index.php?rest_route=\/wp\/v2\/users\/2"}],"replies":[{"embeddable":true,"href":"https:\/\/ringuvos-sm.siauliai.lm.lt\/index.php?rest_route=%2Fwp%2Fv2%2Fcomments&post=10631"}],"version-history":[{"count":44,"href":"https:\/\/ringuvos-sm.siauliai.lm.lt\/index.php?rest_route=\/wp\/v2\/pages\/10631\/revisions"}],"predecessor-version":[{"id":21016,"href":"https:\/\/ringuvos-sm.siauliai.lm.lt\/index.php?rest_route=\/wp\/v2\/pages\/10631\/revisions\/21016"}],"wp:attachment":[{"href":"https:\/\/ringuvos-sm.siauliai.lm.lt\/index.php?rest_route=%2Fwp%2Fv2%2Fmedia&parent=10631"}],"curies":[{"name":"wp","href":"https:\/\/api.w.org\/{rel}","templated":true}]}}