{"id":10891,"date":"2017-12-20T09:43:14","date_gmt":"2017-12-20T07:43:14","guid":{"rendered":"https:\/\/ringuvos-sm.siauliai.lm.lt\/?page_id=10891"},"modified":"2017-12-20T09:45:30","modified_gmt":"2017-12-20T07:45:30","slug":"2017-12-19-isvyka-i-siauliu-saldainiu-fabriko-ruta-sokolado-muzieju","status":"publish","type":"page","link":"https:\/\/ringuvos-sm.siauliai.lm.lt\/?page_id=10891","title":{"rendered":"2017 12 19 I\u0161vyka \u012f  \u0160iauli\u0173 saldaini\u0173 fabriko \u201eR\u016bta\u201c \u0161okolado muziej\u0173"},"content":{"rendered":"<p class=\"m_30623833841312928gmail-MsoNormal\">&nbsp;<\/p>\n<p class=\"m_30623833841312928gmail-MsoNormal\"><a href=\"https:\/\/ringuvos-sm.siauliai.lm.lt\/?page_id=10891\"><strong>ngg_shortcode_0_placeholder&nbsp;<\/strong><\/a><\/p>\n","protected":false},"excerpt":{"rendered":"<p>&nbsp; &nbsp;<\/p>\n","protected":false},"author":2,"featured_media":0,"parent":0,"menu_order":0,"comment_status":"closed","ping_status":"closed","template":"","meta":{"ngg_post_thumbnail":0,"footnotes":""},"class_list":["post-10891","page","type-page","status-publish","hentry"],"_links":{"self":[{"href":"https:\/\/ringuvos-sm.siauliai.lm.lt\/index.php?rest_route=\/wp\/v2\/pages\/10891","targetHints":{"allow":["GET"]}}],"collection":[{"href":"https:\/\/ringuvos-sm.siauliai.lm.lt\/index.php?rest_route=\/wp\/v2\/pages"}],"about":[{"href":"https:\/\/ringuvos-sm.siauliai.lm.lt\/index.php?rest_route=\/wp\/v2\/types\/page"}],"author":[{"embeddable":true,"href":"https:\/\/ringuvos-sm.siauliai.lm.lt\/index.php?rest_route=\/wp\/v2\/users\/2"}],"replies":[{"embeddable":true,"href":"https:\/\/ringuvos-sm.siauliai.lm.lt\/index.php?rest_route=%2Fwp%2Fv2%2Fcomments&post=10891"}],"version-history":[{"count":2,"href":"https:\/\/ringuvos-sm.siauliai.lm.lt\/index.php?rest_route=\/wp\/v2\/pages\/10891\/revisions"}],"predecessor-version":[{"id":10894,"href":"https:\/\/ringuvos-sm.siauliai.lm.lt\/index.php?rest_route=\/wp\/v2\/pages\/10891\/revisions\/10894"}],"wp:attachment":[{"href":"https:\/\/ringuvos-sm.siauliai.lm.lt\/index.php?rest_route=%2Fwp%2Fv2%2Fmedia&parent=10891"}],"curies":[{"name":"wp","href":"https:\/\/api.w.org\/{rel}","templated":true}]}}