{"id":1163,"date":"2013-01-05T20:48:44","date_gmt":"2013-01-05T18:48:44","guid":{"rendered":"https:\/\/ringuvos-sm.siauliai.lm.lt\/?page_id=1163"},"modified":"2013-04-01T21:23:52","modified_gmt":"2013-04-01T19:23:52","slug":"2012-11-22-isvyka-i-vsi-motinos-tereses-seimu-namai","status":"publish","type":"page","link":"https:\/\/ringuvos-sm.siauliai.lm.lt\/?page_id=1163","title":{"rendered":"2012 11 22 I\u0161vyka \u012f V\u0160\u012e ,,Motinos Teres\u0117s \u0161eim\u0173 namai\u201c"},"content":{"rendered":"<p><a href=\"wp-content\/gallery\/2012-11-22-isvyka-i-vsi-motinos-tereses-seimu-namai\">\u00a0ngg_shortcode_0_placeholder<\/a><\/p>\n<p>&nbsp;<\/p>\n<p>&nbsp;<\/p>\n<h5><a href=\"https:\/\/ringuvos-sm.siauliai.lm.lt\/?page_id=38\">\u00a0<span style=\"color: #008000; text-decoration: underline;\"><span style=\"color: #008000;\"><strong>gr\u012f\u017eti \u012f Galerij\u0105 <\/strong><\/span><\/span><\/a><\/h5>\n","protected":false},"excerpt":{"rendered":"<p>\u00a0 &nbsp; &nbsp; \u00a0gr\u012f\u017eti \u012f Galerij\u0105<\/p>\n","protected":false},"author":2,"featured_media":0,"parent":0,"menu_order":0,"comment_status":"closed","ping_status":"closed","template":"","meta":{"ngg_post_thumbnail":0,"footnotes":""},"class_list":["post-1163","page","type-page","status-publish","hentry"],"_links":{"self":[{"href":"https:\/\/ringuvos-sm.siauliai.lm.lt\/index.php?rest_route=\/wp\/v2\/pages\/1163","targetHints":{"allow":["GET"]}}],"collection":[{"href":"https:\/\/ringuvos-sm.siauliai.lm.lt\/index.php?rest_route=\/wp\/v2\/pages"}],"about":[{"href":"https:\/\/ringuvos-sm.siauliai.lm.lt\/index.php?rest_route=\/wp\/v2\/types\/page"}],"author":[{"embeddable":true,"href":"https:\/\/ringuvos-sm.siauliai.lm.lt\/index.php?rest_route=\/wp\/v2\/users\/2"}],"replies":[{"embeddable":true,"href":"https:\/\/ringuvos-sm.siauliai.lm.lt\/index.php?rest_route=%2Fwp%2Fv2%2Fcomments&post=1163"}],"version-history":[{"count":8,"href":"https:\/\/ringuvos-sm.siauliai.lm.lt\/index.php?rest_route=\/wp\/v2\/pages\/1163\/revisions"}],"predecessor-version":[{"id":1479,"href":"https:\/\/ringuvos-sm.siauliai.lm.lt\/index.php?rest_route=\/wp\/v2\/pages\/1163\/revisions\/1479"}],"wp:attachment":[{"href":"https:\/\/ringuvos-sm.siauliai.lm.lt\/index.php?rest_route=%2Fwp%2Fv2%2Fmedia&parent=1163"}],"curies":[{"name":"wp","href":"https:\/\/api.w.org\/{rel}","templated":true}]}}