{"id":1165,"date":"2013-01-05T20:49:05","date_gmt":"2013-01-05T18:49:05","guid":{"rendered":"https:\/\/ringuvos-sm.siauliai.lm.lt\/?page_id=1165"},"modified":"2013-04-01T21:21:59","modified_gmt":"2013-04-01T19:21:59","slug":"2012-11-27-isvyka-i-komunaliniu-atlieku-savartyna-aukstrakiuose","status":"publish","type":"page","link":"https:\/\/ringuvos-sm.siauliai.lm.lt\/?page_id=1165","title":{"rendered":"2012 11 27 I\u0161vyka \u012f komunalini\u0173 atliek\u0173 s\u0105vartyn\u0105 Auk\u0161trakiuose"},"content":{"rendered":"<p><a href=\"wp-content\/gallery\/2012-11-27-isvyka-i-komunaliniu-atlieku-savartyna-aukstrakiuose\">\u00a0ngg_shortcode_0_placeholder<\/a><\/p>\n<p>&nbsp;<\/p>\n<h5><a href=\"https:\/\/ringuvos-sm.siauliai.lm.lt\/?page_id=38\">\u00a0<strong><span style=\"text-decoration: underline;\"><span style=\"color: #008000; text-decoration: underline;\">gr\u012f\u017eti \u012f Galerij\u0105 <\/span><\/span><\/strong><\/a><\/h5>\n","protected":false},"excerpt":{"rendered":"<p>\u00a0 &nbsp; \u00a0gr\u012f\u017eti \u012f Galerij\u0105<\/p>\n","protected":false},"author":2,"featured_media":0,"parent":0,"menu_order":0,"comment_status":"closed","ping_status":"closed","template":"","meta":{"ngg_post_thumbnail":0,"footnotes":""},"class_list":["post-1165","page","type-page","status-publish","hentry"],"_links":{"self":[{"href":"https:\/\/ringuvos-sm.siauliai.lm.lt\/index.php?rest_route=\/wp\/v2\/pages\/1165","targetHints":{"allow":["GET"]}}],"collection":[{"href":"https:\/\/ringuvos-sm.siauliai.lm.lt\/index.php?rest_route=\/wp\/v2\/pages"}],"about":[{"href":"https:\/\/ringuvos-sm.siauliai.lm.lt\/index.php?rest_route=\/wp\/v2\/types\/page"}],"author":[{"embeddable":true,"href":"https:\/\/ringuvos-sm.siauliai.lm.lt\/index.php?rest_route=\/wp\/v2\/users\/2"}],"replies":[{"embeddable":true,"href":"https:\/\/ringuvos-sm.siauliai.lm.lt\/index.php?rest_route=%2Fwp%2Fv2%2Fcomments&post=1165"}],"version-history":[{"count":4,"href":"https:\/\/ringuvos-sm.siauliai.lm.lt\/index.php?rest_route=\/wp\/v2\/pages\/1165\/revisions"}],"predecessor-version":[{"id":1476,"href":"https:\/\/ringuvos-sm.siauliai.lm.lt\/index.php?rest_route=\/wp\/v2\/pages\/1165\/revisions\/1476"}],"wp:attachment":[{"href":"https:\/\/ringuvos-sm.siauliai.lm.lt\/index.php?rest_route=%2Fwp%2Fv2%2Fmedia&parent=1165"}],"curies":[{"name":"wp","href":"https:\/\/api.w.org\/{rel}","templated":true}]}}