{"id":1171,"date":"2013-01-05T20:50:00","date_gmt":"2013-01-05T18:50:00","guid":{"rendered":"https:\/\/ringuvos-sm.siauliai.lm.lt\/?page_id=1171"},"modified":"2013-04-01T21:19:33","modified_gmt":"2013-04-01T19:19:33","slug":"2012-12-15-sportuoju-esu-sveikas","status":"publish","type":"page","link":"https:\/\/ringuvos-sm.siauliai.lm.lt\/?page_id=1171","title":{"rendered":"2012 12 15 Sportuoju \u2013 esu sveikas"},"content":{"rendered":"<p><a href=\"wp-content\/gallery\/2012-12-15-sportuoju-esu-sveikas\">\u00a0ngg_shortcode_0_placeholder<\/a><\/p>\n<h5>\u00a0<a href=\"https:\/\/ringuvos-sm.siauliai.lm.lt\/?page_id=38\">\u00a0<strong><span style=\"color: #008000; text-decoration: underline;\">gr\u012f\u017eti \u012f Galerij\u0105 <\/span><\/strong><\/a><\/h5>\n","protected":false},"excerpt":{"rendered":"<p>\u00a0 \u00a0\u00a0gr\u012f\u017eti \u012f Galerij\u0105<\/p>\n","protected":false},"author":2,"featured_media":0,"parent":0,"menu_order":0,"comment_status":"closed","ping_status":"closed","template":"","meta":{"ngg_post_thumbnail":0,"footnotes":""},"class_list":["post-1171","page","type-page","status-publish","hentry"],"_links":{"self":[{"href":"https:\/\/ringuvos-sm.siauliai.lm.lt\/index.php?rest_route=\/wp\/v2\/pages\/1171","targetHints":{"allow":["GET"]}}],"collection":[{"href":"https:\/\/ringuvos-sm.siauliai.lm.lt\/index.php?rest_route=\/wp\/v2\/pages"}],"about":[{"href":"https:\/\/ringuvos-sm.siauliai.lm.lt\/index.php?rest_route=\/wp\/v2\/types\/page"}],"author":[{"embeddable":true,"href":"https:\/\/ringuvos-sm.siauliai.lm.lt\/index.php?rest_route=\/wp\/v2\/users\/2"}],"replies":[{"embeddable":true,"href":"https:\/\/ringuvos-sm.siauliai.lm.lt\/index.php?rest_route=%2Fwp%2Fv2%2Fcomments&post=1171"}],"version-history":[{"count":5,"href":"https:\/\/ringuvos-sm.siauliai.lm.lt\/index.php?rest_route=\/wp\/v2\/pages\/1171\/revisions"}],"predecessor-version":[{"id":1472,"href":"https:\/\/ringuvos-sm.siauliai.lm.lt\/index.php?rest_route=\/wp\/v2\/pages\/1171\/revisions\/1472"}],"wp:attachment":[{"href":"https:\/\/ringuvos-sm.siauliai.lm.lt\/index.php?rest_route=%2Fwp%2Fv2%2Fmedia&parent=1171"}],"curies":[{"name":"wp","href":"https:\/\/api.w.org\/{rel}","templated":true}]}}