{"id":11724,"date":"2018-09-03T19:20:27","date_gmt":"2018-09-03T17:20:27","guid":{"rendered":"https:\/\/ringuvos-sm.siauliai.lm.lt\/?page_id=11724"},"modified":"2018-09-03T19:24:38","modified_gmt":"2018-09-03T17:24:38","slug":"2017-2018-m-m-foto-archyvas","status":"publish","type":"page","link":"https:\/\/ringuvos-sm.siauliai.lm.lt\/?page_id=11724","title":{"rendered":"2017 \u2013  2018 m.m. Foto archyvas"},"content":{"rendered":"<h5><a href=\"https:\/\/ringuvos-sm.siauliai.lm.lt\/?page_id=11543\"><span style=\"color: #000000;\">2018 05 09&nbsp;&nbsp;VII respublikinis speciali\u0173j\u0173 ugdymo \u012fstaig\u0173 mokini\u0173 teatr\u0173 festivalis \u201eSaul\u0117s skraist\u0117\u201c<\/span><\/a><\/h5>\n<h6><span style=\"color: #000000;\"><a class=\"row-title\" style=\"color: #000000;\" href=\"https:\/\/ringuvos-sm.siauliai.lm.lt\/?page_id=11336\" aria-label=\"\u201c2018 03 29 Naujos kartos sensorin\u0117s \u012frangos kambario atidarymas\u201d (Redaguoti)\">2018 03 29 Naujos kartos sensorin\u0117s \u012frangos kambario atidarymas<\/a><\/span><\/h6>\n<h6><span style=\"color: #000000;\"><a class=\"row-title\" style=\"color: #000000;\" href=\"https:\/\/ringuvos-sm.siauliai.lm.lt\/?page_id=11334\" aria-label=\"\u201c2018 03 28 Netradicinio ugdymo diena\u201d (Redaguoti)\">2018 03 28 Netradicinio ugdymo diena<\/a><\/span><\/h6>\n<h6><span style=\"color: #000000;\"><a class=\"row-title\" style=\"color: #000000;\" href=\"https:\/\/ringuvos-sm.siauliai.lm.lt\/?page_id=11332\" aria-label=\"\u201c2018 03 29 Integruota pamoka ,,Velyk\u0173 margutis\u201c\u201d (Redaguoti)\">2018 03 29 Integruota pamoka ,,Velyk\u0173 margutis\u201c<\/a><\/span><\/h6>\n<h5><a href=\"https:\/\/ringuvos-sm.siauliai.lm.lt\/?page_id=11063\"><span style=\"color: #000000;\">2017 12 22 \u0160vent\u0117 ,,Tyliai snieg\u0105 berdama, seka pasak\u0105 \u017eiema&#8221;<\/span><\/a><\/h5>\n<h5><a href=\"https:\/\/ringuvos-sm.siauliai.lm.lt\/?page_id=11021\"><span style=\"color: #000000;\">2017 12 21 Kompozicij\u0173 paroda ,,Po \u017eiemos skraiste&#8221;<\/span><\/a><\/h5>\n<h5><a href=\"https:\/\/ringuvos-sm.siauliai.lm.lt\/?page_id=10978\"><span style=\"color: #000000;\">2017 12 20 Kal\u0117dini\u0173 pyrag\u0173 ir arbatos diena<\/span><\/a><\/h5>\n<h5><a href=\"https:\/\/ringuvos-sm.siauliai.lm.lt\/?page_id=10891\"><span style=\"color: #000000;\">2017 12 19 I\u0161vyka \u012f&nbsp; \u0160iauli\u0173 saldaini\u0173 fabriko \u201eR\u016bta\u201c \u0161okolado muziej\u0173&nbsp;<\/span><\/a><\/h5>\n<h5><a href=\"https:\/\/ringuvos-sm.siauliai.lm.lt\/?page_id=10866\"><span style=\"color: #000000;\">2017 12 19 Paramos akcija&nbsp; \u201eLaim\u0117s keksiukai 2017&#8221;<\/span><\/a><\/h5>\n<h5><a href=\"https:\/\/ringuvos-sm.siauliai.lm.lt\/?page_id=10771\"><span style=\"color: #000000;\">2017 12 07 Specialiosios olimpiados ,,Jaunieji atletai 2017&#8221; \u0161vent\u0117<\/span><\/a><\/h5>\n<h6><a href=\"https:\/\/ringuvos-sm.siauliai.lm.lt\/?page_id=10643\"><span style=\"color: #000000;\">2017 11 16 Tolerancijos diena<\/span><\/a><\/h6>\n<h6><a href=\"https:\/\/ringuvos-sm.siauliai.lm.lt\/?page_id=10558\"><span style=\"color: #000000;\">2017 10 23 I\u0161vyka \u012f \u0160iauli\u0173 vyskupijos Pastoracin\u012f centr\u0105&nbsp;<\/span><\/a><\/h6>\n<h5><a href=\"https:\/\/ringuvos-sm.siauliai.lm.lt\/?page_id=10457\"><span style=\"color: #000000;\">2017 10 12 Sveikos gyvensenos ugdymo diena<\/span><\/a><\/h5>\n<h5><a href=\"https:\/\/ringuvos-sm.siauliai.lm.lt\/?page_id=10432\"><span style=\"color: #000000;\">2017 10 12 Sveikos gyvensenos ugdymo diena<\/span><\/a><\/h5>\n<h6><a href=\"https:\/\/ringuvos-sm.siauliai.lm.lt\/?page_id=10379\"><span style=\"color: #000000;\">2017 10 06 Pamoka netradicin\u0117je erdv\u0117je<\/span><\/a><\/h6>\n","protected":false},"excerpt":{"rendered":"<p>2018 05 09&nbsp;&nbsp;VII respublikinis speciali\u0173j\u0173 ugdymo \u012fstaig\u0173 mokini\u0173 teatr\u0173 festivalis \u201eSaul\u0117s skraist\u0117\u201c 2018 03 29 Naujos kartos sensorin\u0117s \u012frangos kambario atidarymas 2018 03 28 Netradicinio ugdymo diena 2018 03 29 Integruota pamoka ,,Velyk\u0173 margutis\u201c 2017 12 22 \u0160vent\u0117 ,,Tyliai snieg\u0105 &hellip; <a href=\"https:\/\/ringuvos-sm.siauliai.lm.lt\/?page_id=11724\">Continue reading <span class=\"meta-nav\">&rarr;<\/span><\/a><\/p>\n","protected":false},"author":2,"featured_media":0,"parent":0,"menu_order":0,"comment_status":"closed","ping_status":"closed","template":"","meta":{"ngg_post_thumbnail":0,"footnotes":""},"class_list":["post-11724","page","type-page","status-publish","hentry"],"_links":{"self":[{"href":"https:\/\/ringuvos-sm.siauliai.lm.lt\/index.php?rest_route=\/wp\/v2\/pages\/11724","targetHints":{"allow":["GET"]}}],"collection":[{"href":"https:\/\/ringuvos-sm.siauliai.lm.lt\/index.php?rest_route=\/wp\/v2\/pages"}],"about":[{"href":"https:\/\/ringuvos-sm.siauliai.lm.lt\/index.php?rest_route=\/wp\/v2\/types\/page"}],"author":[{"embeddable":true,"href":"https:\/\/ringuvos-sm.siauliai.lm.lt\/index.php?rest_route=\/wp\/v2\/users\/2"}],"replies":[{"embeddable":true,"href":"https:\/\/ringuvos-sm.siauliai.lm.lt\/index.php?rest_route=%2Fwp%2Fv2%2Fcomments&post=11724"}],"version-history":[{"count":2,"href":"https:\/\/ringuvos-sm.siauliai.lm.lt\/index.php?rest_route=\/wp\/v2\/pages\/11724\/revisions"}],"predecessor-version":[{"id":11727,"href":"https:\/\/ringuvos-sm.siauliai.lm.lt\/index.php?rest_route=\/wp\/v2\/pages\/11724\/revisions\/11727"}],"wp:attachment":[{"href":"https:\/\/ringuvos-sm.siauliai.lm.lt\/index.php?rest_route=%2Fwp%2Fv2%2Fmedia&parent=11724"}],"curies":[{"name":"wp","href":"https:\/\/api.w.org\/{rel}","templated":true}]}}