{"id":11999,"date":"2018-11-08T12:58:31","date_gmt":"2018-11-08T10:58:31","guid":{"rendered":"https:\/\/ringuvos-sm.siauliai.lm.lt\/?page_id=11999"},"modified":"2026-05-01T20:58:31","modified_gmt":"2026-05-01T18:58:31","slug":"valgiarastis","status":"publish","type":"page","link":"https:\/\/ringuvos-sm.siauliai.lm.lt\/?page_id=11999","title":{"rendered":"Kontaktai"},"content":{"rendered":"<table style=\"height: 443px;\" width=\"583\">\n<tbody>\n<tr>\n<td width=\"56\">\n<h5>1.<\/h5>\n<\/td>\n<td width=\"244\">\n<h5>Ra\u0161tin\u0117, direktorius, pavaduotojai,&nbsp;&nbsp;&nbsp;<\/h5>\n<h5><span style=\"color: #ff6600;\">vis\u0105 par\u0105 budintis tel.<\/span><\/h5>\n<h5><span style=\"color: #000000;\">rastine@ringuvosmokykla.lt<\/span><\/h5>\n<\/td>\n<td width=\"198\">\n<h5>(8-41) 504260&nbsp;&nbsp;&nbsp;<\/h5>\n<h5>&nbsp;<\/h5>\n<h5><span style=\"color: #ff6600;\">+37063153426 <\/span><\/h5>\n<\/td>\n<\/tr>\n<tr>\n<td width=\"56\">&nbsp;<\/td>\n<td width=\"244\">&nbsp;<\/td>\n<td width=\"198\">&nbsp;<\/td>\n<\/tr>\n<tr>\n<td width=\"56\">\n<h5>2.<\/h5>\n<\/td>\n<td width=\"244\">\n<h5>Socialin\u0117 pedagog\u0117&nbsp;&nbsp;&nbsp;<\/h5>\n<h5>Jurgita Kazi\u016bnien\u0117&nbsp;<\/h5>\n<h5>&nbsp;<\/h5>\n<\/td>\n<td width=\"198\">\n<h5>+37063153546<\/h5>\n<h5><span style=\"color: #000000;\">jurgita.kaziuniene@ringuvosmokykla.lt<\/span><\/h5>\n<\/td>\n<\/tr>\n<tr>\n<td width=\"56\">\n<h5>3.<\/h5>\n<\/td>\n<td width=\"244\">\n<h5>Bendrosios praktikos slaugytoja<\/h5>\n<h5>&nbsp;<\/h5>\n<\/td>\n<td width=\"198\">\n<h5>+37065673947<\/h5>\n<\/td>\n<\/tr>\n<tr>\n<td width=\"56\">\n<h5>4.<\/h5>\n<\/td>\n<td width=\"244\">\n<h5>Valgykla<\/h5>\n<\/td>\n<td width=\"198\">\n<h5>+37068796410<\/h5>\n<\/td>\n<\/tr>\n<tr>\n<td width=\"56\">\n<h5>5.<\/h5>\n<\/td>\n<td width=\"244\">\n<h5>Mokytojo pad\u0117j\u0117ja, atsakinga u\u017e mokini\u0173 pav\u0117\u017e\u0117jim\u0105<\/h5>\n<\/td>\n<td width=\"198\">\n<h5>+37069882711<\/h5>\n<\/td>\n<\/tr>\n<\/tbody>\n<\/table>\n<h5>&nbsp;<\/h5>\n","protected":false},"excerpt":{"rendered":"<p>1. Ra\u0161tin\u0117, direktorius, pavaduotojai,&nbsp;&nbsp;&nbsp; vis\u0105 par\u0105 budintis tel. rastine@ringuvosmokykla.lt (8-41) 504260&nbsp;&nbsp;&nbsp; &nbsp; +37063153426 &nbsp; &nbsp; &nbsp; 2. Socialin\u0117 pedagog\u0117&nbsp;&nbsp;&nbsp; Jurgita Kazi\u016bnien\u0117&nbsp; &nbsp; +37063153546 jurgita.kaziuniene@ringuvosmokykla.lt 3. Bendrosios praktikos slaugytoja &nbsp; +37065673947 4. Valgykla +37068796410 5. Mokytojo pad\u0117j\u0117ja, atsakinga u\u017e mokini\u0173 pav\u0117\u017e\u0117jim\u0105 &hellip; <a href=\"https:\/\/ringuvos-sm.siauliai.lm.lt\/?page_id=11999\">Continue reading <span class=\"meta-nav\">&rarr;<\/span><\/a><\/p>\n","protected":false},"author":2,"featured_media":0,"parent":0,"menu_order":0,"comment_status":"closed","ping_status":"closed","template":"","meta":{"ngg_post_thumbnail":0,"footnotes":""},"class_list":["post-11999","page","type-page","status-publish","hentry"],"_links":{"self":[{"href":"https:\/\/ringuvos-sm.siauliai.lm.lt\/index.php?rest_route=\/wp\/v2\/pages\/11999","targetHints":{"allow":["GET"]}}],"collection":[{"href":"https:\/\/ringuvos-sm.siauliai.lm.lt\/index.php?rest_route=\/wp\/v2\/pages"}],"about":[{"href":"https:\/\/ringuvos-sm.siauliai.lm.lt\/index.php?rest_route=\/wp\/v2\/types\/page"}],"author":[{"embeddable":true,"href":"https:\/\/ringuvos-sm.siauliai.lm.lt\/index.php?rest_route=\/wp\/v2\/users\/2"}],"replies":[{"embeddable":true,"href":"https:\/\/ringuvos-sm.siauliai.lm.lt\/index.php?rest_route=%2Fwp%2Fv2%2Fcomments&post=11999"}],"version-history":[{"count":28,"href":"https:\/\/ringuvos-sm.siauliai.lm.lt\/index.php?rest_route=\/wp\/v2\/pages\/11999\/revisions"}],"predecessor-version":[{"id":21551,"href":"https:\/\/ringuvos-sm.siauliai.lm.lt\/index.php?rest_route=\/wp\/v2\/pages\/11999\/revisions\/21551"}],"wp:attachment":[{"href":"https:\/\/ringuvos-sm.siauliai.lm.lt\/index.php?rest_route=%2Fwp%2Fv2%2Fmedia&parent=11999"}],"curies":[{"name":"wp","href":"https:\/\/api.w.org\/{rel}","templated":true}]}}