{"id":13214,"date":"2019-10-01T12:21:24","date_gmt":"2019-10-01T10:21:24","guid":{"rendered":"https:\/\/ringuvos-sm.siauliai.lm.lt\/?page_id=13214"},"modified":"2026-04-17T20:07:57","modified_gmt":"2026-04-17T18:07:57","slug":"teisine-informacija","status":"publish","type":"page","link":"https:\/\/ringuvos-sm.siauliai.lm.lt\/?page_id=13214","title":{"rendered":"Teisin\u0117  informacija"},"content":{"rendered":"<ol>\n<li>\n<h6><span style=\"color: #000000;\">Mokyklos&nbsp; nuostatai <a href=\"https:\/\/ringuvos-sm.siauliai.lm.lt\/wp-content\/uploads\/2025\/11\/mokyklos-nuostatai-2025.pdf\">&nbsp; <span style=\"color: #008000;\">pdf<\/span><\/a><\/span><\/h6>\n<\/li>\n<li>\n<h6><span style=\"color: #000000;\">Darbuotoj\u0173 darbo apmok\u0117jimo sistema *<\/span><\/h6>\n<\/li>\n<li>\n<h6><span style=\"color: #000000;\">Bendrabu\u010dio vidaus tvarkos taisykl\u0117s<\/span><span style=\"color: #008000;\"><a style=\"color: #008000;\" href=\"https:\/\/ringuvos-sm.siauliai.lm.lt\/wp-content\/uploads\/2019\/11\/TOV-187-Bendrabu\u010dio-vidaus-tvarkos-taisykl\u0117s-2019-converted.pdf\"> pdf&nbsp;<\/a><\/span><\/h6>\n<\/li>\n<li>\n<h6><span style=\"color: #000000;\">Mokini\u0173 pri\u0117mimo \u012f&nbsp; mokyklos bendrabut\u012f tvarkos apra\u0161as<\/span>&nbsp; <span style=\"color: #008000;\"><a style=\"color: #008000;\" href=\"https:\/\/ringuvos-sm.siauliai.lm.lt\/wp-content\/uploads\/2019\/11\/TOV-188-Pri\u0117mimo-\u012f-bendrabut\u012f-tvarka-2019-converted.pdf\">pdf&nbsp;<\/a><\/span><\/h6>\n<\/li>\n<li>\n<h6><span style=\"color: #000000;\">&nbsp;Mokinio elgesio taisykl\u0117s<\/span><a href=\"https:\/\/ringuvos-sm.siauliai.lm.lt\/wp-content\/uploads\/2026\/03\/MOKINIO-ELGESIO-TAISYKLES-2024.pdf\"> <span style=\"color: #008000;\">pdf&nbsp;<\/span><\/a><\/h6>\n<\/li>\n<li>\n<h6><span style=\"color: #000000;\">Informacini\u0173 ir komunikacini\u0173 technologij\u0173 naudojimo bei darbuotoj\u0173 steb\u0117senos ir kontrol\u0117s darbo vietoje tvarkos apra\u0161as<\/span>&nbsp;<a href=\"https:\/\/ringuvos-sm.siauliai.lm.lt\/wp-content\/uploads\/2024\/04\/TOV-78-IKT-naudojimo-tvarka.pdf\"> <span style=\"color: #008000;\">pdf&nbsp;<\/span><\/a><\/h6>\n<\/li>\n<li>\n<h6><span style=\"color: #000000;\">&nbsp;Lygi\u0173 galimybi\u0173 politikos \u012fgyvendinimo ir vykdymo prie\u017ei\u016bros tvarkos apra\u0161as<\/span> <span style=\"color: #008000;\"><a style=\"color: #008000;\" href=\"https:\/\/ringuvos-sm.siauliai.lm.lt\/wp-content\/uploads\/2019\/11\/TOV-191-Lygios-galimyb\u0117s-converted.pdf\">pdf&nbsp;<\/a><\/span><\/h6>\n<\/li>\n<li>\n<h6><span style=\"color: #000000;\">&nbsp;Maitinimo organizavimo tvarkos apra\u0161as<\/span><span style=\"color: #008000;\"><a style=\"color: #008000;\" href=\"https:\/\/ringuvos-sm.siauliai.lm.lt\/wp-content\/uploads\/2024\/11\/4-Ringuvos-mokyklos-maitinimo-tvarkos-aprasas.pdf\"> pdf&nbsp;<\/a><\/span><\/h6>\n<\/li>\n<li>\n<h6><span style=\"color: #000000;\">\u0160iauli\u0173 \u201eRinguvos\u201c&nbsp; mokyklos ir \u0160iauli\u0173 \u201eSpindulio\u201c ugdymo centro mokini\u0173, turin\u010di\u0173 labai dideli\u0173 ir dideli\u0173 speciali\u0173j\u0173 ugdymosi poreiki\u0173, prie\u017ei\u016bros vasaros laikotarpiu finansavimo tvarkos apra\u0161as&nbsp;<span style=\"color: #008000;\"><a style=\"color: #008000;\" href=\"https:\/\/ringuvos-sm.siauliai.lm.lt\/wp-content\/uploads\/2020\/04\/2020_Vaiku_prieziura_finansavimo_aprasas.doc\">doc&nbsp;<\/a><\/span><\/span><\/h6>\n<\/li>\n<li>\n<h6><span style=\"color: #000000;\">&nbsp;Darbo tarybos veiklos reglamentas<a href=\"https:\/\/ringuvos-sm.siauliai.lm.lt\/wp-content\/uploads\/2023\/11\/Darbo-tarybos-reglamentas-2022-06-16.docx\"><span style=\"color: #008000;\"> pdf&nbsp;<\/span><\/a><\/span><\/h6>\n<\/li>\n<li>\n<h6><span style=\"color: #000000;\">Asmens duomen\u0173 tvarkymo taisykl\u0117s <span style=\"color: #008000;\"><a style=\"color: #008000;\" href=\"https:\/\/ringuvos-sm.siauliai.lm.lt\/wp-content\/uploads\/2022\/08\/Asmens-duomenu-tvarkymo-taisykles.pdf\">pdf&nbsp;<\/a><\/span><\/span><\/h6>\n<\/li>\n<li>\n<h6><span style=\"color: #000000;\">Privatumo politika<\/span><span style=\"color: #008000;\"><a style=\"color: #008000;\" href=\"https:\/\/ringuvos-sm.siauliai.lm.lt\/wp-content\/uploads\/2022\/09\/Privatumo-politika.pdf\"> pdf&nbsp;<\/a><\/span><\/h6>\n<\/li>\n<li>\n<h6><span style=\"color: #000000;\">Elektroninio dienyno tvarkymo nuostatai<\/span>&nbsp; <span style=\"color: #008000;\"><a style=\"color: #008000;\" href=\"https:\/\/ringuvos-sm.siauliai.lm.lt\/wp-content\/uploads\/2022\/12\/TOV-65_mano-dienynas-Tvarkos-APRASAS.pdf\">pdf<\/a><\/span><\/h6>\n<\/li>\n<li>\n<h6><span style=\"color: #000000;\">Karjeros paslaug\u0173 teikimo mokiniams tvarkos<\/span><\/h6>\n<h6><span style=\"color: #000000;\">apra\u0161as<\/span> <a href=\"https:\/\/ringuvos-sm.siauliai.lm.lt\/wp-content\/uploads\/2023\/03\/karjeros-paslaugu-teikimo-APRASAS.pdf\"><span style=\"color: #008000;\">pdf<\/span><\/a>&nbsp;<\/h6>\n<\/li>\n<li>\n<h6><span style=\"color: #000000;\">Mokini\u0173 lankomumo u\u017etikrinimo tvarkos apra\u0161as<span style=\"color: #008000;\"><a style=\"color: #008000;\" href=\"https:\/\/ringuvos-sm.siauliai.lm.lt\/wp-content\/uploads\/2023\/11\/Mokiniu-lankomumo-uztikrinimo-tvarkos-aprasas-2023-m.pdf\"> pdf&nbsp;<\/a><\/span><\/span><\/h6>\n<\/li>\n<li>\n<h6><span style=\"color: #000000;\">Mokini\u0173 mokymosi pasiekim\u0173 vertinimo ir vertinimo rezultat\u0173 panaudojimo tvarkos apra\u0161as <span style=\"color: #008000;\"><a style=\"color: #008000;\" href=\"https:\/\/ringuvos-sm.siauliai.lm.lt\/wp-content\/uploads\/2024\/06\/Vertinimo-aprasas-2024-pataisytas.pdf\">pdf<\/a><\/span><\/span><\/h6>\n<\/li>\n<li>\n<h6><span style=\"color: #000000;\">Dovan\u0173 politika<\/span><span style=\"color: #008000;\"><a style=\"color: #008000;\" href=\"https:\/\/ringuvos-sm.siauliai.lm.lt\/wp-content\/uploads\/2024\/06\/DOVANU-POLITIKA.pdf\"> pdf<\/a><\/span><\/h6>\n<\/li>\n<li>\n<h6><span style=\"color: #000000;\">Vaiko gerov\u0117s komisijos sudarymo ir jos darbo organizavimo tvarkos apra\u0161as<\/span><a href=\"https:\/\/ringuvos-sm.siauliai.lm.lt\/wp-content\/uploads\/2024\/12\/2024-m.-VGK-aprasas.pdf\"><span style=\"color: #008000;\"> pdf&nbsp;<\/span><\/a><\/h6>\n<\/li>\n<li>\n<h6>&nbsp;<span style=\"color: #000000;\">Vaiko gerov\u0117s komisijos darbo reglamentas<\/span> <a href=\"https:\/\/ringuvos-sm.siauliai.lm.lt\/wp-content\/uploads\/2024\/12\/2024-m.-VGK-reglamentas.pdf\"><span style=\"color: #008000;\">pdf<\/span><\/a><\/h6>\n<\/li>\n<li>\n<h6><span style=\"color: #000000;\">Naujai atvykusi\u0173 mokini\u0173 adaptacijos ir adaptacijos prie\u017ei\u016bros tvarka<\/span> <span style=\"color: #008000;\"><a style=\"color: #008000;\" href=\"https:\/\/ringuvos-sm.siauliai.lm.lt\/wp-content\/uploads\/2024\/09\/ADAPTACIJA-aprasas.-2024.pdf\">pdf&nbsp;<\/a><\/span><\/h6>\n<\/li>\n<li>\n<h6><span style=\"color: #000000;\">Mokini\u0173 palikimo mokykloje bei pasi\u0117mimo i\u0161 mokyklos tvarkos apra\u0161as<\/span> <span style=\"color: #008000;\"><a style=\"color: #008000;\" href=\"https:\/\/ringuvos-sm.siauliai.lm.lt\/wp-content\/uploads\/2024\/09\/Mokiniu-pasiemimo-aprasas-2024.pdf\">pdf&nbsp;<\/a><\/span><\/h6>\n<\/li>\n<li>\n<h6><span style=\"color: #000000;\">Poveikio priemoni\u0173 taikymo netinkamai besielgiantiems &nbsp;mokiniams tvarkos apra\u0161as<\/span><a href=\"https:\/\/ringuvos-sm.siauliai.lm.lt\/wp-content\/uploads\/2026\/03\/Poveikio-priemoniu-aprasas-2024-su-atnaujintais-algoritmais.pdf\"> <span style=\"color: #008000;\">pdf&nbsp;<\/span><\/a><\/h6>\n<\/li>\n<li>\n<h6><span style=\"color: #000000;\">Smurto artimoje aplinkoje atpa\u017einimo ir veiksm\u0173, \u012ftariant galim\u0105 smurt\u0105 artimoje aplinkoje, tvarkos apra\u0161as<\/span> <span style=\"color: #008000;\"><a style=\"color: #008000;\" href=\"https:\/\/ringuvos-sm.siauliai.lm.lt\/wp-content\/uploads\/2024\/09\/smurtas-artimoje-aplinkoje-2024.pdf\">pdf&nbsp;<\/a><\/span><\/h6>\n<\/li>\n<li>\n<h6><span style=\"color: #000000;\">Smurto ir paty\u010di\u0173 prevencijos, intervencijos ir steb\u0117senos vykdymo tvarkos apra\u0161as<\/span> <span style=\"color: #008000;\"><a style=\"color: #008000;\" href=\"https:\/\/ringuvos-sm.siauliai.lm.lt\/wp-content\/uploads\/2024\/09\/Smurto-ir-Patyciu-aprasas-2024.pdf\">pdf&nbsp;<\/a><\/span><\/h6>\n<\/li>\n<li>\n<h6><span style=\"color: #000000;\">\u0160vietimo pagalbos netinkamai besielgiantiems mokiniams teikimo tvarkos apra\u0161as<\/span><span style=\"color: #008000;\"><a style=\"color: #008000;\" href=\"https:\/\/ringuvos-sm.siauliai.lm.lt\/wp-content\/uploads\/2024\/09\/Svietimo-pagalba-netinkamai-besielgiantiems-2024.pdf\"> pdf<\/a><\/span><\/h6>\n<\/li>\n<li>\n<h6><span style=\"color: #000000;\">Krizi\u0173 valdymo mokykloje tvarkos apra\u0161as<\/span> <span style=\"color: #008000;\"><a style=\"color: #008000;\" href=\"https:\/\/ringuvos-sm.siauliai.lm.lt\/wp-content\/uploads\/2024\/09\/Kriziu-valdymo-aprasas-2024-naujai.pdf\">pdf&nbsp;<\/a><\/span><\/h6>\n<\/li>\n<li>\n<h6><span style=\"color: #000000;\">Nuotolinio mokymo(si) tvarkos apra\u0161as<\/span><span style=\"color: #008000;\"><a style=\"color: #008000;\" href=\"https:\/\/ringuvos-sm.siauliai.lm.lt\/wp-content\/uploads\/2024\/09\/Nuotolinio-mokymosi-tvarka-2024-naujai.pdf\"> pdf<\/a><\/span><\/h6>\n<\/li>\n<li>\n<h6><span style=\"color: #000000;\">Individuali\u0173j\u0173 mokymosi priemoni\u0173 s\u0105ra\u0161as&nbsp;<strong> <span style=\"color: #008000;\"><a style=\"color: #008000;\" href=\"https:\/\/ringuvos-sm.siauliai.lm.lt\/wp-content\/uploads\/2024\/09\/TOV-50-del-individualiu-priemoniu-saraso-tvirtinimo-pdf.pdf\">pdf<\/a><\/span>&nbsp; &nbsp; &nbsp;<span style=\"color: #008000;\"><a style=\"color: #008000;\" href=\"https:\/\/ringuvos-sm.siauliai.lm.lt\/wp-content\/uploads\/2024\/09\/TOV-50_PRIEDAS_Individualiujumokymosipriemoniu_papildytas-pdf.pdf\">pdf&nbsp;<\/a><\/span><\/strong><\/span><\/h6>\n<\/li>\n<li>\n<h6><span style=\"color: #000000;\">Ugdymo ne mokyklos aplinkoje organizavimo apra\u0161as<\/span> <span style=\"color: #008000;\"><a style=\"color: #008000;\" href=\"https:\/\/ringuvos-sm.siauliai.lm.lt\/wp-content\/uploads\/2024\/10\/TOV-59-Isvyku-aprasas-2024.pdf\">pdf&nbsp;<\/a><\/span><\/h6>\n<\/li>\n<li>\n<h6><span style=\"color: #000000;\">Mokini\u0173 nelaiming\u0173 atsitikim\u0173 tyrimo tvarkos apra\u0161as<\/span><strong>&nbsp; <span style=\"color: #008000;\"><a style=\"color: #008000;\" href=\"https:\/\/ringuvos-sm.siauliai.lm.lt\/wp-content\/uploads\/2024\/10\/Nelaimingu-atsitikimu-aprasas.docx\">doc&nbsp;<\/a><a style=\"color: #008000;\" href=\"https:\/\/ringuvos-sm.siauliai.lm.lt\/wp-content\/uploads\/2024\/10\/1-ir-2-priedai.docx\">priedai&nbsp;<\/a><\/span><\/strong><\/h6>\n<\/li>\n<li>\n<h6><span style=\"color: #000000;\">Darbuotoj\u0173 darbo apmok\u0117jimo sistema<a href=\"https:\/\/ringuvos-sm.siauliai.lm.lt\/wp-content\/uploads\/2025\/03\/RN-Darbo-apmokejimo-sistema-2025-01-01-1.pdf\"> <span style=\"color: #008000;\">pdf<\/span>&nbsp;<\/a> &nbsp;<\/span><\/h6>\n<\/li>\n<li>\n<h6><span style=\"color: #000000;\">Mokini\u0173 pozityvaus elgesio skatinimo tvarka <span style=\"color: #008000;\"><a style=\"color: #008000;\" href=\"https:\/\/ringuvos-sm.siauliai.lm.lt\/wp-content\/uploads\/2026\/04\/SKATINIMO-TVARKA-2024.pdf\">pdf<\/a><\/span><\/span><\/h6>\n<\/li>\n<li>\n<h6><span style=\"color: #000000;\">Mokini\u0173 asmenini\u0173 mobili\u0173j\u0173 telefon\u0173 ir kit\u0173 informacini\u0173 technologij\u0173 \u012frengini\u0173<\/span><\/h6>\n<h6><span style=\"color: #000000;\">naudojimo tvarkos apra\u0161as <span style=\"color: #008000;\"><a style=\"color: #008000;\" href=\"https:\/\/ringuvos-sm.siauliai.lm.lt\/wp-content\/uploads\/2026\/04\/DEL-TELEFONU-NAUDOJIMO-2026.pdf\">pdf<\/a><\/span><\/span><\/h6>\n<\/li>\n<\/ol>\n<hr>\n<ul>\n<li>\n<h6>*&nbsp;<em style=\"color: #23282d; font-family: Menlo, Consolas, monaco, monospace; font-size: 14px; white-space: pre-wrap;\"><em>Su ,,Ringuvos&#8221; mokyklos <\/em><\/em><em style=\"color: #23282d; font-family: Menlo, Consolas, monaco, monospace; font-size: 14px; white-space: pre-wrap;\">veikl\u0105 reglamentuojan\u010diais dokumentais galima susipa\u017einti mokyklos ra\u0161tin\u0117je.<\/em><\/h6>\n<\/li>\n<\/ul>\n\n\n<p><\/p>\n","protected":false},"excerpt":{"rendered":"<p>Mokyklos&nbsp; nuostatai &nbsp; pdf Darbuotoj\u0173 darbo apmok\u0117jimo sistema * Bendrabu\u010dio vidaus tvarkos taisykl\u0117s pdf&nbsp; Mokini\u0173 pri\u0117mimo \u012f&nbsp; mokyklos bendrabut\u012f tvarkos apra\u0161as&nbsp; pdf&nbsp; &nbsp;Mokinio elgesio taisykl\u0117s pdf&nbsp; Informacini\u0173 ir komunikacini\u0173 technologij\u0173 naudojimo bei darbuotoj\u0173 steb\u0117senos ir kontrol\u0117s darbo vietoje tvarkos apra\u0161as&nbsp; &hellip; <a href=\"https:\/\/ringuvos-sm.siauliai.lm.lt\/?page_id=13214\">Continue reading <span class=\"meta-nav\">&rarr;<\/span><\/a><\/p>\n","protected":false},"author":2,"featured_media":0,"parent":0,"menu_order":0,"comment_status":"closed","ping_status":"closed","template":"","meta":{"ngg_post_thumbnail":0,"footnotes":""},"class_list":["post-13214","page","type-page","status-publish","hentry"],"_links":{"self":[{"href":"https:\/\/ringuvos-sm.siauliai.lm.lt\/index.php?rest_route=\/wp\/v2\/pages\/13214","targetHints":{"allow":["GET"]}}],"collection":[{"href":"https:\/\/ringuvos-sm.siauliai.lm.lt\/index.php?rest_route=\/wp\/v2\/pages"}],"about":[{"href":"https:\/\/ringuvos-sm.siauliai.lm.lt\/index.php?rest_route=\/wp\/v2\/types\/page"}],"author":[{"embeddable":true,"href":"https:\/\/ringuvos-sm.siauliai.lm.lt\/index.php?rest_route=\/wp\/v2\/users\/2"}],"replies":[{"embeddable":true,"href":"https:\/\/ringuvos-sm.siauliai.lm.lt\/index.php?rest_route=%2Fwp%2Fv2%2Fcomments&post=13214"}],"version-history":[{"count":116,"href":"https:\/\/ringuvos-sm.siauliai.lm.lt\/index.php?rest_route=\/wp\/v2\/pages\/13214\/revisions"}],"predecessor-version":[{"id":21467,"href":"https:\/\/ringuvos-sm.siauliai.lm.lt\/index.php?rest_route=\/wp\/v2\/pages\/13214\/revisions\/21467"}],"wp:attachment":[{"href":"https:\/\/ringuvos-sm.siauliai.lm.lt\/index.php?rest_route=%2Fwp%2Fv2%2Fmedia&parent=13214"}],"curies":[{"name":"wp","href":"https:\/\/api.w.org\/{rel}","templated":true}]}}