{"id":1344,"date":"2013-04-01T16:36:28","date_gmt":"2013-04-01T14:36:28","guid":{"rendered":"https:\/\/ringuvos-sm.siauliai.lm.lt\/?page_id=1344"},"modified":"2013-04-01T21:31:11","modified_gmt":"2013-04-01T19:31:11","slug":"2013-03-27-pedagogu-isvyka-i-siauliu-universiteto-sveikatinimo-centra-3","status":"publish","type":"page","link":"https:\/\/ringuvos-sm.siauliai.lm.lt\/?page_id=1344","title":{"rendered":"2013 03 27 Pedagog\u0173 i\u0161vyka \u012f  \u0160iauli\u0173 Universiteto sveikatinimo centr\u0105"},"content":{"rendered":"<p><a href=\"wp-content\/gallery\/2013-03-27-pedagogu-isvyka-u-su-sveikatinimo-centra\">ngg_shortcode_0_placeholder<\/a><\/p>\n<h2><span style=\"text-decoration: underline;\"><a href=\"https:\/\/ringuvos-sm.siauliai.lm.lt\/?page_id=38\"><span style=\"color: #008000; text-decoration: underline;\">gr\u012f\u017eti \u012f Galerij\u0105<\/span> <\/a><\/span><\/h2>\n","protected":false},"excerpt":{"rendered":"<p>gr\u012f\u017eti \u012f Galerij\u0105<\/p>\n","protected":false},"author":2,"featured_media":0,"parent":0,"menu_order":0,"comment_status":"closed","ping_status":"closed","template":"","meta":{"ngg_post_thumbnail":0,"footnotes":""},"class_list":["post-1344","page","type-page","status-publish","hentry"],"_links":{"self":[{"href":"https:\/\/ringuvos-sm.siauliai.lm.lt\/index.php?rest_route=\/wp\/v2\/pages\/1344","targetHints":{"allow":["GET"]}}],"collection":[{"href":"https:\/\/ringuvos-sm.siauliai.lm.lt\/index.php?rest_route=\/wp\/v2\/pages"}],"about":[{"href":"https:\/\/ringuvos-sm.siauliai.lm.lt\/index.php?rest_route=\/wp\/v2\/types\/page"}],"author":[{"embeddable":true,"href":"https:\/\/ringuvos-sm.siauliai.lm.lt\/index.php?rest_route=\/wp\/v2\/users\/2"}],"replies":[{"embeddable":true,"href":"https:\/\/ringuvos-sm.siauliai.lm.lt\/index.php?rest_route=%2Fwp%2Fv2%2Fcomments&post=1344"}],"version-history":[{"count":8,"href":"https:\/\/ringuvos-sm.siauliai.lm.lt\/index.php?rest_route=\/wp\/v2\/pages\/1344\/revisions"}],"predecessor-version":[{"id":1456,"href":"https:\/\/ringuvos-sm.siauliai.lm.lt\/index.php?rest_route=\/wp\/v2\/pages\/1344\/revisions\/1456"}],"wp:attachment":[{"href":"https:\/\/ringuvos-sm.siauliai.lm.lt\/index.php?rest_route=%2Fwp%2Fv2%2Fmedia&parent=1344"}],"curies":[{"name":"wp","href":"https:\/\/api.w.org\/{rel}","templated":true}]}}