{"id":13625,"date":"2019-11-27T18:57:57","date_gmt":"2019-11-27T16:57:57","guid":{"rendered":"https:\/\/ringuvos-sm.siauliai.lm.lt\/?page_id=13625"},"modified":"2025-04-29T19:53:29","modified_gmt":"2025-04-29T17:53:29","slug":"civiline-sauga","status":"publish","type":"page","link":"https:\/\/ringuvos-sm.siauliai.lm.lt\/?page_id=13625","title":{"rendered":"Civilin\u0117 sauga"},"content":{"rendered":"<h5><span style=\"color: #008000;\">Elgesio rekomendacijos :<\/span><\/h5>\n<ul>\n<li>\n<h6>K\u0105 turime \u017einoti apie pasirengim\u0105 ekstremaliosioms situacijoms ir karo metui<span style=\"color: #008000;\"><a style=\"color: #008000;\" href=\"https:\/\/ringuvos-sm.siauliai.lm.lt\/wp-content\/uploads\/2022\/02\/Ka-turime-zinoti-apie-pasirengima-ekstremaliosioms-situacijoms-ir-karo-metui.pdf\"> pdf&nbsp;<\/a><\/span><\/h6>\n<\/li>\n<li>\n<h6>Pasirengimo ekstremaliosioms situacijoms organizavimas <span style=\"color: #008000;\"><a style=\"color: #008000;\" href=\"https:\/\/ringuvos-sm.siauliai.lm.lt\/wp-content\/uploads\/2022\/02\/Pasirengimo-ekstremaliosioms-situacijoms-organizavimas.docx\">doc&nbsp;<\/a><\/span><\/h6>\n<\/li>\n<li>\n<h6>u\u017ekre\u010diam\u0173 lig\u0173 atveju <a href=\"https:\/\/ringuvos-sm.siauliai.lm.lt\/wp-content\/uploads\/2019\/11\/Elgesio-rekomendacijos-u\u017ekre\u010diam\u0173-lig\u0173-atveju.pdf\"><span style=\"color: #008000;\">pdf&nbsp;&nbsp;<\/span><\/a><\/h6>\n<\/li>\n<li>\n<h6><span style=\"color: #000000;\">kaitros metu <span style=\"color: #008000;\"><a style=\"color: #008000;\" href=\"https:\/\/ringuvos-sm.siauliai.lm.lt\/wp-content\/uploads\/2019\/11\/Elgesio-rekomendacijos-kaitros-metu.pdf\">pdf&nbsp;<\/a><\/span><\/span><\/h6>\n<\/li>\n<li>\n<h6><span style=\"color: #000000;\">speigo metu&nbsp; <span style=\"color: #008000;\"><a style=\"color: #008000;\" href=\"https:\/\/ringuvos-sm.siauliai.lm.lt\/wp-content\/uploads\/2019\/11\/Elgesio-rekomendacijos-speigo-metu.pdf\">pdf<\/a><\/span><\/span><\/h6>\n<\/li>\n<li>\n<h6><span style=\"color: #000000;\">esant biologinei tar\u0161ai<span style=\"color: #008000;\"><a style=\"color: #008000;\" href=\"https:\/\/ringuvos-sm.siauliai.lm.lt\/wp-content\/uploads\/2019\/11\/Elgesio-rekomendacijos-esant-biologinei-tar\u0161ai.pdf\"> pdf&nbsp;<\/a><\/span><\/span><\/h6>\n<\/li>\n<li>\n<h6><span style=\"color: #000000;\">esant cheminei avarijai&nbsp; <span style=\"color: #008000;\"><a style=\"color: #008000;\" href=\"https:\/\/ringuvos-sm.siauliai.lm.lt\/wp-content\/uploads\/2019\/11\/Elgesio-rekomendacijos-esant-cheminei-avarijai.pdf\">pdf&nbsp;<\/a><\/span><\/span><\/h6>\n<\/li>\n<li>\n<h6><span style=\"color: #000000;\">gavus \u012ftartin\u0105 lai\u0161k\u0105 ar paket\u0105 <span style=\"color: #008000;\"><a style=\"color: #008000;\" href=\"https:\/\/ringuvos-sm.siauliai.lm.lt\/wp-content\/uploads\/2019\/11\/Elgesio-rekomendacijos-gavus-\u012ftartin\u0105-lai\u0161k\u0105-ar-paket\u0105.pdf\">pdf&nbsp;<\/a><\/span><\/span><\/h6>\n<\/li>\n<li>\n<h6><span style=\"color: #000000;\">kilus radiaciniam pavojui <span style=\"color: #008000;\"><a style=\"color: #008000;\" href=\"https:\/\/ringuvos-sm.siauliai.lm.lt\/wp-content\/uploads\/2019\/11\/Elgesio-rekomendacijos-kilus-radiaciniam-pavojui.pdf\">pdf<\/a><\/span><\/span><\/h6>\n<\/li>\n<li>\n<h6><span style=\"color: #000000;\">potvynio metu <span style=\"color: #008000;\"><a style=\"color: #008000;\" href=\"https:\/\/ringuvos-sm.siauliai.lm.lt\/wp-content\/uploads\/2019\/11\/Elgesio-rekomendacijos-potvynio-metu.pdf\">pdf&nbsp;<\/a><\/span><\/span><\/h6>\n<\/li>\n<li>\n<h6><span style=\"color: #000000;\">uragano metu<span style=\"color: #008000;\"> <a style=\"color: #008000;\" href=\"https:\/\/ringuvos-sm.siauliai.lm.lt\/wp-content\/uploads\/2019\/11\/Elgesio-rekomendacijos-uragano-metu.pdf\">pdf&nbsp;<\/a><\/span><\/span><\/h6>\n<\/li>\n<li>\n<h6>jei kriz\u0117 arba karas: kaip elgtis&nbsp; <span style=\"color: #008000;\"><a style=\"color: #008000;\" href=\"https:\/\/ringuvos-sm.siauliai.lm.lt\/wp-content\/uploads\/2025\/04\/Jei-krize-arba-karas-kaip-elgtis.pdf\">pdf&nbsp;<\/a><\/span><\/h6>\n<h6>&nbsp;<\/h6>\n<\/li>\n<\/ul>\n\n\n<p><\/p>\n\n\n<p><span role=\"gridcell\"><a class=\"x1i10hfl xjbqb8w x1ejq31n xd10rxx x1sy0etr x17r0tee x972fbf xcfux6l x1qhh985 xm0m39n x9f619 x1ypdohk xt0psk2 xe8uvvx xdj266r x11i5rnm xat24cr x1mh8g0r xexx8yu x4uap5 x18d9i69 xkhd6sd x16tdsg8 xggy1nq x1a2a7pz xt0b8zv x1heor9g x1bvjpef\" tabindex=\"0\" role=\"link\" href=\"https:\/\/l.facebook.com\/l.php?u=https%3A%2F%2Fwww.dropbox.com%2Fscl%2Ffi%2Fzi56x7z8unsyf2rxnj9ou%2FGyventoj-bendras-pasirengimas-%3Ffbclid%3DIwZXh0bgNhZW0CMTAAAR1Q6K6n5uUThv2HgwlpCBm9iSyRx8Rub2HF-jPwopBotB5ZbR_s_k__AF0_aem_ATJIiSPTPHNnbwlaoCDqsmowE5Xguai4hPmHKB0jiu4s1Klf5QSLhodFQ7h3ESiqUGl2vgQFzTjuFIz_1SlOoE-6&amp;h=AT1s3asC1U4ODH8bwAn8_1OJOwzNW6Xpcy4aU-TPZJKIqhlXczyXJT7sDvoT1NzFvrMwsOXwXHwzjebwyeUS8fBsyJLo_i0at2uaNI6kxK3YQXD6SbtR2C4ZMq9WANMpXIVgwQ\" target=\"_blank\" rel=\"nofollow noopener\">https:\/\/www.dropbox.com\/scl\/fi\/zi56x7z8unsyf2rxnj9ou\/Gyventoj-bendras-pasirengimas-<\/a><\/span> ekstremaliosioms-situacijoms_full_hd_sub.mp4?rlkey=5g1lqek9xeca4041s4wq6e72t&amp;amp;dl=0&nbsp;<\/p>\n<p>&nbsp;<\/p>\n<p><img loading=\"lazy\" decoding=\"async\" class=\"aligncenter size-large wp-image-19996\" src=\"https:\/\/ringuvos-sm.siauliai.lm.lt\/wp-content\/uploads\/2024\/04\/2024-04-18_23-19-425x600.png\" alt=\"\" width=\"425\" height=\"600\" srcset=\"https:\/\/ringuvos-sm.siauliai.lm.lt\/wp-content\/uploads\/2024\/04\/2024-04-18_23-19-425x600.png 425w, https:\/\/ringuvos-sm.siauliai.lm.lt\/wp-content\/uploads\/2024\/04\/2024-04-18_23-19-213x300.png 213w, https:\/\/ringuvos-sm.siauliai.lm.lt\/wp-content\/uploads\/2024\/04\/2024-04-18_23-19.png 563w\" sizes=\"auto, (max-width: 425px) 100vw, 425px\" \/><\/p>","protected":false},"excerpt":{"rendered":"<p>Elgesio rekomendacijos : K\u0105 turime \u017einoti apie pasirengim\u0105 ekstremaliosioms situacijoms ir karo metui pdf&nbsp; Pasirengimo ekstremaliosioms situacijoms organizavimas doc&nbsp; u\u017ekre\u010diam\u0173 lig\u0173 atveju pdf&nbsp;&nbsp; kaitros metu pdf&nbsp; speigo metu&nbsp; pdf esant biologinei tar\u0161ai pdf&nbsp; esant cheminei avarijai&nbsp; pdf&nbsp; gavus \u012ftartin\u0105 lai\u0161k\u0105 &hellip; <a href=\"https:\/\/ringuvos-sm.siauliai.lm.lt\/?page_id=13625\">Continue reading <span class=\"meta-nav\">&rarr;<\/span><\/a><\/p>\n","protected":false},"author":2,"featured_media":0,"parent":0,"menu_order":0,"comment_status":"closed","ping_status":"closed","template":"","meta":{"ngg_post_thumbnail":0,"footnotes":""},"class_list":["post-13625","page","type-page","status-publish","hentry"],"_links":{"self":[{"href":"https:\/\/ringuvos-sm.siauliai.lm.lt\/index.php?rest_route=\/wp\/v2\/pages\/13625","targetHints":{"allow":["GET"]}}],"collection":[{"href":"https:\/\/ringuvos-sm.siauliai.lm.lt\/index.php?rest_route=\/wp\/v2\/pages"}],"about":[{"href":"https:\/\/ringuvos-sm.siauliai.lm.lt\/index.php?rest_route=\/wp\/v2\/types\/page"}],"author":[{"embeddable":true,"href":"https:\/\/ringuvos-sm.siauliai.lm.lt\/index.php?rest_route=\/wp\/v2\/users\/2"}],"replies":[{"embeddable":true,"href":"https:\/\/ringuvos-sm.siauliai.lm.lt\/index.php?rest_route=%2Fwp%2Fv2%2Fcomments&post=13625"}],"version-history":[{"count":9,"href":"https:\/\/ringuvos-sm.siauliai.lm.lt\/index.php?rest_route=\/wp\/v2\/pages\/13625\/revisions"}],"predecessor-version":[{"id":20688,"href":"https:\/\/ringuvos-sm.siauliai.lm.lt\/index.php?rest_route=\/wp\/v2\/pages\/13625\/revisions\/20688"}],"wp:attachment":[{"href":"https:\/\/ringuvos-sm.siauliai.lm.lt\/index.php?rest_route=%2Fwp%2Fv2%2Fmedia&parent=13625"}],"curies":[{"name":"wp","href":"https:\/\/api.w.org\/{rel}","templated":true}]}}