{"id":1371,"date":"2013-04-01T18:37:47","date_gmt":"2013-04-01T16:37:47","guid":{"rendered":"https:\/\/ringuvos-sm.siauliai.lm.lt\/?page_id=1371"},"modified":"2013-04-08T19:40:02","modified_gmt":"2013-04-08T17:40:02","slug":"2012-03-27-apsilankymas-rutos-konditerijos-fabrike-2","status":"publish","type":"page","link":"https:\/\/ringuvos-sm.siauliai.lm.lt\/?page_id=1371","title":{"rendered":"2012 03 27 Apsilankymas ,,R\u016btos&#8221;  konditerijos fabrike"},"content":{"rendered":"<p><a href=\"wp-content\/gallery\/2012-03-27-apsilankymas-rutos-fabrike\">ngg_shortcode_0_placeholder<\/a><\/p>\n<p>&nbsp;<\/p>\n<h5><a href=\"https:\/\/ringuvos-sm.siauliai.lm.lt\/?page_id=38\"><span style=\"color: #008000; text-decoration: underline;\">gr\u012f\u017eti \u012f Galerij\u0105 <\/span><\/a><\/h5>\n","protected":false},"excerpt":{"rendered":"<p>&nbsp; gr\u012f\u017eti \u012f Galerij\u0105<\/p>\n","protected":false},"author":2,"featured_media":0,"parent":0,"menu_order":0,"comment_status":"closed","ping_status":"closed","template":"","meta":{"ngg_post_thumbnail":0,"footnotes":""},"class_list":["post-1371","page","type-page","status-publish","hentry"],"_links":{"self":[{"href":"https:\/\/ringuvos-sm.siauliai.lm.lt\/index.php?rest_route=\/wp\/v2\/pages\/1371","targetHints":{"allow":["GET"]}}],"collection":[{"href":"https:\/\/ringuvos-sm.siauliai.lm.lt\/index.php?rest_route=\/wp\/v2\/pages"}],"about":[{"href":"https:\/\/ringuvos-sm.siauliai.lm.lt\/index.php?rest_route=\/wp\/v2\/types\/page"}],"author":[{"embeddable":true,"href":"https:\/\/ringuvos-sm.siauliai.lm.lt\/index.php?rest_route=\/wp\/v2\/users\/2"}],"replies":[{"embeddable":true,"href":"https:\/\/ringuvos-sm.siauliai.lm.lt\/index.php?rest_route=%2Fwp%2Fv2%2Fcomments&post=1371"}],"version-history":[{"count":6,"href":"https:\/\/ringuvos-sm.siauliai.lm.lt\/index.php?rest_route=\/wp\/v2\/pages\/1371\/revisions"}],"predecessor-version":[{"id":1631,"href":"https:\/\/ringuvos-sm.siauliai.lm.lt\/index.php?rest_route=\/wp\/v2\/pages\/1371\/revisions\/1631"}],"wp:attachment":[{"href":"https:\/\/ringuvos-sm.siauliai.lm.lt\/index.php?rest_route=%2Fwp%2Fv2%2Fmedia&parent=1371"}],"curies":[{"name":"wp","href":"https:\/\/api.w.org\/{rel}","templated":true}]}}