{"id":14364,"date":"2020-03-25T22:02:33","date_gmt":"2020-03-25T20:02:33","guid":{"rendered":"https:\/\/ringuvos-sm.siauliai.lm.lt\/?page_id=14364"},"modified":"2020-11-30T13:15:28","modified_gmt":"2020-11-30T11:15:28","slug":"nuotolinis-mokymas-is","status":"publish","type":"page","link":"https:\/\/ringuvos-sm.siauliai.lm.lt\/?page_id=14364","title":{"rendered":"Nuotolinis mokymas (-is)"},"content":{"rendered":"\n<div class=\"wp-block-image\"><figure class=\"aligncenter\"><a class=\"https:\/\/ringuvos-sm.siauliai.lm.lt\/?page_id=14384\" href=\"https:\/\/ringuvos-sm.siauliai.lm.lt\/?page_id=14384\"><img loading=\"lazy\" decoding=\"async\" width=\"992\" height=\"80\" src=\"https:\/\/ringuvos-sm.siauliai.lm.lt\/wp-content\/uploads\/2020\/03\/Naujienai-1024x495-Kopija.jpg\" alt=\"\" class=\"wp-image-14369\"\/><\/a><\/figure><\/div>\n\n\n<h5>&nbsp;<span style=\"color: #000000;\"> &nbsp;\u0160iauli\u0173 \u201eRinguvos\u201c specialiosios mokyklos mokini\u0173 prie\u017ei\u016bros paslaugos organizavimo tvarkos apra\u0161as<\/span> <span style=\"color: #008000;\"><a style=\"color: #008000;\" href=\"https:\/\/ringuvos-sm.siauliai.lm.lt\/wp-content\/uploads\/2020\/04\/TOV-39_Vaik\u0173-prie\u017ei\u016bros-tvarkos-apra\u0161as.pdf\">pdf<\/a><\/span><\/h5>\n\n\n<figure class=\"wp-block-image\"><a class=\"https:\/\/ringuvos-sm.siauliai.lm.lt\/?page_id=14388\" href=\"https:\/\/ringuvos-sm.siauliai.lm.lt\/?page_id=14388\"><img loading=\"lazy\" decoding=\"async\" width=\"990\" height=\"78\" src=\"https:\/\/ringuvos-sm.siauliai.lm.lt\/wp-content\/uploads\/2020\/03\/Naujienai-1024x495-Kopija-2.jpg\" alt=\"\" class=\"wp-image-14374\"\/><\/a><\/figure>\n\n\n<h5>&nbsp;<span style=\"color: #000000;\">Nuotolinio mokymo(-si) \u0160iauli\u0173 ,,Ringuvos&#8221; mokykloje tvarkos apra\u0161as&nbsp;&nbsp;<a href=\"https:\/\/ringuvos-sm.siauliai.lm.lt\/wp-content\/uploads\/2020\/04\/TOV_38_priedas_Nuotolinio-mokymosi-tvarka-2020-04-PATAISYTAS-converted-1.pdf\"><span style=\"color: #008000;\">pdf&nbsp;<\/span><\/a><\/span><\/h5>\n<h5>&nbsp;<a href=\"https:\/\/ringuvos-sm.siauliai.lm.lt\/\"><span style=\"color: #008000;\"> Gr\u012f\u017eti<\/span><\/a><\/h5>\n\n\n<p><\/p>\n\n\n\n<p class=\"has-vivid-red-color has-text-color has-medium-font-size\"><a href=\"https:\/\/ringuvos-sm.siauliai.lm.lt\/wp-content\/uploads\/2020\/11\/nuotolinio-tvarkarasciai-be-pavardziu.docx\">Nuotolinio mokymo tvarkara\u0161\u010diai  2020 11 24- 2020 12- 04  \u010cIA<\/a> <\/p>\n\n\n\n<p class=\"has-vivid-cyan-blue-color has-text-color has-medium-font-size\">Neformaliojo \u0161vietimo nuotolini\u0173 u\u017esi\u0117mim\u0173 tvarkara\u0161tis  <a href=\"https:\/\/ringuvos-sm.siauliai.lm.lt\/wp-content\/uploads\/2020\/11\/NS-tvarkarastis-nuotolinis-\u2013-kopija.docx\">\u010cIA <\/a><\/p>\n","protected":false},"excerpt":{"rendered":"<p>&nbsp; &nbsp;\u0160iauli\u0173 \u201eRinguvos\u201c specialiosios mokyklos mokini\u0173 prie\u017ei\u016bros paslaugos organizavimo tvarkos apra\u0161as pdf &nbsp;Nuotolinio mokymo(-si) \u0160iauli\u0173 ,,Ringuvos&#8221; mokykloje tvarkos apra\u0161as&nbsp;&nbsp;pdf&nbsp; &nbsp; Gr\u012f\u017eti Nuotolinio mokymo tvarkara\u0161\u010diai 2020 11 24- 2020 12- 04 \u010cIA Neformaliojo \u0161vietimo nuotolini\u0173 u\u017esi\u0117mim\u0173 tvarkara\u0161tis \u010cIA<\/p>\n","protected":false},"author":2,"featured_media":0,"parent":0,"menu_order":0,"comment_status":"closed","ping_status":"closed","template":"","meta":{"ngg_post_thumbnail":0,"footnotes":""},"class_list":["post-14364","page","type-page","status-publish","hentry"],"_links":{"self":[{"href":"https:\/\/ringuvos-sm.siauliai.lm.lt\/index.php?rest_route=\/wp\/v2\/pages\/14364","targetHints":{"allow":["GET"]}}],"collection":[{"href":"https:\/\/ringuvos-sm.siauliai.lm.lt\/index.php?rest_route=\/wp\/v2\/pages"}],"about":[{"href":"https:\/\/ringuvos-sm.siauliai.lm.lt\/index.php?rest_route=\/wp\/v2\/types\/page"}],"author":[{"embeddable":true,"href":"https:\/\/ringuvos-sm.siauliai.lm.lt\/index.php?rest_route=\/wp\/v2\/users\/2"}],"replies":[{"embeddable":true,"href":"https:\/\/ringuvos-sm.siauliai.lm.lt\/index.php?rest_route=%2Fwp%2Fv2%2Fcomments&post=14364"}],"version-history":[{"count":25,"href":"https:\/\/ringuvos-sm.siauliai.lm.lt\/index.php?rest_route=\/wp\/v2\/pages\/14364\/revisions"}],"predecessor-version":[{"id":16070,"href":"https:\/\/ringuvos-sm.siauliai.lm.lt\/index.php?rest_route=\/wp\/v2\/pages\/14364\/revisions\/16070"}],"wp:attachment":[{"href":"https:\/\/ringuvos-sm.siauliai.lm.lt\/index.php?rest_route=%2Fwp%2Fv2%2Fmedia&parent=14364"}],"curies":[{"name":"wp","href":"https:\/\/api.w.org\/{rel}","templated":true}]}}