{"id":1501,"date":"2013-04-02T15:50:58","date_gmt":"2013-04-02T13:50:58","guid":{"rendered":"https:\/\/ringuvos-sm.siauliai.lm.lt\/?page_id=1501"},"modified":"2026-03-02T18:06:00","modified_gmt":"2026-03-02T16:06:00","slug":"parama-2","status":"publish","type":"page","link":"https:\/\/ringuvos-sm.siauliai.lm.lt\/?page_id=1501","title":{"rendered":"Parama"},"content":{"rendered":"<h6><span style=\"color: #000000;\">&nbsp; &nbsp; &nbsp; &nbsp; &nbsp; &nbsp;&nbsp;<\/span><span style=\"color: #000000;\">&nbsp; &nbsp; &nbsp; &nbsp; &nbsp; &nbsp; &nbsp; &nbsp; &nbsp; &nbsp;&nbsp;<\/span><\/h6>\n<hr>\n<h5><span style=\"color: #000000;\">Paramos l\u0117\u0161\u0173 ataskaita u\u017e 2025 m<\/span> <span style=\"color: #008000;\"><a style=\"color: #008000;\" href=\"https:\/\/ringuvos-sm.siauliai.lm.lt\/wp-content\/uploads\/2026\/02\/RN-Paramos-lesu-ataskaita-2025-m.xlsx\">\u010cIA<\/a><\/span><\/h5>\n<h5><span style=\"color: #000000;\">Paramos l\u0117\u0161\u0173 ataskaita u\u017e 2024 m<\/span> <span style=\"color: #008000;\"><a style=\"color: #008000;\" href=\"https:\/\/ringuvos-sm.siauliai.lm.lt\/wp-content\/uploads\/2025\/02\/RN-Paramos-lesu-ataskaita-2024-m.-1.xlsx\">\u010cIA&nbsp;<\/a><\/span><\/h5>\n<h5><span style=\"color: #000000;\">Paramos l\u0117\u0161\u0173 ataskaita u\u017e 2023 m.<span style=\"color: #008000;\"><a style=\"color: #008000;\" href=\"https:\/\/ringuvos-sm.siauliai.lm.lt\/wp-content\/uploads\/2024\/02\/RN-Paramos-lesu-ataskaita-2023-m.xlsx\">&nbsp;\u010cIA&nbsp;<\/a><\/span><\/span>&nbsp;<\/h5>\n<hr>\n<p>&nbsp;<\/p>\n<h6>&nbsp;<\/h6>\n<h6>&nbsp;<\/h6>\n<p>&nbsp;<\/p>\n<h6>&nbsp;<\/h6>\n<h6><span style=\"color: #000000;\">&nbsp;<\/span>.<\/h6>\n<h6>&nbsp;<\/h6>\n<h6>&nbsp;<\/h6>\n<h6>&nbsp;<\/h6>\n","protected":false},"excerpt":{"rendered":"<p>&nbsp; &nbsp; &nbsp; &nbsp; &nbsp; &nbsp;&nbsp;&nbsp; &nbsp; &nbsp; &nbsp; &nbsp; &nbsp; &nbsp; &nbsp; &nbsp; &nbsp;&nbsp; Paramos l\u0117\u0161\u0173 ataskaita u\u017e 2025 m \u010cIA Paramos l\u0117\u0161\u0173 ataskaita u\u017e 2024 m \u010cIA&nbsp; Paramos l\u0117\u0161\u0173 ataskaita u\u017e 2023 m.&nbsp;\u010cIA&nbsp;&nbsp; &nbsp; &nbsp; &nbsp; &nbsp; &nbsp; &hellip; <a href=\"https:\/\/ringuvos-sm.siauliai.lm.lt\/?page_id=1501\">Continue reading <span class=\"meta-nav\">&rarr;<\/span><\/a><\/p>\n","protected":false},"author":2,"featured_media":0,"parent":0,"menu_order":0,"comment_status":"closed","ping_status":"closed","template":"","meta":{"ngg_post_thumbnail":0,"footnotes":""},"class_list":["post-1501","page","type-page","status-publish","hentry"],"_links":{"self":[{"href":"https:\/\/ringuvos-sm.siauliai.lm.lt\/index.php?rest_route=\/wp\/v2\/pages\/1501","targetHints":{"allow":["GET"]}}],"collection":[{"href":"https:\/\/ringuvos-sm.siauliai.lm.lt\/index.php?rest_route=\/wp\/v2\/pages"}],"about":[{"href":"https:\/\/ringuvos-sm.siauliai.lm.lt\/index.php?rest_route=\/wp\/v2\/types\/page"}],"author":[{"embeddable":true,"href":"https:\/\/ringuvos-sm.siauliai.lm.lt\/index.php?rest_route=\/wp\/v2\/users\/2"}],"replies":[{"embeddable":true,"href":"https:\/\/ringuvos-sm.siauliai.lm.lt\/index.php?rest_route=%2Fwp%2Fv2%2Fcomments&post=1501"}],"version-history":[{"count":49,"href":"https:\/\/ringuvos-sm.siauliai.lm.lt\/index.php?rest_route=\/wp\/v2\/pages\/1501\/revisions"}],"predecessor-version":[{"id":21286,"href":"https:\/\/ringuvos-sm.siauliai.lm.lt\/index.php?rest_route=\/wp\/v2\/pages\/1501\/revisions\/21286"}],"wp:attachment":[{"href":"https:\/\/ringuvos-sm.siauliai.lm.lt\/index.php?rest_route=%2Fwp%2Fv2%2Fmedia&parent=1501"}],"curies":[{"name":"wp","href":"https:\/\/api.w.org\/{rel}","templated":true}]}}