{"id":15386,"date":"2020-10-08T16:34:44","date_gmt":"2020-10-08T14:34:44","guid":{"rendered":"https:\/\/ringuvos-sm.siauliai.lm.lt\/?page_id=15386"},"modified":"2024-04-02T12:17:32","modified_gmt":"2024-04-02T10:17:32","slug":"mokykloje-teikiamos-paslaugos","status":"publish","type":"page","link":"https:\/\/ringuvos-sm.siauliai.lm.lt\/?page_id=15386","title":{"rendered":"Mokykloje teikiamos paslaugos"},"content":{"rendered":"<h5>&nbsp;<\/h5>\n<ul>\n<li>\n<h6><strong>&nbsp;<\/strong>Nemokamas \u0160iauli\u0173 mieste gyvenan\u010di\u0173 mokini\u0173 pav\u0117\u017e\u0117jimas mokyklos transportu kasdien \u012f mokykl\u0105 ir \u012f namus<\/h6>\n<\/li>\n<li>\n<h6>Nemokamas apgyvendinimas mokyklos bendrabutyje ir nemokamos maitinimo paslaugos i\u0161 \u0160iauli\u0173 regiono atvykstantiems mokiniams<\/h6>\n<\/li>\n<li>\n<h6>Mokini\u0173 u\u017eimtumas po pamok\u0173 veikian\u010diose pailgintos dienos grup\u0117se<\/h6>\n<\/li>\n<li>\n<h6>Mokini\u0173 u\u017eimtumas rudens, \u017eiemos, pavasario, prie\u017ei\u016bra vasaros atostog\u0173 metu<\/h6>\n<\/li>\n<li>\n<h6>&nbsp;Mokini\u0173 apr\u016bpinimas vadov\u0117liais, pratyb\u0173 s\u0105siuviniais<\/h6>\n<\/li>\n<li>\n<h6>Sporto sal\u0117s nuoma<\/h6>\n<\/li>\n<li>\n<h6>&nbsp;Mokini\u0173 maitinimo paslaugos<\/h6>\n<\/li>\n<\/ul>\n","protected":false},"excerpt":{"rendered":"<p>&nbsp; &nbsp;Nemokamas \u0160iauli\u0173 mieste gyvenan\u010di\u0173 mokini\u0173 pav\u0117\u017e\u0117jimas mokyklos transportu kasdien \u012f mokykl\u0105 ir \u012f namus Nemokamas apgyvendinimas mokyklos bendrabutyje ir nemokamos maitinimo paslaugos i\u0161 \u0160iauli\u0173 regiono atvykstantiems mokiniams Mokini\u0173 u\u017eimtumas po pamok\u0173 veikian\u010diose pailgintos dienos grup\u0117se Mokini\u0173 u\u017eimtumas rudens, \u017eiemos, &hellip; <a href=\"https:\/\/ringuvos-sm.siauliai.lm.lt\/?page_id=15386\">Continue reading <span class=\"meta-nav\">&rarr;<\/span><\/a><\/p>\n","protected":false},"author":2,"featured_media":0,"parent":0,"menu_order":0,"comment_status":"closed","ping_status":"closed","template":"","meta":{"ngg_post_thumbnail":0,"footnotes":""},"class_list":["post-15386","page","type-page","status-publish","hentry"],"_links":{"self":[{"href":"https:\/\/ringuvos-sm.siauliai.lm.lt\/index.php?rest_route=\/wp\/v2\/pages\/15386","targetHints":{"allow":["GET"]}}],"collection":[{"href":"https:\/\/ringuvos-sm.siauliai.lm.lt\/index.php?rest_route=\/wp\/v2\/pages"}],"about":[{"href":"https:\/\/ringuvos-sm.siauliai.lm.lt\/index.php?rest_route=\/wp\/v2\/types\/page"}],"author":[{"embeddable":true,"href":"https:\/\/ringuvos-sm.siauliai.lm.lt\/index.php?rest_route=\/wp\/v2\/users\/2"}],"replies":[{"embeddable":true,"href":"https:\/\/ringuvos-sm.siauliai.lm.lt\/index.php?rest_route=%2Fwp%2Fv2%2Fcomments&post=15386"}],"version-history":[{"count":5,"href":"https:\/\/ringuvos-sm.siauliai.lm.lt\/index.php?rest_route=\/wp\/v2\/pages\/15386\/revisions"}],"predecessor-version":[{"id":19877,"href":"https:\/\/ringuvos-sm.siauliai.lm.lt\/index.php?rest_route=\/wp\/v2\/pages\/15386\/revisions\/19877"}],"wp:attachment":[{"href":"https:\/\/ringuvos-sm.siauliai.lm.lt\/index.php?rest_route=%2Fwp%2Fv2%2Fmedia&parent=15386"}],"curies":[{"name":"wp","href":"https:\/\/api.w.org\/{rel}","templated":true}]}}