{"id":15584,"date":"2020-10-25T19:11:56","date_gmt":"2020-10-25T17:11:56","guid":{"rendered":"https:\/\/ringuvos-sm.siauliai.lm.lt\/?page_id=15584"},"modified":"2020-10-25T19:13:53","modified_gmt":"2020-10-25T17:13:53","slug":"2020-10-23-mokyklos-gimtadienio-renginiai","status":"publish","type":"page","link":"https:\/\/ringuvos-sm.siauliai.lm.lt\/?page_id=15584","title":{"rendered":"2020 10 23  Mokyklos gimtadienio renginiai"},"content":{"rendered":"\n<ul class=\"wp-block-gallery aligncenter columns-1 is-cropped wp-block-gallery-1 is-layout-flex wp-block-gallery-is-layout-flex\"><li class=\"blocks-gallery-item\"><figure><img loading=\"lazy\" decoding=\"async\" width=\"758\" height=\"431\" src=\"https:\/\/ringuvos-sm.siauliai.lm.lt\/wp-content\/uploads\/2020\/10\/1-2.png\" alt=\"\" data-id=\"15587\" data-link=\"https:\/\/ringuvos-sm.siauliai.lm.lt\/?attachment_id=15587\" class=\"wp-image-15587\" srcset=\"https:\/\/ringuvos-sm.siauliai.lm.lt\/wp-content\/uploads\/2020\/10\/1-2.png 758w, https:\/\/ringuvos-sm.siauliai.lm.lt\/wp-content\/uploads\/2020\/10\/1-2-300x171.png 300w, https:\/\/ringuvos-sm.siauliai.lm.lt\/wp-content\/uploads\/2020\/10\/1-2-500x284.png 500w\" sizes=\"auto, (max-width: 758px) 100vw, 758px\" \/><\/figure><\/li><li class=\"blocks-gallery-item\"><figure><img loading=\"lazy\" decoding=\"async\" width=\"800\" height=\"500\" src=\"https:\/\/ringuvos-sm.siauliai.lm.lt\/wp-content\/uploads\/2020\/10\/2-800x500.png\" alt=\"\" data-id=\"15588\" data-link=\"https:\/\/ringuvos-sm.siauliai.lm.lt\/?attachment_id=15588\" class=\"wp-image-15588\" srcset=\"https:\/\/ringuvos-sm.siauliai.lm.lt\/wp-content\/uploads\/2020\/10\/2-800x500.png 800w, https:\/\/ringuvos-sm.siauliai.lm.lt\/wp-content\/uploads\/2020\/10\/2-300x188.png 300w, https:\/\/ringuvos-sm.siauliai.lm.lt\/wp-content\/uploads\/2020\/10\/2-768x480.png 768w, https:\/\/ringuvos-sm.siauliai.lm.lt\/wp-content\/uploads\/2020\/10\/2-480x300.png 480w, https:\/\/ringuvos-sm.siauliai.lm.lt\/wp-content\/uploads\/2020\/10\/2.png 1680w\" sizes=\"auto, (max-width: 800px) 100vw, 800px\" \/><\/figure><\/li><li class=\"blocks-gallery-item\"><figure><img loading=\"lazy\" decoding=\"async\" width=\"800\" height=\"500\" src=\"https:\/\/ringuvos-sm.siauliai.lm.lt\/wp-content\/uploads\/2020\/10\/3-800x500.png\" alt=\"\" data-id=\"15589\" data-link=\"https:\/\/ringuvos-sm.siauliai.lm.lt\/?attachment_id=15589\" class=\"wp-image-15589\" srcset=\"https:\/\/ringuvos-sm.siauliai.lm.lt\/wp-content\/uploads\/2020\/10\/3-800x500.png 800w, https:\/\/ringuvos-sm.siauliai.lm.lt\/wp-content\/uploads\/2020\/10\/3-300x188.png 300w, https:\/\/ringuvos-sm.siauliai.lm.lt\/wp-content\/uploads\/2020\/10\/3-768x480.png 768w, https:\/\/ringuvos-sm.siauliai.lm.lt\/wp-content\/uploads\/2020\/10\/3-480x300.png 480w, https:\/\/ringuvos-sm.siauliai.lm.lt\/wp-content\/uploads\/2020\/10\/3.png 1680w\" sizes=\"auto, (max-width: 800px) 100vw, 800px\" \/><\/figure><\/li><li class=\"blocks-gallery-item\"><figure><img loading=\"lazy\" decoding=\"async\" width=\"800\" height=\"500\" src=\"https:\/\/ringuvos-sm.siauliai.lm.lt\/wp-content\/uploads\/2020\/10\/4-800x500.png\" alt=\"\" data-id=\"15590\" data-link=\"https:\/\/ringuvos-sm.siauliai.lm.lt\/?attachment_id=15590\" class=\"wp-image-15590\" srcset=\"https:\/\/ringuvos-sm.siauliai.lm.lt\/wp-content\/uploads\/2020\/10\/4-800x500.png 800w, https:\/\/ringuvos-sm.siauliai.lm.lt\/wp-content\/uploads\/2020\/10\/4-300x188.png 300w, https:\/\/ringuvos-sm.siauliai.lm.lt\/wp-content\/uploads\/2020\/10\/4-768x480.png 768w, https:\/\/ringuvos-sm.siauliai.lm.lt\/wp-content\/uploads\/2020\/10\/4-480x300.png 480w, https:\/\/ringuvos-sm.siauliai.lm.lt\/wp-content\/uploads\/2020\/10\/4.png 1680w\" sizes=\"auto, (max-width: 800px) 100vw, 800px\" \/><\/figure><\/li><li class=\"blocks-gallery-item\"><figure><img loading=\"lazy\" decoding=\"async\" width=\"800\" height=\"500\" src=\"https:\/\/ringuvos-sm.siauliai.lm.lt\/wp-content\/uploads\/2020\/10\/5-800x500.png\" alt=\"\" data-id=\"15591\" data-link=\"https:\/\/ringuvos-sm.siauliai.lm.lt\/?attachment_id=15591\" class=\"wp-image-15591\" srcset=\"https:\/\/ringuvos-sm.siauliai.lm.lt\/wp-content\/uploads\/2020\/10\/5-800x500.png 800w, https:\/\/ringuvos-sm.siauliai.lm.lt\/wp-content\/uploads\/2020\/10\/5-300x188.png 300w, https:\/\/ringuvos-sm.siauliai.lm.lt\/wp-content\/uploads\/2020\/10\/5-768x480.png 768w, https:\/\/ringuvos-sm.siauliai.lm.lt\/wp-content\/uploads\/2020\/10\/5-480x300.png 480w, https:\/\/ringuvos-sm.siauliai.lm.lt\/wp-content\/uploads\/2020\/10\/5.png 1680w\" sizes=\"auto, (max-width: 800px) 100vw, 800px\" \/><\/figure><\/li><li class=\"blocks-gallery-item\"><figure><img loading=\"lazy\" decoding=\"async\" width=\"800\" height=\"450\" src=\"https:\/\/ringuvos-sm.siauliai.lm.lt\/wp-content\/uploads\/2020\/10\/kit\u0173-mokytoj\u0173-foto-kolia\u017eas-800x450.jpg\" alt=\"\" data-id=\"15592\" data-link=\"https:\/\/ringuvos-sm.siauliai.lm.lt\/?attachment_id=15592\" class=\"wp-image-15592\" srcset=\"https:\/\/ringuvos-sm.siauliai.lm.lt\/wp-content\/uploads\/2020\/10\/kit\u0173-mokytoj\u0173-foto-kolia\u017eas-800x450.jpg 800w, https:\/\/ringuvos-sm.siauliai.lm.lt\/wp-content\/uploads\/2020\/10\/kit\u0173-mokytoj\u0173-foto-kolia\u017eas-300x169.jpg 300w, https:\/\/ringuvos-sm.siauliai.lm.lt\/wp-content\/uploads\/2020\/10\/kit\u0173-mokytoj\u0173-foto-kolia\u017eas-768x432.jpg 768w, https:\/\/ringuvos-sm.siauliai.lm.lt\/wp-content\/uploads\/2020\/10\/kit\u0173-mokytoj\u0173-foto-kolia\u017eas-500x281.jpg 500w\" sizes=\"auto, (max-width: 800px) 100vw, 800px\" \/><\/figure><\/li><li class=\"blocks-gallery-item\"><figure><img loading=\"lazy\" decoding=\"async\" width=\"800\" height=\"450\" src=\"https:\/\/ringuvos-sm.siauliai.lm.lt\/wp-content\/uploads\/2020\/10\/Gitelos-foto-kolia\u017eas-800x450.jpg\" alt=\"\" data-id=\"15593\" data-link=\"https:\/\/ringuvos-sm.siauliai.lm.lt\/?attachment_id=15593\" class=\"wp-image-15593\" srcset=\"https:\/\/ringuvos-sm.siauliai.lm.lt\/wp-content\/uploads\/2020\/10\/Gitelos-foto-kolia\u017eas-800x450.jpg 800w, https:\/\/ringuvos-sm.siauliai.lm.lt\/wp-content\/uploads\/2020\/10\/Gitelos-foto-kolia\u017eas-300x169.jpg 300w, https:\/\/ringuvos-sm.siauliai.lm.lt\/wp-content\/uploads\/2020\/10\/Gitelos-foto-kolia\u017eas-768x432.jpg 768w, https:\/\/ringuvos-sm.siauliai.lm.lt\/wp-content\/uploads\/2020\/10\/Gitelos-foto-kolia\u017eas-500x281.jpg 500w\" sizes=\"auto, (max-width: 800px) 100vw, 800px\" \/><\/figure><\/li><\/ul>\n","protected":false},"excerpt":{"rendered":"","protected":false},"author":2,"featured_media":0,"parent":0,"menu_order":0,"comment_status":"closed","ping_status":"closed","template":"","meta":{"ngg_post_thumbnail":0,"footnotes":""},"class_list":["post-15584","page","type-page","status-publish","hentry"],"_links":{"self":[{"href":"https:\/\/ringuvos-sm.siauliai.lm.lt\/index.php?rest_route=\/wp\/v2\/pages\/15584","targetHints":{"allow":["GET"]}}],"collection":[{"href":"https:\/\/ringuvos-sm.siauliai.lm.lt\/index.php?rest_route=\/wp\/v2\/pages"}],"about":[{"href":"https:\/\/ringuvos-sm.siauliai.lm.lt\/index.php?rest_route=\/wp\/v2\/types\/page"}],"author":[{"embeddable":true,"href":"https:\/\/ringuvos-sm.siauliai.lm.lt\/index.php?rest_route=\/wp\/v2\/users\/2"}],"replies":[{"embeddable":true,"href":"https:\/\/ringuvos-sm.siauliai.lm.lt\/index.php?rest_route=%2Fwp%2Fv2%2Fcomments&post=15584"}],"version-history":[{"count":2,"href":"https:\/\/ringuvos-sm.siauliai.lm.lt\/index.php?rest_route=\/wp\/v2\/pages\/15584\/revisions"}],"predecessor-version":[{"id":15594,"href":"https:\/\/ringuvos-sm.siauliai.lm.lt\/index.php?rest_route=\/wp\/v2\/pages\/15584\/revisions\/15594"}],"wp:attachment":[{"href":"https:\/\/ringuvos-sm.siauliai.lm.lt\/index.php?rest_route=%2Fwp%2Fv2%2Fmedia&parent=15584"}],"curies":[{"name":"wp","href":"https:\/\/api.w.org\/{rel}","templated":true}]}}