{"id":1605,"date":"2013-04-08T14:52:27","date_gmt":"2013-04-08T12:52:27","guid":{"rendered":"https:\/\/ringuvos-sm.siauliai.lm.lt\/?page_id=1605"},"modified":"2026-04-01T13:40:30","modified_gmt":"2026-04-01T11:40:30","slug":"klasiu-vadovai-2","status":"publish","type":"page","link":"https:\/\/ringuvos-sm.siauliai.lm.lt\/?page_id=1605","title":{"rendered":"Komisijos ir darbo grup\u0117s"},"content":{"rendered":"<h5>&nbsp;<\/h5>\n<h5><img loading=\"lazy\" decoding=\"async\" class=\"size-full wp-image-20954 alignleft\" src=\"https:\/\/ringuvos-sm.siauliai.lm.lt\/wp-content\/uploads\/2025\/10\/mokyklos_logotipai-04-paryskinta-2-1-1.png\" alt=\"\" width=\"275\" height=\"119\"><\/h5>\n<h5>&nbsp;<\/h5>\n<h5>&nbsp;<\/h5>\n<h5>&nbsp;<\/h5>\n<h6><span style=\"color: #000000;\">Vadov\u0117 \u2013 Lijana Giedraitien\u0117, direktor\u0117<\/span><\/h6>\n<h6><span style=\"color: #000000;\">Nar\u0117 \u2013 Salvinija \u017dukien\u0117, mokytoja, direktoriaus pavaduotoja<\/span><\/h6>\n<h6><span style=\"color: #000000;\">Nar\u0117 \u2013&nbsp; Roma Rimkevi\u010dien\u0117, mokytoja, direktoriaus pavaduotoja, karjeros specialist\u0117<\/span><\/h6>\n<h6><span style=\"color: #000000;\">Nar\u0117&nbsp; \u2013&nbsp; Rita Griciuvien\u0117, mokytoja<\/span><\/h6>\n<h6><span style=\"color: #000000;\">Nar\u0117 \u2013&nbsp; Vaida Ma\u010di\u016bn\u0117, mokytoja<\/span><\/h6>\n<h6><span style=\"color: #000000;\">Nar\u0117 \u2013&nbsp; Daiva Laurutien\u0117, mokytoja<\/span><\/h6>\n<h6><span style=\"color: #000000;\">Nar\u0117 \u2013 Vaida Linkuvien\u0117, mokytoja<\/span><\/h6>\n<h6><span style=\"color: #000000;\">Nar\u0117 \u2013 Reda Mik\u0161ien\u0117, mokytoja<\/span><\/h6>\n<h6><span style=\"color: #000000;\">Nar\u0117 \u2013 Rita \u0160imon\u0117lien\u0117, mokytoja<\/span><\/h6>\n<h6><span style=\"color: #000000;\">Nar\u0117 &#8211; Kornelija Gindulyt\u0117, mokytoja<\/span><\/h6>\n<h5><img loading=\"lazy\" decoding=\"async\" class=\"wp-image-17628 alignnone\" src=\"https:\/\/ringuvos-sm.siauliai.lm.lt\/wp-content\/uploads\/2021\/09\/mokyklos_logotipai-02-paryskinta-2.png\" alt=\"\" width=\"282\" height=\"127\" srcset=\"https:\/\/ringuvos-sm.siauliai.lm.lt\/wp-content\/uploads\/2021\/09\/mokyklos_logotipai-02-paryskinta-2.png 450w, https:\/\/ringuvos-sm.siauliai.lm.lt\/wp-content\/uploads\/2021\/09\/mokyklos_logotipai-02-paryskinta-2-300x135.png 300w\" sizes=\"auto, (max-width: 282px) 100vw, 282px\" \/><\/h5>\n<h6><span style=\"color: #000000;\">Vadov\u0117 \u2013 Rita Griciuvien\u0117,&nbsp; mokytoja<\/span><\/h6>\n<h6><span style=\"color: #000000;\">Nar\u0117 \u2013 Simona \u0160ambarien\u0117, logoped\u0117<\/span><\/h6>\n<h6><span style=\"color: #000000;\">Nar\u0117 \u2013 Alma Nemanien\u0117,&nbsp; aukl\u0117toja<\/span><\/h6>\n<h6><span style=\"color: #000000;\">Nar\u0117 \u2013 Jurgita Kazi\u016bnien\u0117, socialin\u0117 pedagog\u0117<\/span><\/h6>\n<h6><span style=\"color: #000000;\">Nar\u0117 \u2013&nbsp; Roma Rimkevi\u010dien\u0117, karjeros specialist\u0117<\/span><\/h6>\n<p><img loading=\"lazy\" decoding=\"async\" class=\"alignleft  wp-image-17634\" src=\"https:\/\/ringuvos-sm.siauliai.lm.lt\/wp-content\/uploads\/2021\/09\/mokyklos_logotipai-05-paryskinta-1.png\" alt=\"\" width=\"277\" height=\"112\" srcset=\"https:\/\/ringuvos-sm.siauliai.lm.lt\/wp-content\/uploads\/2021\/09\/mokyklos_logotipai-05-paryskinta-1.png 450w, https:\/\/ringuvos-sm.siauliai.lm.lt\/wp-content\/uploads\/2021\/09\/mokyklos_logotipai-05-paryskinta-1-300x121.png 300w\" sizes=\"auto, (max-width: 277px) 100vw, 277px\" \/><\/p>\n<h6>&nbsp;<\/h6>\n<h6>&nbsp;<\/h6>\n<h6>&nbsp;<\/h6>\n<h6><span style=\"color: #000000;\">Vadov\u0117 \u2013 Vaida Ma\u010di\u016bn\u0117,&nbsp; mokytoja<\/span><\/h6>\n<h6><span style=\"color: #000000;\">Nar\u0117 \u2013 Lijana Pigulevi\u010dien\u0117, mokytoja<\/span><\/h6>\n<h6><span style=\"color: #000000;\">Nar\u0117 \u2013 Vilma Burbien\u0117, mokytoja<\/span><\/h6>\n<h6><span style=\"color: #000000;\">Nar\u0117 \u2013&nbsp; Gitela Andrijauskien\u0117, mokytoja<\/span><\/h6>\n<h6><img loading=\"lazy\" decoding=\"async\" class=\"size-full wp-image-20943 alignleft\" src=\"https:\/\/ringuvos-sm.siauliai.lm.lt\/wp-content\/uploads\/2025\/10\/mokyklos_logotipai-04-paryskinta-2-1.png\" alt=\"\" width=\"275\" height=\"119\"><\/h6>\n<h6>&nbsp;<\/h6>\n<h6>&nbsp;<\/h6>\n<h6>&nbsp;<\/h6>\n<h6><span style=\"color: #000000;\">Vadov\u0117 \u2013 Daiva Laurutien\u0117, mokytoja<\/span><\/h6>\n<h6><span style=\"color: #000000;\">Nar\u0117 \u2013 Kristina Sankauskien\u0117,&nbsp; mokytoja<\/span><\/h6>\n<h6><span style=\"color: #000000;\">Nar\u0117 \u2013 Raimonda Vaitiek\u016bnait\u0117-, mokytoja<\/span><\/h6>\n<h6><span style=\"color: #000000;\">Nar\u0117 \u2013&nbsp; Valentina Urbutien\u0117,&nbsp; aukl\u0117toja<\/span><\/h6>\n<h6><img loading=\"lazy\" decoding=\"async\" class=\"alignleft  wp-image-17625\" src=\"https:\/\/ringuvos-sm.siauliai.lm.lt\/wp-content\/uploads\/2021\/09\/mokyklos_logotipai-04-paryskinta-1.png\" alt=\"\" width=\"268\" height=\"117\" srcset=\"https:\/\/ringuvos-sm.siauliai.lm.lt\/wp-content\/uploads\/2021\/09\/mokyklos_logotipai-04-paryskinta-1.png 651w, https:\/\/ringuvos-sm.siauliai.lm.lt\/wp-content\/uploads\/2021\/09\/mokyklos_logotipai-04-paryskinta-1-300x130.png 300w, https:\/\/ringuvos-sm.siauliai.lm.lt\/wp-content\/uploads\/2021\/09\/mokyklos_logotipai-04-paryskinta-1-500x217.png 500w\" sizes=\"auto, (max-width: 268px) 100vw, 268px\" \/><\/h6>\n<h6>&nbsp;<\/h6>\n<h6>&nbsp;<\/h6>\n<h6>&nbsp;<\/h6>\n<h6><span style=\"color: #000000;\">Vadov\u0117 \u2013<\/span><span style=\"color: #000000;\">&nbsp;Vaida Linkuvien\u0117, mokytoja<\/span><\/h6>\n<h6><span style=\"color: #000000;\">Nar\u0117 \u2013 Kornelija Gindulyt\u0117, mokytoja<\/span><\/h6>\n<h6><span style=\"color: #000000;\">Nar\u0117 \u2013 Silva Jaugien\u0117, aukl\u0117toja<\/span><\/h6>\n<h6><span style=\"color: #000000;\">Narys \u2013&nbsp; Benas Keinys, mokytojas<\/span><\/h6>\n<h6><span style=\"color: #000000;\">Nar\u0117 \u2013 Renata Bru\u017eien\u0117, mokytoja<\/span><\/h6>\n<h6><img loading=\"lazy\" decoding=\"async\" class=\"alignleft  wp-image-18476\" src=\"https:\/\/ringuvos-sm.siauliai.lm.lt\/wp-content\/uploads\/2022\/09\/mokyklos_logotipai-06-\u2013-kopija.png\" alt=\"\" width=\"274\" height=\"121\" srcset=\"https:\/\/ringuvos-sm.siauliai.lm.lt\/wp-content\/uploads\/2022\/09\/mokyklos_logotipai-06-\u2013-kopija.png 663w, https:\/\/ringuvos-sm.siauliai.lm.lt\/wp-content\/uploads\/2022\/09\/mokyklos_logotipai-06-\u2013-kopija-300x133.png 300w, https:\/\/ringuvos-sm.siauliai.lm.lt\/wp-content\/uploads\/2022\/09\/mokyklos_logotipai-06-\u2013-kopija-500x221.png 500w\" sizes=\"auto, (max-width: 274px) 100vw, 274px\" \/><\/h6>\n<h6>&nbsp;<\/h6>\n<p>&nbsp;<\/p>\n<h6>&nbsp;<\/h6>\n<h6><span style=\"color: #000000;\">Vadov\u0117 \u2013 <\/span><span style=\"color: #000000;\">Reda Mik\u0161ien\u0117,&nbsp;<\/span><span style=\"color: #000000;\">,&nbsp; mokytoja<\/span><\/h6>\n<h6><span style=\"color: #000000;\">Nar\u0117 \u2013 Laima Kul\u0161yt\u0117, mokytoja&nbsp;<\/span><\/h6>\n<h6><span style=\"color: #000000;\">Nar\u0117 \u2013 Vilma Navickien\u0117, aukl\u0117toja<\/span><\/h6>\n<h6><span style=\"color: #000000;\">Nar\u0117 \u2013 Irina Tuzova, aukl\u0117toja<\/span><\/h6>\n<h6><span style=\"color: #000000;\">&nbsp;<\/span><img loading=\"lazy\" decoding=\"async\" class=\"alignleft  wp-image-17635\" src=\"https:\/\/ringuvos-sm.siauliai.lm.lt\/wp-content\/uploads\/2021\/09\/mokyklos_logotipai-07-paryskinta-1.png\" alt=\"\" width=\"274\" height=\"112\" srcset=\"https:\/\/ringuvos-sm.siauliai.lm.lt\/wp-content\/uploads\/2021\/09\/mokyklos_logotipai-07-paryskinta-1.png 450w, https:\/\/ringuvos-sm.siauliai.lm.lt\/wp-content\/uploads\/2021\/09\/mokyklos_logotipai-07-paryskinta-1-300x123.png 300w\" sizes=\"auto, (max-width: 274px) 100vw, 274px\" \/><\/h6>\n<h6>&nbsp;<\/h6>\n<h6>&nbsp;<\/h6>\n<h6><span style=\"color: #000000;\">Vadov\u0117 \u2013 Rita \u0160imon\u0117lien\u0117, mokytoja<\/span><\/h6>\n<h6><span style=\"color: #000000;\">Nar\u0117 \u2013 Edita Pulkien\u0117, mokytoja<\/span><\/h6>\n<h6><span style=\"color: #000000;\">Nar\u0117 \u2013 Nijol\u0117 Nemeik\u0161ien\u0117, aukl\u0117toja , mokytoja<\/span><\/h6>\n<h6><span style=\"color: #000000;\">Nar\u0117 \u2013 Sandra Ivanauskait\u0117, mokytoja<\/span><\/h6>\n\n\n<p><\/p>\n","protected":false},"excerpt":{"rendered":"<p>&nbsp; &nbsp; &nbsp; &nbsp; Vadov\u0117 \u2013 Lijana Giedraitien\u0117, direktor\u0117 Nar\u0117 \u2013 Salvinija \u017dukien\u0117, mokytoja, direktoriaus pavaduotoja Nar\u0117 \u2013&nbsp; Roma Rimkevi\u010dien\u0117, mokytoja, direktoriaus pavaduotoja, karjeros specialist\u0117 Nar\u0117&nbsp; \u2013&nbsp; Rita Griciuvien\u0117, mokytoja Nar\u0117 \u2013&nbsp; Vaida Ma\u010di\u016bn\u0117, mokytoja Nar\u0117 \u2013&nbsp; Daiva Laurutien\u0117, mokytoja &hellip; <a href=\"https:\/\/ringuvos-sm.siauliai.lm.lt\/?page_id=1605\">Continue reading <span class=\"meta-nav\">&rarr;<\/span><\/a><\/p>\n","protected":false},"author":2,"featured_media":0,"parent":0,"menu_order":0,"comment_status":"closed","ping_status":"closed","template":"","meta":{"ngg_post_thumbnail":0,"footnotes":""},"class_list":["post-1605","page","type-page","status-publish","hentry"],"_links":{"self":[{"href":"https:\/\/ringuvos-sm.siauliai.lm.lt\/index.php?rest_route=\/wp\/v2\/pages\/1605","targetHints":{"allow":["GET"]}}],"collection":[{"href":"https:\/\/ringuvos-sm.siauliai.lm.lt\/index.php?rest_route=\/wp\/v2\/pages"}],"about":[{"href":"https:\/\/ringuvos-sm.siauliai.lm.lt\/index.php?rest_route=\/wp\/v2\/types\/page"}],"author":[{"embeddable":true,"href":"https:\/\/ringuvos-sm.siauliai.lm.lt\/index.php?rest_route=\/wp\/v2\/users\/2"}],"replies":[{"embeddable":true,"href":"https:\/\/ringuvos-sm.siauliai.lm.lt\/index.php?rest_route=%2Fwp%2Fv2%2Fcomments&post=1605"}],"version-history":[{"count":64,"href":"https:\/\/ringuvos-sm.siauliai.lm.lt\/index.php?rest_route=\/wp\/v2\/pages\/1605\/revisions"}],"predecessor-version":[{"id":21406,"href":"https:\/\/ringuvos-sm.siauliai.lm.lt\/index.php?rest_route=\/wp\/v2\/pages\/1605\/revisions\/21406"}],"wp:attachment":[{"href":"https:\/\/ringuvos-sm.siauliai.lm.lt\/index.php?rest_route=%2Fwp%2Fv2%2Fmedia&parent=1605"}],"curies":[{"name":"wp","href":"https:\/\/api.w.org\/{rel}","templated":true}]}}