{"id":16638,"date":"2021-01-10T20:21:56","date_gmt":"2021-01-10T18:21:56","guid":{"rendered":"https:\/\/ringuvos-sm.siauliai.lm.lt\/?page_id=16638"},"modified":"2021-01-10T20:24:32","modified_gmt":"2021-01-10T18:24:32","slug":"mokymo-metodu-taikymas-kuno-kulturos-pamokose-ugdant-vaikus-turincius-dideliu-ir-labai-dideliu-specialiuju-ugdymosi-poreikiu","status":"publish","type":"page","link":"https:\/\/ringuvos-sm.siauliai.lm.lt\/?page_id=16638","title":{"rendered":",, Mokymo metod\u0173 taikymas k\u016bno kult\u016bros pamokose ugdant vaikus, turin\u010dius dideli\u0173 ir labai dideli\u0173 speciali\u0173j\u0173 ugdymosi poreiki\u0173\u2018\u2018"},"content":{"rendered":"\n<p class=\"has-black-color has-text-color has-small-font-size\">           <\/p>\n\n\n\n<figure class=\"wp-block-image size-large\"><img loading=\"lazy\" decoding=\"async\" width=\"314\" height=\"82\" src=\"https:\/\/ringuvos-sm.siauliai.lm.lt\/wp-content\/uploads\/2021\/01\/Nordplus_Junior.jpg\" alt=\"\" class=\"wp-image-16605\" srcset=\"https:\/\/ringuvos-sm.siauliai.lm.lt\/wp-content\/uploads\/2021\/01\/Nordplus_Junior.jpg 314w, https:\/\/ringuvos-sm.siauliai.lm.lt\/wp-content\/uploads\/2021\/01\/Nordplus_Junior-300x78.jpg 300w\" sizes=\"auto, (max-width: 314px) 100vw, 314px\" \/><\/figure>\n\n\n\n<p class=\"has-black-color has-text-color has-small-font-size\">     2020m. gruod\u017eio 12d. vyko tarptautinis projekto partneri\u0173 susitikimas Teams platformoje, angl\u0173 kalba. \u0160iauli\u0173 \u201eRinguvos\u201c mokykl\u0105 pristat\u0117 Daiva Laurutien\u0117. Gitelos Andrijauskien\u0117s pateiktis \u201eFizinio aktyvumo galimyb\u0117s vaikams, turintiems dideli\u0173 ir labai dideli\u0173 speciali\u0173j\u0173 ugdymosi poreiki\u0173\u201c pristat\u0117 Kristina Sankauskien\u0117.<\/p>\n","protected":false},"excerpt":{"rendered":"<p>2020m. gruod\u017eio 12d. vyko tarptautinis projekto partneri\u0173 susitikimas Teams platformoje, angl\u0173 kalba. \u0160iauli\u0173 \u201eRinguvos\u201c mokykl\u0105 pristat\u0117 Daiva Laurutien\u0117. Gitelos Andrijauskien\u0117s pateiktis \u201eFizinio aktyvumo galimyb\u0117s vaikams, turintiems dideli\u0173 ir labai dideli\u0173 speciali\u0173j\u0173 ugdymosi poreiki\u0173\u201c pristat\u0117 Kristina Sankauskien\u0117.<\/p>\n","protected":false},"author":2,"featured_media":0,"parent":0,"menu_order":0,"comment_status":"closed","ping_status":"closed","template":"","meta":{"ngg_post_thumbnail":0,"footnotes":""},"class_list":["post-16638","page","type-page","status-publish","hentry"],"_links":{"self":[{"href":"https:\/\/ringuvos-sm.siauliai.lm.lt\/index.php?rest_route=\/wp\/v2\/pages\/16638","targetHints":{"allow":["GET"]}}],"collection":[{"href":"https:\/\/ringuvos-sm.siauliai.lm.lt\/index.php?rest_route=\/wp\/v2\/pages"}],"about":[{"href":"https:\/\/ringuvos-sm.siauliai.lm.lt\/index.php?rest_route=\/wp\/v2\/types\/page"}],"author":[{"embeddable":true,"href":"https:\/\/ringuvos-sm.siauliai.lm.lt\/index.php?rest_route=\/wp\/v2\/users\/2"}],"replies":[{"embeddable":true,"href":"https:\/\/ringuvos-sm.siauliai.lm.lt\/index.php?rest_route=%2Fwp%2Fv2%2Fcomments&post=16638"}],"version-history":[{"count":2,"href":"https:\/\/ringuvos-sm.siauliai.lm.lt\/index.php?rest_route=\/wp\/v2\/pages\/16638\/revisions"}],"predecessor-version":[{"id":16641,"href":"https:\/\/ringuvos-sm.siauliai.lm.lt\/index.php?rest_route=\/wp\/v2\/pages\/16638\/revisions\/16641"}],"wp:attachment":[{"href":"https:\/\/ringuvos-sm.siauliai.lm.lt\/index.php?rest_route=%2Fwp%2Fv2%2Fmedia&parent=16638"}],"curies":[{"name":"wp","href":"https:\/\/api.w.org\/{rel}","templated":true}]}}