{"id":16642,"date":"2021-01-10T20:28:37","date_gmt":"2021-01-10T18:28:37","guid":{"rendered":"https:\/\/ringuvos-sm.siauliai.lm.lt\/?page_id=16642"},"modified":"2021-11-08T20:53:25","modified_gmt":"2021-11-08T18:53:25","slug":"as-aktyvus","status":"publish","type":"page","link":"https:\/\/ringuvos-sm.siauliai.lm.lt\/?page_id=16642","title":{"rendered":"\u201eA\u0161 aktyvus\u201c"},"content":{"rendered":"\n<figure class=\"wp-block-image size-large\"><img loading=\"lazy\" decoding=\"async\" width=\"314\" height=\"172\" src=\"https:\/\/ringuvos-sm.siauliai.lm.lt\/wp-content\/uploads\/2021\/01\/SRF-logo_su-sukiu-RGB_pagrindinis-01.png\" alt=\"\" class=\"wp-image-16607\" srcset=\"https:\/\/ringuvos-sm.siauliai.lm.lt\/wp-content\/uploads\/2021\/01\/SRF-logo_su-sukiu-RGB_pagrindinis-01.png 314w, https:\/\/ringuvos-sm.siauliai.lm.lt\/wp-content\/uploads\/2021\/01\/SRF-logo_su-sukiu-RGB_pagrindinis-01-300x164.png 300w\" sizes=\"auto, (max-width: 314px) 100vw, 314px\" \/><\/figure>\n\n\n\n<p class=\"has-black-color has-text-color has-normal-font-size\">      <\/p>\n\n\n\n<p><\/p>\n\n\n\n<p><\/p>\n\n\n<h6>&nbsp;<\/h6>\n<h6>&nbsp;&nbsp; &nbsp; 2021 m. spalio 6 d. vyko Tarpklasin\u0117s baud\u0173 metimo var\u017eybos. Dalyvavo 12 mokini\u0173. Jie i\u0161band\u0117 rankos taiklum\u0105 prie nauj\u0173 krep\u0161inio stov\u0173.&nbsp;<\/h6>\n<h6>&nbsp; &nbsp;Fizini\u0173 veikl\u0173 metu dalyviai pasipuo\u0161\u0117 naujais sporto mar\u0161kin\u0117liais bei kepurait\u0117mis. Nugal\u0117tojai buvo apdovanoti medaliais ir taur\u0117mis. Prek\u0117s \u012fsigytos i\u0161 projekto l\u0117\u0161\u0173.<\/h6>\n<p><img loading=\"lazy\" decoding=\"async\" class=\"alignleft  wp-image-17759\" src=\"https:\/\/ringuvos-sm.siauliai.lm.lt\/wp-content\/uploads\/2021\/11\/253326172_402017248083794_802701078451114170_n.jpg\" alt=\"\" width=\"457\" height=\"343\" srcset=\"https:\/\/ringuvos-sm.siauliai.lm.lt\/wp-content\/uploads\/2021\/11\/253326172_402017248083794_802701078451114170_n.jpg 960w, https:\/\/ringuvos-sm.siauliai.lm.lt\/wp-content\/uploads\/2021\/11\/253326172_402017248083794_802701078451114170_n-300x225.jpg 300w, https:\/\/ringuvos-sm.siauliai.lm.lt\/wp-content\/uploads\/2021\/11\/253326172_402017248083794_802701078451114170_n-800x600.jpg 800w, https:\/\/ringuvos-sm.siauliai.lm.lt\/wp-content\/uploads\/2021\/11\/253326172_402017248083794_802701078451114170_n-768x576.jpg 768w, https:\/\/ringuvos-sm.siauliai.lm.lt\/wp-content\/uploads\/2021\/11\/253326172_402017248083794_802701078451114170_n-400x300.jpg 400w\" sizes=\"auto, (max-width: 457px) 100vw, 457px\" \/> <img loading=\"lazy\" decoding=\"async\" class=\"alignleft  wp-image-17760\" src=\"https:\/\/ringuvos-sm.siauliai.lm.lt\/wp-content\/uploads\/2021\/11\/252188011_3099507137036885_6451219473035240800_n.jpg\" alt=\"\" width=\"467\" height=\"350\" srcset=\"https:\/\/ringuvos-sm.siauliai.lm.lt\/wp-content\/uploads\/2021\/11\/252188011_3099507137036885_6451219473035240800_n.jpg 960w, https:\/\/ringuvos-sm.siauliai.lm.lt\/wp-content\/uploads\/2021\/11\/252188011_3099507137036885_6451219473035240800_n-300x225.jpg 300w, https:\/\/ringuvos-sm.siauliai.lm.lt\/wp-content\/uploads\/2021\/11\/252188011_3099507137036885_6451219473035240800_n-800x600.jpg 800w, https:\/\/ringuvos-sm.siauliai.lm.lt\/wp-content\/uploads\/2021\/11\/252188011_3099507137036885_6451219473035240800_n-768x576.jpg 768w, https:\/\/ringuvos-sm.siauliai.lm.lt\/wp-content\/uploads\/2021\/11\/252188011_3099507137036885_6451219473035240800_n-400x300.jpg 400w\" sizes=\"auto, (max-width: 467px) 100vw, 467px\" \/> <img loading=\"lazy\" decoding=\"async\" class=\"alignleft  wp-image-17761\" src=\"https:\/\/ringuvos-sm.siauliai.lm.lt\/wp-content\/uploads\/2021\/11\/252324300_2622970654503878_8426414097725980748_n.jpg\" alt=\"\" width=\"493\" height=\"370\" srcset=\"https:\/\/ringuvos-sm.siauliai.lm.lt\/wp-content\/uploads\/2021\/11\/252324300_2622970654503878_8426414097725980748_n.jpg 960w, https:\/\/ringuvos-sm.siauliai.lm.lt\/wp-content\/uploads\/2021\/11\/252324300_2622970654503878_8426414097725980748_n-300x225.jpg 300w, https:\/\/ringuvos-sm.siauliai.lm.lt\/wp-content\/uploads\/2021\/11\/252324300_2622970654503878_8426414097725980748_n-800x600.jpg 800w, https:\/\/ringuvos-sm.siauliai.lm.lt\/wp-content\/uploads\/2021\/11\/252324300_2622970654503878_8426414097725980748_n-768x576.jpg 768w, https:\/\/ringuvos-sm.siauliai.lm.lt\/wp-content\/uploads\/2021\/11\/252324300_2622970654503878_8426414097725980748_n-400x300.jpg 400w\" sizes=\"auto, (max-width: 493px) 100vw, 493px\" \/> <img loading=\"lazy\" decoding=\"async\" class=\"alignleft  wp-image-17762\" src=\"https:\/\/ringuvos-sm.siauliai.lm.lt\/wp-content\/uploads\/2021\/11\/252362839_1336226500167017_4815118714530572201_n.jpg\" alt=\"\" width=\"491\" height=\"368\" srcset=\"https:\/\/ringuvos-sm.siauliai.lm.lt\/wp-content\/uploads\/2021\/11\/252362839_1336226500167017_4815118714530572201_n.jpg 960w, https:\/\/ringuvos-sm.siauliai.lm.lt\/wp-content\/uploads\/2021\/11\/252362839_1336226500167017_4815118714530572201_n-300x225.jpg 300w, https:\/\/ringuvos-sm.siauliai.lm.lt\/wp-content\/uploads\/2021\/11\/252362839_1336226500167017_4815118714530572201_n-800x600.jpg 800w, https:\/\/ringuvos-sm.siauliai.lm.lt\/wp-content\/uploads\/2021\/11\/252362839_1336226500167017_4815118714530572201_n-768x576.jpg 768w, https:\/\/ringuvos-sm.siauliai.lm.lt\/wp-content\/uploads\/2021\/11\/252362839_1336226500167017_4815118714530572201_n-400x300.jpg 400w\" sizes=\"auto, (max-width: 491px) 100vw, 491px\" \/> <img loading=\"lazy\" decoding=\"async\" class=\"alignleft  wp-image-17763\" src=\"https:\/\/ringuvos-sm.siauliai.lm.lt\/wp-content\/uploads\/2021\/11\/252605492_415942806805003_3655777372465412679_n.jpg\" alt=\"\" width=\"479\" height=\"359\" srcset=\"https:\/\/ringuvos-sm.siauliai.lm.lt\/wp-content\/uploads\/2021\/11\/252605492_415942806805003_3655777372465412679_n.jpg 960w, https:\/\/ringuvos-sm.siauliai.lm.lt\/wp-content\/uploads\/2021\/11\/252605492_415942806805003_3655777372465412679_n-300x225.jpg 300w, https:\/\/ringuvos-sm.siauliai.lm.lt\/wp-content\/uploads\/2021\/11\/252605492_415942806805003_3655777372465412679_n-800x600.jpg 800w, https:\/\/ringuvos-sm.siauliai.lm.lt\/wp-content\/uploads\/2021\/11\/252605492_415942806805003_3655777372465412679_n-768x576.jpg 768w, https:\/\/ringuvos-sm.siauliai.lm.lt\/wp-content\/uploads\/2021\/11\/252605492_415942806805003_3655777372465412679_n-400x300.jpg 400w\" sizes=\"auto, (max-width: 479px) 100vw, 479px\" \/><\/p>\n<p>&nbsp;<\/p>\n<p>&nbsp;<\/p>\n<p>&nbsp;<\/p>\n<p>&nbsp;<\/p>\n<hr>\n<h6>&nbsp; &nbsp; &nbsp;<span style=\"color: #000000;\">&nbsp; &nbsp; <\/span><\/h6>\n<h6>&nbsp;<\/h6>\n<h6>&nbsp;<\/h6>\n<h6><span style=\"color: #000000;\">&nbsp;<\/span><\/h6>\n<h6>&nbsp;<\/h6>\n<h6>&nbsp;<\/h6>\n<h6>&nbsp;<\/h6>\n<h6>&nbsp;<\/h6>\n<h6>&nbsp;<\/h6>\n<h6>&nbsp;<\/h6>\n<h6>&nbsp;<\/h6>\n<h6>&nbsp;<\/h6>\n<h6>&nbsp;<\/h6>\n<h6>&nbsp;<\/h6>\n<h6>&nbsp;<\/h6>\n<h6>&nbsp;<\/h6>\n<h6>&nbsp;<\/h6>\n<h6>&nbsp;<\/h6>\n<h6>&nbsp;<\/h6>\n<h6>&nbsp;<\/h6>\n<h6>&nbsp;<\/h6>\n<h6>&nbsp;<\/h6>\n<h6>&nbsp;<\/h6>\n<h6>&nbsp;<\/h6>\n<h6>&nbsp;<\/h6>\n<h6>&nbsp;<\/h6>\n<h6>&nbsp;<\/h6>\n<h6>&nbsp;<\/h6>\n<h6>&nbsp;<\/h6>\n<h6>&nbsp;<\/h6>\n<h6>&nbsp;<\/h6>\n<h6>&nbsp;<\/h6>\n<h6>&nbsp;<\/h6>\n<h6>&nbsp;<\/h6>\n<h6>&nbsp;<\/h6>\n<h6>&nbsp;<\/h6>\n<h6><span style=\"color: #000000;\">Nuo 2021 m. rugs\u0117jo m\u0117nesio &nbsp;t\u0119siamas projekto \u201eA\u0161 aktyvus\u201c \u012frangos \u012fsigijimas ir vykdomos kitos suplanuotos fizin\u0117s veiklos. Nuo spalio m\u0117nesio Gyvenamosios vietov\u0117s bendruomen\u0117 gali prad\u0117ti naudotis lauko treniruokliais. Projektas \u201eA\u0161 aktyvus\u201c (Nr. SRFSI\u012e-2020-1-0213) bendrai finansuojamas Sporto fondo l\u0117\u0161omis, kur\u012f administruoja \u0160vietimo main\u0173 paramos fondas.&nbsp;<\/span><\/h6>\n<h6><span style=\"color: #000000;\">&nbsp; &nbsp; &nbsp;2021 m. rugs\u0117jo 15d. vyko mokyklos &nbsp;Tarpkomandin\u0117s krep\u0161inio var\u017eybos. Dalyvavo 16 mokini\u0173. D\u0117l nepalankaus var\u017eyboms oro jos vyko &nbsp;mokyklos sporto sal\u0117je.<\/span><\/h6>\n<h6><span style=\"color: #000000;\"><img loading=\"lazy\" decoding=\"async\" class=\"alignleft  wp-image-17764\" src=\"https:\/\/ringuvos-sm.siauliai.lm.lt\/wp-content\/uploads\/2021\/11\/242589807_1387433984984169_3160033480324294689_n.jpg\" alt=\"\" width=\"291\" height=\"388\" srcset=\"https:\/\/ringuvos-sm.siauliai.lm.lt\/wp-content\/uploads\/2021\/11\/242589807_1387433984984169_3160033480324294689_n.jpg 720w, https:\/\/ringuvos-sm.siauliai.lm.lt\/wp-content\/uploads\/2021\/11\/242589807_1387433984984169_3160033480324294689_n-225x300.jpg 225w, https:\/\/ringuvos-sm.siauliai.lm.lt\/wp-content\/uploads\/2021\/11\/242589807_1387433984984169_3160033480324294689_n-450x600.jpg 450w\" sizes=\"auto, (max-width: 291px) 100vw, 291px\" \/> <img loading=\"lazy\" decoding=\"async\" class=\"alignleft  wp-image-17765\" src=\"https:\/\/ringuvos-sm.siauliai.lm.lt\/wp-content\/uploads\/2021\/11\/242599177_379749890364039_2567436247695100235_n.jpg\" alt=\"\" width=\"418\" height=\"558\" srcset=\"https:\/\/ringuvos-sm.siauliai.lm.lt\/wp-content\/uploads\/2021\/11\/242599177_379749890364039_2567436247695100235_n.jpg 720w, https:\/\/ringuvos-sm.siauliai.lm.lt\/wp-content\/uploads\/2021\/11\/242599177_379749890364039_2567436247695100235_n-225x300.jpg 225w, https:\/\/ringuvos-sm.siauliai.lm.lt\/wp-content\/uploads\/2021\/11\/242599177_379749890364039_2567436247695100235_n-450x600.jpg 450w\" sizes=\"auto, (max-width: 418px) 100vw, 418px\" \/> <img loading=\"lazy\" decoding=\"async\" class=\"alignleft  wp-image-17766\" src=\"https:\/\/ringuvos-sm.siauliai.lm.lt\/wp-content\/uploads\/2021\/11\/242667356_820736675275227_6828123430338901747_n.jpg\" alt=\"\" width=\"418\" height=\"558\" srcset=\"https:\/\/ringuvos-sm.siauliai.lm.lt\/wp-content\/uploads\/2021\/11\/242667356_820736675275227_6828123430338901747_n.jpg 720w, https:\/\/ringuvos-sm.siauliai.lm.lt\/wp-content\/uploads\/2021\/11\/242667356_820736675275227_6828123430338901747_n-225x300.jpg 225w, https:\/\/ringuvos-sm.siauliai.lm.lt\/wp-content\/uploads\/2021\/11\/242667356_820736675275227_6828123430338901747_n-450x600.jpg 450w\" sizes=\"auto, (max-width: 418px) 100vw, 418px\" \/> <img loading=\"lazy\" decoding=\"async\" class=\"alignleft  wp-image-17767\" src=\"https:\/\/ringuvos-sm.siauliai.lm.lt\/wp-content\/uploads\/2021\/11\/242679452_829621141058663_7677532742588296891_n.jpg\" alt=\"\" width=\"419\" height=\"559\" srcset=\"https:\/\/ringuvos-sm.siauliai.lm.lt\/wp-content\/uploads\/2021\/11\/242679452_829621141058663_7677532742588296891_n.jpg 720w, https:\/\/ringuvos-sm.siauliai.lm.lt\/wp-content\/uploads\/2021\/11\/242679452_829621141058663_7677532742588296891_n-225x300.jpg 225w, https:\/\/ringuvos-sm.siauliai.lm.lt\/wp-content\/uploads\/2021\/11\/242679452_829621141058663_7677532742588296891_n-450x600.jpg 450w\" sizes=\"auto, (max-width: 419px) 100vw, 419px\" \/> <img loading=\"lazy\" decoding=\"async\" class=\"alignleft  wp-image-17768\" src=\"https:\/\/ringuvos-sm.siauliai.lm.lt\/wp-content\/uploads\/2021\/11\/242697912_4651063351611856_1743569396540364934_n.jpg\" alt=\"\" width=\"409\" height=\"545\" srcset=\"https:\/\/ringuvos-sm.siauliai.lm.lt\/wp-content\/uploads\/2021\/11\/242697912_4651063351611856_1743569396540364934_n.jpg 720w, https:\/\/ringuvos-sm.siauliai.lm.lt\/wp-content\/uploads\/2021\/11\/242697912_4651063351611856_1743569396540364934_n-225x300.jpg 225w, https:\/\/ringuvos-sm.siauliai.lm.lt\/wp-content\/uploads\/2021\/11\/242697912_4651063351611856_1743569396540364934_n-450x600.jpg 450w\" sizes=\"auto, (max-width: 409px) 100vw, 409px\" \/> <img loading=\"lazy\" decoding=\"async\" class=\"alignleft  wp-image-17769\" src=\"https:\/\/ringuvos-sm.siauliai.lm.lt\/wp-content\/uploads\/2021\/11\/242847325_579809303144980_5073224064086882365_n.jpg\" alt=\"\" width=\"390\" height=\"520\" srcset=\"https:\/\/ringuvos-sm.siauliai.lm.lt\/wp-content\/uploads\/2021\/11\/242847325_579809303144980_5073224064086882365_n.jpg 720w, https:\/\/ringuvos-sm.siauliai.lm.lt\/wp-content\/uploads\/2021\/11\/242847325_579809303144980_5073224064086882365_n-225x300.jpg 225w, https:\/\/ringuvos-sm.siauliai.lm.lt\/wp-content\/uploads\/2021\/11\/242847325_579809303144980_5073224064086882365_n-450x600.jpg 450w\" sizes=\"auto, (max-width: 390px) 100vw, 390px\" \/><\/span><\/h6>\n<p>&nbsp;<\/p>\n<p>&nbsp;<\/p>\n<p>&nbsp;<\/p>\n<p>&nbsp;<\/p>\n<p>&nbsp;<\/p>\n<p>&nbsp;<\/p>\n<p>&nbsp;<\/p>\n<p>&nbsp;<\/p>\n<p>&nbsp;<\/p>\n<p>&nbsp;<\/p>\n<p>&nbsp;<\/p>\n<p>&nbsp;<\/p>\n<p>&nbsp;<\/p>\n<p>&nbsp;<\/p>\n<p>&nbsp;<\/p>\n<p>&nbsp;<\/p>\n<p>&nbsp;<\/p>\n<p>&nbsp;<\/p>\n<p>&nbsp;<\/p>\n<p>&nbsp;<\/p>\n<p>&nbsp;<\/p>\n<p>&nbsp;<\/p>\n<p>&nbsp;<\/p>\n<p>&nbsp;<\/p>\n<p>&nbsp;<\/p>\n<p>&nbsp;<\/p>\n<p>&nbsp;<\/p>\n<p>&nbsp;<\/p>\n<p>&nbsp;<\/p>\n<p>&nbsp;<\/p>\n<p>&nbsp;<\/p>\n<p>&nbsp;<\/p>\n<p>&nbsp;<\/p>\n<p>&nbsp;<\/p>\n<p>&nbsp;<\/p>\n<p>&nbsp;<\/p>\n<p>&nbsp;<\/p>\n<p>&nbsp;<\/p>\n<p>&nbsp;<\/p>\n<p>&nbsp;<\/p>\n<p>&nbsp;<\/p>\n<p>&nbsp;<\/p>\n<p>&nbsp;<\/p>\n<p>&nbsp;<\/p>\n<p>&nbsp;<\/p>\n<p>&nbsp;<\/p>\n<p>&nbsp;<\/p>\n<p>&nbsp;<\/p>\n<p>&nbsp;<\/p>\n<p>&nbsp;<\/p>\n<p>&nbsp;<\/p>\n<p>&nbsp;<\/p>\n<p>&nbsp;<\/p>\n<p>&nbsp;<\/p>\n<p>&nbsp;<\/p>\n<p>&nbsp;<\/p>\n<p>&nbsp;<\/p>\n<p>&nbsp;<\/p>\n<hr>\n<h6>&nbsp; &nbsp; &nbsp;<span style=\"color: black;\">&nbsp; &nbsp; 2021m. vasario&nbsp; \u2013 liepos m\u0117nesiais buvo vykdoma tolimesn\u0117 projekto \u201eA\u0161 aktyvus\u201c veikla \u2013 \u012fsigyti dvira\u010di\u0173 stovai, mobilus pandusas, elastin\u0117 j\u0117gos virv\u0117, medaliai, kepurait\u0117s, mar\u0161kin\u0117liai ir kitos suplanuotos projekto priemon\u0117s. Mokyklos lauko sporto aik\u0161tel\u0119 papild\u0117 lentel\u0117 su lauko taisykl\u0117mis, stalo teniso stalas ir dvi karusel\u0117s.<\/span><\/h6>\n<h6><span style=\"color: black;\">Koordinator\u0117 \u2013 mokytoja Daiva Laurutien\u0117 ir projekt\u0173 darbo grup\u0117.&nbsp; Projektas \u201eA\u0161 aktyvus\u201c (Nr. SRFSI\u012e-2020-1-0213) bendrai finansuojamas Sporto fondo l\u0117\u0161omis, kur\u012f administruoja \u0160vietimo main\u0173 paramos fondas.<\/span><\/h6>\n<p><img loading=\"lazy\" decoding=\"async\" class=\"alignleft size-full wp-image-17562\" src=\"https:\/\/ringuvos-sm.siauliai.lm.lt\/wp-content\/uploads\/2021\/09\/241844005_214946400618858_3766491149450004094_n.png\" alt=\"\" width=\"300\" height=\"403\" srcset=\"https:\/\/ringuvos-sm.siauliai.lm.lt\/wp-content\/uploads\/2021\/09\/241844005_214946400618858_3766491149450004094_n.png 300w, https:\/\/ringuvos-sm.siauliai.lm.lt\/wp-content\/uploads\/2021\/09\/241844005_214946400618858_3766491149450004094_n-223x300.png 223w\" sizes=\"auto, (max-width: 300px) 100vw, 300px\" \/> <img loading=\"lazy\" decoding=\"async\" class=\"alignleft size-full wp-image-17564\" src=\"https:\/\/ringuvos-sm.siauliai.lm.lt\/wp-content\/uploads\/2021\/09\/241833837_3104136873141497_3115401748072282846_n.png\" alt=\"\" width=\"228\" height=\"182\"> <img loading=\"lazy\" decoding=\"async\" class=\"alignleft size-full wp-image-17565\" src=\"https:\/\/ringuvos-sm.siauliai.lm.lt\/wp-content\/uploads\/2021\/09\/241847000_153707616936193_6327054705705908664_n.png\" alt=\"\" width=\"246\" height=\"245\" srcset=\"https:\/\/ringuvos-sm.siauliai.lm.lt\/wp-content\/uploads\/2021\/09\/241847000_153707616936193_6327054705705908664_n.png 246w, https:\/\/ringuvos-sm.siauliai.lm.lt\/wp-content\/uploads\/2021\/09\/241847000_153707616936193_6327054705705908664_n-120x120.png 120w\" sizes=\"auto, (max-width: 246px) 100vw, 246px\" \/> <img loading=\"lazy\" decoding=\"async\" class=\"alignleft size-full wp-image-17563\" src=\"https:\/\/ringuvos-sm.siauliai.lm.lt\/wp-content\/uploads\/2021\/09\/241793591_548523346419458_5302155593597730273_n.png\" alt=\"\" width=\"608\" height=\"816\" srcset=\"https:\/\/ringuvos-sm.siauliai.lm.lt\/wp-content\/uploads\/2021\/09\/241793591_548523346419458_5302155593597730273_n.png 608w, https:\/\/ringuvos-sm.siauliai.lm.lt\/wp-content\/uploads\/2021\/09\/241793591_548523346419458_5302155593597730273_n-224x300.png 224w, https:\/\/ringuvos-sm.siauliai.lm.lt\/wp-content\/uploads\/2021\/09\/241793591_548523346419458_5302155593597730273_n-447x600.png 447w\" sizes=\"auto, (max-width: 608px) 100vw, 608px\" \/><\/p>\n<p>&nbsp;<\/p>\n<p>&nbsp;<\/p>\n<p>&nbsp;<\/p>\n<p>&nbsp;<\/p>\n<p>&nbsp;<\/p>\n<p>&nbsp;<\/p>\n<p>&nbsp;<\/p>\n<p>&nbsp;<\/p>\n<p>&nbsp;<\/p>\n<p>&nbsp;<\/p>\n<p>&nbsp;<\/p>\n\n\n<p class=\"has-black-color has-text-color has-normal-font-size\">    <\/p>\n\n\n\n<p><\/p>\n\n\n<hr>\n<h6>&nbsp; &nbsp; <span style=\"color: #000000;\">2020m. rugs\u0117jo &#8211; gruod\u017eio m\u0117nesiais prad\u0117ta vykdyti pirmoji projekto \u201eA\u0161 aktyvus\u201c veikla \u2013 \u012fsigyti lauko treniruokliai ir \u012franga. Mokyklos lauko teritorijoje \u012frengti 2 krep\u0161inio stovai, 6 lauko treniruokliai ir \u017eaidim\u0173 labirintas. Panaudotos visos projekto avanso l\u0117\u0161os,&nbsp; 9191,70 eur. Koordinator\u0117 \u2013 mokytoja Daiva Laurutien\u0117 ir projekt\u0173 darbo grup\u0117.<\/span><\/h6>\n<h6><span style=\"color: #000000;\">&nbsp; &nbsp; &nbsp; Projektas \u201eA\u0161 aktyvus\u201c (Nr. SRFSI\u012e-2020-1-0213) bendrai finansuojamas Sporto fondo l\u0117\u0161omis, kur\u012f administruoja \u0160vietimo main\u0173 paramos fondas.<\/span><\/h6>\n<hr>\n<p>&nbsp;<\/p>\n\n\n<p><\/p>\n\n\n\n<p><\/p>\n","protected":false},"excerpt":{"rendered":"<p>&nbsp; &nbsp;&nbsp; &nbsp; 2021 m. spalio 6 d. vyko Tarpklasin\u0117s baud\u0173 metimo var\u017eybos. Dalyvavo 12 mokini\u0173. Jie i\u0161band\u0117 rankos taiklum\u0105 prie nauj\u0173 krep\u0161inio stov\u0173.&nbsp; &nbsp; &nbsp;Fizini\u0173 veikl\u0173 metu dalyviai pasipuo\u0161\u0117 naujais sporto mar\u0161kin\u0117liais bei kepurait\u0117mis. Nugal\u0117tojai buvo apdovanoti medaliais ir &hellip; <a href=\"https:\/\/ringuvos-sm.siauliai.lm.lt\/?page_id=16642\">Continue reading <span class=\"meta-nav\">&rarr;<\/span><\/a><\/p>\n","protected":false},"author":2,"featured_media":0,"parent":0,"menu_order":0,"comment_status":"closed","ping_status":"closed","template":"","meta":{"ngg_post_thumbnail":0,"footnotes":""},"class_list":["post-16642","page","type-page","status-publish","hentry"],"_links":{"self":[{"href":"https:\/\/ringuvos-sm.siauliai.lm.lt\/index.php?rest_route=\/wp\/v2\/pages\/16642","targetHints":{"allow":["GET"]}}],"collection":[{"href":"https:\/\/ringuvos-sm.siauliai.lm.lt\/index.php?rest_route=\/wp\/v2\/pages"}],"about":[{"href":"https:\/\/ringuvos-sm.siauliai.lm.lt\/index.php?rest_route=\/wp\/v2\/types\/page"}],"author":[{"embeddable":true,"href":"https:\/\/ringuvos-sm.siauliai.lm.lt\/index.php?rest_route=\/wp\/v2\/users\/2"}],"replies":[{"embeddable":true,"href":"https:\/\/ringuvos-sm.siauliai.lm.lt\/index.php?rest_route=%2Fwp%2Fv2%2Fcomments&post=16642"}],"version-history":[{"count":8,"href":"https:\/\/ringuvos-sm.siauliai.lm.lt\/index.php?rest_route=\/wp\/v2\/pages\/16642\/revisions"}],"predecessor-version":[{"id":17783,"href":"https:\/\/ringuvos-sm.siauliai.lm.lt\/index.php?rest_route=\/wp\/v2\/pages\/16642\/revisions\/17783"}],"wp:attachment":[{"href":"https:\/\/ringuvos-sm.siauliai.lm.lt\/index.php?rest_route=%2Fwp%2Fv2%2Fmedia&parent=16642"}],"curies":[{"name":"wp","href":"https:\/\/api.w.org\/{rel}","templated":true}]}}