{"id":16644,"date":"2021-01-10T20:31:24","date_gmt":"2021-01-10T18:31:24","guid":{"rendered":"https:\/\/ringuvos-sm.siauliai.lm.lt\/?page_id=16644"},"modified":"2021-01-10T20:32:48","modified_gmt":"2021-01-10T18:32:48","slug":"sportuokime-kartu-kartu-mes-galime","status":"publish","type":"page","link":"https:\/\/ringuvos-sm.siauliai.lm.lt\/?page_id=16644","title":{"rendered":"\u201eSportuokime kartu-kartu mes galime\u201d"},"content":{"rendered":"\n<p class=\"has-black-color has-text-color\" style=\"font-size:14px\">    Veiklos organizuojamos nuotoliniu b\u016bdu; pasitelkiant telekomunikacij\u0173 kanalus \u2013 telefonu, internetiniu ry\u0161iu \u2013 naudojant \u012fvairias, daugeliui ugdytoj\u0173 ir ugdytini\u0173 prieinamas technines priemones \u2013 i\u0161maniuosius telefonus, plan\u0161etes. Virtualios ugdymosi aplinkos palaiko mokym\u0105si bendradarbiaujant ir bendraujant socialiniuose \u2013 edukaciniuose tinkluose. Pedagogai paruo\u0161ia u\u017eduotis pagal numatyt\u0105 veikl\u0173 plan\u0105. \u012egyvendintos veiklos: judriosios pertraukos, kasdieniai pasivaik\u0161\u010diojimai lauke, linksmasis futboliukas, sveikatos valand\u0117l\u0117s, linksmosios estafet\u0117s, baseinas. Koordinatorius \u2013 Mokymosi be sien\u0173 darbo grup\u0117.<\/p>\n","protected":false},"excerpt":{"rendered":"<p>Veiklos organizuojamos nuotoliniu b\u016bdu; pasitelkiant telekomunikacij\u0173 kanalus \u2013 telefonu, internetiniu ry\u0161iu \u2013 naudojant \u012fvairias, daugeliui ugdytoj\u0173 ir ugdytini\u0173 prieinamas technines priemones \u2013 i\u0161maniuosius telefonus, plan\u0161etes. Virtualios ugdymosi aplinkos palaiko mokym\u0105si bendradarbiaujant ir bendraujant socialiniuose \u2013 edukaciniuose tinkluose. Pedagogai paruo\u0161ia u\u017eduotis &hellip; <a href=\"https:\/\/ringuvos-sm.siauliai.lm.lt\/?page_id=16644\">Continue reading <span class=\"meta-nav\">&rarr;<\/span><\/a><\/p>\n","protected":false},"author":2,"featured_media":0,"parent":0,"menu_order":0,"comment_status":"closed","ping_status":"closed","template":"","meta":{"ngg_post_thumbnail":0,"footnotes":""},"class_list":["post-16644","page","type-page","status-publish","hentry"],"_links":{"self":[{"href":"https:\/\/ringuvos-sm.siauliai.lm.lt\/index.php?rest_route=\/wp\/v2\/pages\/16644","targetHints":{"allow":["GET"]}}],"collection":[{"href":"https:\/\/ringuvos-sm.siauliai.lm.lt\/index.php?rest_route=\/wp\/v2\/pages"}],"about":[{"href":"https:\/\/ringuvos-sm.siauliai.lm.lt\/index.php?rest_route=\/wp\/v2\/types\/page"}],"author":[{"embeddable":true,"href":"https:\/\/ringuvos-sm.siauliai.lm.lt\/index.php?rest_route=\/wp\/v2\/users\/2"}],"replies":[{"embeddable":true,"href":"https:\/\/ringuvos-sm.siauliai.lm.lt\/index.php?rest_route=%2Fwp%2Fv2%2Fcomments&post=16644"}],"version-history":[{"count":2,"href":"https:\/\/ringuvos-sm.siauliai.lm.lt\/index.php?rest_route=\/wp\/v2\/pages\/16644\/revisions"}],"predecessor-version":[{"id":16646,"href":"https:\/\/ringuvos-sm.siauliai.lm.lt\/index.php?rest_route=\/wp\/v2\/pages\/16644\/revisions\/16646"}],"wp:attachment":[{"href":"https:\/\/ringuvos-sm.siauliai.lm.lt\/index.php?rest_route=%2Fwp%2Fv2%2Fmedia&parent=16644"}],"curies":[{"name":"wp","href":"https:\/\/api.w.org\/{rel}","templated":true}]}}