{"id":16647,"date":"2021-01-10T20:36:12","date_gmt":"2021-01-10T18:36:12","guid":{"rendered":"https:\/\/ringuvos-sm.siauliai.lm.lt\/?page_id=16647"},"modified":"2021-01-10T20:36:12","modified_gmt":"2021-01-10T18:36:12","slug":"sensomotorinis-ugdymas","status":"publish","type":"page","link":"https:\/\/ringuvos-sm.siauliai.lm.lt\/?page_id=16647","title":{"rendered":"\u201eSensomotorinis ugdymas\u201c\u00a0"},"content":{"rendered":"\n<figure class=\"wp-block-image size-large\"><img loading=\"lazy\" decoding=\"async\" width=\"273\" height=\"318\" src=\"https:\/\/ringuvos-sm.siauliai.lm.lt\/wp-content\/uploads\/2021\/01\/m.png\" alt=\"\" class=\"wp-image-16623\" srcset=\"https:\/\/ringuvos-sm.siauliai.lm.lt\/wp-content\/uploads\/2021\/01\/m.png 273w, https:\/\/ringuvos-sm.siauliai.lm.lt\/wp-content\/uploads\/2021\/01\/m-258x300.png 258w\" sizes=\"auto, (max-width: 273px) 100vw, 273px\" \/><\/figure>\n\n\n<h6>&nbsp; &nbsp; &nbsp; &nbsp; <span style=\"color: #000000;\">Sensorin\u0117s integracijos sutrikim\u0173 po\u017eymiai, kaip ir daugumos sutrikim\u0173 atvejais, gali b\u016bti \u012fvairaus sud\u0117tingumo, gali skirtingai pasireik\u0161ti kiekvienoje sensorikos srityje arba keliose i\u0161 j\u0173, tod\u0117l projekto metu keliami \u0161ie tikslai: suprasti, kokio pob\u016bd\u017eio reakcijos \u012f sensorinius dirgiklius vyrauja kiekvienoje vaiko jutimin\u0117je sistemoje, esant sensorin\u0117s integracijos sutrikimui; numatyti krypting\u0105 ugdym\u0105; parinkti tinkamas ugdymo priemones.<\/span><\/h6>","protected":false},"excerpt":{"rendered":"<p>&nbsp; &nbsp; &nbsp; &nbsp; Sensorin\u0117s integracijos sutrikim\u0173 po\u017eymiai, kaip ir daugumos sutrikim\u0173 atvejais, gali b\u016bti \u012fvairaus sud\u0117tingumo, gali skirtingai pasireik\u0161ti kiekvienoje sensorikos srityje arba keliose i\u0161 j\u0173, tod\u0117l projekto metu keliami \u0161ie tikslai: suprasti, kokio pob\u016bd\u017eio reakcijos \u012f sensorinius dirgiklius &hellip; <a href=\"https:\/\/ringuvos-sm.siauliai.lm.lt\/?page_id=16647\">Continue reading <span class=\"meta-nav\">&rarr;<\/span><\/a><\/p>\n","protected":false},"author":2,"featured_media":0,"parent":0,"menu_order":0,"comment_status":"closed","ping_status":"closed","template":"","meta":{"ngg_post_thumbnail":0,"footnotes":""},"class_list":["post-16647","page","type-page","status-publish","hentry"],"_links":{"self":[{"href":"https:\/\/ringuvos-sm.siauliai.lm.lt\/index.php?rest_route=\/wp\/v2\/pages\/16647","targetHints":{"allow":["GET"]}}],"collection":[{"href":"https:\/\/ringuvos-sm.siauliai.lm.lt\/index.php?rest_route=\/wp\/v2\/pages"}],"about":[{"href":"https:\/\/ringuvos-sm.siauliai.lm.lt\/index.php?rest_route=\/wp\/v2\/types\/page"}],"author":[{"embeddable":true,"href":"https:\/\/ringuvos-sm.siauliai.lm.lt\/index.php?rest_route=\/wp\/v2\/users\/2"}],"replies":[{"embeddable":true,"href":"https:\/\/ringuvos-sm.siauliai.lm.lt\/index.php?rest_route=%2Fwp%2Fv2%2Fcomments&post=16647"}],"version-history":[{"count":1,"href":"https:\/\/ringuvos-sm.siauliai.lm.lt\/index.php?rest_route=\/wp\/v2\/pages\/16647\/revisions"}],"predecessor-version":[{"id":16648,"href":"https:\/\/ringuvos-sm.siauliai.lm.lt\/index.php?rest_route=\/wp\/v2\/pages\/16647\/revisions\/16648"}],"wp:attachment":[{"href":"https:\/\/ringuvos-sm.siauliai.lm.lt\/index.php?rest_route=%2Fwp%2Fv2%2Fmedia&parent=16647"}],"curies":[{"name":"wp","href":"https:\/\/api.w.org\/{rel}","templated":true}]}}