{"id":17018,"date":"2021-03-17T19:27:56","date_gmt":"2021-03-17T17:27:56","guid":{"rendered":"https:\/\/ringuvos-sm.siauliai.lm.lt\/?page_id=17018"},"modified":"2024-04-02T20:45:05","modified_gmt":"2024-04-02T18:45:05","slug":"parama-12-gpm","status":"publish","type":"page","link":"https:\/\/ringuvos-sm.siauliai.lm.lt\/?page_id=17018","title":{"rendered":"Parama 1,2 % (GPM)"},"content":{"rendered":"<p>&nbsp;<\/p>\n<h6><span style=\"color: #000000;\">Kvie\u010diame&nbsp; mokini\u0173 t\u0117vus (glob\u0117jus, r\u016bpintojus) , mokyklos darbuotojus, kitus asmenis paremti&nbsp; m\u016bs\u0173 mokykl\u0105 skiriant 1,2 % Gyventoj\u0173 pajam\u0173 mokes\u010dio. J\u016bs\u0173 parama bus skiriama mokini\u0173 ugdymosi, poilsio s\u0105lyg\u0173 gerinimui, ugdymo kokyb\u0117s u\u017etikrinimui.&nbsp;<\/span><\/h6>\n<h6><span style=\"color: #008000;\">Pra\u0161ym\u0105 b\u016btina pateikti ne v\u0117liau kaip iki 2024 m. gegu\u017e\u0117s 1 d.<\/span><\/h6>\n<h6><span style=\"color: #008000;\">Svarbu !&nbsp; Pra\u0161ym\u0105 pervesti 1,2% GPM turite pateikti kartu su metine pajam\u0173 deklaracija<\/span><\/h6>\n<h6 style=\"text-align: center;\"><span style=\"color: #0000ff;\">\u012emon\u0117s kodas 190983779<\/span><\/h6>\n<h6><span style=\"color: #000000;\">D\u0117kojame Jums u\u017e supratingum\u0105 ir nuo\u0161irdum\u0105 !<\/span><\/h6>\n<h6><span style=\"color: #000000;\">&nbsp; &nbsp; &nbsp; &nbsp; &nbsp; &nbsp; &nbsp; &nbsp; &nbsp; &nbsp; &nbsp; &nbsp; &nbsp; &nbsp; &nbsp; &nbsp; &nbsp; &nbsp; &nbsp; &nbsp; &nbsp; &nbsp; &nbsp; &nbsp; &nbsp; \u0160iauli\u0173 ,,Ringuvos&#8221; mokyklos bendruomen\u0117&nbsp;&nbsp;<\/span><\/h6>\n<hr>\n<h5><span style=\"color: #000000;\">Paramos l\u0117\u0161\u0173 ataskaita u\u017e 2023 m.<span style=\"color: #008000;\"><a style=\"color: #008000;\" href=\"https:\/\/ringuvos-sm.siauliai.lm.lt\/wp-content\/uploads\/2024\/02\/RN-Paramos-lesu-ataskaita-2023-m.xlsx\">&nbsp;\u010cIA&nbsp;<\/a><\/span><\/span><\/h5>\n<hr>\n<p>&nbsp;<\/p>\n<h5>&nbsp;<\/h5>\n<p>&nbsp;<\/p>\n<p>&nbsp;<\/p>\n<h5><span style=\"color: #000000;\"><span style=\"font-size: inherit; color: #008000;\">&nbsp;&nbsp;<\/span> <\/span><\/h5>\n<h5>&nbsp;<\/h5>\n<h5><span style=\"color: #000000;\">&nbsp; &nbsp; &nbsp;<\/span><\/h5>\n<p>&nbsp;<\/p>\n<p>&nbsp;<\/p>\n<h6>&nbsp;<\/h6>\n<p>&nbsp;<\/p>\n<p>&nbsp;<\/p>\n<p>&nbsp;<\/p>\n","protected":false},"excerpt":{"rendered":"<p>&nbsp; Kvie\u010diame&nbsp; mokini\u0173 t\u0117vus (glob\u0117jus, r\u016bpintojus) , mokyklos darbuotojus, kitus asmenis paremti&nbsp; m\u016bs\u0173 mokykl\u0105 skiriant 1,2 % Gyventoj\u0173 pajam\u0173 mokes\u010dio. J\u016bs\u0173 parama bus skiriama mokini\u0173 ugdymosi, poilsio s\u0105lyg\u0173 gerinimui, ugdymo kokyb\u0117s u\u017etikrinimui.&nbsp; Pra\u0161ym\u0105 b\u016btina pateikti ne v\u0117liau kaip iki 2024 &hellip; <a href=\"https:\/\/ringuvos-sm.siauliai.lm.lt\/?page_id=17018\">Continue reading <span class=\"meta-nav\">&rarr;<\/span><\/a><\/p>\n","protected":false},"author":2,"featured_media":0,"parent":0,"menu_order":0,"comment_status":"closed","ping_status":"closed","template":"","meta":{"ngg_post_thumbnail":0,"footnotes":""},"class_list":["post-17018","page","type-page","status-publish","hentry"],"_links":{"self":[{"href":"https:\/\/ringuvos-sm.siauliai.lm.lt\/index.php?rest_route=\/wp\/v2\/pages\/17018","targetHints":{"allow":["GET"]}}],"collection":[{"href":"https:\/\/ringuvos-sm.siauliai.lm.lt\/index.php?rest_route=\/wp\/v2\/pages"}],"about":[{"href":"https:\/\/ringuvos-sm.siauliai.lm.lt\/index.php?rest_route=\/wp\/v2\/types\/page"}],"author":[{"embeddable":true,"href":"https:\/\/ringuvos-sm.siauliai.lm.lt\/index.php?rest_route=\/wp\/v2\/users\/2"}],"replies":[{"embeddable":true,"href":"https:\/\/ringuvos-sm.siauliai.lm.lt\/index.php?rest_route=%2Fwp%2Fv2%2Fcomments&post=17018"}],"version-history":[{"count":15,"href":"https:\/\/ringuvos-sm.siauliai.lm.lt\/index.php?rest_route=\/wp\/v2\/pages\/17018\/revisions"}],"predecessor-version":[{"id":19897,"href":"https:\/\/ringuvos-sm.siauliai.lm.lt\/index.php?rest_route=\/wp\/v2\/pages\/17018\/revisions\/19897"}],"wp:attachment":[{"href":"https:\/\/ringuvos-sm.siauliai.lm.lt\/index.php?rest_route=%2Fwp%2Fv2%2Fmedia&parent=17018"}],"curies":[{"name":"wp","href":"https:\/\/api.w.org\/{rel}","templated":true}]}}