{"id":1746,"date":"2013-04-12T09:49:09","date_gmt":"2013-04-12T07:49:09","guid":{"rendered":"https:\/\/ringuvos-sm.siauliai.lm.lt\/?page_id=1746"},"modified":"2013-04-19T16:52:56","modified_gmt":"2013-04-19T14:52:56","slug":"2013-04-05-piesiniu-konkursas-vaiku-velykeles-2013","status":"publish","type":"page","link":"https:\/\/ringuvos-sm.siauliai.lm.lt\/?page_id=1746","title":{"rendered":"2013 04 05 Pie\u0161ini\u0173 konkursas \u201eVaik\u0173 velyk\u0117l\u0117s\u201c"},"content":{"rendered":"<p><a href=\"wp-content\/gallery\/2013-04-05-piesiniu-konkursas-vaiku-velykeles-2013\">ngg_shortcode_0_placeholder<\/a><\/p>\n<p>&nbsp;<\/p>\n<p>&nbsp;<\/p>\n<h5><a href=\"https:\/\/ringuvos-sm.siauliai.lm.lt\/?page_id=38\"><span style=\"color: #008000;\">gr\u012f\u017eti \u012f Galerija<\/span><\/a><\/h5>\n","protected":false},"excerpt":{"rendered":"<p>&nbsp; &nbsp; gr\u012f\u017eti \u012f Galerija<\/p>\n","protected":false},"author":2,"featured_media":0,"parent":0,"menu_order":0,"comment_status":"closed","ping_status":"closed","template":"","meta":{"ngg_post_thumbnail":0,"footnotes":""},"class_list":["post-1746","page","type-page","status-publish","hentry"],"_links":{"self":[{"href":"https:\/\/ringuvos-sm.siauliai.lm.lt\/index.php?rest_route=\/wp\/v2\/pages\/1746","targetHints":{"allow":["GET"]}}],"collection":[{"href":"https:\/\/ringuvos-sm.siauliai.lm.lt\/index.php?rest_route=\/wp\/v2\/pages"}],"about":[{"href":"https:\/\/ringuvos-sm.siauliai.lm.lt\/index.php?rest_route=\/wp\/v2\/types\/page"}],"author":[{"embeddable":true,"href":"https:\/\/ringuvos-sm.siauliai.lm.lt\/index.php?rest_route=\/wp\/v2\/users\/2"}],"replies":[{"embeddable":true,"href":"https:\/\/ringuvos-sm.siauliai.lm.lt\/index.php?rest_route=%2Fwp%2Fv2%2Fcomments&post=1746"}],"version-history":[{"count":4,"href":"https:\/\/ringuvos-sm.siauliai.lm.lt\/index.php?rest_route=\/wp\/v2\/pages\/1746\/revisions"}],"predecessor-version":[{"id":1779,"href":"https:\/\/ringuvos-sm.siauliai.lm.lt\/index.php?rest_route=\/wp\/v2\/pages\/1746\/revisions\/1779"}],"wp:attachment":[{"href":"https:\/\/ringuvos-sm.siauliai.lm.lt\/index.php?rest_route=%2Fwp%2Fv2%2Fmedia&parent=1746"}],"curies":[{"name":"wp","href":"https:\/\/api.w.org\/{rel}","templated":true}]}}