{"id":17521,"date":"2021-08-25T13:46:12","date_gmt":"2021-08-25T11:46:12","guid":{"rendered":"https:\/\/ringuvos-sm.siauliai.lm.lt\/?page_id=17521"},"modified":"2021-08-25T13:48:25","modified_gmt":"2021-08-25T11:48:25","slug":"2020-2021-m-m-foto-archyvas","status":"publish","type":"page","link":"https:\/\/ringuvos-sm.siauliai.lm.lt\/?page_id=17521","title":{"rendered":"2020- 2021 m.m. Foto archyvas"},"content":{"rendered":"<h5><span style=\"color: #008000;\">&nbsp;2020- 2021 m.m.<\/span><\/h5>\n<h6><a href=\"https:\/\/ringuvos-sm.siauliai.lm.lt\/?page_id=16781\"><span style=\"color: #000000;\">2021 01 28 Klas\u0117s valand\u0117l\u0117s ,,Su l\u0117ktuv\u0117liu- \u012f s\u0117km\u0119\u2018\u2018 per nuotol\u012f<\/span><\/a><\/h6>\n<h6><span style=\"color: #000000;\">2021 01 22<a style=\"color: #000000;\" href=\"https:\/\/ringuvos-sm.siauliai.lm.lt\/?page_id=16738\"> Naujos pritraukian\u010dios mokymo priemon\u0117s mokykloje<\/a><\/span><\/h6>\n<h6><a href=\"https:\/\/ringuvos-sm.siauliai.lm.lt\/?page_id=16559\"><span style=\"color: #000000;\">2021 01 05 Prisiimame atsakomyb\u0119 u\u017e pauk\u0161telius<\/span><\/a><\/h6>\n<h6><span style=\"color: #000000;\">2020 12 16 <a style=\"color: #000000;\" href=\"https:\/\/ringuvos-sm.siauliai.lm.lt\/?page_id=16437\">Tas paslaptingas Kal\u0117d\u0173 mi\u0161kas<\/a><\/span><\/h6>\n<h6><span style=\"color: #000000;\">2020 12 11 <a style=\"color: #000000;\" href=\"https:\/\/ringuvos-sm.siauliai.lm.lt\/?page_id=16435\">Kal\u0117diniai vainikai ant klasi\u0173 dur\u0173&nbsp;<\/a><\/span><\/h6>\n<h6><span style=\"color: #000000;\">2020 12 09 <a style=\"color: #000000;\" href=\"https:\/\/ringuvos-sm.siauliai.lm.lt\/?page_id=16111\">Kal\u0117diniai \u0161ventiniai klasi\u0173 pasipuo\u0161imai<\/a><\/span><\/h6>\n<h6><span style=\"color: #000000;\">2020 11 12 <a style=\"color: #000000;\" href=\"https:\/\/ringuvos-sm.siauliai.lm.lt\/?page_id=15899\">Patyriminio ugdymo&nbsp; STEAM diena&nbsp;<\/a><\/span><\/h6>\n<h6><span style=\"color: #000000;\">2020 11 09 <a style=\"color: #000000;\" href=\"https:\/\/ringuvos-sm.siauliai.lm.lt\/?page_id=15774\">Popieriniai tortai- pyrag\u0173 dienai&nbsp;<\/a><\/span><\/h6>\n<h6><span style=\"color: #000000;\">2020 10 21 <a style=\"color: #000000;\" href=\"https:\/\/ringuvos-sm.siauliai.lm.lt\/?page_id=16422\">Edukacinis&nbsp; u\u017esi\u0117mimas&nbsp; ,,Pie\u0161imas ant mai\u0161elio&#8221;<\/a><\/span><\/h6>\n<h6><span style=\"color: #000000;\">2020 10 20 <a style=\"color: #000000;\" href=\"https:\/\/ringuvos-sm.siauliai.lm.lt\/?page_id=15466\">Mokytoj\u0173 virtuali fotonuotrauk\u0173 paroda ,,\u017dvilgsnis \u012f ruden\u012f&#8221;&nbsp;<\/a><\/span><\/h6>\n<h6><span style=\"color: #000000;\">2020 10 09 <a style=\"color: #000000;\" href=\"https:\/\/ringuvos-sm.siauliai.lm.lt\/?page_id=15692\">Mokyklos maketas i\u0161 kartono&nbsp;<\/a><\/span><\/h6>\n","protected":false},"excerpt":{"rendered":"<p>&nbsp;2020- 2021 m.m. 2021 01 28 Klas\u0117s valand\u0117l\u0117s ,,Su l\u0117ktuv\u0117liu- \u012f s\u0117km\u0119\u2018\u2018 per nuotol\u012f 2021 01 22 Naujos pritraukian\u010dios mokymo priemon\u0117s mokykloje 2021 01 05 Prisiimame atsakomyb\u0119 u\u017e pauk\u0161telius 2020 12 16 Tas paslaptingas Kal\u0117d\u0173 mi\u0161kas 2020 12 11 Kal\u0117diniai &hellip; <a href=\"https:\/\/ringuvos-sm.siauliai.lm.lt\/?page_id=17521\">Continue reading <span class=\"meta-nav\">&rarr;<\/span><\/a><\/p>\n","protected":false},"author":2,"featured_media":0,"parent":0,"menu_order":0,"comment_status":"closed","ping_status":"closed","template":"","meta":{"ngg_post_thumbnail":0,"footnotes":""},"class_list":["post-17521","page","type-page","status-publish","hentry"],"_links":{"self":[{"href":"https:\/\/ringuvos-sm.siauliai.lm.lt\/index.php?rest_route=\/wp\/v2\/pages\/17521","targetHints":{"allow":["GET"]}}],"collection":[{"href":"https:\/\/ringuvos-sm.siauliai.lm.lt\/index.php?rest_route=\/wp\/v2\/pages"}],"about":[{"href":"https:\/\/ringuvos-sm.siauliai.lm.lt\/index.php?rest_route=\/wp\/v2\/types\/page"}],"author":[{"embeddable":true,"href":"https:\/\/ringuvos-sm.siauliai.lm.lt\/index.php?rest_route=\/wp\/v2\/users\/2"}],"replies":[{"embeddable":true,"href":"https:\/\/ringuvos-sm.siauliai.lm.lt\/index.php?rest_route=%2Fwp%2Fv2%2Fcomments&post=17521"}],"version-history":[{"count":2,"href":"https:\/\/ringuvos-sm.siauliai.lm.lt\/index.php?rest_route=\/wp\/v2\/pages\/17521\/revisions"}],"predecessor-version":[{"id":17525,"href":"https:\/\/ringuvos-sm.siauliai.lm.lt\/index.php?rest_route=\/wp\/v2\/pages\/17521\/revisions\/17525"}],"wp:attachment":[{"href":"https:\/\/ringuvos-sm.siauliai.lm.lt\/index.php?rest_route=%2Fwp%2Fv2%2Fmedia&parent=17521"}],"curies":[{"name":"wp","href":"https:\/\/api.w.org\/{rel}","templated":true}]}}