{"id":1802,"date":"2013-05-08T18:45:55","date_gmt":"2013-05-08T16:45:55","guid":{"rendered":"https:\/\/ringuvos-sm.siauliai.lm.lt\/?page_id=1802"},"modified":"2013-05-08T19:39:29","modified_gmt":"2013-05-08T17:39:29","slug":"2013-05-03-paskaitos-diskusijos-lytiskumo-klausimais","status":"publish","type":"page","link":"https:\/\/ringuvos-sm.siauliai.lm.lt\/?page_id=1802","title":{"rendered":"2013 05 03 Paskaitos- diskusijos lyti\u0161kumo klausimais"},"content":{"rendered":"<p><a href=\"wp-content\/gallery\/2013-05-03-paskaitos-diskusijos-lytiskumo-klausimais\">ngg_shortcode_0_placeholder<\/a><\/p>\n<p>&nbsp;<\/p>\n<h5><a href=\"https:\/\/ringuvos-sm.siauliai.lm.lt\/?page_id=38\"><span style=\"text-decoration: underline;\"><span style=\"color: #008000; text-decoration: underline;\">Gr\u012f\u017eti \u012f Galerija<\/span><\/span><\/a><\/h5>\n","protected":false},"excerpt":{"rendered":"<p>&nbsp; Gr\u012f\u017eti \u012f Galerija<\/p>\n","protected":false},"author":2,"featured_media":0,"parent":0,"menu_order":0,"comment_status":"closed","ping_status":"closed","template":"","meta":{"ngg_post_thumbnail":0,"footnotes":""},"class_list":["post-1802","page","type-page","status-publish","hentry"],"_links":{"self":[{"href":"https:\/\/ringuvos-sm.siauliai.lm.lt\/index.php?rest_route=\/wp\/v2\/pages\/1802","targetHints":{"allow":["GET"]}}],"collection":[{"href":"https:\/\/ringuvos-sm.siauliai.lm.lt\/index.php?rest_route=\/wp\/v2\/pages"}],"about":[{"href":"https:\/\/ringuvos-sm.siauliai.lm.lt\/index.php?rest_route=\/wp\/v2\/types\/page"}],"author":[{"embeddable":true,"href":"https:\/\/ringuvos-sm.siauliai.lm.lt\/index.php?rest_route=\/wp\/v2\/users\/2"}],"replies":[{"embeddable":true,"href":"https:\/\/ringuvos-sm.siauliai.lm.lt\/index.php?rest_route=%2Fwp%2Fv2%2Fcomments&post=1802"}],"version-history":[{"count":3,"href":"https:\/\/ringuvos-sm.siauliai.lm.lt\/index.php?rest_route=\/wp\/v2\/pages\/1802\/revisions"}],"predecessor-version":[{"id":1821,"href":"https:\/\/ringuvos-sm.siauliai.lm.lt\/index.php?rest_route=\/wp\/v2\/pages\/1802\/revisions\/1821"}],"wp:attachment":[{"href":"https:\/\/ringuvos-sm.siauliai.lm.lt\/index.php?rest_route=%2Fwp%2Fv2%2Fmedia&parent=1802"}],"curies":[{"name":"wp","href":"https:\/\/api.w.org\/{rel}","templated":true}]}}