{"id":1804,"date":"2013-05-08T18:46:20","date_gmt":"2013-05-08T16:46:20","guid":{"rendered":"https:\/\/ringuvos-sm.siauliai.lm.lt\/?page_id=1804"},"modified":"2013-05-08T19:38:23","modified_gmt":"2013-05-08T17:38:23","slug":"2013-05-03-viesnage-dirvonenu-mokykloje","status":"publish","type":"page","link":"https:\/\/ringuvos-sm.siauliai.lm.lt\/?page_id=1804","title":{"rendered":"2013 05 03 Vie\u0161nag\u0117 Dirvon\u0117n\u0173 mokykloje"},"content":{"rendered":"<p><a href=\"wp-content\/gallery\/2013-05-03-viesnage-dirvonenu-mokykloje\">ngg_shortcode_0_placeholder<\/a><\/p>\n<p>&nbsp;<\/p>\n<p><a href=\"https:\/\/ringuvos-sm.siauliai.lm.lt\/?page_id=38\"><span style=\"text-decoration: underline;\"><span style=\"color: #008000; text-decoration: underline;\">Gr\u012f\u017eti \u012f Galerij\u0105<\/span> <\/span><\/a><\/p>\n","protected":false},"excerpt":{"rendered":"<p>&nbsp; Gr\u012f\u017eti \u012f Galerij\u0105<\/p>\n","protected":false},"author":2,"featured_media":0,"parent":0,"menu_order":0,"comment_status":"closed","ping_status":"closed","template":"","meta":{"ngg_post_thumbnail":0,"footnotes":""},"class_list":["post-1804","page","type-page","status-publish","hentry"],"_links":{"self":[{"href":"https:\/\/ringuvos-sm.siauliai.lm.lt\/index.php?rest_route=\/wp\/v2\/pages\/1804","targetHints":{"allow":["GET"]}}],"collection":[{"href":"https:\/\/ringuvos-sm.siauliai.lm.lt\/index.php?rest_route=\/wp\/v2\/pages"}],"about":[{"href":"https:\/\/ringuvos-sm.siauliai.lm.lt\/index.php?rest_route=\/wp\/v2\/types\/page"}],"author":[{"embeddable":true,"href":"https:\/\/ringuvos-sm.siauliai.lm.lt\/index.php?rest_route=\/wp\/v2\/users\/2"}],"replies":[{"embeddable":true,"href":"https:\/\/ringuvos-sm.siauliai.lm.lt\/index.php?rest_route=%2Fwp%2Fv2%2Fcomments&post=1804"}],"version-history":[{"count":3,"href":"https:\/\/ringuvos-sm.siauliai.lm.lt\/index.php?rest_route=\/wp\/v2\/pages\/1804\/revisions"}],"predecessor-version":[{"id":1820,"href":"https:\/\/ringuvos-sm.siauliai.lm.lt\/index.php?rest_route=\/wp\/v2\/pages\/1804\/revisions\/1820"}],"wp:attachment":[{"href":"https:\/\/ringuvos-sm.siauliai.lm.lt\/index.php?rest_route=%2Fwp%2Fv2%2Fmedia&parent=1804"}],"curies":[{"name":"wp","href":"https:\/\/api.w.org\/{rel}","templated":true}]}}