{"id":18591,"date":"2022-11-16T18:04:01","date_gmt":"2022-11-16T16:04:01","guid":{"rendered":"https:\/\/ringuvos-sm.siauliai.lm.lt\/?page_id=18591"},"modified":"2022-11-16T18:04:24","modified_gmt":"2022-11-16T16:04:24","slug":"2021-2022-m-m-foto-archyvas","status":"publish","type":"page","link":"https:\/\/ringuvos-sm.siauliai.lm.lt\/?page_id=18591","title":{"rendered":"2021-2022 m.m. Foto archyvas"},"content":{"rendered":"<p>&nbsp;<\/p>\n<h6>2022 03 23<a href=\"https:\/\/ringuvos-sm.siauliai.lm.lt\/?page_id=18192\">&nbsp;Projekto \u201eInovatyvus mokytojas \u2013 s\u0117kmingas mokinys\u201c kursai Graikijoje<\/a><\/h6>\n<h6><a href=\"https:\/\/ringuvos-sm.siauliai.lm.lt\/?page_id=17941\">2021 12 14 Susitikimas su \u012fmon\u0117s \u201e\u0160iaur\u0117s statyba\u201c darbuotojais | \u0160iauli\u0173 ,,Ringuvos\u201c mokykla<\/a><\/h6>\n<h6><a href=\"https:\/\/ringuvos-sm.siauliai.lm.lt\/?page_id=17926\">2021 12 15 Edukacin\u0117 veikla G\u0117li\u0173 ir dovan\u0173 namuose \u201ePluk\u0117\u201c&nbsp;<\/a><\/h6>\n<h6><a href=\"https:\/\/ringuvos-sm.siauliai.lm.lt\/?page_id=17843\">2021 11 19 Mokyklai 57 metai<\/a><\/h6>\n<h6><a href=\"https:\/\/ringuvos-sm.siauliai.lm.lt\/?page_id=17826\">2021 11 16&nbsp; Tarptautinei Tolerancijos dienai<\/a><\/h6>\n","protected":false},"excerpt":{"rendered":"<p>&nbsp; 2022 03 23&nbsp;Projekto \u201eInovatyvus mokytojas \u2013 s\u0117kmingas mokinys\u201c kursai Graikijoje 2021 12 14 Susitikimas su \u012fmon\u0117s \u201e\u0160iaur\u0117s statyba\u201c darbuotojais | \u0160iauli\u0173 ,,Ringuvos\u201c mokykla 2021 12 15 Edukacin\u0117 veikla G\u0117li\u0173 ir dovan\u0173 namuose \u201ePluk\u0117\u201c&nbsp; 2021 11 19 Mokyklai 57 metai &hellip; <a href=\"https:\/\/ringuvos-sm.siauliai.lm.lt\/?page_id=18591\">Continue reading <span class=\"meta-nav\">&rarr;<\/span><\/a><\/p>\n","protected":false},"author":2,"featured_media":0,"parent":0,"menu_order":0,"comment_status":"closed","ping_status":"closed","template":"","meta":{"ngg_post_thumbnail":0,"footnotes":""},"class_list":["post-18591","page","type-page","status-publish","hentry"],"_links":{"self":[{"href":"https:\/\/ringuvos-sm.siauliai.lm.lt\/index.php?rest_route=\/wp\/v2\/pages\/18591","targetHints":{"allow":["GET"]}}],"collection":[{"href":"https:\/\/ringuvos-sm.siauliai.lm.lt\/index.php?rest_route=\/wp\/v2\/pages"}],"about":[{"href":"https:\/\/ringuvos-sm.siauliai.lm.lt\/index.php?rest_route=\/wp\/v2\/types\/page"}],"author":[{"embeddable":true,"href":"https:\/\/ringuvos-sm.siauliai.lm.lt\/index.php?rest_route=\/wp\/v2\/users\/2"}],"replies":[{"embeddable":true,"href":"https:\/\/ringuvos-sm.siauliai.lm.lt\/index.php?rest_route=%2Fwp%2Fv2%2Fcomments&post=18591"}],"version-history":[{"count":2,"href":"https:\/\/ringuvos-sm.siauliai.lm.lt\/index.php?rest_route=\/wp\/v2\/pages\/18591\/revisions"}],"predecessor-version":[{"id":18593,"href":"https:\/\/ringuvos-sm.siauliai.lm.lt\/index.php?rest_route=\/wp\/v2\/pages\/18591\/revisions\/18593"}],"wp:attachment":[{"href":"https:\/\/ringuvos-sm.siauliai.lm.lt\/index.php?rest_route=%2Fwp%2Fv2%2Fmedia&parent=18591"}],"curies":[{"name":"wp","href":"https:\/\/api.w.org\/{rel}","templated":true}]}}