{"id":18759,"date":"2022-12-16T19:49:13","date_gmt":"2022-12-16T17:49:13","guid":{"rendered":"https:\/\/ringuvos-sm.siauliai.lm.lt\/?page_id=18759"},"modified":"2022-12-21T09:04:39","modified_gmt":"2022-12-21T07:04:39","slug":"atviri-duomenys","status":"publish","type":"page","link":"https:\/\/ringuvos-sm.siauliai.lm.lt\/?page_id=18759","title":{"rendered":"Atviri duomenys"},"content":{"rendered":"<div id=\"Sty_Page_Title\">&nbsp;<\/div>\n<h6><span style=\"color: #000000;\">Informacija ruo\u0161iama<\/span><\/h6>\n<p>&nbsp;<\/p>\n<div id=\"cms_tekstas\">\n<h6 class=\"rtejustify\"><span style=\"color: #000000;\"> Atviri duomenys&nbsp;&#8211; laisvai prieinami institucijos veikloje ar dokumentuose u\u017efiksuoti duomenys, informacija ar jos dalis, nepaisant j\u0173 pateikimo b\u016bdo, formos ir laikmenos, \u012fskaitant registro duomenis, registro informacij\u0105, registrui pateikt\u0173 dokument\u0173 ir (arba) j\u0173 kopij\u0173 duomenis, valstyb\u0117s informacin\u0117s sistemos duomenis, kuriuos visi asmenys gali pakartotinai naudoti ir platinti bet kokiu tikslu, nurodydami j\u0173 \u0161altin\u012f ir tik tomis pa\u010diomis s\u0105lygomis, kuriomis buvo gauti.<\/span><\/h6>\n<\/div>\n","protected":false},"excerpt":{"rendered":"<p>&nbsp; Informacija ruo\u0161iama &nbsp; Atviri duomenys&nbsp;&#8211; laisvai prieinami institucijos veikloje ar dokumentuose u\u017efiksuoti duomenys, informacija ar jos dalis, nepaisant j\u0173 pateikimo b\u016bdo, formos ir laikmenos, \u012fskaitant registro duomenis, registro informacij\u0105, registrui pateikt\u0173 dokument\u0173 ir (arba) j\u0173 kopij\u0173 duomenis, valstyb\u0117s informacin\u0117s &hellip; <a href=\"https:\/\/ringuvos-sm.siauliai.lm.lt\/?page_id=18759\">Continue reading <span class=\"meta-nav\">&rarr;<\/span><\/a><\/p>\n","protected":false},"author":2,"featured_media":0,"parent":0,"menu_order":0,"comment_status":"closed","ping_status":"closed","template":"","meta":{"ngg_post_thumbnail":0,"footnotes":""},"class_list":["post-18759","page","type-page","status-publish","hentry"],"_links":{"self":[{"href":"https:\/\/ringuvos-sm.siauliai.lm.lt\/index.php?rest_route=\/wp\/v2\/pages\/18759","targetHints":{"allow":["GET"]}}],"collection":[{"href":"https:\/\/ringuvos-sm.siauliai.lm.lt\/index.php?rest_route=\/wp\/v2\/pages"}],"about":[{"href":"https:\/\/ringuvos-sm.siauliai.lm.lt\/index.php?rest_route=\/wp\/v2\/types\/page"}],"author":[{"embeddable":true,"href":"https:\/\/ringuvos-sm.siauliai.lm.lt\/index.php?rest_route=\/wp\/v2\/users\/2"}],"replies":[{"embeddable":true,"href":"https:\/\/ringuvos-sm.siauliai.lm.lt\/index.php?rest_route=%2Fwp%2Fv2%2Fcomments&post=18759"}],"version-history":[{"count":3,"href":"https:\/\/ringuvos-sm.siauliai.lm.lt\/index.php?rest_route=\/wp\/v2\/pages\/18759\/revisions"}],"predecessor-version":[{"id":18773,"href":"https:\/\/ringuvos-sm.siauliai.lm.lt\/index.php?rest_route=\/wp\/v2\/pages\/18759\/revisions\/18773"}],"wp:attachment":[{"href":"https:\/\/ringuvos-sm.siauliai.lm.lt\/index.php?rest_route=%2Fwp%2Fv2%2Fmedia&parent=18759"}],"curies":[{"name":"wp","href":"https:\/\/api.w.org\/{rel}","templated":true}]}}