{"id":1887,"date":"2013-05-29T18:47:02","date_gmt":"2013-05-29T16:47:02","guid":{"rendered":"https:\/\/ringuvos-sm.siauliai.lm.lt\/?page_id=1887"},"modified":"2013-06-12T21:25:28","modified_gmt":"2013-06-12T19:25:28","slug":"2013-05-23-isvyka-i-zagare-sportines-varzybas","status":"publish","type":"page","link":"https:\/\/ringuvos-sm.siauliai.lm.lt\/?page_id=1887","title":{"rendered":"2013 05 23 I\u0161vyka \u012f \u017dagar\u0119 &#8211; sportines var\u017eybas"},"content":{"rendered":"<p><a href=\"wp-content\/gallery\/2013-05-23-isvyka-i-zagare\">ngg_shortcode_0_placeholder<\/a><\/p>\n<p>&nbsp;<\/p>\n<h5><span style=\"color: #008000; text-decoration: underline;\">Gr\u012f\u017eti \u012f Galerija<\/span><\/h5>\n","protected":false},"excerpt":{"rendered":"<p>&nbsp; Gr\u012f\u017eti \u012f Galerija<\/p>\n","protected":false},"author":2,"featured_media":0,"parent":0,"menu_order":0,"comment_status":"closed","ping_status":"closed","template":"","meta":{"ngg_post_thumbnail":0,"footnotes":""},"class_list":["post-1887","page","type-page","status-publish","hentry"],"_links":{"self":[{"href":"https:\/\/ringuvos-sm.siauliai.lm.lt\/index.php?rest_route=\/wp\/v2\/pages\/1887","targetHints":{"allow":["GET"]}}],"collection":[{"href":"https:\/\/ringuvos-sm.siauliai.lm.lt\/index.php?rest_route=\/wp\/v2\/pages"}],"about":[{"href":"https:\/\/ringuvos-sm.siauliai.lm.lt\/index.php?rest_route=\/wp\/v2\/types\/page"}],"author":[{"embeddable":true,"href":"https:\/\/ringuvos-sm.siauliai.lm.lt\/index.php?rest_route=\/wp\/v2\/users\/2"}],"replies":[{"embeddable":true,"href":"https:\/\/ringuvos-sm.siauliai.lm.lt\/index.php?rest_route=%2Fwp%2Fv2%2Fcomments&post=1887"}],"version-history":[{"count":4,"href":"https:\/\/ringuvos-sm.siauliai.lm.lt\/index.php?rest_route=\/wp\/v2\/pages\/1887\/revisions"}],"predecessor-version":[{"id":1893,"href":"https:\/\/ringuvos-sm.siauliai.lm.lt\/index.php?rest_route=\/wp\/v2\/pages\/1887\/revisions\/1893"}],"wp:attachment":[{"href":"https:\/\/ringuvos-sm.siauliai.lm.lt\/index.php?rest_route=%2Fwp%2Fv2%2Fmedia&parent=1887"}],"curies":[{"name":"wp","href":"https:\/\/api.w.org\/{rel}","templated":true}]}}