{"id":19060,"date":"2023-03-07T21:53:54","date_gmt":"2023-03-07T19:53:54","guid":{"rendered":"https:\/\/ringuvos-sm.siauliai.lm.lt\/?page_id=19060"},"modified":"2026-04-29T21:18:10","modified_gmt":"2026-04-29T19:18:10","slug":"ugdymas-karjerai-2","status":"publish","type":"page","link":"https:\/\/ringuvos-sm.siauliai.lm.lt\/?page_id=19060","title":{"rendered":"Ugdymas karjerai"},"content":{"rendered":"<p>&nbsp;<\/p>\n<h6><strong><span style=\"color: #000000;\">KARJEROS SPECIALIST\u0116<\/span><\/strong><\/h6>\n<h6><span style=\"color: #000000;\"> Roma Rimkevi\u010dien\u0117<\/span><\/h6>\n<p>&nbsp;<\/p>\n<h6>Pareigyb\u0117s apra\u0161ymas <span style=\"color: #008000;\"><a style=\"color: #008000;\" href=\"https:\/\/ringuvos-sm.siauliai.lm.lt\/wp-content\/uploads\/2023\/02\/Karjeros-specialisto-pareigybes-aprasymas-2.pdf\">pdf&nbsp;<\/a><\/span><\/h6>\n<h5><span style=\"color: #000000;\"><strong>Darbo laikas&nbsp;<\/strong><\/span><\/h5>\n<p><img loading=\"lazy\" decoding=\"async\" class=\"size-full wp-image-20456 alignleft\" src=\"https:\/\/ringuvos-sm.siauliai.lm.lt\/wp-content\/uploads\/2025\/01\/DARBO-LAIKAS.png\" alt=\"\" width=\"376\" height=\"174\" srcset=\"https:\/\/ringuvos-sm.siauliai.lm.lt\/wp-content\/uploads\/2025\/01\/DARBO-LAIKAS.png 376w, https:\/\/ringuvos-sm.siauliai.lm.lt\/wp-content\/uploads\/2025\/01\/DARBO-LAIKAS-300x139.png 300w\" sizes=\"auto, (max-width: 376px) 100vw, 376px\" \/><\/p>\n<p>&nbsp;<\/p>\n<p>&nbsp;<\/p>\n<p>&nbsp;<\/p>\n<p>&nbsp;<\/p>\n<h6><strong><span style=\"color: #000000;\">&nbsp;Kabineto<\/span> Nr. D-103<\/strong><\/h6>\n<h6><strong>&nbsp;K<\/strong><strong>ontaktai:<\/strong><\/h6>\n<h6><span style=\"color: #000000;\"><strong>El. p.<\/strong> &nbsp;<a style=\"color: #000000;\" href=\"mailto:roma.rimkeviciene@ringuvosmokykla.lt\">roma.rimkeviciene@ringuvosmokykla.lt<\/a><\/span><\/h6>\n<h6><span style=\"color: #000000;\">Tel.&nbsp; +370 41 504260, +370&nbsp;684 55042<\/span><\/h6>\n<p>&nbsp;<\/p>\n<h6><span style=\"color: #000000;\"><strong>&nbsp;<\/strong><strong>KARJEROS SPECIALISTAS<\/strong><\/span><\/h6>\n<ul>\n<li><strong style=\"color: initial;\">supa\u017eindina<\/strong><span style=\"color: initial;\"> mokinius, mokytojus, t\u0117vus\/glob\u0117jus\/r\u016bpintojus su mokykloje teikiamomis ugdymo karjerai paslaugomis;<\/span><\/li>\n<li><strong>vykdo<\/strong> individualias ir grupines konsultacijas mokiniams sav\u0119s pa\u017einimo, ugdymo(si) t\u0119stinumo ir karjeros planavimo klausimais;<\/li>\n<li><strong>teikia<\/strong> informacij\u0105 mokiniams, t\u0117vams\/glob\u0117jams\/r\u016bpintojams apie mokykloje vykdomas programas, ugdymo(si) t\u0119stinumo galimybes;<\/li>\n<li><strong>organizuoja<\/strong> profesin\u012f veiklinim\u0105 \u2013 veiklas, kuriose mokiniams padedama pa\u017einti u\u017eimtumo sritis, profesij\u0173 ypatumus;<\/li>\n<li><strong>bendradarbiauja<\/strong> su klasi\u0173 vadovais, mokytojais, aukl\u0117tojais mokini\u0173 ugdymo karjerai klausimais;<\/li>\n<li><strong>koordinuoja<\/strong> ir vykdo karjeros paslaug\u0173 kokyb\u0117s u\u017etikrinim\u0105 ir steb\u0117sen\u0105 Mokykloje.<\/li>\n<\/ul>\n<p>&nbsp;<\/p>\n<p>&nbsp;<\/p>\n<h5><span style=\"color: #000000;\"><strong>DOKUMENTAI<\/strong><\/span><\/h5>\n<h6><a href=\"https:\/\/ringuvos-sm.siauliai.lm.lt\/wp-content\/uploads\/2023\/03\/KARJEROS-PASLAUGU-TEIKIMO-MOKINIAMS-SIAULIU-MIESTE.pdf\"><span style=\"color: #000000;\">KARJEROS PASLAUG\u0172 TEIKIMO MOKINIAMS \u0160IAULI\u0172 MIESTE TVARKOS APRA\u0160AS<\/span><\/a><\/h6>\n<h6><a href=\"https:\/\/ringuvos-sm.siauliai.lm.lt\/wp-content\/uploads\/2023\/03\/karjeros-paslaugu-teikimo-APRASAS.pdf\"><span style=\"color: #000000;\">\u0160IAULI\u0172 ,,RINGUVOS&#8221; MOKYKLOS KARJEROS PASLAUG\u0172 TEIKIMO MOKINIAMS TVARKOS APRA\u0160AS<\/span><\/a><\/h6>\n<h6><a href=\"https:\/\/ringuvos-sm.siauliai.lm.lt\/wp-content\/uploads\/2025\/01\/UK-Planas-2024-2025-m.m.docx\"><span style=\"color: #000000;\">\u0160IAULI\u0172 \u201eRINGUVOS\u201c MOKYKLOS UGDYMO KARJERAI VEIKLOS PLANAS 2024-2025 M.M. <\/span><\/a><\/h6>\n<h6>&nbsp;<\/h6>\n<h6><span style=\"color: #000000;\"><a style=\"color: #000000;\" href=\"https:\/\/sku.siauliai.lt\/\"><span style=\"color: #008000;\">Socialini\u0173 kompetencij\u0173 ugdymo kalendorius<\/span><\/a><\/span><\/h6>\n<h6><span style=\"color: #000000;\"><span style=\"color: #008000;\"><a style=\"color: #008000;\" href=\"http:\/\/www.mukis.lt\/\">www.mukis.lt<\/a>&nbsp;<\/span> &nbsp; Mokini\u0173 ugdymo karjerai informacin\u0117 svetain\u0117<\/span><\/h6>\n<h6><span style=\"color: #000000;\">&nbsp;&nbsp;<\/span><\/h6>\n<h5><span style=\"color: #000000;\"><strong>AKTUALI INFORMACIJA<\/strong><\/span><\/h5>\n<h6><span style=\"color: #008000;\"><a style=\"color: #008000;\" href=\"http:\/\/www.aikos.smm.lt\/\">www.aikos.smm.lt<\/a><\/span>&nbsp;<span style=\"color: #000000;\">Lietuvos profesij\u0173 klasifikatorius<\/span><\/h6>\n<h6><span style=\"color: #008000;\"><a style=\"color: #008000;\" href=\"http:\/\/www.euroguidance.lt\/\">www.euroguidance.lt<\/a> <\/span>&nbsp;<span style=\"color: #000000;\">Testai, leidiniai, video, \u017eaidimai<\/span><\/h6>\n<h6><span style=\"color: #008000;\"><a style=\"color: #008000;\" href=\"https:\/\/uzt.lt\/\">www.ldb.lt<\/a>&nbsp;<\/span>Darbo paie\u0161ka<\/h6>\n<h6><span style=\"color: #008000;\"><a style=\"color: #008000;\" href=\"http:\/\/www.lamabpo.lt\/\">www.lamabpo.lt<\/a>&nbsp;<\/span><span style=\"color: #000000;\">Stojimo informacija<\/span><\/h6>\n<h6><span style=\"color: #008000;\"><a style=\"color: #008000;\" href=\"http:\/\/www.stmc.lt\/\">www.stmc.lt<\/a>&nbsp;<\/span><span style=\"color: #000000;\">\u0160iauli\u0173 technologij\u0173 mokymo centras<\/span><\/h6>\n<h6><span style=\"color: #008000;\"><a style=\"color: #008000;\" href=\"http:\/\/www.euroguidance.lt\/\">www.euroguidance.lt<\/a>&nbsp;<\/span> <span style=\"color: #000000;\">&nbsp;Testai pateikti skyrelyje \u201cKarjeros planavimo \u017eingsniai\u201d<\/span><\/h6>\n<h5><span style=\"color: #008000;\"><a style=\"color: #008000;\" href=\"http:\/\/www.karjerosugdymas.lt\/\">www.karjerosugdymas.lt<\/a><\/span><\/h5>\n<h6>&nbsp;<\/h6>\n<h5><span style=\"color: #000000;\">Renginiai:<\/span><\/h5>\n<h6><a href=\"https:\/\/ringuvos-sm.siauliai.lm.lt\/?p=21525\"><span style=\"color: #000000;\">2026 04 23 Respublikin\u0117 mokini\u0173 konferencija \u201eMano ypatingas pom\u0117gis\u201c<\/span><\/a><\/h6>\n<h6><a href=\"https:\/\/ringuvos-sm.siauliai.lm.lt\/?p=21450\"><span style=\"color: #000000;\">2026 04 16 I\u0161vyka \u012f \u0160iauli\u0173 TMC Verslo paslaug\u0173 skyri\u0173<\/span><\/a><\/h6>\n<h6><a href=\"https:\/\/ringuvos-sm.siauliai.lm.lt\/?p=21447\"><span style=\"color: #000000;\">2026 04 15 I\u0161vyka \u012f \u0160iauli\u0173 TMC Informacini\u0173 technologij\u0173 ir statybos skyri\u0173<\/span><\/a><\/h6>\n<h6><a href=\"https:\/\/ringuvos-sm.siauliai.lm.lt\/?p=21372\"><span style=\"color: #000000;\">2026 03 24 Edukacin\u0117 i\u0161vyka \u012f \u0160iauli\u0173 TMC<\/span><\/a><\/h6>\n<h6><a href=\"https:\/\/ringuvos-sm.siauliai.lm.lt\/?p=21352\"><span style=\"color: #000000;\">2026 03 18 Edukacija \u201eMini mielin\u0117s te\u0161los bandeli\u0173 kepimas ir dekoravimas\u201c \u0160iauli\u0173 technologij\u0173 mokymo centre<\/span><\/a><\/h6>\n<h6><a href=\"https:\/\/ringuvos-sm.siauliai.lm.lt\/?p=21305\"><span style=\"color: #000000;\">2026 03 06 Kaziuko mug\u0117<\/span><\/a><\/h6>\n<h6><a href=\"https:\/\/ringuvos-sm.siauliai.lm.lt\/?p=21128\"><span style=\"color: #000000;\">2025 12 12 Respublikin\u0117 mokini\u0173 konferencija \u201eMano svajon\u0117s ir atradimai\u201c<\/span><\/a><\/h6>\n<h6><a href=\"https:\/\/ringuvos-sm.siauliai.lm.lt\/?p=21098\"><span style=\"color: #000000;\">2025 11 20 Galimybi\u0173 festivalis \u201eTAVO PIN KODAS\u201c<\/span><\/a><\/h6>\n<h6>&nbsp;<\/h6>\n<h6><span style=\"color: #000000;\"><a class=\"article-title\" style=\"color: #000000;\" title=\"2024 04 12  Atvir\u0173 dur\u0173 diena \u0160iauli\u0173 TMC  Men\u0173 ir gro\u017eio paslaug\u0173 skyriuje\" href=\"https:\/\/ringuvos-sm.siauliai.lm.lt\/?p=19983\" rel=\"bookmark\">2024 04 12 Atvir\u0173 dur\u0173 diena \u0160iauli\u0173 TMC Men\u0173 ir gro\u017eio paslaug\u0173 skyriuje<\/a><\/span><\/h6>\n<h6><span style=\"color: #000000;\"><a class=\"article-title\" style=\"color: #000000;\" title=\"2024 04 12  Atvir\u0173 dur\u0173 diena \u0160iauli\u0173 TMC Prekybos ir verslo skyriuje\" href=\"https:\/\/ringuvos-sm.siauliai.lm.lt\/?p=19978\" rel=\"bookmark\">2024 04 12 Atvir\u0173 dur\u0173 diena \u0160iauli\u0173 TMC Prekybos ir verslo skyriuje<\/a><\/span><\/h6>\n<h6><span style=\"color: #000000;\"><a style=\"color: #000000;\" href=\"https:\/\/ringuvos-sm.siauliai.lm.lt\/?p=19836\">2024 03 26 Atvir\u0173 dur\u0173 diena \u0160iauli\u0173 technologij\u0173 mokymo centro Prekybos ir verslo skyriuje&nbsp;<\/a><\/span>&nbsp;<\/h6>\n<h6><span style=\"color: #000000;\"><a style=\"color: #000000;\" href=\"https:\/\/ringuvos-sm.siauliai.lm.lt\/?p=19612\">2023 12 05 I\u0161vyka \u012f \u0160iauli\u0173 technologij\u0173 mokymo centro Statybos skyri\u0173<\/a><\/span><\/h6>\n<h6><span style=\"color: #000000;\"><a class=\"article-title\" style=\"color: #000000;\" title=\"2023 03 30 Respublikinis konkursas \u2013 paroda \u201eProfesij\u0173 pasaulis\u201c\" href=\"https:\/\/ringuvos-sm.siauliai.lm.lt\/?p=19149\" rel=\"bookmark\">2023 03 30 Respublikinis konkursas \u2013 paroda \u201eProfesij\u0173 pasaulis\u201c<\/a><\/span><\/h6>\n<h6><span style=\"color: #000000;\"><a class=\"article-title\" style=\"color: #000000;\" title=\"2023 03 30 Pa\u017eintinis vizitas \u012f \u0160iauli\u0173 technologij\u0173 mokymo centro Prekybos ir verslo skyri\u0173\" href=\"https:\/\/ringuvos-sm.siauliai.lm.lt\/?p=19152\" rel=\"bookmark\">2023 03 30 Pa\u017eintinis vizitas \u012f \u0160iauli\u0173 technologij\u0173 mokymo centro Prekybos ir verslo skyri\u0173<\/a><\/span><\/h6>\n<h6><span style=\"color: #000000;\"><a style=\"color: #000000;\" href=\"https:\/\/ringuvos-sm.siauliai.lm.lt\/?p=19084\">2023 03 02 Kaziuko mug\u0117 \u2013 mainytuv\u0117s&nbsp; \u201eGurgu gurgu \u012f Kaziuko turg\u0173\u201c<\/a><\/span><\/h6>\n<h6><span style=\"color: #000000;\"><a class=\"article-title\" style=\"font-size: revert; font-weight: revert; color: #000000;\" title=\"2023 03 01 I\u0161vyka \u012f \u0160iauli\u0173 technologij\u0173 mokymo centr\u0105\" href=\"https:\/\/ringuvos-sm.siauliai.lm.lt\/?p=19035\" rel=\"bookmark\">2023 03 01 I\u0161vyka \u012f \u0160iauli\u0173 technologij\u0173 mokymo centr\u0105<\/a><\/span><\/h6>\n<header class=\"entry-header\">\n<h6>&nbsp;<\/h6>\n<h6>&nbsp;<\/h6>\n<h6>&nbsp;<\/h6>\n<h6>&nbsp;<\/h6>\n<h6>&nbsp;<\/h6>\n<p>&nbsp;<\/p>\n<p>&nbsp;<\/p>\n<div>&nbsp;<\/div>\n<\/header>\n<div class=\"entry-content\">\n<h6>&nbsp;&nbsp;<\/h6>\n<\/div>\n\n\n<p><\/p>\n","protected":false},"excerpt":{"rendered":"<p>&nbsp; KARJEROS SPECIALIST\u0116 Roma Rimkevi\u010dien\u0117 &nbsp; Pareigyb\u0117s apra\u0161ymas pdf&nbsp; Darbo laikas&nbsp; &nbsp; &nbsp; &nbsp; &nbsp; &nbsp;Kabineto Nr. D-103 &nbsp;Kontaktai: El. p. &nbsp;roma.rimkeviciene@ringuvosmokykla.lt Tel.&nbsp; +370 41 504260, +370&nbsp;684 55042 &nbsp; &nbsp;KARJEROS SPECIALISTAS supa\u017eindina mokinius, mokytojus, t\u0117vus\/glob\u0117jus\/r\u016bpintojus su mokykloje teikiamomis ugdymo karjerai &hellip; <a href=\"https:\/\/ringuvos-sm.siauliai.lm.lt\/?page_id=19060\">Continue reading <span class=\"meta-nav\">&rarr;<\/span><\/a><\/p>\n","protected":false},"author":2,"featured_media":0,"parent":0,"menu_order":0,"comment_status":"closed","ping_status":"closed","template":"","meta":{"ngg_post_thumbnail":0,"footnotes":""},"class_list":["post-19060","page","type-page","status-publish","hentry"],"_links":{"self":[{"href":"https:\/\/ringuvos-sm.siauliai.lm.lt\/index.php?rest_route=\/wp\/v2\/pages\/19060","targetHints":{"allow":["GET"]}}],"collection":[{"href":"https:\/\/ringuvos-sm.siauliai.lm.lt\/index.php?rest_route=\/wp\/v2\/pages"}],"about":[{"href":"https:\/\/ringuvos-sm.siauliai.lm.lt\/index.php?rest_route=\/wp\/v2\/types\/page"}],"author":[{"embeddable":true,"href":"https:\/\/ringuvos-sm.siauliai.lm.lt\/index.php?rest_route=\/wp\/v2\/users\/2"}],"replies":[{"embeddable":true,"href":"https:\/\/ringuvos-sm.siauliai.lm.lt\/index.php?rest_route=%2Fwp%2Fv2%2Fcomments&post=19060"}],"version-history":[{"count":43,"href":"https:\/\/ringuvos-sm.siauliai.lm.lt\/index.php?rest_route=\/wp\/v2\/pages\/19060\/revisions"}],"predecessor-version":[{"id":21545,"href":"https:\/\/ringuvos-sm.siauliai.lm.lt\/index.php?rest_route=\/wp\/v2\/pages\/19060\/revisions\/21545"}],"wp:attachment":[{"href":"https:\/\/ringuvos-sm.siauliai.lm.lt\/index.php?rest_route=%2Fwp%2Fv2%2Fmedia&parent=19060"}],"curies":[{"name":"wp","href":"https:\/\/api.w.org\/{rel}","templated":true}]}}