{"id":1916,"date":"2013-06-05T17:42:35","date_gmt":"2013-06-05T15:42:35","guid":{"rendered":"https:\/\/ringuvos-sm.siauliai.lm.lt\/?page_id=1916"},"modified":"2013-06-12T21:27:24","modified_gmt":"2013-06-12T19:27:24","slug":"2013-06-05-isvyka-i-siauliu-gyvunu-globos-namus","status":"publish","type":"page","link":"https:\/\/ringuvos-sm.siauliai.lm.lt\/?page_id=1916","title":{"rendered":"2013 06 05 I\u0161vyka \u012f \u0160iauli\u0173 gyv\u016bn\u0173 globos namus"},"content":{"rendered":"<p><a href=\"https:\/\/ringuvos-sm.siauliai.lm.lt\/?page_id=1916\">ngg_shortcode_0_placeholder<\/a><\/p>\n<p>&nbsp;<\/p>\n<h5><a href=\"https:\/\/ringuvos-sm.siauliai.lm.lt\/?page_id=38\"><span style=\"text-decoration: underline;\"><span style=\"color: #008000; text-decoration: underline;\">Gr\u012f\u017eti \u012f Galerija<\/span><\/span><\/a><\/h5>\n","protected":false},"excerpt":{"rendered":"<p>&nbsp; Gr\u012f\u017eti \u012f Galerija<\/p>\n","protected":false},"author":2,"featured_media":0,"parent":0,"menu_order":0,"comment_status":"closed","ping_status":"closed","template":"","meta":{"ngg_post_thumbnail":0,"footnotes":""},"class_list":["post-1916","page","type-page","status-publish","hentry"],"_links":{"self":[{"href":"https:\/\/ringuvos-sm.siauliai.lm.lt\/index.php?rest_route=\/wp\/v2\/pages\/1916","targetHints":{"allow":["GET"]}}],"collection":[{"href":"https:\/\/ringuvos-sm.siauliai.lm.lt\/index.php?rest_route=\/wp\/v2\/pages"}],"about":[{"href":"https:\/\/ringuvos-sm.siauliai.lm.lt\/index.php?rest_route=\/wp\/v2\/types\/page"}],"author":[{"embeddable":true,"href":"https:\/\/ringuvos-sm.siauliai.lm.lt\/index.php?rest_route=\/wp\/v2\/users\/2"}],"replies":[{"embeddable":true,"href":"https:\/\/ringuvos-sm.siauliai.lm.lt\/index.php?rest_route=%2Fwp%2Fv2%2Fcomments&post=1916"}],"version-history":[{"count":3,"href":"https:\/\/ringuvos-sm.siauliai.lm.lt\/index.php?rest_route=\/wp\/v2\/pages\/1916\/revisions"}],"predecessor-version":[{"id":1974,"href":"https:\/\/ringuvos-sm.siauliai.lm.lt\/index.php?rest_route=\/wp\/v2\/pages\/1916\/revisions\/1974"}],"wp:attachment":[{"href":"https:\/\/ringuvos-sm.siauliai.lm.lt\/index.php?rest_route=%2Fwp%2Fv2%2Fmedia&parent=1916"}],"curies":[{"name":"wp","href":"https:\/\/api.w.org\/{rel}","templated":true}]}}