{"id":19206,"date":"2023-04-19T20:26:56","date_gmt":"2023-04-19T18:26:56","guid":{"rendered":"https:\/\/ringuvos-sm.siauliai.lm.lt\/?page_id=19206"},"modified":"2023-04-21T12:38:30","modified_gmt":"2023-04-21T10:38:30","slug":"ugdymo-turinio-atnaujinimas-uta","status":"publish","type":"page","link":"https:\/\/ringuvos-sm.siauliai.lm.lt\/?page_id=19206","title":{"rendered":"Ugdymo turinio atnaujinimas (UTA)"},"content":{"rendered":"<h5>&nbsp;<\/h5>\n<ul>\n<li>\n<h5><span style=\"color: #008000;\"><a style=\"color: #008000;\" href=\"https:\/\/ringuvos-sm.siauliai.lm.lt\/wp-content\/uploads\/2023\/04\/TOV-del-ugdymo-turinio-atnaujinimo-komandos-sudarymo.pdf\">Ugdymo turinio atnaujinimo (UTA) komandos sud\u0117tis<\/a><\/span><\/h5>\n<\/li>\n<li>\n<h5><span style=\"color: #008000;\"><a style=\"color: #008000;\" href=\"https:\/\/ringuvos-sm.siauliai.lm.lt\/wp-content\/uploads\/2023\/04\/UTA-planas.pdf\">Ugdymo turinio atnaujinimo (UTA)&nbsp; veiksm\u0173 planas<\/a><\/span><\/h5>\n<\/li>\n<li>\n<h5><span style=\"color: #008000;\"><a style=\"color: #008000;\" href=\"https:\/\/ringuvos-sm.siauliai.lm.lt\/wp-content\/uploads\/2023\/04\/340126293_717783186700439_8772946172204800220_n-1.png\">Ugdymo turinio atnaujinimas.&nbsp; Laiko juosta<\/a><\/span><\/h5>\n<\/li>\n<li>\n<h5><span style=\"color: #008000;\"><a style=\"color: #008000;\" href=\"https:\/\/ringuvos-sm.siauliai.lm.lt\/?page_id=19247\"><span style=\"font-weight: 400;\">Vykusi\u0173 rengini\u0173&nbsp; sklaida&nbsp;<\/span><\/a><\/span><\/h5>\n<\/li>\n<li>\n<h5><span style=\"color: #008000;\"><a style=\"color: #008000;\" href=\"https:\/\/ringuvos-sm.siauliai.lm.lt\/?page_id=19239\"><span style=\"font-weight: 400;\">UTA reglamentuojantys dokumentai, kitos naudingos nuorodos<\/span><\/a><\/span><\/h5>\n<\/li>\n<li>\n<h5><span style=\"color: #000000;\"><a href=\"https:\/\/ringuvos-sm.siauliai.lm.lt\/wp-content\/uploads\/2023\/04\/Tevams-apie-ugdymo-turinio-atnaujinima.pdf\"><span style=\"color: #008000;\">T\u0117vams apie UTA<\/span> <\/a>&nbsp;<\/span><\/h5>\n<\/li>\n<\/ul>\n\n\n<p><\/p>\n","protected":false},"excerpt":{"rendered":"<p>&nbsp; Ugdymo turinio atnaujinimo (UTA) komandos sud\u0117tis Ugdymo turinio atnaujinimo (UTA)&nbsp; veiksm\u0173 planas Ugdymo turinio atnaujinimas.&nbsp; Laiko juosta Vykusi\u0173 rengini\u0173&nbsp; sklaida&nbsp; UTA reglamentuojantys dokumentai, kitos naudingos nuorodos T\u0117vams apie UTA &nbsp;<\/p>\n","protected":false},"author":2,"featured_media":0,"parent":0,"menu_order":0,"comment_status":"closed","ping_status":"closed","template":"","meta":{"ngg_post_thumbnail":0,"footnotes":""},"class_list":["post-19206","page","type-page","status-publish","hentry"],"_links":{"self":[{"href":"https:\/\/ringuvos-sm.siauliai.lm.lt\/index.php?rest_route=\/wp\/v2\/pages\/19206","targetHints":{"allow":["GET"]}}],"collection":[{"href":"https:\/\/ringuvos-sm.siauliai.lm.lt\/index.php?rest_route=\/wp\/v2\/pages"}],"about":[{"href":"https:\/\/ringuvos-sm.siauliai.lm.lt\/index.php?rest_route=\/wp\/v2\/types\/page"}],"author":[{"embeddable":true,"href":"https:\/\/ringuvos-sm.siauliai.lm.lt\/index.php?rest_route=\/wp\/v2\/users\/2"}],"replies":[{"embeddable":true,"href":"https:\/\/ringuvos-sm.siauliai.lm.lt\/index.php?rest_route=%2Fwp%2Fv2%2Fcomments&post=19206"}],"version-history":[{"count":17,"href":"https:\/\/ringuvos-sm.siauliai.lm.lt\/index.php?rest_route=\/wp\/v2\/pages\/19206\/revisions"}],"predecessor-version":[{"id":19249,"href":"https:\/\/ringuvos-sm.siauliai.lm.lt\/index.php?rest_route=\/wp\/v2\/pages\/19206\/revisions\/19249"}],"wp:attachment":[{"href":"https:\/\/ringuvos-sm.siauliai.lm.lt\/index.php?rest_route=%2Fwp%2Fv2%2Fmedia&parent=19206"}],"curies":[{"name":"wp","href":"https:\/\/api.w.org\/{rel}","templated":true}]}}