{"id":19239,"date":"2023-04-21T12:30:30","date_gmt":"2023-04-21T10:30:30","guid":{"rendered":"https:\/\/ringuvos-sm.siauliai.lm.lt\/?page_id=19239"},"modified":"2023-04-21T20:41:59","modified_gmt":"2023-04-21T18:41:59","slug":"uta-reglamentuojantys-dokumentai-kitos-naudingos-nuorodos","status":"publish","type":"page","link":"https:\/\/ringuvos-sm.siauliai.lm.lt\/?page_id=19239","title":{"rendered":"UTA reglamentuojantys dokumentai, kitos naudingos nuorodos"},"content":{"rendered":"\n<p><\/p>\n\n\n\n<p><\/p>\n\n\n<p>&nbsp;<\/p>\n<ul>\n<li>\n<h5>Atnaujintos bendrosios programos&nbsp; <span style=\"color: #008000;\"><a style=\"color: #008000;\" href=\"https:\/\/www.emokykla.lt\/bendrasis\/bendrosios-programos\/atnaujintos-bendrosios-programos\">emokykla.lt&nbsp;<\/a><\/span><\/h5>\n<\/li>\n<li>\n<h5>Rekomendacijos d\u0117l atnaujint\u0173 bendr\u0173j\u0173 program\u0173 pritaikymo speciali\u0173j\u0173 ugdymosi poreiki\u0173 turintiems mokiniams <span style=\"color: #008000;\"><a style=\"color: #008000;\" href=\"https:\/\/www.emokykla.lt\/bendrasis\/bendrosios-programos\/atnaujintos-bendrosios-programos\">emokykla.lt<\/a><\/span><\/h5>\n<\/li>\n<li>\n<h5>Kompetencijos (N\u0160A) <span style=\"color: #008000;\"><a style=\"color: #008000;\" href=\"https:\/\/ringuvos-sm.siauliai.lm.lt\/wp-content\/uploads\/2023\/04\/3.Kompetencijos-skaidres.pdf\">pdf&nbsp;<\/a><\/span><\/h5>\n<\/li>\n<li>\n<h5>Kompetencij\u0173 raidos apra\u0161as<span style=\"color: #008000;\"> <a style=\"color: #008000;\" href=\"https:\/\/ringuvos-sm.siauliai.lm.lt\/wp-content\/uploads\/2023\/04\/3-Kompetenciju-raida-pagal-klases.pdf\">pdf&nbsp;<\/a><\/span><\/h5>\n<\/li>\n<li>\n<h5>Pasirengimas dirbti pagal atnaujint\u0105 ugdymo turin\u012f Savivaldyb\u0117s, \u0161vietimo pagalbos \u012fstaigoms ir mokykloms <span style=\"color: #008000;\"><a style=\"color: #008000;\" href=\"https:\/\/ringuvos-sm.siauliai.lm.lt\/wp-content\/uploads\/2023\/04\/Pasirengimas-ugdymo-turinio-atnaujinimui.-Naudingi-patarimai-nuorodos.pdf\">pdf&nbsp;<\/a><\/span><\/h5>\n<\/li>\n<li>\n<h5>Atnaujint\u0173 BP diegimas: \u0161vietimo pagalbos \u012fstaig\u0173 vaidmuo <span style=\"color: #008000;\"><a style=\"color: #008000;\" href=\"https:\/\/ringuvos-sm.siauliai.lm.lt\/wp-content\/uploads\/2023\/04\/Atnaujintu-bendruju-programu-diegimas_-svietimo-pagalbos-itaigu-vaidmuo.pdf\">pdf&nbsp;<\/a><\/span><\/h5>\n<\/li>\n<li>\n<h5>D\u0117mesys kiekvieno mokinio mokymuisi ir&nbsp; pa\u017eangai <span style=\"color: #008000;\"><a style=\"color: #008000;\" href=\"https:\/\/ringuvos-sm.siauliai.lm.lt\/wp-content\/uploads\/2023\/04\/DEMESYS-KIEKVIENO-MOKINIO-MOKYMUISI-IR-PAZANGAI.pdf\">pdf&nbsp;<\/a><\/span><\/h5>\n<\/li>\n<li>\n<h5>Ugdymo turinio atnaujinimas (UTA). K\u0105 reikia \u017einoti?<span style=\"color: #008000;\"><a style=\"color: #008000;\" href=\"https:\/\/ringuvos-sm.siauliai.lm.lt\/wp-content\/uploads\/2023\/04\/UGDYMO-TURINIO-ATNAUJINIMAS.pdf\"> pdf&nbsp;<\/a><\/span><\/h5>\n<\/li>\n<li>\n<h5>Ugdymo turinio k\u016brimas mokyklos lygmeniu:<\/h5>\n<h5>galimyb\u0117s ir i\u0161\u0161\u016bkiai <a href=\"https:\/\/ringuvos-sm.siauliai.lm.lt\/wp-content\/uploads\/2023\/04\/Ugdymo-turinio-kurimas.pdf\"><span style=\"color: #008000;\">pdf&nbsp;<\/span><\/a><\/h5>\n<\/li>\n<\/ul>\n<p>&nbsp;<\/p>\n<p>&nbsp;<\/p>","protected":false},"excerpt":{"rendered":"<p>&nbsp; Atnaujintos bendrosios programos&nbsp; emokykla.lt&nbsp; Rekomendacijos d\u0117l atnaujint\u0173 bendr\u0173j\u0173 program\u0173 pritaikymo speciali\u0173j\u0173 ugdymosi poreiki\u0173 turintiems mokiniams emokykla.lt Kompetencijos (N\u0160A) pdf&nbsp; Kompetencij\u0173 raidos apra\u0161as pdf&nbsp; Pasirengimas dirbti pagal atnaujint\u0105 ugdymo turin\u012f Savivaldyb\u0117s, \u0161vietimo pagalbos \u012fstaigoms ir mokykloms pdf&nbsp; Atnaujint\u0173 BP diegimas: &hellip; <a href=\"https:\/\/ringuvos-sm.siauliai.lm.lt\/?page_id=19239\">Continue reading <span class=\"meta-nav\">&rarr;<\/span><\/a><\/p>\n","protected":false},"author":2,"featured_media":0,"parent":0,"menu_order":0,"comment_status":"closed","ping_status":"closed","template":"","meta":{"ngg_post_thumbnail":0,"footnotes":""},"class_list":["post-19239","page","type-page","status-publish","hentry"],"_links":{"self":[{"href":"https:\/\/ringuvos-sm.siauliai.lm.lt\/index.php?rest_route=\/wp\/v2\/pages\/19239","targetHints":{"allow":["GET"]}}],"collection":[{"href":"https:\/\/ringuvos-sm.siauliai.lm.lt\/index.php?rest_route=\/wp\/v2\/pages"}],"about":[{"href":"https:\/\/ringuvos-sm.siauliai.lm.lt\/index.php?rest_route=\/wp\/v2\/types\/page"}],"author":[{"embeddable":true,"href":"https:\/\/ringuvos-sm.siauliai.lm.lt\/index.php?rest_route=\/wp\/v2\/users\/2"}],"replies":[{"embeddable":true,"href":"https:\/\/ringuvos-sm.siauliai.lm.lt\/index.php?rest_route=%2Fwp%2Fv2%2Fcomments&post=19239"}],"version-history":[{"count":8,"href":"https:\/\/ringuvos-sm.siauliai.lm.lt\/index.php?rest_route=\/wp\/v2\/pages\/19239\/revisions"}],"predecessor-version":[{"id":19262,"href":"https:\/\/ringuvos-sm.siauliai.lm.lt\/index.php?rest_route=\/wp\/v2\/pages\/19239\/revisions\/19262"}],"wp:attachment":[{"href":"https:\/\/ringuvos-sm.siauliai.lm.lt\/index.php?rest_route=%2Fwp%2Fv2%2Fmedia&parent=19239"}],"curies":[{"name":"wp","href":"https:\/\/api.w.org\/{rel}","templated":true}]}}