{"id":19961,"date":"2024-04-09T16:47:41","date_gmt":"2024-04-09T14:47:41","guid":{"rendered":"https:\/\/ringuvos-sm.siauliai.lm.lt\/?page_id=19961"},"modified":"2024-04-09T16:54:42","modified_gmt":"2024-04-09T14:54:42","slug":"praneseju-apsauga","status":"publish","type":"page","link":"https:\/\/ringuvos-sm.siauliai.lm.lt\/?page_id=19961","title":{"rendered":"Prane\u0161\u0117j\u0173 apsauga"},"content":{"rendered":"<div id=\"Sty_Page_Title\">&nbsp;<\/div>\n<div>\n<h5><strong>Informacijos apie pa\u017eeidimus teikimas vidiniu \u0160iauli\u0173 ,,Ringuvos&#8221; mokyklos&nbsp; kanalu.<\/strong><\/h5>\n<h5><strong>\u0160iauli\u0173 ,,Ringuvos&#8221; mokyklos vidiniu prane\u0161im\u0173 apie pa\u017eeidimus teikimo kanalu apie pa\u017eeidim\u0105 gali prane\u0161ti bet kuris pilnametis asmuo, kur\u012f su mokykla sieja darbo arba sutartiniai santykiai.<\/strong><\/h5>\n<\/div>\n<div id=\"cms_tekstas\">\n<h6>&nbsp;<\/h6>\n<h6 class=\"rtejustify\"><span style=\"color: #008000;\"><a style=\"color: #008000;\" href=\"https:\/\/e-seimas.lrs.lt\/portal\/legalAct\/lt\/TAD\/3832a702d8ea11e782d4fd2c44cc67af?jfwid=-1deuyji1xl\">Lietuvos Respublikos prane\u0161\u0117j\u0173 apsaugos \u012fstatymas<\/a><\/span><span style=\"color: #000000;\"><span style=\"color: #008000;\">&nbsp;<\/span>(toliau \u2013 \u012estatymas) \u012ftvirtina asmen\u0173, pateikusi\u0173 informacij\u0105 apie pa\u017eeidim\u0105 \u012fstaigoje, su kuria juos sieja ar siejo tarnybos ar darbo santykiai arba sutartiniai santykiai, apsaugos mechanizm\u0105. \u012estatymas taip pat nustato apie pa\u017eeidimus \u012fstaigose prane\u0161usi\u0173 asmen\u0173 teises ir pareigas, j\u0173 teisin\u0117s apsaugos pagrindus ir formas, taip pat \u0161i\u0173 asmen\u0173 apsaugos, skatinimo ir pagalbos jiems priemones, siekiant sudaryti tinkamas galimybes prane\u0161ti apie teis\u0117s pa\u017eeidimus, kelian\u010dius gr\u0117sm\u0119 vie\u0161ajam interesui arba j\u012f pa\u017eeid\u017eian\u010dius, u\u017etikrinti toki\u0173 pa\u017eeidim\u0173 prevencij\u0105 ir atskleidim\u0105.<\/span><br \/>\n<span style=\"color: #000000;\">&nbsp;<\/span><\/h6>\n<h6><span style=\"color: #000000;\">Pagal \u012estatym\u0105 informacija apie pa\u017eeidimus teikiama d\u0117l:<\/span><\/h6>\n<ol>\n<li>\n<h6><span style=\"color: #000000;\">pavojaus visuomen\u0117s saugumui ar sveikatai, asmens gyvybei ar sveikatai;<\/span><\/h6>\n<\/li>\n<li class=\"rtejustify\">\n<h6><span style=\"color: #000000;\">pavojaus aplinkai;<\/span><\/h6>\n<\/li>\n<li class=\"rtejustify\">\n<h6><span style=\"color: #000000;\">kliudymo arba neteis\u0117to poveikio teis\u0117saugos institucij\u0173 atliekamiems tyrimams ar teismams vykdant teisingum\u0105;<\/span><\/h6>\n<\/li>\n<li class=\"rtejustify\">\n<h6><span style=\"color: #000000;\">neteis\u0117tos veiklos finansavimo;<\/span><\/h6>\n<\/li>\n<li class=\"rtejustify\">\n<h6><span style=\"color: #000000;\">neteis\u0117to ar neskaidraus vie\u0161\u0173j\u0173 l\u0117\u0161\u0173 ar turto naudojimo;<\/span><\/h6>\n<\/li>\n<li class=\"rtejustify\">\n<h6><span style=\"color: #000000;\">neteis\u0117tu b\u016bdu \u012fgyto turto;<\/span><\/h6>\n<\/li>\n<li class=\"rtejustify\">\n<h6><span style=\"color: #000000;\">padaryto pa\u017eeidimo padarini\u0173 sl\u0117pimo, trukdymo nustatyti padarini\u0173 mast\u0105;<\/span><\/h6>\n<\/li>\n<li class=\"rtejustify\">\n<h6><span style=\"color: #000000;\">kit\u0173 pa\u017eeidim\u0173.<\/span><\/h6>\n<\/li>\n<\/ol>\n<h6 class=\"rtejustify\"><span style=\"color: #000000;\">Prane\u0161\u0117jas informacij\u0105 apie pa\u017eeidim\u0105 gali pateikti:<\/span><\/h6>\n<ol>\n<li class=\"rtejustify\">\n<h6><span style=\"color: #000000;\">\u012fstaigoje per vidin\u012f informacijos apie pa\u017eeidimus teikimo kanal\u0105;<\/span><\/h6>\n<\/li>\n<li class=\"rtejustify\">\n<h6><span style=\"color: #000000;\">kompetentingai institucijai (prokurat\u016brai) tiesiogiai;<\/span><\/h6>\n<\/li>\n<li class=\"rtejustify\">\n<h6><span style=\"color: #000000;\">vie\u0161ai.<\/span><\/h6>\n<\/li>\n<\/ol>\n<h6 class=\"rtejustify\"><span style=\"color: #000000;\">Siekiant veiksmingai \u012fgyvendinti \u012estatymo nuostatas,<span style=\"color: #008000;\"> <a style=\"color: #008000;\" href=\"https:\/\/e-seimas.lrs.lt\/portal\/legalAct\/lt\/TAD\/b146ff50ed8a11e89d4ad92e8434e309?jfwid=-1deuyji1xl\">Lietuvos Respublikos Vyriausyb\u0117s 2018 m. lapkri\u010dio 14 d. nutarimu Nr. 1133 \u201eD\u0117l Lietuvos Respublikos prane\u0161\u0117j\u0173 apsaugos \u012fstatymo \u012fgyvendinimo\u201c<\/a>&nbsp;<\/span> yra patvirtinti:<\/span><\/h6>\n<ol>\n<li>\n<h6><span style=\"color: #000000;\">Atlyginimo prane\u0161\u0117jams u\u017e verting\u0105 informacij\u0105 tvarkos apra\u0161as;<\/span><\/h6>\n<\/li>\n<li>\n<h6><span style=\"color: #000000;\">Kompensavimo prane\u0161\u0117jams u\u017e patiriam\u0105 neigiam\u0105 poveik\u012f ar galimus padarinius d\u0117l pateikto prane\u0161imo tvarkos apra\u0161as;<\/span><\/h6>\n<\/li>\n<li>\n<h6><span style=\"color: #000000;\">Vidini\u0173 informacijos apie pa\u017eeidimus teikimo kanal\u0173 \u012fdiegimo ir j\u0173 funkcionavimo u\u017etikrinimo tvarkos apra\u0161as.&nbsp;<\/span><\/h6>\n<\/li>\n<\/ol>\n<h6 class=\"rtejustify\"><span style=\"color: #000000;\">Vidini\u0173 informacijos apie pa\u017eeidimus teikimo kanal\u0173 \u012fdiegimo ir j\u0173 funkcionavimo u\u017etikrinimo tvarkos apra\u0161e nustatomi \u012fstaigose diegiam\u0173 vidini\u0173 informacijos apie pa\u017eeidimus teikimo kanal\u0173 reikalavimai, j\u0173 funkcionavimas, informacijos apie pa\u017eeidimus teikimas, tyrimas, tvarkymas ir konfidencialumo u\u017etikrinimas \u012fstaigoje.<\/span><\/h6>\n<h6 class=\"rtejustify\">&nbsp;<\/h6>\n<h6 class=\"rtejustify\"><span style=\"color: #000000;\"><span style=\"color: #008000;\"><a class=\"nosize nodate\" style=\"color: #008000;\" href=\"https:\/\/www.registrucentras.lt\/bylos\/dokumentai\/praneseju_apsauga\/Inform.%20apie%20pa%C5%BEeidimus%20teikimo%2C%20tyrimo%20ir%20asmens%20informavimo%20tvarkos%20apra%C5%A1as.pdf\">Informacijos apie pa\u017eeidimus teikimo, tyrimo ir asmens informavimo tvarkos apra\u0161as, patvirtintas valstyb\u0117s \u012fmon\u0117s Registr\u0173 centro direktoriaus 2018 m. lapkri\u010dio 12 d. \u012fsakymu Nr. V-406 (valstyb\u0117s \u012fmon\u0117s Registr\u0173 centro generalinio direktoriaus 2023 m. sausio 11 d. &nbsp;\u012fsakymo Nr. VE-30 (1.3 E) redakcija)<\/a>&nbsp;<\/span>(toliau \u2013 Apra\u0161as), kuris nustato informacijos apie valstyb\u0117s \u012fmon\u0117je Registr\u0173 centre (toliau \u2013 \u012emon\u0117) galimai rengiamus, padarytus ar daromus pa\u017eeidimus teikimo, informacijos apie pa\u017eeidimus pri\u0117mimo \u012emon\u0117je veikian\u010diu vidiniu informacijos apie pa\u017eeidimus teikimo kanalu, jos vertinimo ir sprendim\u0173 pri\u0117mimo tvark\u0105.<\/span><br \/>\n<span style=\"color: #000000;\">&nbsp;<\/span><\/h6>\n<ol>\n<li class=\"rtejustify\">\n<h6>&nbsp;<\/h6>\n<\/li>\n<\/ol>\n<h6 class=\"rtejustify\">&nbsp;<\/h6>\n<\/div>\n","protected":false},"excerpt":{"rendered":"<p>&nbsp; Informacijos apie pa\u017eeidimus teikimas vidiniu \u0160iauli\u0173 ,,Ringuvos&#8221; mokyklos&nbsp; kanalu. \u0160iauli\u0173 ,,Ringuvos&#8221; mokyklos vidiniu prane\u0161im\u0173 apie pa\u017eeidimus teikimo kanalu apie pa\u017eeidim\u0105 gali prane\u0161ti bet kuris pilnametis asmuo, kur\u012f su mokykla sieja darbo arba sutartiniai santykiai. &nbsp; Lietuvos Respublikos prane\u0161\u0117j\u0173 apsaugos &hellip; <a href=\"https:\/\/ringuvos-sm.siauliai.lm.lt\/?page_id=19961\">Continue reading <span class=\"meta-nav\">&rarr;<\/span><\/a><\/p>\n","protected":false},"author":2,"featured_media":0,"parent":0,"menu_order":0,"comment_status":"closed","ping_status":"closed","template":"","meta":{"ngg_post_thumbnail":0,"footnotes":""},"class_list":["post-19961","page","type-page","status-publish","hentry"],"_links":{"self":[{"href":"https:\/\/ringuvos-sm.siauliai.lm.lt\/index.php?rest_route=\/wp\/v2\/pages\/19961","targetHints":{"allow":["GET"]}}],"collection":[{"href":"https:\/\/ringuvos-sm.siauliai.lm.lt\/index.php?rest_route=\/wp\/v2\/pages"}],"about":[{"href":"https:\/\/ringuvos-sm.siauliai.lm.lt\/index.php?rest_route=\/wp\/v2\/types\/page"}],"author":[{"embeddable":true,"href":"https:\/\/ringuvos-sm.siauliai.lm.lt\/index.php?rest_route=\/wp\/v2\/users\/2"}],"replies":[{"embeddable":true,"href":"https:\/\/ringuvos-sm.siauliai.lm.lt\/index.php?rest_route=%2Fwp%2Fv2%2Fcomments&post=19961"}],"version-history":[{"count":5,"href":"https:\/\/ringuvos-sm.siauliai.lm.lt\/index.php?rest_route=\/wp\/v2\/pages\/19961\/revisions"}],"predecessor-version":[{"id":19968,"href":"https:\/\/ringuvos-sm.siauliai.lm.lt\/index.php?rest_route=\/wp\/v2\/pages\/19961\/revisions\/19968"}],"wp:attachment":[{"href":"https:\/\/ringuvos-sm.siauliai.lm.lt\/index.php?rest_route=%2Fwp%2Fv2%2Fmedia&parent=19961"}],"curies":[{"name":"wp","href":"https:\/\/api.w.org\/{rel}","templated":true}]}}