{"id":2768,"date":"2014-04-04T09:54:41","date_gmt":"2014-04-04T07:54:41","guid":{"rendered":"https:\/\/ringuvos-sm.siauliai.lm.lt\/?page_id=2768"},"modified":"2014-04-04T11:06:12","modified_gmt":"2014-04-04T09:06:12","slug":"2014-03-27-sveciuojames-siauliu-regiono-televizijoje-s-plius-ir-savaitrascio-siauliai-plius-redakcijoje","status":"publish","type":"page","link":"https:\/\/ringuvos-sm.siauliai.lm.lt\/?page_id=2768","title":{"rendered":"2014 03 27 Sve\u010diuojam\u0117s  \u0160iauli\u0173 regiono televizijoje &#8222;S plius&#8221; ir savaitra\u0161\u010dio &#8222;\u0160iauliai plius&#8221; redakcijoje"},"content":{"rendered":"<p><a href=\"https:\/\/ringuvos-sm.siauliai.lm.lt\/?page_id=2768\">ngg_shortcode_0_placeholder<\/a><\/p>\n","protected":false},"excerpt":{"rendered":"","protected":false},"author":2,"featured_media":0,"parent":0,"menu_order":0,"comment_status":"closed","ping_status":"closed","template":"","meta":{"ngg_post_thumbnail":0,"footnotes":""},"class_list":["post-2768","page","type-page","status-publish","hentry"],"_links":{"self":[{"href":"https:\/\/ringuvos-sm.siauliai.lm.lt\/index.php?rest_route=\/wp\/v2\/pages\/2768","targetHints":{"allow":["GET"]}}],"collection":[{"href":"https:\/\/ringuvos-sm.siauliai.lm.lt\/index.php?rest_route=\/wp\/v2\/pages"}],"about":[{"href":"https:\/\/ringuvos-sm.siauliai.lm.lt\/index.php?rest_route=\/wp\/v2\/types\/page"}],"author":[{"embeddable":true,"href":"https:\/\/ringuvos-sm.siauliai.lm.lt\/index.php?rest_route=\/wp\/v2\/users\/2"}],"replies":[{"embeddable":true,"href":"https:\/\/ringuvos-sm.siauliai.lm.lt\/index.php?rest_route=%2Fwp%2Fv2%2Fcomments&post=2768"}],"version-history":[{"count":2,"href":"https:\/\/ringuvos-sm.siauliai.lm.lt\/index.php?rest_route=\/wp\/v2\/pages\/2768\/revisions"}],"predecessor-version":[{"id":2794,"href":"https:\/\/ringuvos-sm.siauliai.lm.lt\/index.php?rest_route=\/wp\/v2\/pages\/2768\/revisions\/2794"}],"wp:attachment":[{"href":"https:\/\/ringuvos-sm.siauliai.lm.lt\/index.php?rest_route=%2Fwp%2Fv2%2Fmedia&parent=2768"}],"curies":[{"name":"wp","href":"https:\/\/api.w.org\/{rel}","templated":true}]}}