{"id":2999,"date":"2014-05-04T11:57:22","date_gmt":"2014-05-04T09:57:22","guid":{"rendered":"https:\/\/ringuvos-sm.siauliai.lm.lt\/?page_id=2999"},"modified":"2014-05-04T11:57:22","modified_gmt":"2014-05-04T09:57:22","slug":"2014-04-01-dalyvavome-inkilu-kelimo-sventeje-prie-talksos-ezero","status":"publish","type":"page","link":"https:\/\/ringuvos-sm.siauliai.lm.lt\/?page_id=2999","title":{"rendered":"2014 04 01 Dalyvavome inkil\u0173 k\u0117limo \u0161vent\u0117je prie Talk\u0161os e\u017eero"},"content":{"rendered":"<p><a href=\"https:\/\/ringuvos-sm.siauliai.lm.lt\/?page_id=2999\">ngg_shortcode_0_placeholder<\/a><\/p>\n","protected":false},"excerpt":{"rendered":"","protected":false},"author":2,"featured_media":0,"parent":0,"menu_order":0,"comment_status":"closed","ping_status":"closed","template":"","meta":{"ngg_post_thumbnail":0,"footnotes":""},"class_list":["post-2999","page","type-page","status-publish","hentry"],"_links":{"self":[{"href":"https:\/\/ringuvos-sm.siauliai.lm.lt\/index.php?rest_route=\/wp\/v2\/pages\/2999","targetHints":{"allow":["GET"]}}],"collection":[{"href":"https:\/\/ringuvos-sm.siauliai.lm.lt\/index.php?rest_route=\/wp\/v2\/pages"}],"about":[{"href":"https:\/\/ringuvos-sm.siauliai.lm.lt\/index.php?rest_route=\/wp\/v2\/types\/page"}],"author":[{"embeddable":true,"href":"https:\/\/ringuvos-sm.siauliai.lm.lt\/index.php?rest_route=\/wp\/v2\/users\/2"}],"replies":[{"embeddable":true,"href":"https:\/\/ringuvos-sm.siauliai.lm.lt\/index.php?rest_route=%2Fwp%2Fv2%2Fcomments&post=2999"}],"version-history":[{"count":1,"href":"https:\/\/ringuvos-sm.siauliai.lm.lt\/index.php?rest_route=\/wp\/v2\/pages\/2999\/revisions"}],"predecessor-version":[{"id":3000,"href":"https:\/\/ringuvos-sm.siauliai.lm.lt\/index.php?rest_route=\/wp\/v2\/pages\/2999\/revisions\/3000"}],"wp:attachment":[{"href":"https:\/\/ringuvos-sm.siauliai.lm.lt\/index.php?rest_route=%2Fwp%2Fv2%2Fmedia&parent=2999"}],"curies":[{"name":"wp","href":"https:\/\/api.w.org\/{rel}","templated":true}]}}