{"id":30,"date":"2013-01-26T11:29:56","date_gmt":"2013-01-26T09:29:56","guid":{"rendered":"http:\/\/ringuvos.coral.lt\/?page_id=30"},"modified":"2021-05-07T17:36:20","modified_gmt":"2021-05-07T15:36:20","slug":"apie-mus","status":"publish","type":"page","link":"https:\/\/ringuvos-sm.siauliai.lm.lt\/?page_id=30","title":{"rendered":"Apie mus"},"content":{"rendered":"<h4><strong>&nbsp;&nbsp;&nbsp;&nbsp;&nbsp;&nbsp;&nbsp;&nbsp;&nbsp;&nbsp;&nbsp;&nbsp;&nbsp;&nbsp;&nbsp;&nbsp;&nbsp;&nbsp;&nbsp;&nbsp;&nbsp;&nbsp;&nbsp;&nbsp;&nbsp;&nbsp;&nbsp;&nbsp;&nbsp;&nbsp;&nbsp;&nbsp;&nbsp;&nbsp;&nbsp;&nbsp;&nbsp;&nbsp;&nbsp;&nbsp;&nbsp;&nbsp;&nbsp;&nbsp;&nbsp;&nbsp;&nbsp;&nbsp;&nbsp;&nbsp;<\/strong><\/h4>\n<ul>\n<li>\n<h5><span style=\"color: #000000;\">Mokyklos laikra\u0161tis<span style=\"color: #008000;\"> <a style=\"color: #008000;\" href=\"https:\/\/ringuvos-sm.siauliai.lm.lt\/?page_id=4000\">,,Ringuvietis&#8221;&nbsp;&nbsp;<\/a><\/span><\/span><\/h5>\n<\/li>\n<li>\n<h5><span style=\"color: #000000;\"><strong>Mokyklos istorija&nbsp;&nbsp;<\/strong> <span style=\"color: #008000;\"><a style=\"color: #008000;\" href=\"https:\/\/ringuvos-sm.siauliai.lm.lt\/wp-content\/uploads\/2014\/12\/Mokyklos-istorija.docx\">doc&nbsp;&nbsp;<\/a><\/span><\/span><\/h5>\n<\/li>\n<li>\n<h5><span style=\"color: #000000;\"><strong>Mokyklos vizija<\/strong>&nbsp;<\/span><\/h5>\n<h5><span style=\"color: #000000;\">Mokykla, u\u017etikrinanti kokybi\u0161k\u0105 ugdym\u0105 \u012fvairi\u0173 gebejim\u0173 mokiniams, sudaranti modernias ir saugias s\u0105lygas ugdymos(si) procesui organizuoti, atvira kaitai, nuolat besimokanti<\/span><\/h5>\n<\/li>\n<li>\n<h5><span style=\"color: #000000;\"><strong>Mokyklos misija<\/strong><\/span><\/h5>\n<h5><span style=\"color: #000000;\">Teikti \u0161vietimo pagalb\u0105 speciali\u0173j\u0173 ugdymos(si) poreiki\u0173 asmenims, pl\u0117toti j\u0173 dvasines, intelektines, fizines galias, &nbsp;pad\u0117ti \u012fveikti socialin\u0119 atskirt\u012f bei tapti dorais, atsakingais visuomen\u0117s nariais&nbsp;<\/span><\/h5>\n<\/li>\n<\/ul>\n<h5><span style=\"color: #000000;\"><strong>Mokyklos veiklos prioritetai<\/strong><\/span><\/h5>\n<ul>\n<li>\n<h6><span style=\"color: #000000;\">Kiekvieno mokinio s\u0117km\u0117&nbsp;<\/span><\/h6>\n<\/li>\n<li>\n<h6><span style=\"color: #000000;\">Bendruomeni\u0161kumas ir lyderyst\u0117 <\/span><\/h6>\n<\/li>\n<li>\n<h6><span style=\"color: #000000;\">\u0160iuolaikin\u0117 ugdymosi aplinka<\/span><\/h6>\n<\/li>\n<\/ul>\n<h5><span style=\"color: #000000;\"><strong>&nbsp; &nbsp;<span style=\"color: #008000;\"> &nbsp; &nbsp;<span style=\"color: #000000;\">Mokyklos vertyb\u0117s<\/span><\/span><\/strong><\/span><\/h5>\n<ul>\n<li>\n<h6><span style=\"color: #000000;\">Pagalba&nbsp;<\/span><\/h6>\n<\/li>\n<li>\n<h6><span style=\"color: #000000;\">Pagarba&nbsp;<\/span><\/h6>\n<\/li>\n<li>\n<h6><span style=\"color: #000000;\">Bendruomeni\u0161kumas&nbsp;<\/span><\/h6>\n<\/li>\n<\/ul>\n<h5><span style=\"color: #000000;\"><strong>Edukacin\u0117s erdv\u0117s<\/strong><\/span><\/h5>\n<h5><span style=\"color: #000000;\">\u012estaigoje sukurtos visos b\u016btiniausios erdv\u0117s mokini\u0173 ugdymui(si) ir poilsiui :<\/span><\/h5>\n<ul>\n<li>\n<h6><span style=\"color: #000000;\">klas\u0117s ir kabinetai<\/span><\/h6>\n<\/li>\n<li>\n<h6><span style=\"color: #000000;\">biblioteka<\/span><\/h6>\n<\/li>\n<li>\n<h6><span style=\"color: #000000;\">sporto, treniruokli\u0173, judesio ir pad\u0117ties korekcijos sal\u0117s<\/span><\/h6>\n<\/li>\n<li>\n<h6><span style=\"color: #000000;\">logopedinis kabinetas<\/span><\/h6>\n<\/li>\n<li>\n<h6><span style=\"color: #000000;\">informacini\u0173 technologij\u0173 kabinetai<\/span><\/h6>\n<\/li>\n<li>\n<h6><span style=\"color: #000000;\">\u017eaidim\u0173 ir poilsio kambariai<\/span><\/h6>\n<\/li>\n<li>\n<h6><span style=\"color: #000000;\">penki\u0173 poj\u016b\u010di\u0173 sensorinis kabinetas<\/span><\/h6>\n<\/li>\n<li>\n<h6><span style=\"color: #000000;\">multisensorin\u0117s edukacin\u0117s erdv\u0117s kabinetas<\/span><\/h6>\n<\/li>\n<li>\n<h6>lauko klas\u0117<\/h6>\n<\/li>\n<\/ul>\n","protected":false},"excerpt":{"rendered":"<p>&nbsp;&nbsp;&nbsp;&nbsp;&nbsp;&nbsp;&nbsp;&nbsp;&nbsp;&nbsp;&nbsp;&nbsp;&nbsp;&nbsp;&nbsp;&nbsp;&nbsp;&nbsp;&nbsp;&nbsp;&nbsp;&nbsp;&nbsp;&nbsp;&nbsp;&nbsp;&nbsp;&nbsp;&nbsp;&nbsp;&nbsp;&nbsp;&nbsp;&nbsp;&nbsp;&nbsp;&nbsp;&nbsp;&nbsp;&nbsp;&nbsp;&nbsp;&nbsp;&nbsp;&nbsp;&nbsp;&nbsp;&nbsp;&nbsp;&nbsp; Mokyklos laikra\u0161tis ,,Ringuvietis&#8221;&nbsp;&nbsp; Mokyklos istorija&nbsp;&nbsp; doc&nbsp;&nbsp; Mokyklos vizija&nbsp; Mokykla, u\u017etikrinanti kokybi\u0161k\u0105 ugdym\u0105 \u012fvairi\u0173 gebejim\u0173 mokiniams, sudaranti modernias ir saugias s\u0105lygas ugdymos(si) procesui organizuoti, atvira kaitai, nuolat besimokanti Mokyklos misija Teikti \u0161vietimo pagalb\u0105 speciali\u0173j\u0173 ugdymos(si) poreiki\u0173 asmenims, pl\u0117toti j\u0173 dvasines, &hellip; <a href=\"https:\/\/ringuvos-sm.siauliai.lm.lt\/?page_id=30\">Continue reading <span class=\"meta-nav\">&rarr;<\/span><\/a><\/p>\n","protected":false},"author":1,"featured_media":0,"parent":0,"menu_order":0,"comment_status":"closed","ping_status":"closed","template":"","meta":{"ngg_post_thumbnail":0,"footnotes":""},"class_list":["post-30","page","type-page","status-publish","hentry"],"_links":{"self":[{"href":"https:\/\/ringuvos-sm.siauliai.lm.lt\/index.php?rest_route=\/wp\/v2\/pages\/30","targetHints":{"allow":["GET"]}}],"collection":[{"href":"https:\/\/ringuvos-sm.siauliai.lm.lt\/index.php?rest_route=\/wp\/v2\/pages"}],"about":[{"href":"https:\/\/ringuvos-sm.siauliai.lm.lt\/index.php?rest_route=\/wp\/v2\/types\/page"}],"author":[{"embeddable":true,"href":"https:\/\/ringuvos-sm.siauliai.lm.lt\/index.php?rest_route=\/wp\/v2\/users\/1"}],"replies":[{"embeddable":true,"href":"https:\/\/ringuvos-sm.siauliai.lm.lt\/index.php?rest_route=%2Fwp%2Fv2%2Fcomments&post=30"}],"version-history":[{"count":45,"href":"https:\/\/ringuvos-sm.siauliai.lm.lt\/index.php?rest_route=\/wp\/v2\/pages\/30\/revisions"}],"predecessor-version":[{"id":17299,"href":"https:\/\/ringuvos-sm.siauliai.lm.lt\/index.php?rest_route=\/wp\/v2\/pages\/30\/revisions\/17299"}],"wp:attachment":[{"href":"https:\/\/ringuvos-sm.siauliai.lm.lt\/index.php?rest_route=%2Fwp%2Fv2%2Fmedia&parent=30"}],"curies":[{"name":"wp","href":"https:\/\/api.w.org\/{rel}","templated":true}]}}