{"id":3202,"date":"2014-09-15T18:27:43","date_gmt":"2014-09-15T16:27:43","guid":{"rendered":"https:\/\/ringuvos-sm.siauliai.lm.lt\/?page_id=3202"},"modified":"2025-10-05T17:31:06","modified_gmt":"2025-10-05T15:31:06","slug":"pedagoginiai-darbuotojai-2","status":"publish","type":"page","link":"https:\/\/ringuvos-sm.siauliai.lm.lt\/?page_id=3202","title":{"rendered":"Pedagoginiai darbuotojai"},"content":{"rendered":"\n<p class=\"has-luminous-vivid-orange-color has-text-color has-medium-font-size\"><\/p>\n\n\n\n<p><\/p>\n\n\n<h6><span style=\"color: #008000;\">2025-2026 m.m<\/span><\/h6>\n<table style=\"height: 2192px;\" width=\"929\">\n<tbody>\n<tr>\n<td width=\"47\">\n<h5>Ei<span style=\"color: #000000;\">l.Nr<\/span><\/h5>\n<\/td>\n<td width=\"173\">\n<h5><span style=\"color: #000000;\">Pavard\u0117, vardas<\/span><\/h5>\n<\/td>\n<td width=\"253\">\n<h5><span style=\"color: #000000;\">Pareigyb\u0117<\/span><\/h5>\n<\/td>\n<td width=\"279\">\n<h5><span style=\"color: #000000;\">Kontaktai<\/span><\/h5>\n<\/td>\n<\/tr>\n<tr>\n<td width=\"47\">\n<h6><span style=\"color: #000000;\">1<\/span><\/h6>\n<\/td>\n<td width=\"173\">\n<h6><span style=\"color: #000000;\">Giedraitien\u0117&nbsp; Lijana<\/span><\/h6>\n<\/td>\n<td width=\"253\">\n<h6><span style=\"color: #000000;\">Direktor\u0117<\/span><\/h6>\n<\/td>\n<td width=\"279\">\n<h6><span style=\"color: #000000;\"><a style=\"color: #000000;\" href=\"mailto:lijana.giedraitien\u0117@ringuvosmokykla.lt\">lijana.giedraitien\u0117@ringuvosmokykla.lt<\/a><\/span><\/h6>\n<\/td>\n<\/tr>\n<tr>\n<td width=\"47\">\n<h6><span style=\"color: #000000;\">2<\/span><\/h6>\n<\/td>\n<td width=\"173\">\n<h6><span style=\"color: #000000;\">Andrijauskien\u0117 Gitela<\/span><\/h6>\n<\/td>\n<td width=\"253\">\n<h6><span style=\"color: #000000;\">Mokytoja<\/span><\/h6>\n<\/td>\n<td width=\"279\">\n<h6><span style=\"color: #000000;\"><a style=\"color: #000000;\" href=\"mailto:gitela.andrijauskiene@ringuvosmokykla.lt\">gitela.andrijauskiene@ringuvosmokykla.lt<\/a><\/span><\/h6>\n<\/td>\n<\/tr>\n<tr>\n<td width=\"47\">\n<h6><span style=\"color: #000000;\">3<\/span><\/h6>\n<\/td>\n<td width=\"173\">\n<h6><span style=\"color: #000000;\">Burbien\u0117 Vilma<\/span><\/h6>\n<\/td>\n<td width=\"253\">\n<h6><span style=\"color: #000000;\">Mokytoja<\/span><\/h6>\n<\/td>\n<td width=\"279\">\n<h6><span style=\"color: #000000;\"><a style=\"color: #000000;\" href=\"mailto:vilma.burbien\u0117@ringuvosmokykla.lt\">vilma.burbien\u0117@ringuvosmokykla.lt<\/a><\/span><\/h6>\n<\/td>\n<\/tr>\n<tr>\n<td width=\"47\">\n<h6><span style=\"color: #000000;\">4<\/span><\/h6>\n<\/td>\n<td width=\"173\">\n<h6><span style=\"color: #000000;\">Bru\u017eien\u0117 Renata<\/span><\/h6>\n<\/td>\n<td width=\"253\">\n<h6><span style=\"color: #000000;\">Mokytoja<\/span><\/h6>\n<\/td>\n<td width=\"279\">\n<h6><span style=\"color: #000000;\"><a style=\"color: #000000;\" href=\"mailto:renata.bruziene@ringuvosmokykla.lt\">renata.bruziene@ringuvosmokykla.lt<\/a><\/span><\/h6>\n<\/td>\n<\/tr>\n<tr>\n<td width=\"47\">\n<h6><span style=\"color: #000000;\">5<\/span><\/h6>\n<\/td>\n<td width=\"173\">\n<h6><span style=\"color: #000000;\">Gindulyt\u0117 Kornelija<\/span><\/h6>\n<\/td>\n<td width=\"253\">\n<h6><span style=\"color: #000000;\">Mokytoja<\/span><\/h6>\n<\/td>\n<td width=\"279\">\n<h6><span style=\"color: #000000;\"><a style=\"color: #000000;\" href=\"mailto:kornelija.gintulyte@ringuvosmokykla.lt\">kornelija.gintulyte@ringuvosmokykla.lt<\/a><\/span><\/h6>\n<\/td>\n<\/tr>\n<tr>\n<td width=\"47\">\n<h6><span style=\"color: #000000;\">6<\/span><\/h6>\n<\/td>\n<td width=\"173\">\n<h6><span style=\"color: #000000;\">Griciuvien\u0117 Rita<\/span><\/h6>\n<\/td>\n<td width=\"253\">\n<h6><span style=\"color: #000000;\">Mokytoja<\/span><\/h6>\n<\/td>\n<td width=\"279\">\n<h6><span style=\"color: #000000;\"><a style=\"color: #000000;\" href=\"mailto:rita.griciuviene@ringuvosmokykla.lt\">rita.griciuviene@ringuvosmokykla.lt<\/a><\/span><\/h6>\n<\/td>\n<\/tr>\n<tr>\n<td width=\"47\">\n<h6><span style=\"color: #000000;\">7<\/span><\/h6>\n<\/td>\n<td width=\"173\">\n<h6><span style=\"color: #000000;\">Ivanauskait\u0117 Sandra<\/span><\/h6>\n<\/td>\n<td width=\"253\">\n<h6><span style=\"color: #000000;\">Mokytoja<\/span><\/h6>\n<\/td>\n<td width=\"279\">\n<h6><span style=\"color: #000000;\"><a style=\"color: #000000;\" href=\"mailto:sandra.ivanauskaite@ringuvosmokykla.lt\">sandra.ivanauskaite@ringuvosmokykla.lt<\/a><\/span><\/h6>\n<\/td>\n<\/tr>\n<tr>\n<td width=\"47\">\n<h6><span style=\"color: #000000;\">8<\/span><\/h6>\n<\/td>\n<td width=\"173\">\n<h6><span style=\"color: #000000;\">Jaugien\u0117 Silva<\/span><\/h6>\n<\/td>\n<td width=\"253\">\n<h6><span style=\"color: #000000;\">Mokytoja<\/span><\/h6>\n<\/td>\n<td width=\"279\">\n<h6><span style=\"color: #000000;\"><a style=\"color: #000000;\" href=\"mailto:silva.jaugiene@ringuvosmokykla.lt\">silva.jaugiene@ringuvosmokykla.lt<\/a><\/span><\/h6>\n<\/td>\n<\/tr>\n<tr>\n<td width=\"47\">\n<h6><span style=\"color: #000000;\">9<\/span><\/h6>\n<\/td>\n<td width=\"173\">\n<h6><span style=\"color: #000000;\">Kazi\u016bnien\u0117 Jurgita<\/span><\/h6>\n<\/td>\n<td width=\"253\">\n<h6><span style=\"color: #000000;\">Socialin\u0117 pedagog\u0117<\/span><\/h6>\n<\/td>\n<td width=\"279\">\n<h6><span style=\"color: #000000;\"><a style=\"color: #000000;\" href=\"mailto:jurgita.kaziuniene@ringuvosmokykla.lt\">jurgita.kaziuniene@ringuvosmokykla.lt<\/a><\/span><\/h6>\n<\/td>\n<\/tr>\n<tr>\n<td width=\"47\">\n<h6><span style=\"color: #000000;\">10<\/span><\/h6>\n<\/td>\n<td width=\"173\">\n<h6><span style=\"color: #000000;\">Keinys Benas<\/span><\/h6>\n<\/td>\n<td width=\"253\">\n<h6><span style=\"color: #000000;\">Mokytojas<\/span><\/h6>\n<\/td>\n<td width=\"279\">\n<h6><span style=\"color: #000000;\"><a style=\"color: #000000;\" href=\"mailto:benas.keinys@ringuvosmokykla.lt\">benas.keinys@ringuvosmokykla.lt<\/a><\/span><\/h6>\n<\/td>\n<\/tr>\n<tr>\n<td width=\"47\">\n<h6><span style=\"color: #000000;\">11<\/span><\/h6>\n<\/td>\n<td width=\"173\">\n<h6><span style=\"color: #000000;\">Kul\u0161yt\u0117 Laima<\/span><\/h6>\n<\/td>\n<td width=\"253\">\n<h6><span style=\"color: #000000;\">Mokytoja<\/span><\/h6>\n<\/td>\n<td width=\"279\">\n<h6><span style=\"color: #000000;\"><a style=\"color: #000000;\" href=\"mailto:laima.kulsyte@ringuvosmokykla.lt\">laima.kulsyte@ringuvosmokykla.lt<\/a><\/span><\/h6>\n<\/td>\n<\/tr>\n<tr>\n<td width=\"47\">\n<h6><span style=\"color: #000000;\">12<\/span><\/h6>\n<\/td>\n<td width=\"173\">\n<h6><span style=\"color: #000000;\">Laurutien\u0117 Daiva<\/span><\/h6>\n<\/td>\n<td width=\"253\">\n<h6><span style=\"color: #000000;\">Mokytoja<\/span><\/h6>\n<\/td>\n<td width=\"279\">\n<h6><span style=\"color: #000000;\"><a style=\"color: #000000;\" href=\"mailto:daiva.laurutiene@ringuvosmokykla.lt\">daiva.laurutiene@ringuvosmokykla.lt<\/a><\/span><\/h6>\n<\/td>\n<\/tr>\n<tr>\n<td width=\"47\">\n<h6><span style=\"color: #000000;\">13<\/span><\/h6>\n<\/td>\n<td width=\"173\">\n<h6><span style=\"color: #000000;\">Linkuvien\u0117 Vaida<\/span><\/h6>\n<\/td>\n<td width=\"253\">\n<h6><span style=\"color: #000000;\">Mokytoja<\/span><\/h6>\n<\/td>\n<td width=\"279\">\n<h6><span style=\"color: #000000;\"><a style=\"color: #000000;\" href=\"mailto:vaida.linkuviene@ringuvosmokykla.lt\">vaida.linkuviene@ringuvosmokykla.lt<\/a><\/span><\/h6>\n<\/td>\n<\/tr>\n<tr>\n<td width=\"47\">\n<h6><span style=\"color: #000000;\">14<\/span><\/h6>\n<\/td>\n<td width=\"173\">\n<h6><span style=\"color: #000000;\">Ma\u010di\u016bn\u0117 Vaida<\/span><\/h6>\n<\/td>\n<td width=\"253\">\n<h6><span style=\"color: #000000;\">Mokytoja<\/span><\/h6>\n<\/td>\n<td width=\"279\">\n<h6><span style=\"color: #000000;\"><a style=\"color: #000000;\" href=\"mailto:vaida.maciune@ringuvosmokykla.lt\">vaida.maciune@ringuvosmokykla.lt<\/a><\/span><\/h6>\n<\/td>\n<\/tr>\n<tr>\n<td width=\"47\">\n<h6><span style=\"color: #000000;\">15<\/span><\/h6>\n<\/td>\n<td width=\"173\">\n<h6><span style=\"color: #000000;\">Mik\u0161ien\u0117 Reda<\/span><\/h6>\n<\/td>\n<td width=\"253\">\n<h6><span style=\"color: #000000;\">Mokytoja<\/span><\/h6>\n<\/td>\n<td width=\"279\">\n<h6><span style=\"color: #000000;\"><a style=\"color: #000000;\" href=\"mailto:reda.mik\u0161ien\u0117@ringuvosmokykla.lt\">reda.mik\u0161ien\u0117@ringuvosmokykla.lt<\/a><\/span><\/h6>\n<\/td>\n<\/tr>\n<tr>\n<td width=\"47\">\n<h6><span style=\"color: #000000;\">16<\/span><\/h6>\n<\/td>\n<td width=\"173\">\n<h6><span style=\"color: #000000;\">Navickien\u0117 Vilma<\/span><\/h6>\n<\/td>\n<td width=\"253\">\n<h6><span style=\"color: #000000;\">Aukl\u0117toja, mokytoja<\/span><\/h6>\n<\/td>\n<td width=\"279\">\n<h6><span style=\"color: #000000;\"><a style=\"color: #000000;\" href=\"mailto:vilma.navickiene@ringuvosmokykla.lt\">vilma.navickiene@ringuvosmokykla.lt<\/a><\/span><\/h6>\n<\/td>\n<\/tr>\n<tr>\n<td width=\"47\">\n<h6><span style=\"color: #000000;\">17<\/span><\/h6>\n<\/td>\n<td width=\"173\">\n<h6><span style=\"color: #000000;\">Nemanien\u0117 Alma<\/span><\/h6>\n<\/td>\n<td width=\"253\">\n<h6><span style=\"color: #000000;\">Aukl\u0117toja<\/span><\/h6>\n<\/td>\n<td width=\"279\">\n<h6><span style=\"color: #000000;\"><a style=\"color: #000000;\" href=\"mailto:alma.nemaniene@ringuvosmokykla.lt\">alma.nemaniene@ringuvosmokykla.lt<\/a><\/span><\/h6>\n<\/td>\n<\/tr>\n<tr>\n<td width=\"47\">\n<h6><span style=\"color: #000000;\">18<\/span><\/h6>\n<\/td>\n<td width=\"173\">\n<h6><span style=\"color: #000000;\">Nemeik\u0161ien\u0117 Nijol\u0117<\/span><\/h6>\n<\/td>\n<td width=\"253\">\n<h6><span style=\"color: #000000;\">Aukl\u0117toja, mokytoja<\/span><\/h6>\n<\/td>\n<td width=\"279\">\n<h6><span style=\"color: #000000;\"><a style=\"color: #000000;\" href=\"mailto:nijole.nemeiksiene@ringuvosmokykla.lt\">nijole.nemeiksiene@ringuvosmokykla.lt<\/a>&nbsp;<\/span><\/h6>\n<\/td>\n<\/tr>\n<tr>\n<td width=\"47\">\n<h6><span style=\"color: #000000;\">19<\/span><\/h6>\n<\/td>\n<td width=\"173\">\n<h6><span style=\"color: #000000;\">Pigulevi\u010dien\u0117 Lijana<\/span><\/h6>\n<\/td>\n<td width=\"253\">\n<h6><span style=\"color: #000000;\">Mokytoja<\/span><\/h6>\n<\/td>\n<td width=\"279\">\n<h6><span style=\"color: #000000;\"><a style=\"color: #000000;\" href=\"mailto:lijana.piguleviciene@ringuvosmokykla.lt\">lijana.piguleviciene@ringuvosmokykla.lt<\/a><\/span><\/h6>\n<\/td>\n<\/tr>\n<tr>\n<td width=\"47\">\n<h6><span style=\"color: #000000;\">20<\/span><\/h6>\n<\/td>\n<td width=\"173\">\n<h6><span style=\"color: #000000;\">Pulkien\u0117 Edita&nbsp;<\/span><\/h6>\n<\/td>\n<td width=\"253\">\n<h6><span style=\"color: #000000;\">Aukl\u0117toja<\/span><\/h6>\n<\/td>\n<td width=\"279\">\n<h6><span style=\"color: #000000;\"><a style=\"color: #000000;\" href=\"mailto:edita.pulkiene@ringuvosmokykla.lt\">edita.pulkiene@ringuvosmokykla.lt<\/a>&nbsp;&nbsp;&nbsp;<\/span><\/h6>\n<\/td>\n<\/tr>\n<tr>\n<td width=\"47\">\n<h6><span style=\"color: #000000;\">21<\/span><\/h6>\n<\/td>\n<td width=\"173\">\n<h6><span style=\"color: #000000;\">Rimkevi\u010dien\u0117 Roma<\/span><\/h6>\n<\/td>\n<td width=\"253\">\n<h6><span style=\"color: #000000;\">Mokytoja, pavaduotoja<\/span><\/h6>\n<\/td>\n<td width=\"279\">\n<h6><span style=\"color: #000000;\"><a style=\"color: #000000;\" href=\"mailto:roma.rimkeviciene@ringuvosmokykla.lt\">roma.rimkeviciene@ringuvosmokykla.lt<\/a><\/span><\/h6>\n<\/td>\n<\/tr>\n<tr>\n<td width=\"47\">\n<h6><span style=\"color: #000000;\">22<\/span><\/h6>\n<\/td>\n<td width=\"173\">\n<h6><span style=\"color: #000000;\">Sankauskien\u0117 Kristina<\/span><\/h6>\n<\/td>\n<td width=\"253\">\n<h6><span style=\"color: #000000;\">Mokytoja<\/span><\/h6>\n<\/td>\n<td width=\"279\">\n<h6><span style=\"color: #000000;\"><a style=\"color: #000000;\" href=\"mailto:kristina.sankauskiene@ringuvosmokykla.lt\">kristina.sankauskiene@ringuvosmokykla.lt<\/a><\/span><\/h6>\n<\/td>\n<\/tr>\n<tr>\n<td width=\"47\">\n<h6><span style=\"color: #000000;\">23<\/span><\/h6>\n<\/td>\n<td width=\"173\">\n<h6><span style=\"color: #000000;\">\u0160ambarien\u0117 Simona<\/span><\/h6>\n<\/td>\n<td width=\"253\">\n<h6><span style=\"color: #000000;\">Logoped\u0117, mokytoja<\/span><\/h6>\n<\/td>\n<td width=\"279\">\n<h6><span style=\"color: #000000;\"><a style=\"color: #000000;\" href=\"mailto:simona.sambariene@ringuvosmokykla.lt\">simona.sambariene@ringuvosmokykla.lt<\/a><\/span><\/h6>\n<\/td>\n<\/tr>\n<tr>\n<td width=\"47\">\n<h6><span style=\"color: #000000;\">24<\/span><\/h6>\n<\/td>\n<td width=\"173\">\n<h6><span style=\"color: #000000;\">\u0160edovikien\u0117 Sanjana<\/span><\/h6>\n<\/td>\n<td width=\"253\">\n<h6><span style=\"color: #000000;\">Mokytoja<\/span><\/h6>\n<\/td>\n<td width=\"279\">\n<h6><span style=\"color: #000000;\"><a style=\"color: #000000;\" href=\"mailto:sanjana.sedovikiene@ringuvosmokykla.lt\">sanjana.sedovikiene@ringuvosmokykla.lt<\/a><\/span><\/h6>\n<\/td>\n<\/tr>\n<tr>\n<td width=\"47\">\n<h6><span style=\"color: #000000;\">25<\/span><\/h6>\n<\/td>\n<td width=\"173\">\n<h6><span style=\"color: #000000;\">\u0160imon\u0117lien\u0117 Rita<\/span><\/h6>\n<\/td>\n<td width=\"253\">\n<h6><span style=\"color: #000000;\">Mokytoja<\/span><\/h6>\n<\/td>\n<td width=\"279\">\n<h6><span style=\"color: #000000;\"><a style=\"color: #000000;\" href=\"mailto:rita.simoneliene@ringuvosmokykla.lt\">rita.simoneliene@ringuvosmokykla.lt<\/a><\/span><\/h6>\n<\/td>\n<\/tr>\n<tr>\n<td width=\"47\">\n<h6><span style=\"color: #000000;\">26<\/span><\/h6>\n<\/td>\n<td width=\"173\">\n<h6><span style=\"color: #000000;\">Tuzova Irina&nbsp;<\/span><\/h6>\n<\/td>\n<td width=\"253\">\n<h6><span style=\"color: #000000;\">Aukl\u0117toja<\/span><\/h6>\n<\/td>\n<td width=\"279\">\n<h6><span style=\"color: #000000;\"><a style=\"color: #000000;\" href=\"mailto:irina.tuzova@ringuvosmokykla.lt\">irina.tuzova@ringuvosmokykla.lt<\/a>&nbsp;<\/span><\/h6>\n<\/td>\n<\/tr>\n<tr>\n<td width=\"47\">\n<h6><span style=\"color: #000000;\">27<\/span><\/h6>\n<\/td>\n<td width=\"173\">\n<h6><span style=\"color: #000000;\">&nbsp;Urbutien\u0117&nbsp; Valentina<\/span><\/h6>\n<\/td>\n<td width=\"253\">\n<h6><span style=\"color: #000000;\">Aukl\u0117toja, mokytoja<\/span><\/h6>\n<\/td>\n<td width=\"279\">\n<h6><span style=\"color: #000000;\"><a style=\"color: #000000;\" href=\"mailto:valentina.urbutiene@ringuvosmokykla.lt\">valentina.urbutiene@ringuvosmokykla.lt<\/a>&nbsp;<\/span><\/h6>\n<\/td>\n<\/tr>\n<tr>\n<td width=\"47\">\n<h6><span style=\"color: #000000;\">28<\/span><\/h6>\n<\/td>\n<td width=\"173\">\n<h6><span style=\"color: #000000;\">Vaitiek\u016bnait\u0117 Raimonda<\/span><\/h6>\n<\/td>\n<td width=\"253\">\n<h6><span style=\"color: #000000;\">Mokytoja<\/span><\/h6>\n<\/td>\n<td width=\"279\">\n<h6><span style=\"color: #000000;\"><a style=\"color: #000000;\" href=\"mailto:raimonda.vaitiekunaite@ringuvosmokykla.lt\">raimonda.vaitiekunaite@ringuvosmokykla.lt<\/a><\/span><\/h6>\n<\/td>\n<\/tr>\n<tr>\n<td width=\"47\">\n<h6><span style=\"color: #000000;\">29<\/span><\/h6>\n<\/td>\n<td width=\"173\">\n<h6><span style=\"color: #000000;\">\u017dukien\u0117 Salvinija<\/span><\/h6>\n<\/td>\n<td width=\"253\">\n<h6><span style=\"color: #000000;\">Mokytoja, &nbsp;pavaduotoja<\/span><\/h6>\n<\/td>\n<td width=\"279\">\n<h6><span style=\"color: #000000;\"><a style=\"color: #000000;\" href=\"mailto:salvinija.zukiene@ringuvosmokykla.lt\">salvinija.zukiene@ringuvosmokykla.lt<\/a>&nbsp;&nbsp;<\/span><\/h6>\n<\/td>\n<\/tr>\n<\/tbody>\n<\/table>\n\n\n<p><\/p>\n","protected":false},"excerpt":{"rendered":"<p>2025-2026 m.m Eil.Nr Pavard\u0117, vardas Pareigyb\u0117 Kontaktai 1 Giedraitien\u0117&nbsp; Lijana Direktor\u0117 lijana.giedraitien\u0117@ringuvosmokykla.lt 2 Andrijauskien\u0117 Gitela Mokytoja gitela.andrijauskiene@ringuvosmokykla.lt 3 Burbien\u0117 Vilma Mokytoja vilma.burbien\u0117@ringuvosmokykla.lt 4 Bru\u017eien\u0117 Renata Mokytoja renata.bruziene@ringuvosmokykla.lt 5 Gindulyt\u0117 Kornelija Mokytoja kornelija.gintulyte@ringuvosmokykla.lt 6 Griciuvien\u0117 Rita Mokytoja rita.griciuviene@ringuvosmokykla.lt 7 Ivanauskait\u0117 Sandra &hellip; <a href=\"https:\/\/ringuvos-sm.siauliai.lm.lt\/?page_id=3202\">Continue reading <span class=\"meta-nav\">&rarr;<\/span><\/a><\/p>\n","protected":false},"author":2,"featured_media":0,"parent":0,"menu_order":0,"comment_status":"closed","ping_status":"closed","template":"","meta":{"ngg_post_thumbnail":0,"footnotes":""},"class_list":["post-3202","page","type-page","status-publish","hentry"],"_links":{"self":[{"href":"https:\/\/ringuvos-sm.siauliai.lm.lt\/index.php?rest_route=\/wp\/v2\/pages\/3202","targetHints":{"allow":["GET"]}}],"collection":[{"href":"https:\/\/ringuvos-sm.siauliai.lm.lt\/index.php?rest_route=\/wp\/v2\/pages"}],"about":[{"href":"https:\/\/ringuvos-sm.siauliai.lm.lt\/index.php?rest_route=\/wp\/v2\/types\/page"}],"author":[{"embeddable":true,"href":"https:\/\/ringuvos-sm.siauliai.lm.lt\/index.php?rest_route=\/wp\/v2\/users\/2"}],"replies":[{"embeddable":true,"href":"https:\/\/ringuvos-sm.siauliai.lm.lt\/index.php?rest_route=%2Fwp%2Fv2%2Fcomments&post=3202"}],"version-history":[{"count":35,"href":"https:\/\/ringuvos-sm.siauliai.lm.lt\/index.php?rest_route=\/wp\/v2\/pages\/3202\/revisions"}],"predecessor-version":[{"id":20935,"href":"https:\/\/ringuvos-sm.siauliai.lm.lt\/index.php?rest_route=\/wp\/v2\/pages\/3202\/revisions\/20935"}],"wp:attachment":[{"href":"https:\/\/ringuvos-sm.siauliai.lm.lt\/index.php?rest_route=%2Fwp%2Fv2%2Fmedia&parent=3202"}],"curies":[{"name":"wp","href":"https:\/\/api.w.org\/{rel}","templated":true}]}}