{"id":3216,"date":"2014-09-15T19:29:25","date_gmt":"2014-09-15T17:29:25","guid":{"rendered":"https:\/\/ringuvos-sm.siauliai.lm.lt\/?page_id=3216"},"modified":"2014-09-15T19:31:00","modified_gmt":"2014-09-15T17:31:00","slug":"2014-2015-m-m-foto-archyvas","status":"publish","type":"page","link":"https:\/\/ringuvos-sm.siauliai.lm.lt\/?page_id=3216","title":{"rendered":"2013-2014 m.m. foto archyvas"},"content":{"rendered":"<h5><span style=\"color: #008000;\">2013 \u2013 2014 m.m.<\/span><\/h5>\n<h6><span style=\"color: #000000;\"><a title=\"2014 06 06 Paskutinio skambu\u010dio \u0161vent\u0117\" href=\"https:\/\/ringuvos-sm.siauliai.lm.lt\/?page_id=3160\" rel=\"bookmark\"><span style=\"color: #000000;\">2014 06 06 Paskutinio skambu\u010dio \u0161vent\u0117<\/span><\/a><\/span><\/h6>\n<h6><span style=\"color: #000000;\"><a title=\"2014 06 05 Ind\u0117n\u0173 gyvenimas ir buitis Kelm\u0117s kra\u0161to muziejuje\" href=\"https:\/\/ringuvos-sm.siauliai.lm.lt\/?page_id=3158\" rel=\"bookmark\"><span style=\"color: #000000;\">2014 06 05 Ind\u0117n\u0173 gyvenimas ir buitis Kelm\u0117s kra\u0161to muziejuje<\/span><\/a><\/span><\/h6>\n<h6><span style=\"color: #000000;\"><a href=\"https:\/\/ringuvos-sm.siauliai.lm.lt\/?page_id=3155\"><span style=\"color: #000000;\">2014 06 03 Ekskursija \u012f Dinozaur\u0173 park\u0105 ir Palang\u0105<\/span><\/a><\/span><\/h6>\n<h6><span style=\"color: #000000;\">2014 <a href=\"https:\/\/ringuvos-sm.siauliai.lm.lt\/?page_id=3138\"><span style=\"color: #000000;\">06 03 Ekskursija \u012f \u201eDinozaur\u0173 park\u0105\u201c ir Mini zoologijos sod\u0105 \u201eMini Zoo\u201c<\/span><\/a><\/span><\/h6>\n<h5><span style=\"color: #000000;\"><a href=\"https:\/\/ringuvos-sm.siauliai.lm.lt\/?page_id=3130\"><span style=\"color: #000000;\">2014 06 02 I\u0161vyka \u012f Naisius<\/span><\/a><\/span><\/h5>\n<h6><span style=\"color: #000000;\"><a href=\"https:\/\/ringuvos-sm.siauliai.lm.lt\/?page_id=3089\"><span style=\"color: #000000;\">2014 05 21 Bendruomen\u0117s \u0161vent\u0117 ,,Pab\u016bkime kartu\u201c<\/span><\/a><\/span><\/h6>\n<h6><span style=\"color: #000000;\"><a href=\"https:\/\/ringuvos-sm.siauliai.lm.lt\/?page_id=3124\"><span style=\"color: #000000;\">2014 05 20 I\u0161vyka \u012f \u0160iauli\u0173 Gaisrini\u0173 automobili\u0173 muziej\u0173<\/span><\/a><\/span><\/h6>\n<h6><span style=\"color: #000000;\"><a href=\"https:\/\/ringuvos-sm.siauliai.lm.lt\/?page_id=3095\"><span style=\"color: #000000;\">2014 05 16 Draugavome ir \u017eaid\u0117me Kelm\u0117je <\/span><\/a><\/span><\/h6>\n<h6><span style=\"color: #000000;\"><a href=\"https:\/\/ringuvos-sm.siauliai.lm.lt\/?page_id=3075\"><span style=\"color: #000000;\">2014 05 15 Sve\u010diuojasi ,,Sidabrin\u0117s gijos\u201c kolektyvas<\/span><\/a><\/span><\/h6>\n<h5><span style=\"color: #000000;\"><a href=\"https:\/\/ringuvos-sm.siauliai.lm.lt\/?page_id=3073\"><span style=\"color: #000000;\">2014 05 13 Draugavome \u017eaisdami<\/span><\/a><\/span><\/h5>\n<h5><span style=\"color: #000000;\"><a href=\"https:\/\/ringuvos-sm.siauliai.lm.lt\/?page_id=3087\"><span style=\"color: #000000;\">2014 05 09 Jud\u0117jimo sveikatos labui diena \u017dali\u016bki\u0173 kaime<\/span><\/a><\/span><\/h5>\n<h6><span style=\"color: #000000;\"><a href=\"https:\/\/ringuvos-sm.siauliai.lm.lt\/?page_id=3009\"><span style=\"color: #000000;\">2014 05 06 Respublikinis speciali\u0173j\u0173 ugdymo \u012fstaig\u0173 mokini\u0173 teatr\u0173 festivalis \u201eSaul\u0117s skraist\u0117\u201c<\/span><\/a><\/span><\/h6>\n<h6><span style=\"color: #000000;\"><a href=\"https:\/\/ringuvos-sm.siauliai.lm.lt\/?page_id=2961\"><span style=\"color: #000000;\">2014 04 23 \u0160vent\u0117 ,,D\u017eiaukim\u0117s kartu\u201c<\/span><\/a><\/span><\/h6>\n<h6><span style=\"color: #000000;\"><a href=\"https:\/\/ringuvos-sm.siauliai.lm.lt\/?page_id=2997\"><span style=\"color: #000000;\">2014 04 11 Akcija ,,Pasodink med\u012f\u201c<\/span><\/a><\/span><\/h6>\n<h6><span style=\"color: #000000;\"><a href=\"https:\/\/ringuvos-sm.siauliai.lm.lt\/?page_id=2919\"><span style=\"color: #000000;\">2014 04 10 Dalyvavome iniciatyvoje \u201eDiena kitaip 2014\u201c<\/span><\/a><\/span><\/h6>\n<h6><span style=\"color: #000000;\">2014 04 09 Koncertas ,,Jau saulel\u0117 v\u0117l atkopdama budino sviet\u0105\u201c<\/span><\/h6>\n<h5><span style=\"color: #000000;\"><a href=\"https:\/\/ringuvos-sm.siauliai.lm.lt\/?page_id=2877\"><span style=\"color: #000000;\">2014 04 04 Talent\u0173 \u0161ou<\/span><\/a><\/span><\/h5>\n<h5><span style=\"color: #000000;\">2014 04 02 <a href=\"https:\/\/ringuvos-sm.siauliai.lm.lt\/?page_id=2894\"><span style=\"color: #000000;\">Lietuvos Specialiosios olimpiados krep\u0161inio var\u017eybos<\/span><\/a><\/span><\/h5>\n<h5><span style=\"color: #000000;\"><a href=\"https:\/\/ringuvos-sm.siauliai.lm.lt\/?page_id=2999\"><span style=\"color: #000000;\">2014 04 01 Inkil\u0173 k\u0117limo \u0161vent\u0117 prie Talk\u0161os e\u017eero<\/span><\/a><\/span><\/h5>\n<h5><span style=\"color: #000000;\"><a href=\"https:\/\/ringuvos-sm.siauliai.lm.lt\/?page_id=2781\"><span style=\"color: #000000;\">2014 03 31 Akcija \u201ePra\u017eydo \u017eem\u0117\u201c<\/span><\/a><\/span><\/h5>\n<h5><span style=\"color: #000000;\"><a href=\"https:\/\/ringuvos-sm.siauliai.lm.lt\/?page_id=2783\"><span style=\"color: #000000;\">2014 03 28 Dalyvavome respublikin\u0117je mokini\u0173 konferencijoje \u201eAugu sveikas\u201c<\/span><\/a><\/span><\/h5>\n<h5><span style=\"color: #000000;\"><a href=\"https:\/\/ringuvos-sm.siauliai.lm.lt\/?page_id=2778\"><span style=\"color: #000000;\">2014 03 27 \u0160vent\u0117 \u201ePauk\u0161\u010di\u0173 takas \u012f gimtin\u0119\u201c<\/span><\/a><\/span><\/h5>\n<h5><span style=\"color: #000000;\"><a href=\"https:\/\/ringuvos-sm.siauliai.lm.lt\/?page_id=2776\"><span style=\"color: #000000;\">2014 03 24-28 Veiksmo savat\u0117 ,,Be paty\u010di\u0173\u201c<\/span><\/a><\/span><\/h5>\n<h5><span style=\"color: #000000;\"><a href=\"https:\/\/ringuvos-sm.siauliai.lm.lt\/?page_id=2768\"><span style=\"color: #000000;\">2014 03 27 Sve\u010diuojam\u0117s \u0160iauli\u0173 regiono televizijoje \u201eS plius\u201c ir savaitra\u0161\u010dio \u201e\u0160iauliai plius\u201c redakcijoje<\/span><\/a><\/span><\/h5>\n<h5><span style=\"color: #000000;\"><a href=\"https:\/\/ringuvos-sm.siauliai.lm.lt\/?page_id=2820\"><span style=\"color: #000000;\">2014 03 26 Akcija \u201eU\u017eaugink gerumo med\u012f\u201c<\/span><\/a><\/span><\/h5>\n<h5><span style=\"color: #000000;\"><a href=\"https:\/\/ringuvos-sm.siauliai.lm.lt\/?page_id=2765\"><span style=\"color: #000000;\">2014 03 18 Susitikimas su dailininku U. Ratniku<\/span><\/a><\/span><\/h5>\n<h5><span style=\"color: #000000;\"><a href=\"https:\/\/ringuvos-sm.siauliai.lm.lt\/?page_id=2697\"><span style=\"color: #000000;\">2014 03 20 I\u0161vyka \u012f \u0160iauli\u0173 apskrities P. Vi\u0161inskio vie\u0161\u0105j\u0105 bibliotek\u0105<\/span><\/a><\/span><\/h5>\n<h5><span style=\"color: #000000;\"><a href=\"https:\/\/ringuvos-sm.siauliai.lm.lt\/?page_id=2688\"><span style=\"color: #000000;\">2014 03 20 Akcija ,,Saul\u0117 \u017eadina gamt\u0105\u201c skirta \u017dem\u0117s dienai<\/span><\/a><\/span><\/h5>\n<h5><span style=\"color: #000000;\"><a href=\"https:\/\/ringuvos-sm.siauliai.lm.lt\/?page_id=2665\"><span style=\"color: #000000;\">2014 03 13 Rytmetys ,,Kur b\u0117ga \u0160e\u0161up\u0117\u2026\u201c<\/span><\/a><\/span><\/h5>\n<h5><span style=\"color: #000000;\"><a href=\"https:\/\/ringuvos-sm.siauliai.lm.lt\/?page_id=2638\"><span style=\"color: #000000;\">2014 03 05 Kaziuko kermo\u0161ius mokykloje<\/span><\/a><\/span><\/h5>\n<h5><span style=\"color: #000000;\"><a href=\"https:\/\/ringuvos-sm.siauliai.lm.lt\/?page_id=2629\"><span style=\"color: #000000;\">2014 03 05 Konferencija \u0160iauli\u0173 ,,Romuvos\u201c progimnazijoje<\/span><\/a><\/span><\/h5>\n<h6><span style=\"color: #000000;\">2014 03 04 <a href=\"https:\/\/ringuvos-sm.siauliai.lm.lt\/?page_id=2620\"><span style=\"color: #000000;\">U\u017egav\u0117ni\u0173 \u0161vent\u0117s \u0161urmulys<\/span><\/a><\/span><\/h6>\n<h6><span style=\"color: #000000;\">2014 02 25 V<a href=\"https:\/\/ringuvos-sm.siauliai.lm.lt\/?page_id=2613\"><span style=\"color: #000000;\">aidiname logopedin\u0117s mokyklos bendruomenei<\/span><\/a><\/span><\/h6>\n<h6><span style=\"color: #000000;\">2014 02 24 <a href=\"https:\/\/ringuvos-sm.siauliai.lm.lt\/?page_id=2596\"><span style=\"color: #000000;\">U\u017egav\u0117ni\u0173 kauki\u0173<\/span><\/a><a href=\"https:\/\/ringuvos-sm.siauliai.lm.lt\/?page_id=2596\"><span style=\"color: #000000;\"> ir pie\u0161ini\u0173 paroda \u201e\u0160alta \u017eiema \u0161alin eina\u201c<\/span><\/a><\/span><\/h6>\n<h6><span style=\"color: #000000;\"><a href=\"https:\/\/ringuvos-sm.siauliai.lm.lt\/?page_id=2772\"><span style=\"color: #000000;\">2014 02 18 Pokalbis \u201eSaugus internetas\u201c<\/span><\/a><\/span><\/h6>\n<h5><span style=\"color: #000000;\"><a href=\"https:\/\/ringuvos-sm.siauliai.lm.lt\/?page_id=2587\"><span style=\"color: #000000;\">2014 02 13 Lietuva \u2013 mano prot\u0117vi\u0173 \u017eem\u0117<\/span><\/a><\/span><\/h5>\n<h5><span style=\"color: #000000;\"><a href=\"https:\/\/ringuvos-sm.siauliai.lm.lt\/?page_id=2573\"><span style=\"color: #000000;\">2014 02 13 Krep\u0161inio \u0161vent\u0117 ,,Ringuvoje\u201c<\/span><\/a><\/span><\/h5>\n<h5><span style=\"color: #000000;\">2014 01 24 <a href=\"https:\/\/ringuvos-sm.siauliai.lm.lt\/?page_id=2552\"><span style=\"color: #000000;\">Projektas \u201eNepakli\u016bk \u012f \u017ealing\u0173 \u012fpro\u010di\u0173 pinkles!\u201d <\/span><\/a><\/span><\/h5>\n<h5><span style=\"color: #000000;\">2014 01 21 Susitikimas su R\u0117kyvos Savaranki\u0161ko gyvenimo nam\u0173 seneliais<\/span><\/h5>\n<h5><span style=\"color: #000000;\">2014 01 15 <a href=\"https:\/\/ringuvos-sm.siauliai.lm.lt\/?page_id=2548\"><span style=\"color: #000000;\">Sve\u010diuojasi R\u0117kyvos lop\u0161elio-dar\u017eelio ,,Bangel\u0117\u201c vaiku\u010diai<\/span><\/a><\/span><\/h5>\n<h5><span style=\"color: #000000;\">2013 12 20 <a href=\"https:\/\/ringuvos-sm.siauliai.lm.lt\/?page_id=2489\"><span style=\"color: #000000;\">\u0160ventinis Kal\u0117d\u0173 renginys ,,Kaip Grin\u010das Kal\u0117das vog\u0117\u201c<\/span><\/a><\/span><\/h5>\n<h5><span style=\"color: #000000;\">2013 12 19 <a href=\"https:\/\/ringuvos-sm.siauliai.lm.lt\/?page_id=2487\"><span style=\"color: #000000;\">Kal\u0117dinis vaidinimas \u201eKai pra\u017eys \u0160altapusn\u0117<\/span><\/a>\u2026\u201c<\/span><\/h5>\n<h5><span style=\"color: #000000;\">2013 12 18 <a href=\"https:\/\/ringuvos-sm.siauliai.lm.lt\/?page_id=2411\"><span style=\"color: #000000;\">\u0160ventinis mokini\u0173 koncertas<\/span><\/a><\/span><\/h5>\n<h5><span style=\"color: #000000;\"><a href=\"https:\/\/ringuvos-sm.siauliai.lm.lt\/?page_id=2403\"><span style=\"color: #000000;\">2013 12 17 Vaidiname <q>\u0160iauli\u0173 vyskupijos pastoraciniame centre<\/q><\/span><\/a><\/span><\/h5>\n<h5><span style=\"color: #000000;\"><a href=\"https:\/\/ringuvos-sm.siauliai.lm.lt\/?page_id=2386\"><span style=\"color: #000000;\">2013 12 12 Edukacin\u0117 i\u0161vyka \u012f Dargai\u010di\u0173 etnografin\u012f kaim\u0105<\/span><\/a><\/span><\/h5>\n<h5><span style=\"color: #000000;\"><a href=\"https:\/\/ringuvos-sm.siauliai.lm.lt\/?page_id=2343\"><span style=\"color: #000000;\">2013 12 12 Kal\u0117dinis krep\u0161inio turnyras \u2013 2013 <\/span><\/a><\/span><\/h5>\n<h5><span style=\"color: #000000;\"><a href=\"https:\/\/ringuvos-sm.siauliai.lm.lt\/?page_id=2389\"><span style=\"color: #000000;\">2013 12 11 Popiet\u0117 \u201eKal\u0117d\u0173 belaukiant\u201c<\/span><\/a><\/span><\/h5>\n<h5><span style=\"color: #000000;\"><a href=\"https:\/\/ringuvos-sm.siauliai.lm.lt\/?page_id=2335\"><span style=\"color: #000000;\">2013 12 11 Akcija \u201eKurkime Kal\u0117dinio miestelio paslapt\u012f\u201c<\/span><\/a><\/span><\/h5>\n<h5><span style=\"color: #000000;\"><a href=\"https:\/\/ringuvos-sm.siauliai.lm.lt\/?page_id=2301\"><span style=\"color: #000000;\">2013 12 10 Specialioji olimpiada ,,Jaunasis atletas\u201c<\/span><\/a><\/span><\/h5>\n<h5><span style=\"color: #000000;\"><a href=\"https:\/\/ringuvos-sm.siauliai.lm.lt\/?page_id=2270\"><span style=\"color: #000000;\">2013 12 04 Adventinis rytmetys<\/span><\/a><\/span><\/h5>\n<h5><span style=\"color: #000000;\"><a href=\"https:\/\/ringuvos-sm.siauliai.lm.lt\/?page_id=2312\"><span style=\"color: #000000;\">2013 12 04 Vie\u0161nag\u0117 Logopedin\u0117je mokykloje<\/span><\/a><\/span><\/h5>\n<h5><span style=\"color: #000000;\"><a href=\"https:\/\/ringuvos-sm.siauliai.lm.lt\/?page_id=2263\"><span style=\"color: #000000;\">2013 12 03 I\u0161vyka \u012f Naisius<\/span><\/a><\/span><\/h5>\n<h5><span style=\"color: #000000;\"><a href=\"https:\/\/ringuvos-sm.siauliai.lm.lt\/?page_id=2284&amp;preview=true\"><span style=\"color: #000000;\">2013 11 29 Verslo ir pasiekim\u0173 paroda Arenoje<\/span><\/a><\/span><\/h5>\n<h5><span style=\"color: #000000;\"><a href=\"https:\/\/ringuvos-sm.siauliai.lm.lt\/?page_id=2240\"><span style=\"color: #000000;\">2013 11 28 Krep\u0161inio var\u017eybose \u2013 geriausi<\/span><\/a><\/span><\/h5>\n<h5><span style=\"color: #000000;\"><a href=\"https:\/\/ringuvos-sm.siauliai.lm.lt\/?page_id=2224\"><span style=\"color: #000000;\">2013 11 26 M\u016bs\u0173 pie\u0161iniai<\/span><\/a><\/span><\/h5>\n<h5><span style=\"color: #000000;\"><a href=\"https:\/\/ringuvos-sm.siauliai.lm.lt\/?page_id=2246\"><span style=\"color: #000000;\">2013 11 15 I\u0161vyka \u012f lop\u0161el\u012f dar\u017eel\u012f ,,Pasaka\u201c<\/span><\/a><\/span><\/h5>\n<h5><span style=\"color: #000000;\"><a href=\"https:\/\/ringuvos-sm.siauliai.lm.lt\/?page_id=2214\"><span style=\"color: #000000;\">2013 09\/10 Sportinis ruduo<\/span><\/a><\/span><\/h5>\n<h5><span style=\"color: #000000;\"><a href=\"https:\/\/ringuvos-sm.siauliai.lm.lt\/?page_id=2183\"><span style=\"color: #000000;\">2013 10 25 Diskoteka Helovyno tema <\/span><\/a><\/span><\/h5>\n<h5><span style=\"color: #000000;\"><a href=\"https:\/\/ringuvos-sm.siauliai.lm.lt\/?page_id=2174\"><span style=\"color: #000000;\">2013 10 11 Saugaus eismo rengini\u0173 savait\u0117<\/span><\/a><\/span><\/h5>\n<h5><span style=\"color: #000000;\"><a href=\"https:\/\/ringuvos-sm.siauliai.lm.lt\/?page_id=2163\"><span style=\"color: #000000;\">2013 10 11 \u0160iauliu arenoje- tarptautin\u0117s konk\u016br\u0173 var\u017eybos<\/span><\/a><\/span><\/h5>\n<h5><span style=\"color: #000000;\"><a href=\"https:\/\/ringuvos-sm.siauliai.lm.lt\/?page_id=2130\"><span style=\"color: #000000;\">2013 10 04 \u0160vent\u0117, skirta Mokytojo dienai<\/span><\/a><\/span><\/h5>\n<h5><span style=\"color: #000000;\"><a href=\"https:\/\/ringuvos-sm.siauliai.lm.lt\/?page_id=2099\"><span style=\"color: #000000;\">2013 09 24 I\u0161vyka \u012f Pa\u0161ili\u0173 stumbryn\u0105 ir Panev\u0117\u017e\u012f<\/span><\/a><\/span><\/h5>\n<h5><span style=\"color: #000000;\"><a href=\"https:\/\/ringuvos-sm.siauliai.lm.lt\/?page_id=2118\"><span style=\"color: #000000;\">2013 09 23 Pokalbiai su mokiniais apie prekyb\u0105 \u017emon\u0117mis ir kylan\u010dius pavojus<\/span><\/a><\/span><\/h5>\n<h5><span style=\"color: #000000;\"><a href=\"https:\/\/ringuvos-sm.siauliai.lm.lt\/?page_id=2097\"><span style=\"color: #000000;\">2013 09 16 Miesto \u0161vent\u0117s \u201e\u0160iauli\u0173 dienos 777\u201c renginiai <\/span><\/a><\/span><\/h5>\n<h5><span style=\"color: #000000;\">2013 09 03 Sve\u010diuojasi r\u0117m\u0117jai i\u0161 \u0160vedijos<\/span><\/h5>\n<h5><span style=\"color: #000000;\"><a href=\"https:\/\/ringuvos-sm.siauliai.lm.lt\/?page_id=2044\"><span style=\"color: #000000;\">2013 09 02 Mokslo ir \u017eini\u0173 diena<\/span><\/a><\/span><\/h5>\n","protected":false},"excerpt":{"rendered":"<p>2013 \u2013 2014 m.m. 2014 06 06 Paskutinio skambu\u010dio \u0161vent\u0117 2014 06 05 Ind\u0117n\u0173 gyvenimas ir buitis Kelm\u0117s kra\u0161to muziejuje 2014 06 03 Ekskursija \u012f Dinozaur\u0173 park\u0105 ir Palang\u0105 2014 06 03 Ekskursija \u012f \u201eDinozaur\u0173 park\u0105\u201c ir Mini zoologijos sod\u0105 &hellip; <a href=\"https:\/\/ringuvos-sm.siauliai.lm.lt\/?page_id=3216\">Continue reading <span class=\"meta-nav\">&rarr;<\/span><\/a><\/p>\n","protected":false},"author":2,"featured_media":0,"parent":0,"menu_order":0,"comment_status":"closed","ping_status":"closed","template":"","meta":{"ngg_post_thumbnail":0,"footnotes":""},"class_list":["post-3216","page","type-page","status-publish","hentry"],"_links":{"self":[{"href":"https:\/\/ringuvos-sm.siauliai.lm.lt\/index.php?rest_route=\/wp\/v2\/pages\/3216","targetHints":{"allow":["GET"]}}],"collection":[{"href":"https:\/\/ringuvos-sm.siauliai.lm.lt\/index.php?rest_route=\/wp\/v2\/pages"}],"about":[{"href":"https:\/\/ringuvos-sm.siauliai.lm.lt\/index.php?rest_route=\/wp\/v2\/types\/page"}],"author":[{"embeddable":true,"href":"https:\/\/ringuvos-sm.siauliai.lm.lt\/index.php?rest_route=\/wp\/v2\/users\/2"}],"replies":[{"embeddable":true,"href":"https:\/\/ringuvos-sm.siauliai.lm.lt\/index.php?rest_route=%2Fwp%2Fv2%2Fcomments&post=3216"}],"version-history":[{"count":4,"href":"https:\/\/ringuvos-sm.siauliai.lm.lt\/index.php?rest_route=\/wp\/v2\/pages\/3216\/revisions"}],"predecessor-version":[{"id":3221,"href":"https:\/\/ringuvos-sm.siauliai.lm.lt\/index.php?rest_route=\/wp\/v2\/pages\/3216\/revisions\/3221"}],"wp:attachment":[{"href":"https:\/\/ringuvos-sm.siauliai.lm.lt\/index.php?rest_route=%2Fwp%2Fv2%2Fmedia&parent=3216"}],"curies":[{"name":"wp","href":"https:\/\/api.w.org\/{rel}","templated":true}]}}