{"id":3226,"date":"2014-09-15T20:51:43","date_gmt":"2014-09-15T18:51:43","guid":{"rendered":"https:\/\/ringuvos-sm.siauliai.lm.lt\/?page_id=3226"},"modified":"2014-09-16T08:38:37","modified_gmt":"2014-09-16T06:38:37","slug":"2014-09-11-isvyka-i-siauliu-miesto-778-gimtadieni","status":"publish","type":"page","link":"https:\/\/ringuvos-sm.siauliai.lm.lt\/?page_id=3226","title":{"rendered":"2014 09 11 I\u0161vyka \u012f \u0160iauli\u0173 miesto 778 gimtadien\u012f"},"content":{"rendered":"<p><a href=\"https:\/\/ringuvos-sm.siauliai.lm.lt\/wp-content\/uploads\/2014\/09\/\u0160iauli\u0173-dienos-1.jpg\"><img loading=\"lazy\" decoding=\"async\" class=\"alignleft  wp-image-3234\" title=\"\u0160iauli\u0173 dienos 1\" src=\"https:\/\/ringuvos-sm.siauliai.lm.lt\/wp-content\/uploads\/2014\/09\/\u0160iauli\u0173-dienos-1-300x225.jpg\" alt=\"\" width=\"300\" height=\"225\" srcset=\"https:\/\/ringuvos-sm.siauliai.lm.lt\/wp-content\/uploads\/2014\/09\/\u0160iauli\u0173-dienos-1-300x225.jpg 300w, https:\/\/ringuvos-sm.siauliai.lm.lt\/wp-content\/uploads\/2014\/09\/\u0160iauli\u0173-dienos-1-800x600.jpg 800w, https:\/\/ringuvos-sm.siauliai.lm.lt\/wp-content\/uploads\/2014\/09\/\u0160iauli\u0173-dienos-1-400x300.jpg 400w\" sizes=\"auto, (max-width: 300px) 100vw, 300px\" \/><\/a><\/p>\n<p><a href=\"https:\/\/ringuvos-sm.siauliai.lm.lt\/wp-content\/uploads\/2014\/09\/\u0160iauli\u0173-dienos-2.jpg\"><img loading=\"lazy\" decoding=\"async\" class=\"alignleft size-medium wp-image-3238\" title=\"\u0160iauli\u0173 dienos 2\" src=\"https:\/\/ringuvos-sm.siauliai.lm.lt\/wp-content\/uploads\/2014\/09\/\u0160iauli\u0173-dienos-2-300x225.jpg\" alt=\"\" width=\"300\" height=\"225\" srcset=\"https:\/\/ringuvos-sm.siauliai.lm.lt\/wp-content\/uploads\/2014\/09\/\u0160iauli\u0173-dienos-2-300x225.jpg 300w, https:\/\/ringuvos-sm.siauliai.lm.lt\/wp-content\/uploads\/2014\/09\/\u0160iauli\u0173-dienos-2-800x600.jpg 800w, https:\/\/ringuvos-sm.siauliai.lm.lt\/wp-content\/uploads\/2014\/09\/\u0160iauli\u0173-dienos-2-400x300.jpg 400w\" sizes=\"auto, (max-width: 300px) 100vw, 300px\" \/><\/a><a href=\"https:\/\/ringuvos-sm.siauliai.lm.lt\/wp-content\/uploads\/2014\/09\/\u0160iauli\u0173-dienos-3.jpg\"><img loading=\"lazy\" decoding=\"async\" class=\"alignleft size-medium wp-image-3239\" title=\"\u0160iauli\u0173 dienos 3\" src=\"https:\/\/ringuvos-sm.siauliai.lm.lt\/wp-content\/uploads\/2014\/09\/\u0160iauli\u0173-dienos-3-300x225.jpg\" alt=\"\" width=\"300\" height=\"225\" srcset=\"https:\/\/ringuvos-sm.siauliai.lm.lt\/wp-content\/uploads\/2014\/09\/\u0160iauli\u0173-dienos-3-300x225.jpg 300w, https:\/\/ringuvos-sm.siauliai.lm.lt\/wp-content\/uploads\/2014\/09\/\u0160iauli\u0173-dienos-3-800x600.jpg 800w, https:\/\/ringuvos-sm.siauliai.lm.lt\/wp-content\/uploads\/2014\/09\/\u0160iauli\u0173-dienos-3-400x300.jpg 400w\" sizes=\"auto, (max-width: 300px) 100vw, 300px\" \/><\/a><a href=\"https:\/\/ringuvos-sm.siauliai.lm.lt\/wp-content\/uploads\/2014\/09\/\u0160iauli\u0173-dienos-4.jpg\" rel=\"attachment wp-att-3240\"><img loading=\"lazy\" decoding=\"async\" class=\"alignleft size-medium wp-image-3240\" title=\"\u0160iauli\u0173 dienos 4\" src=\"https:\/\/ringuvos-sm.siauliai.lm.lt\/wp-content\/uploads\/2014\/09\/\u0160iauli\u0173-dienos-4-225x300.jpg\" alt=\"\" width=\"225\" height=\"300\" srcset=\"https:\/\/ringuvos-sm.siauliai.lm.lt\/wp-content\/uploads\/2014\/09\/\u0160iauli\u0173-dienos-4-225x300.jpg 225w, https:\/\/ringuvos-sm.siauliai.lm.lt\/wp-content\/uploads\/2014\/09\/\u0160iauli\u0173-dienos-4-450x600.jpg 450w\" sizes=\"auto, (max-width: 225px) 100vw, 225px\" \/><\/a><a href=\"https:\/\/ringuvos-sm.siauliai.lm.lt\/wp-content\/uploads\/2014\/09\/\u0160iauli\u0173-dienos-5.jpg\"><img loading=\"lazy\" decoding=\"async\" class=\"alignleft size-medium wp-image-3241\" title=\"\u0160iauli\u0173 dienos 5\" src=\"https:\/\/ringuvos-sm.siauliai.lm.lt\/wp-content\/uploads\/2014\/09\/\u0160iauli\u0173-dienos-5-300x225.jpg\" alt=\"\" width=\"300\" height=\"225\" srcset=\"https:\/\/ringuvos-sm.siauliai.lm.lt\/wp-content\/uploads\/2014\/09\/\u0160iauli\u0173-dienos-5-300x225.jpg 300w, https:\/\/ringuvos-sm.siauliai.lm.lt\/wp-content\/uploads\/2014\/09\/\u0160iauli\u0173-dienos-5-800x600.jpg 800w, https:\/\/ringuvos-sm.siauliai.lm.lt\/wp-content\/uploads\/2014\/09\/\u0160iauli\u0173-dienos-5-400x300.jpg 400w\" sizes=\"auto, (max-width: 300px) 100vw, 300px\" \/><\/a><\/p>\n","protected":false},"excerpt":{"rendered":"","protected":false},"author":2,"featured_media":0,"parent":0,"menu_order":0,"comment_status":"closed","ping_status":"closed","template":"","meta":{"ngg_post_thumbnail":0,"footnotes":""},"class_list":["post-3226","page","type-page","status-publish","hentry"],"_links":{"self":[{"href":"https:\/\/ringuvos-sm.siauliai.lm.lt\/index.php?rest_route=\/wp\/v2\/pages\/3226","targetHints":{"allow":["GET"]}}],"collection":[{"href":"https:\/\/ringuvos-sm.siauliai.lm.lt\/index.php?rest_route=\/wp\/v2\/pages"}],"about":[{"href":"https:\/\/ringuvos-sm.siauliai.lm.lt\/index.php?rest_route=\/wp\/v2\/types\/page"}],"author":[{"embeddable":true,"href":"https:\/\/ringuvos-sm.siauliai.lm.lt\/index.php?rest_route=\/wp\/v2\/users\/2"}],"replies":[{"embeddable":true,"href":"https:\/\/ringuvos-sm.siauliai.lm.lt\/index.php?rest_route=%2Fwp%2Fv2%2Fcomments&post=3226"}],"version-history":[{"count":9,"href":"https:\/\/ringuvos-sm.siauliai.lm.lt\/index.php?rest_route=\/wp\/v2\/pages\/3226\/revisions"}],"predecessor-version":[{"id":3242,"href":"https:\/\/ringuvos-sm.siauliai.lm.lt\/index.php?rest_route=\/wp\/v2\/pages\/3226\/revisions\/3242"}],"wp:attachment":[{"href":"https:\/\/ringuvos-sm.siauliai.lm.lt\/index.php?rest_route=%2Fwp%2Fv2%2Fmedia&parent=3226"}],"curies":[{"name":"wp","href":"https:\/\/api.w.org\/{rel}","templated":true}]}}