{"id":3430,"date":"2014-10-07T12:03:46","date_gmt":"2014-10-07T10:03:46","guid":{"rendered":"https:\/\/ringuvos-sm.siauliai.lm.lt\/?page_id=3430"},"modified":"2014-10-07T12:23:10","modified_gmt":"2014-10-07T10:23:10","slug":"2014-10-03-svente-rudenine-puokste-tau-mokytojau","status":"publish","type":"page","link":"https:\/\/ringuvos-sm.siauliai.lm.lt\/?page_id=3430","title":{"rendered":"2014 10 03 \u0160vent\u0117 ,,Rudenin\u0117 puok\u0161t\u0117 Tau, Mokytojau\u201d"},"content":{"rendered":"<p><a href=\"https:\/\/ringuvos-sm.siauliai.lm.lt\/?page_id=3430\">ngg_shortcode_0_placeholder<\/a><\/p>\n","protected":false},"excerpt":{"rendered":"","protected":false},"author":2,"featured_media":0,"parent":0,"menu_order":0,"comment_status":"closed","ping_status":"closed","template":"","meta":{"ngg_post_thumbnail":0,"footnotes":""},"class_list":["post-3430","page","type-page","status-publish","hentry"],"_links":{"self":[{"href":"https:\/\/ringuvos-sm.siauliai.lm.lt\/index.php?rest_route=\/wp\/v2\/pages\/3430","targetHints":{"allow":["GET"]}}],"collection":[{"href":"https:\/\/ringuvos-sm.siauliai.lm.lt\/index.php?rest_route=\/wp\/v2\/pages"}],"about":[{"href":"https:\/\/ringuvos-sm.siauliai.lm.lt\/index.php?rest_route=\/wp\/v2\/types\/page"}],"author":[{"embeddable":true,"href":"https:\/\/ringuvos-sm.siauliai.lm.lt\/index.php?rest_route=\/wp\/v2\/users\/2"}],"replies":[{"embeddable":true,"href":"https:\/\/ringuvos-sm.siauliai.lm.lt\/index.php?rest_route=%2Fwp%2Fv2%2Fcomments&post=3430"}],"version-history":[{"count":3,"href":"https:\/\/ringuvos-sm.siauliai.lm.lt\/index.php?rest_route=\/wp\/v2\/pages\/3430\/revisions"}],"predecessor-version":[{"id":3434,"href":"https:\/\/ringuvos-sm.siauliai.lm.lt\/index.php?rest_route=\/wp\/v2\/pages\/3430\/revisions\/3434"}],"wp:attachment":[{"href":"https:\/\/ringuvos-sm.siauliai.lm.lt\/index.php?rest_route=%2Fwp%2Fv2%2Fmedia&parent=3430"}],"curies":[{"name":"wp","href":"https:\/\/api.w.org\/{rel}","templated":true}]}}