{"id":346,"date":"2013-01-08T13:47:21","date_gmt":"2013-01-08T11:47:21","guid":{"rendered":"http:\/\/ringuvos.coral.lt\/?page_id=346"},"modified":"2021-09-13T17:09:05","modified_gmt":"2021-09-13T15:09:05","slug":"bendradarbiavimas","status":"publish","type":"page","link":"https:\/\/ringuvos-sm.siauliai.lm.lt\/?page_id=346","title":{"rendered":"Metodin\u0117s  grup\u0117s"},"content":{"rendered":"<ol>\n<li><span style=\"color: #000000;\">Mokytoj\u0173 metodin\u0117 grup\u0117&nbsp;<\/span><\/li>\n<li><span style=\"color: #000000;\">Aukl\u0117toj\u0173 metodin\u0117 grup\u0117<\/span><\/li>\n<\/ol>\n","protected":false},"excerpt":{"rendered":"<p>Mokytoj\u0173 metodin\u0117 grup\u0117&nbsp; Aukl\u0117toj\u0173 metodin\u0117 grup\u0117<\/p>\n","protected":false},"author":2,"featured_media":0,"parent":0,"menu_order":0,"comment_status":"closed","ping_status":"closed","template":"","meta":{"ngg_post_thumbnail":0,"footnotes":""},"class_list":["post-346","page","type-page","status-publish","hentry"],"_links":{"self":[{"href":"https:\/\/ringuvos-sm.siauliai.lm.lt\/index.php?rest_route=\/wp\/v2\/pages\/346","targetHints":{"allow":["GET"]}}],"collection":[{"href":"https:\/\/ringuvos-sm.siauliai.lm.lt\/index.php?rest_route=\/wp\/v2\/pages"}],"about":[{"href":"https:\/\/ringuvos-sm.siauliai.lm.lt\/index.php?rest_route=\/wp\/v2\/types\/page"}],"author":[{"embeddable":true,"href":"https:\/\/ringuvos-sm.siauliai.lm.lt\/index.php?rest_route=\/wp\/v2\/users\/2"}],"replies":[{"embeddable":true,"href":"https:\/\/ringuvos-sm.siauliai.lm.lt\/index.php?rest_route=%2Fwp%2Fv2%2Fcomments&post=346"}],"version-history":[{"count":10,"href":"https:\/\/ringuvos-sm.siauliai.lm.lt\/index.php?rest_route=\/wp\/v2\/pages\/346\/revisions"}],"predecessor-version":[{"id":17559,"href":"https:\/\/ringuvos-sm.siauliai.lm.lt\/index.php?rest_route=\/wp\/v2\/pages\/346\/revisions\/17559"}],"wp:attachment":[{"href":"https:\/\/ringuvos-sm.siauliai.lm.lt\/index.php?rest_route=%2Fwp%2Fv2%2Fmedia&parent=346"}],"curies":[{"name":"wp","href":"https:\/\/api.w.org\/{rel}","templated":true}]}}