{"id":348,"date":"2013-04-08T13:47:36","date_gmt":"2013-04-08T11:47:36","guid":{"rendered":"http:\/\/ringuvos.coral.lt\/?page_id=348"},"modified":"2025-11-11T20:08:35","modified_gmt":"2025-11-11T18:08:35","slug":"projektine-veikla","status":"publish","type":"page","link":"https:\/\/ringuvos-sm.siauliai.lm.lt\/?page_id=348","title":{"rendered":"Projektin\u0117 veikla"},"content":{"rendered":"<h5><span style=\"color: #000000;\">&nbsp;<\/span><\/h5>\n<h5><span style=\"color: #008000;\">Informacij\u0105&nbsp; ruo\u0161ia&nbsp; mokytoja Daiva Laurutien\u0117<\/span><\/h5>\n<h4>Projektai 2024 \u2013 2025 m.m.&nbsp;<span style=\"color: #008000;\"><a style=\"color: #008000;\" href=\"https:\/\/ringuvos-sm.siauliai.lm.lt\/wp-content\/uploads\/2024\/09\/24-25-m.m.-projektine-veikla.pdf\"> pdf&nbsp;<\/a><\/span><\/h4>\n<h4>Projektai 2023 \u2013 2024 m.m.<span style=\"color: #008000;\"><a style=\"color: #008000;\" href=\"https:\/\/ringuvos-sm.siauliai.lm.lt\/wp-content\/uploads\/2024\/09\/23-24-m.m.-projektine-veikla.pdf\"> pdf&nbsp;<\/a><\/span><\/h4>\n<h4><span style=\"color: #000000;\">Projektai 2022 \u2013 2023 m.m.<\/span><a href=\"https:\/\/ringuvos-sm.siauliai.lm.lt\/wp-content\/uploads\/2023\/08\/2022-2023-m.m..pdf\"><span style=\"color: #000000;\"><span style=\"color: #008000;\"> pdf&nbsp;<\/span><\/span><\/a><\/h4>\n<h4>Projektai 2021 \u2013 2022 m.m.&nbsp; <span style=\"color: #008000;\"><a style=\"color: #008000;\" href=\"https:\/\/ringuvos-sm.siauliai.lm.lt\/wp-content\/uploads\/2024\/09\/21-22-m.m.-projektine-veikla.pdf\">pdf&nbsp;<\/a><\/span><\/h4>\n<h4><span style=\"color: #000000;\">Projektai 2020 \u2013 2021 m.m.<\/span><a href=\"https:\/\/ringuvos-sm.siauliai.lm.lt\/wp-content\/uploads\/2020\/11\/2020-2021-m.m.-projektine-veikla.pdf\"><span style=\"color: #000000;\">&nbsp;<span style=\"color: #008000;\"> pdf<\/span><\/span><\/a><\/h4>\n<h4>Projektai 2019 \u2013 2020 m.m.&nbsp; <a href=\"https:\/\/ringuvos-sm.siauliai.lm.lt\/wp-content\/uploads\/2021\/01\/2019-2020-m.m.-projektine-veikla.pdf\"><span style=\"color: #008000;\">pdf&nbsp;<\/span><\/a><\/h4>\n<h4>Projektai 2018 \u2013 2019 m.m.&nbsp; <span style=\"color: #008000;\">pdf&nbsp;<\/span><\/h4>\n<h6 style=\"margin: 0cm 0cm 0.0001pt; text-indent: 64.8pt; line-height: 150%; text-align: left;\">&nbsp;<\/h6>\n<h6><span style=\"color: #000000;\">&nbsp; &nbsp; &nbsp;<\/span><\/h6>\n<hr>\n<p>&nbsp;<\/p>\n<p><img loading=\"lazy\" decoding=\"async\" class=\"size-full wp-image-18121 alignleft\" src=\"https:\/\/ringuvos-sm.siauliai.lm.lt\/wp-content\/uploads\/2022\/03\/274502216_1240897939653568_5604983468564967828_n.png\" alt=\"\" width=\"320\" height=\"147\" srcset=\"https:\/\/ringuvos-sm.siauliai.lm.lt\/wp-content\/uploads\/2022\/03\/274502216_1240897939653568_5604983468564967828_n.png 320w, https:\/\/ringuvos-sm.siauliai.lm.lt\/wp-content\/uploads\/2022\/03\/274502216_1240897939653568_5604983468564967828_n-300x138.png 300w\" sizes=\"auto, (max-width: 320px) 100vw, 320px\" \/><\/p>\n<h6>&nbsp; <span style=\"color: #000000;\">&nbsp;<\/span><\/h6>\n<h6>&nbsp;<\/h6>\n<h6>&nbsp;<\/h6>\n<h6>&nbsp;<\/h6>\n<h6><span style=\"color: #000000;\">\u0160iauli\u0173 \u201eRinguvos\u201c mokykla 2020 m. dalyvauja ES projekte \u201eMokykl\u0173 apr\u016bpinimas gamtos ir technologini\u0173 moksl\u0173 priemon\u0117mis\u201c, kuris yra \u012fgyvendinamas pagal 2014-2020 met\u0173 Europos S\u0105jungos fond\u0173 investicij\u0173 veiksm\u0173 program\u0105. Projekto tikslas \u2013 didinti bendrojo ugdymo \u012fstaig\u0173 tinklo veiklos efektyvum\u0105. Projekto u\u017edavinys \u2013 modernizuoti gamtos ir technologini\u0173 moksl\u0173 mokymo(si) aplink\u0105. Projekto metu mokykla gavo 10 plan\u0161etini\u0173 kompiuteri\u0173. Projekto koordinator\u0117&nbsp; direktor\u0117 Lijana Giedraitien\u0117. <\/span><\/h6>\n<h6><span style=\"color: #000000;\">Daugiau informacijos apie projekt\u0105 galima rasti <span style=\"color: #008000;\"><a style=\"color: #008000;\" href=\"https:\/\/www.nsa.smm.lt\/ugdymo-turinio-departamentas\/projektai\/projektas-mokyklu-aprupinimas-gamtos-ir-technologiniu-mokslu-priemonemis-nr-09-1-3-cpva-v-704-02-0001\/\">\u010dia<\/a><\/span><\/span><\/h6>\n<h6>&nbsp;<\/h6>\n<p><img loading=\"lazy\" decoding=\"async\" class=\"alignleft  wp-image-16660\" src=\"https:\/\/ringuvos-sm.siauliai.lm.lt\/wp-content\/uploads\/2021\/01\/erasmus-2.png\" alt=\"\" width=\"383\" height=\"93\" srcset=\"https:\/\/ringuvos-sm.siauliai.lm.lt\/wp-content\/uploads\/2021\/01\/erasmus-2.png 754w, https:\/\/ringuvos-sm.siauliai.lm.lt\/wp-content\/uploads\/2021\/01\/erasmus-2-300x73.png 300w, https:\/\/ringuvos-sm.siauliai.lm.lt\/wp-content\/uploads\/2021\/01\/erasmus-2-500x121.png 500w\" sizes=\"auto, (max-width: 383px) 100vw, 383px\" \/><\/p>\n<h6>&nbsp;<\/h6>\n<p>&nbsp;<\/p>\n<h6>&nbsp;<\/h6>\n<h6><span style=\"color: #000000;\">\u0160iais mokslo metais \u0160iauli\u0173 \u201eRinguvos\u201c mokykloje vykdomas Europos Komisijos \u201eErasmus+\u201c KA1 programos finansuojamas konsorciumo projektas \u201eInovatyvus mokytojas &#8211; s\u0117kmingas mokinys\u201c, Nr. 2020-1-LT01-KA101-077614.<\/span><\/h6>\n<h6><span style=\"color: #000000;\">Projekto trukm\u0117&nbsp; 2020 m. rugs\u0117jo 1 d. \u2013 2023 m. liepos 31 d.<\/span><\/h6>\n<h6><span style=\"color: #000000;\">\u012egyvendinus projekt\u0105, pedagogai \u012fgis kompetencij\u0173, leid\u017eian\u010di\u0173 \u012fdiegti naujus, inovatyvius mokymo metodus \u012f ugdymo proces\u0105&nbsp; (skaitmenini\u0173 priemoni\u0173 parinkimas, k\u016brimas ir taikymas), sudaryti prielaidas s\u0117kmingam ir rezultatyviam speciali\u0173j\u0173 ugdymosi poreiki\u0173 mokini\u0173 mokymui(si) klas\u0117je siekiant ugdymo kokyb\u0117s bei padidins projekte dalyvaujan\u010di\u0173 asmen\u0173 profesinius \u012fg\u016bd\u017eius ir kompetencijas.<\/span><\/h6>\n<h6><span style=\"color: #000000;\">Projekto tiksl\u0173 \u012fgyvendinimui suplanuoti&nbsp; darbo steb\u0117jimo vizitai Bulgarijos, Turkijos ir Ispanijos mokyklose, bei&nbsp; kursai Graikijoje ir Jungtin\u0117je Karalyst\u0117je.<\/span><\/h6>\n<h6><span style=\"color: #000000;\">Konsorciumo koordinatoriai \u0160iauli\u0173 sanatorin\u0117 mokykla. Partneriai \u2013 Panev\u0117\u017eio \u201eVyturio\u201d progimnazija,&nbsp;&nbsp;\u0160iauli\u0173 \u201eRinguvos\u201d mokykla. Projekto koordinator\u0117 mokykloje&nbsp; mokytoja Daiva Laurutien\u0117.<\/span><\/h6>\n<h6>&nbsp;<\/h6>\n<hr>\n<p><img loading=\"lazy\" decoding=\"async\" class=\"alignleft  wp-image-16605\" src=\"https:\/\/ringuvos-sm.siauliai.lm.lt\/wp-content\/uploads\/2021\/01\/Nordplus_Junior.jpg\" alt=\"\" width=\"287\" height=\"75\" srcset=\"https:\/\/ringuvos-sm.siauliai.lm.lt\/wp-content\/uploads\/2021\/01\/Nordplus_Junior.jpg 314w, https:\/\/ringuvos-sm.siauliai.lm.lt\/wp-content\/uploads\/2021\/01\/Nordplus_Junior-300x78.jpg 300w\" sizes=\"auto, (max-width: 287px) 100vw, 287px\" \/><\/p>\n<h6><span style=\"color: #000000;\">\u0160iauli\u0173 \u201eRinguvos\u201c mokykloje vykdomas \u0160iaur\u0117s ir Baltijos \u0161ali\u0173 tarptautinio bendradarbiavimo \u201eNordplus Junior\u201c programos finansuojamas konsorciumo projektas ,,<span style=\"color: #008000;\">Mokymo metod\u0173 taikymas k\u016bno kult\u016bros pamokose ugdant vaikus, turin\u010dius dideli\u0173 ir labai dideli\u0173 speciali\u0173j\u0173 ugdymosi poreiki\u0173\u2018\u2018<\/span> Nr. NPJR-2020\/10245.<\/span><\/h6>\n<h6><span style=\"color: #000000;\">Projekto trukm\u0117 2020 m. rugpj\u016b\u010dio 1 d. \u2013 2021 m. gruod\u017eio 31 d.<\/span><\/h6>\n<h6><span style=\"color: #000000;\">\u0160io Nordplus projekto id\u0117ja yra sukurti bendr\u0105 praktin\u0117s pagalbos vadov\u0105, mokytojams, dirbantiems su speciali\u0173j\u0173 ugdymosi poreiki\u0173 vaikais, fizinio aktyvumo pamokose.<\/span><\/h6>\n<h6><span style=\"color: #000000;\">Projekto tiksl\u0173 \u012fgyvendinimui suplanuoti&nbsp; darbo steb\u0117jimo vizitai Estijos, Lietuvos, Latvijos partneri\u0173 mokyklose.<\/span><\/h6>\n<h6><span style=\"color: #000000;\">Konsorciumo koordinatoriai&nbsp; Rygos 5-oji pradin\u0117 mokykla \u2013 Pl\u0117tros centras. Partneriai \u2013 Estijos, \u0160iauli\u0173 sanatorin\u0117 mokykla, \u0160iauli\u0173 \u201eRinguvos\u201d mokykla. Projekto koordinator\u0117 mokykloje&nbsp; mokytoja Daiva Laurutien\u0117 ir projekt\u0173 darbo grup\u0117.<\/span><\/h6>\n<h6><span style=\"color: #008000;\">Daugiau informacijos apie projekt\u0105 galima rasti&nbsp; <a style=\"color: #008000;\" href=\"https:\/\/ringuvos-sm.siauliai.lm.lt\/?page_id=16638\">&nbsp;\u010cIA&nbsp;<\/a><\/span><\/h6>\n<hr>\n<h5><img loading=\"lazy\" decoding=\"async\" class=\"alignleft  wp-image-16607\" src=\"https:\/\/ringuvos-sm.siauliai.lm.lt\/wp-content\/uploads\/2021\/01\/SRF-logo_su-sukiu-RGB_pagrindinis-01.png\" alt=\"\" width=\"173\" height=\"95\" srcset=\"https:\/\/ringuvos-sm.siauliai.lm.lt\/wp-content\/uploads\/2021\/01\/SRF-logo_su-sukiu-RGB_pagrindinis-01.png 314w, https:\/\/ringuvos-sm.siauliai.lm.lt\/wp-content\/uploads\/2021\/01\/SRF-logo_su-sukiu-RGB_pagrindinis-01-300x164.png 300w\" sizes=\"auto, (max-width: 173px) 100vw, 173px\" \/><\/h5>\n<h6>&nbsp;<\/h6>\n<p>&nbsp;<\/p>\n<h6><span style=\"color: #000000;\">\u0160iais mokslo metais \u0160iauli\u0173 \u201eRinguvos\u201c mokykloje vykdomas projektas <span style=\"color: #008000;\">\u201eA\u0161 aktyvus\u201c<\/span>, Nr. SRFSI\u012e-2020-1-0213. Projektas bendrai finansuojamas Sporto fondo l\u0117\u0161omis, kur\u012f administruoja \u0160vietimo main\u0173 paramos fondas.<\/span><\/h6>\n<h6><span style=\"color: #000000;\">Projekto trukm\u0117&nbsp; 2020 m. liepos 20 d. \u2013 2023 m. liepos 31 d.<\/span><\/h6>\n<h6><span style=\"color: #000000;\">Projekto tikslas \u2013 organizuoti ne\u012fgali\u0173j\u0173 k\u016bno kult\u016bros ir sporto veikl\u0105, kaip ne\u012fgali\u0173j\u0173 socialin\u0117s integracijos priemon\u0119. U\u017esibr\u0117\u017etam tikslui pasiekti mokyklos erdv\u0117je, planuojama \u012frengti lauko treniruokli\u0173 aik\u0161tel\u0119, kurioje vykt\u0173 nuolatinio pob\u016bd\u017eio veiklos: \u012fvairi\u0173 sporto \u0161ak\u0173 treniruot\u0117s; k\u016bno kult\u016bros pratybos, aktyvi fizin\u0117 veikla. Koordinator\u0117&nbsp; mokytoja Daiva Laurutien\u0117.<\/span><\/h6>\n<h6><span style=\"color: #008000;\">Daugiau informacijos apie projekt\u0105 galima rasti <a style=\"color: #008000;\" href=\"https:\/\/ringuvos-sm.siauliai.lm.lt\/?page_id=16642\">\u010cIA&nbsp;<\/a><\/span><\/h6>\n<h6>&nbsp;<\/h6>\n<hr>\n<h6>&nbsp;<\/h6>\n<h6>&nbsp; &nbsp; <span style=\"color: #000000;\">&nbsp;\u0160iauli\u0173 \u201eRinguvos\u201c mokykloje vykdomas projektas <span style=\"color: #008000;\">\u201eSportuokime kartu \u2013 kartu mes galime\u201d .<\/span><\/span><\/h6>\n<h6><span style=\"color: #000000;\">Projekto trukm\u0117&nbsp; 2020 m. 09 m\u0117n. \u2013 2020 m. 12 m\u0117n.<\/span><\/h6>\n<h6><span style=\"color: #000000;\">\u0160iauli\u0173 rajono savivaldyb\u0117s sveikatos projekto \u201eSportuokime kartu: kartu mes galime daugiau\u201c &nbsp;dalyviai: \u0160iauli\u0173 \u201eRinguvos\u201c mokykla ir Kur\u0161\u0117n\u0173 lop\u0161elis \u2013 dar\u017eelis \u201eEglut\u0117\u201c.<\/span><\/h6>\n<h6><span style=\"color: #000000;\">Koordinatorius \u2013 Mokymosi be sien\u0173 darbo grup\u0117.<\/span><\/h6>\n<h6><span style=\"color: #008000;\">Daugiau informacijos apie projekt\u0105 galima rasti <a style=\"color: #008000;\" href=\"https:\/\/ringuvos-sm.siauliai.lm.lt\/?page_id=16644\">\u010cIA&nbsp;<\/a><\/span><\/h6>\n<hr>\n<p><img loading=\"lazy\" decoding=\"async\" class=\"alignleft  wp-image-16623\" src=\"https:\/\/ringuvos-sm.siauliai.lm.lt\/wp-content\/uploads\/2021\/01\/m.png\" alt=\"\" width=\"113\" height=\"132\" srcset=\"https:\/\/ringuvos-sm.siauliai.lm.lt\/wp-content\/uploads\/2021\/01\/m.png 273w, https:\/\/ringuvos-sm.siauliai.lm.lt\/wp-content\/uploads\/2021\/01\/m-258x300.png 258w\" sizes=\"auto, (max-width: 113px) 100vw, 113px\" \/><\/p>\n<h6>&nbsp;<\/h6>\n<h6><span style=\"color: #000000;\">\u0160iauli\u0173 \u201eRinguvos\u201c mokykloje, nacionaliniu lygmeniu, vykdomas projektas \u201eSensomotorinis ugdymas\u201c&nbsp; kartu su UAB ,,Eventus group\u201c .<\/span><\/h6>\n<h6><span style=\"color: #000000;\">Projekto trukm\u0117&nbsp; 2020 m. 09 m\u0117n. \u2013 2021 m. 09 m\u0117n.<\/span><\/h6>\n<h6><span style=\"color: #000000;\">Koordinator\u0117&nbsp; mokytoja Margarita Jurevi\u010dien\u0117.<\/span><\/h6>\n<h6><span style=\"color: #008000;\">Daugiau informacijos apie projekt\u0105 galima rasti <a style=\"color: #008000;\" href=\"https:\/\/ringuvos-sm.siauliai.lm.lt\/?page_id=16647\">\u010cIA&nbsp;<\/a><\/span><\/h6>\n<p>&nbsp;<\/p>\n<hr>\n<p><img loading=\"lazy\" decoding=\"async\" class=\"alignleft  wp-image-16603\" src=\"https:\/\/ringuvos-sm.siauliai.lm.lt\/wp-content\/uploads\/2021\/01\/13751_139e43f08d42be46155eb8d7d9c11cea.jpg\" alt=\"\" width=\"179\" height=\"124\" srcset=\"https:\/\/ringuvos-sm.siauliai.lm.lt\/wp-content\/uploads\/2021\/01\/13751_139e43f08d42be46155eb8d7d9c11cea.jpg 314w, https:\/\/ringuvos-sm.siauliai.lm.lt\/wp-content\/uploads\/2021\/01\/13751_139e43f08d42be46155eb8d7d9c11cea-300x208.jpg 300w\" sizes=\"auto, (max-width: 179px) 100vw, 179px\" \/><\/p>\n<h6>&nbsp;<\/h6>\n<h6>&nbsp; &nbsp; &nbsp; &nbsp; \u0160iauli\u0173 \u201eRinguvos\u201c mokykla prisijung\u0117 prie Lietuvos ugdymo \u012fstaig\u0173 vykdomos darnaus vystymosi \u012fg\u016bd\u017ei\u0173 programos \u2013 DARNI MOKYKLA. 2020 m. 12 m\u0117n. \u2013 2021 m. 06 m\u0117n. \u0160iauli\u0173 \u201eRinguvos\u201c mokyklos \u201eDarni mokykla\u201c programos koordinator\u0117&nbsp; mokytoja Daiva Laurutien\u0117 ir projekt\u0173 darbo grup\u0117.<\/h6>\n<h6><span style=\"color: #008000;\">Daugiau informacijos apie projekt\u0105 galima rasti <a style=\"color: #008000;\" href=\"https:\/\/ringuvos-sm.siauliai.lm.lt\/?page_id=16649\">\u010cIA<\/a><\/span><\/h6>\n<h6>&nbsp;<\/h6>\n<hr>\n<h5><img loading=\"lazy\" decoding=\"async\" class=\"alignleft  wp-image-16608\" src=\"https:\/\/ringuvos-sm.siauliai.lm.lt\/wp-content\/uploads\/2021\/01\/unnamed.jpg\" alt=\"\" width=\"170\" height=\"114\" srcset=\"https:\/\/ringuvos-sm.siauliai.lm.lt\/wp-content\/uploads\/2021\/01\/unnamed.jpg 314w, https:\/\/ringuvos-sm.siauliai.lm.lt\/wp-content\/uploads\/2021\/01\/unnamed-300x202.jpg 300w\" sizes=\"auto, (max-width: 170px) 100vw, 170px\" \/><\/h5>\n<p>&nbsp;<\/p>\n<h5>&nbsp;<\/h5>\n<h5>&nbsp;<\/h5>\n<h6 style=\"margin-bottom: .0001pt; text-align: justify; line-height: 150%;\"><span style=\"color: #050505;\">&nbsp; &nbsp; &nbsp;<span style=\"color: #000000;\">Nuo 2020 m. 12 m\u0117n. \u0160iauli\u0173 \u201eRinguvos mokykla u\u017eregistruota eTwinning Live platformoje \u2013 tarptautini\u0173 projekt\u0173 ir partneri\u0173 paie\u0161kos, bendradarbiavimo sistemoje. M\u016bs\u0173 \u012fstaiga nuo \u0161iol yra matoma visame pasaulyje. Koordinator\u0117&nbsp; mokytoja Daiva Laurutien\u0117.&nbsp;<\/span><\/span><\/h6>\n<hr>\n<p><img loading=\"lazy\" decoding=\"async\" class=\"alignleft  wp-image-16624\" src=\"https:\/\/ringuvos-sm.siauliai.lm.lt\/wp-content\/uploads\/2021\/01\/d.jpg\" alt=\"\" width=\"181\" height=\"136\" srcset=\"https:\/\/ringuvos-sm.siauliai.lm.lt\/wp-content\/uploads\/2021\/01\/d.jpg 600w, https:\/\/ringuvos-sm.siauliai.lm.lt\/wp-content\/uploads\/2021\/01\/d-300x225.jpg 300w, https:\/\/ringuvos-sm.siauliai.lm.lt\/wp-content\/uploads\/2021\/01\/d-400x300.jpg 400w\" sizes=\"auto, (max-width: 181px) 100vw, 181px\" \/><\/p>\n<hr>\n<h5><img loading=\"lazy\" decoding=\"async\" class=\"alignleft  wp-image-16651\" src=\"https:\/\/ringuvos-sm.siauliai.lm.lt\/wp-content\/uploads\/2021\/01\/diku.png\" alt=\"\" width=\"304\" height=\"56\" srcset=\"https:\/\/ringuvos-sm.siauliai.lm.lt\/wp-content\/uploads\/2021\/01\/diku.png 659w, https:\/\/ringuvos-sm.siauliai.lm.lt\/wp-content\/uploads\/2021\/01\/diku-300x56.png 300w, https:\/\/ringuvos-sm.siauliai.lm.lt\/wp-content\/uploads\/2021\/01\/diku-500x93.png 500w\" sizes=\"auto, (max-width: 304px) 100vw, 304px\" \/><\/h5>\n<h5>&nbsp;<\/h5>\n<h5>&nbsp;<\/h5>\n<h5>&nbsp;<\/h5>\n<h6>&nbsp; &nbsp; &nbsp; &nbsp; &nbsp; &nbsp;<span style=\"color: #000000;\">Nuo 2020 m. 12 m\u0117n. \u0160iauli\u0173 \u201eRinguvos\u201c mokykla u\u017eregistruota SELFIE \u012franki\u0173 naudojimo sistemoje, atliekant tarptautini\u0173 projekt\u0173 anketines apklausas.<\/span><\/h6>\n<h6><span style=\"color: #000000;\">&nbsp; &nbsp; &nbsp; Nuo 2021 m. 01 m\u0117n. mokykla u\u017eregistruota ESPRESSO naudojimo sistemoje, &nbsp;tarptautiniam bendradarbiavimui ir projekt\u0173 parai\u0161k\u0173 teikimui. Koordinator\u0117 mokytoja Daiva Laurutien\u0117.<\/span><\/h6>\n<h6>&nbsp;<\/h6>\n<hr>\n<p><img loading=\"lazy\" decoding=\"async\" class=\"alignleft  wp-image-16610\" src=\"https:\/\/ringuvos-sm.siauliai.lm.lt\/wp-content\/uploads\/2021\/01\/pic-badge.png\" alt=\"\" width=\"150\" height=\"153\"><\/p>\n<p>&nbsp;<\/p>\n<h5>&nbsp;<\/h5>\n<h5>&nbsp;<\/h5>\n<h5>&nbsp;<\/h5>\n<h6 style=\"margin: 0cm; margin-bottom: .0001pt; text-align: justify; text-indent: 64.8pt; line-height: 150%;\"><span class=\"tojvnm2t\" style=\"color: #000000;\">Norime pasid\u017eiaugti, kad \u0160iauli\u0173 \u201eRinguvos\u201c mokykla vykdydama sporto projekto \u201eA\u0161 aktyvus\u201c veiklas buvo atrinkta i\u0161 daugelio Lietuvos \u012fstaig\u0173 ir gavo Socialin\u0117s \u012ftraukties \u017eenkl\u0105, kuris \u017einomas visame pasaulyje. \u017denkl\u0105 \u012fstaigos gauna organizuojant fizinio aktyvumo veiklas \u012fvairi\u0173 geb\u0117jim\u0173 vaikams bei siekiant kurti \u012ftraukiojo ugdymo perspektyvas.<\/span><\/h6>\n<h6 style=\"margin: 0cm; margin-bottom: .0001pt; text-align: justify; text-indent: 64.8pt; line-height: 150%;\"><span style=\"color: #008000;\">Visas pasaulio \u0161ali\u0173 \u012fstaigas, gavusias \u0161\u012f \u017eenkl\u0105 galite rasti <a style=\"color: #008000;\" href=\"https:\/\/sportsinclusion.eu\/social-inclusion-badge\/\">\u010cIA<\/a><\/span><\/h6>\n<h6 style=\"margin: 0cm; margin-bottom: .0001pt; text-align: justify; text-indent: 64.8pt; line-height: 150%;\">&nbsp;<\/h6>\n<hr>\n<p>&nbsp;<\/p>\n<div>&nbsp;<\/div>\n","protected":false},"excerpt":{"rendered":"<p>&nbsp; Informacij\u0105&nbsp; ruo\u0161ia&nbsp; mokytoja Daiva Laurutien\u0117 Projektai 2024 \u2013 2025 m.m.&nbsp; pdf&nbsp; Projektai 2023 \u2013 2024 m.m. pdf&nbsp; Projektai 2022 \u2013 2023 m.m. pdf&nbsp; Projektai 2021 \u2013 2022 m.m.&nbsp; pdf&nbsp; Projektai 2020 \u2013 2021 m.m.&nbsp; pdf Projektai 2019 \u2013 2020 &hellip; <a href=\"https:\/\/ringuvos-sm.siauliai.lm.lt\/?page_id=348\">Continue reading <span class=\"meta-nav\">&rarr;<\/span><\/a><\/p>\n","protected":false},"author":2,"featured_media":0,"parent":0,"menu_order":0,"comment_status":"closed","ping_status":"closed","template":"","meta":{"ngg_post_thumbnail":0,"footnotes":""},"class_list":["post-348","page","type-page","status-publish","hentry"],"_links":{"self":[{"href":"https:\/\/ringuvos-sm.siauliai.lm.lt\/index.php?rest_route=\/wp\/v2\/pages\/348","targetHints":{"allow":["GET"]}}],"collection":[{"href":"https:\/\/ringuvos-sm.siauliai.lm.lt\/index.php?rest_route=\/wp\/v2\/pages"}],"about":[{"href":"https:\/\/ringuvos-sm.siauliai.lm.lt\/index.php?rest_route=\/wp\/v2\/types\/page"}],"author":[{"embeddable":true,"href":"https:\/\/ringuvos-sm.siauliai.lm.lt\/index.php?rest_route=\/wp\/v2\/users\/2"}],"replies":[{"embeddable":true,"href":"https:\/\/ringuvos-sm.siauliai.lm.lt\/index.php?rest_route=%2Fwp%2Fv2%2Fcomments&post=348"}],"version-history":[{"count":59,"href":"https:\/\/ringuvos-sm.siauliai.lm.lt\/index.php?rest_route=\/wp\/v2\/pages\/348\/revisions"}],"predecessor-version":[{"id":21044,"href":"https:\/\/ringuvos-sm.siauliai.lm.lt\/index.php?rest_route=\/wp\/v2\/pages\/348\/revisions\/21044"}],"wp:attachment":[{"href":"https:\/\/ringuvos-sm.siauliai.lm.lt\/index.php?rest_route=%2Fwp%2Fv2%2Fmedia&parent=348"}],"curies":[{"name":"wp","href":"https:\/\/api.w.org\/{rel}","templated":true}]}}