{"id":355,"date":"2013-04-08T13:52:38","date_gmt":"2013-04-08T11:52:38","guid":{"rendered":"http:\/\/ringuvos.coral.lt\/?page_id=355"},"modified":"2026-01-27T18:56:00","modified_gmt":"2026-01-27T16:56:00","slug":"veiklos-dokumentai","status":"publish","type":"page","link":"https:\/\/ringuvos-sm.siauliai.lm.lt\/?page_id=355","title":{"rendered":"Veiklos dokumentai"},"content":{"rendered":"<h5>&nbsp;<\/h5>\n<ol>\n<li>\n<h6><span style=\"color: #000000;\">Mokyklos strateginis veiklos planas 2026 \u2013 2028 m. m.<\/span> <a href=\"https:\/\/ringuvos-sm.siauliai.lm.lt\/wp-content\/uploads\/2026\/01\/Strateginis2026-pdf.pdf\">&nbsp;<span style=\"color: #008000;\">pdf<\/span><\/a><\/h6>\n<\/li>\n<li>\n<h6><span style=\"color: #000000;\">Mokyklos ugdymo planas 2025 \u2013 2026 m. m<\/span><span style=\"color: #008000;\"><span style=\"color: #000000;\">.<\/span><a style=\"color: #008000;\" href=\"https:\/\/ringuvos-sm.siauliai.lm.lt\/wp-content\/uploads\/2025\/10\/Ugdymo-planas-2025-2026-be-lenteliu.pdf\"> pdf&nbsp; &nbsp; <\/a><a style=\"color: #008000;\" href=\"https:\/\/ringuvos-sm.siauliai.lm.lt\/wp-content\/uploads\/2025\/10\/2025-2026-m.m.-Ugdymo-plano-pakeitimas.pdf\">pdf&nbsp;<\/a><\/span><\/h6>\n<\/li>\n<li>\n<h6><span style=\"color: #000000;\">Mokyklos darbo tvarkos taisykl\u0117s&nbsp; 2023 *<\/span><\/h6>\n<\/li>\n<\/ol>\n<ul>\n<li>\n<h6>*&nbsp;<em>Su&nbsp; ,,Ringuvos\u201d mokyklos <\/em><em>veikl\u0105 reglamentuojan\u010diais dokumentais galima susipa\u017einti mokyklos ra\u0161tin\u0117je.<\/em><\/h6>\n<\/li>\n<\/ul>\n<p align=\"left\">&nbsp;<\/p>\n\n\n<p><\/p>\n","protected":false},"excerpt":{"rendered":"<p>&nbsp; Mokyklos strateginis veiklos planas 2026 \u2013 2028 m. m. &nbsp;pdf Mokyklos ugdymo planas 2025 \u2013 2026 m. m. pdf&nbsp; &nbsp; pdf&nbsp; Mokyklos darbo tvarkos taisykl\u0117s&nbsp; 2023 * *&nbsp;Su&nbsp; ,,Ringuvos\u201d mokyklos veikl\u0105 reglamentuojan\u010diais dokumentais galima susipa\u017einti mokyklos ra\u0161tin\u0117je. &nbsp;<\/p>\n","protected":false},"author":2,"featured_media":0,"parent":0,"menu_order":0,"comment_status":"closed","ping_status":"closed","template":"","meta":{"ngg_post_thumbnail":0,"footnotes":""},"class_list":["post-355","page","type-page","status-publish","hentry"],"_links":{"self":[{"href":"https:\/\/ringuvos-sm.siauliai.lm.lt\/index.php?rest_route=\/wp\/v2\/pages\/355","targetHints":{"allow":["GET"]}}],"collection":[{"href":"https:\/\/ringuvos-sm.siauliai.lm.lt\/index.php?rest_route=\/wp\/v2\/pages"}],"about":[{"href":"https:\/\/ringuvos-sm.siauliai.lm.lt\/index.php?rest_route=\/wp\/v2\/types\/page"}],"author":[{"embeddable":true,"href":"https:\/\/ringuvos-sm.siauliai.lm.lt\/index.php?rest_route=\/wp\/v2\/users\/2"}],"replies":[{"embeddable":true,"href":"https:\/\/ringuvos-sm.siauliai.lm.lt\/index.php?rest_route=%2Fwp%2Fv2%2Fcomments&post=355"}],"version-history":[{"count":138,"href":"https:\/\/ringuvos-sm.siauliai.lm.lt\/index.php?rest_route=\/wp\/v2\/pages\/355\/revisions"}],"predecessor-version":[{"id":21212,"href":"https:\/\/ringuvos-sm.siauliai.lm.lt\/index.php?rest_route=\/wp\/v2\/pages\/355\/revisions\/21212"}],"wp:attachment":[{"href":"https:\/\/ringuvos-sm.siauliai.lm.lt\/index.php?rest_route=%2Fwp%2Fv2%2Fmedia&parent=355"}],"curies":[{"name":"wp","href":"https:\/\/api.w.org\/{rel}","templated":true}]}}