{"id":3580,"date":"2014-11-01T22:24:51","date_gmt":"2014-11-01T20:24:51","guid":{"rendered":"https:\/\/ringuvos-sm.siauliai.lm.lt\/?page_id=3580"},"modified":"2020-10-20T18:55:11","modified_gmt":"2020-10-20T16:55:11","slug":"projektas-lietuviu-sneka-valdomos-paslaugos-liepa","status":"publish","type":"page","link":"https:\/\/ringuvos-sm.siauliai.lm.lt\/?page_id=3580","title":{"rendered":"Projektas"},"content":{"rendered":"<h2><span style=\"color: #000000;\"> \u201eLietuvi\u0173 \u0161neka valdomos paslaugos&#8221; (LIEPA)<\/span><\/h2>\n<h5 style=\"text-align: justify;\">&nbsp; &nbsp; &nbsp; <span style=\"color: #000000;\">&nbsp;\u0160iauli\u0173 universiteto Socialin\u0117s gerov\u0117s ir negal\u0117s studij\u0173 fakulteto mokslinink\u0117s dr. R. Gele\u017einien\u0117, dr. Rita Melien\u0117, dr. Asta Vaitkevi\u010dien\u0117 vykdo keturi\u0173 partneri\u0173 jungtin\u012f projekt\u0105 \u201eLietuvi\u0173 \u0161neka valdomos paslaugos\u201c (LIEPA) VP2-3.1-IVPK-12-K-01-001 pagal veiksm\u0173 program\u0105 \u201eVP2 Ekonomikos augimo veiksm\u0173 programa\u201c. Kiti projekto partneriai \u2013 Lietuvi\u0173 kalbos institutas, Lietuvos edukologijos universitetas ir Vilniaus universitetas.<\/span><\/h5>\n<h5 style=\"text-align: justify;\"><span style=\"color: #000000;\">Projekto \u201eLIEPA\u201c u\u017edavinys \u2013 pl\u0117toti elektroninius sprendimus, didinant vie\u0161ojo sektoriaus institucij\u0173 efektyvum\u0105, ir skatinti elektroninio verslo iniciatyvas \u0161alyje. \u0160iais metais projektas \u201eLIEPA\u201c gavo InfoVi Balsas nominacij\u0105 u\u017e \u012fsipareigojim\u0105 prakalbinti informacines technologijas gra\u017eia ir taisyklinga kalba.<\/span><\/h5>\n<h5 style=\"text-align: justify;\"><span style=\"color: #000000;\">\u0160iauli\u0173 universiteto Socialin\u0117s gerov\u0117s ir negal\u0117s studij\u0173 fakulteto mokslininkai, vykdantys \u0161\u012f projekt\u0105, \u012fsipareigojo sukurti lietuvi\u0173 kalbos mokym\u0105si lengvinan\u010di\u0105 ir socialin\u0119 atskirt\u012f ma\u017einan\u010di\u0105 paslaug\u0105 Pagalbininkas, kuri b\u016bt\u0173 nemokama ir laisvai prieinama internete visiems. \u0160iuo metu vyksta paslaugos Pagalbininkas projektavimo, programavimo ir testavimo darbai.<\/span><\/h5>\n<h5 style=\"text-align: justify;\"><span style=\"color: #000000;\">Daugiau informacijos apie projekt\u0105 galima rasti \u0160iauli\u0173 universiteto svetain\u0117je adresu:<\/span><br \/>\n<span style=\"color: #008000;\"> <a title=\"\" href=\"http:\/\/www.su.lt\/sgnsf\/fakultetas\/projektine-veikla\/13882-projektas-liepa\" target=\"_blank\"><span style=\"color: #008000;\">http:\/\/www.su.lt\/sgnsf\/fakultetas\/projektine-veikla\/13882-projektas-liepa<\/span><\/a><\/span><\/h5>\n","protected":false},"excerpt":{"rendered":"<p>\u201eLietuvi\u0173 \u0161neka valdomos paslaugos&#8221; (LIEPA) &nbsp; &nbsp; &nbsp; &nbsp;\u0160iauli\u0173 universiteto Socialin\u0117s gerov\u0117s ir negal\u0117s studij\u0173 fakulteto mokslinink\u0117s dr. R. Gele\u017einien\u0117, dr. Rita Melien\u0117, dr. Asta Vaitkevi\u010dien\u0117 vykdo keturi\u0173 partneri\u0173 jungtin\u012f projekt\u0105 \u201eLietuvi\u0173 \u0161neka valdomos paslaugos\u201c (LIEPA) VP2-3.1-IVPK-12-K-01-001 pagal veiksm\u0173 program\u0105 &hellip; <a href=\"https:\/\/ringuvos-sm.siauliai.lm.lt\/?page_id=3580\">Continue reading <span class=\"meta-nav\">&rarr;<\/span><\/a><\/p>\n","protected":false},"author":2,"featured_media":0,"parent":0,"menu_order":0,"comment_status":"closed","ping_status":"closed","template":"","meta":{"ngg_post_thumbnail":0,"footnotes":""},"class_list":["post-3580","page","type-page","status-publish","hentry"],"_links":{"self":[{"href":"https:\/\/ringuvos-sm.siauliai.lm.lt\/index.php?rest_route=\/wp\/v2\/pages\/3580","targetHints":{"allow":["GET"]}}],"collection":[{"href":"https:\/\/ringuvos-sm.siauliai.lm.lt\/index.php?rest_route=\/wp\/v2\/pages"}],"about":[{"href":"https:\/\/ringuvos-sm.siauliai.lm.lt\/index.php?rest_route=\/wp\/v2\/types\/page"}],"author":[{"embeddable":true,"href":"https:\/\/ringuvos-sm.siauliai.lm.lt\/index.php?rest_route=\/wp\/v2\/users\/2"}],"replies":[{"embeddable":true,"href":"https:\/\/ringuvos-sm.siauliai.lm.lt\/index.php?rest_route=%2Fwp%2Fv2%2Fcomments&post=3580"}],"version-history":[{"count":6,"href":"https:\/\/ringuvos-sm.siauliai.lm.lt\/index.php?rest_route=\/wp\/v2\/pages\/3580\/revisions"}],"predecessor-version":[{"id":15474,"href":"https:\/\/ringuvos-sm.siauliai.lm.lt\/index.php?rest_route=\/wp\/v2\/pages\/3580\/revisions\/15474"}],"wp:attachment":[{"href":"https:\/\/ringuvos-sm.siauliai.lm.lt\/index.php?rest_route=%2Fwp%2Fv2%2Fmedia&parent=3580"}],"curies":[{"name":"wp","href":"https:\/\/api.w.org\/{rel}","templated":true}]}}