{"id":365,"date":"2013-04-08T13:55:26","date_gmt":"2013-04-08T11:55:26","guid":{"rendered":"http:\/\/ringuvos.coral.lt\/?page_id=365"},"modified":"2021-06-11T09:59:12","modified_gmt":"2021-06-11T07:59:12","slug":"paslaugos","status":"publish","type":"page","link":"https:\/\/ringuvos-sm.siauliai.lm.lt\/?page_id=365","title":{"rendered":"Paslaugos"},"content":{"rendered":"<h6>&nbsp;<\/h6>\n<ul>\n<li>\n<h5><span style=\"color: #000000;\">&nbsp;<a href=\"https:\/\/ringuvos-sm.siauliai.lm.lt\/?page_id=15386\"><span style=\"color: #008000;\">Mokykloje teikiamos paslaugos<\/span><\/a>&nbsp;<\/span><\/h5>\n<\/li>\n<li>\n<h5><span style=\"color: #008000;\"><a style=\"color: #008000;\" href=\"https:\/\/ringuvos-sm.siauliai.lm.lt\/?page_id=15365\">Maitinimas&nbsp;<\/a><\/span><\/h5>\n<\/li>\n<\/ul>\n<h5>&nbsp;<\/h5>\n<h6>&nbsp;<\/h6>\n<h6><span style=\"color: #000000;\">2021 06 11 INFOrmacija t\u0117vams d\u0117l mokini\u0173 maitinimo<\/span><\/h6>\n<div class=\"entry-content\">\n<h6><span style=\"color: #000000;\">&nbsp;&nbsp;&nbsp;Pra\u0161ymus d\u0117l nemokamo maitinimo t\u0117vai gali teikti tik nuo 2021 m. liepos 1 d. Prie\u0161mokyklinukams, pirmokams ir antrokams pra\u0161ym\u0173 teikti nereik\u0117s. \u0160iems mokiniams bendr\u0105 s\u0105ra\u0161\u0105 pateiks mokymo \u012fstaig\u0105 bus skirta automati\u0161kai.&nbsp;&nbsp;<\/span><\/h6>\n<h6><span style=\"color: #000000;\"><strong>Socialin\u0117s paramos mokiniams r\u016b\u0161ys&nbsp;<a style=\"color: #000000;\" href=\"https:\/\/ringuvos-sm.siauliai.lm.lt\/wp-content\/uploads\/2021\/06\/socialines-paramos-mokiniams-rusys.docx\">\u010cIA&nbsp;<\/a><\/strong><\/span><\/h6>\n<h6><span style=\"color: #000000;\">Socialin\u0117 pedagog\u0117 Jurgita Kazi\u016bnien\u0117, tel. 863153546, 866432747&nbsp;<\/span><\/h6>\n<\/div>\n\n\n<p><\/p>\n","protected":false},"excerpt":{"rendered":"<p>&nbsp; &nbsp;Mokykloje teikiamos paslaugos&nbsp; Maitinimas&nbsp; &nbsp; &nbsp; 2021 06 11 INFOrmacija t\u0117vams d\u0117l mokini\u0173 maitinimo &nbsp;&nbsp;&nbsp;Pra\u0161ymus d\u0117l nemokamo maitinimo t\u0117vai gali teikti tik nuo 2021 m. liepos 1 d. Prie\u0161mokyklinukams, pirmokams ir antrokams pra\u0161ym\u0173 teikti nereik\u0117s. \u0160iems mokiniams bendr\u0105 s\u0105ra\u0161\u0105 &hellip; <a href=\"https:\/\/ringuvos-sm.siauliai.lm.lt\/?page_id=365\">Continue reading <span class=\"meta-nav\">&rarr;<\/span><\/a><\/p>\n","protected":false},"author":2,"featured_media":0,"parent":0,"menu_order":0,"comment_status":"closed","ping_status":"closed","template":"","meta":{"ngg_post_thumbnail":0,"footnotes":""},"class_list":["post-365","page","type-page","status-publish","hentry"],"_links":{"self":[{"href":"https:\/\/ringuvos-sm.siauliai.lm.lt\/index.php?rest_route=\/wp\/v2\/pages\/365","targetHints":{"allow":["GET"]}}],"collection":[{"href":"https:\/\/ringuvos-sm.siauliai.lm.lt\/index.php?rest_route=\/wp\/v2\/pages"}],"about":[{"href":"https:\/\/ringuvos-sm.siauliai.lm.lt\/index.php?rest_route=\/wp\/v2\/types\/page"}],"author":[{"embeddable":true,"href":"https:\/\/ringuvos-sm.siauliai.lm.lt\/index.php?rest_route=\/wp\/v2\/users\/2"}],"replies":[{"embeddable":true,"href":"https:\/\/ringuvos-sm.siauliai.lm.lt\/index.php?rest_route=%2Fwp%2Fv2%2Fcomments&post=365"}],"version-history":[{"count":35,"href":"https:\/\/ringuvos-sm.siauliai.lm.lt\/index.php?rest_route=\/wp\/v2\/pages\/365\/revisions"}],"predecessor-version":[{"id":17454,"href":"https:\/\/ringuvos-sm.siauliai.lm.lt\/index.php?rest_route=\/wp\/v2\/pages\/365\/revisions\/17454"}],"wp:attachment":[{"href":"https:\/\/ringuvos-sm.siauliai.lm.lt\/index.php?rest_route=%2Fwp%2Fv2%2Fmedia&parent=365"}],"curies":[{"name":"wp","href":"https:\/\/api.w.org\/{rel}","templated":true}]}}