{"id":371,"date":"2013-04-08T13:56:34","date_gmt":"2013-04-08T11:56:34","guid":{"rendered":"http:\/\/ringuvos.coral.lt\/?page_id=371"},"modified":"2025-06-18T19:04:15","modified_gmt":"2025-06-18T17:04:15","slug":"viesieji-pirkimai","status":"publish","type":"page","link":"https:\/\/ringuvos-sm.siauliai.lm.lt\/?page_id=371","title":{"rendered":"Vie\u0161ieji pirkimai"},"content":{"rendered":"<h5>&nbsp;<\/h5>\n<h5>&nbsp;<\/h5>\n<h5>Decentralizuot\u0173 vie\u0161\u0173j\u0173 pirkim\u0173 vykdymo ir vidaus kontrol\u0117s tvarkos apra\u0161as&nbsp;<span style=\"color: #008000;\"><a style=\"color: #008000;\" href=\"https:\/\/ringuvos-sm.siauliai.lm.lt\/wp-content\/uploads\/2025\/06\/Decentralizuotu-viesuju-pirkimu-tvarkos-aprasas.pdf\">pdf<\/a><\/span><\/h5>\n<p>&nbsp;<\/p>\n<p>&nbsp;<\/p>\n<hr>\n<h5><span style=\"color: #000000;\">&nbsp; &nbsp; &nbsp; 2025 metais planuojam\u0173 pirkim\u0173 planas <span style=\"color: #008000;\"><a style=\"color: #008000;\" href=\"https:\/\/ringuvos-sm.siauliai.lm.lt\/wp-content\/uploads\/2025\/02\/Pirkimu_planas_su_metaduomenimis_2025.pdf\">pdf<\/a><\/span><\/span><\/h5>\n<h5><span style=\"color: #000000;\">&nbsp; &nbsp; &nbsp; 2024 metais planuojam\u0173 pirkim\u0173 planas <span style=\"color: #008000;\"><a style=\"color: #008000;\" href=\"https:\/\/ringuvos-sm.siauliai.lm.lt\/wp-content\/uploads\/2024\/04\/Pirkimu_planas_2024.pdf\">pdf<\/a><\/span><\/span><\/h5>\n<h5><span style=\"color: #000000;\">&nbsp; &nbsp; &nbsp; 2023 metais planuojam\u0173 pirkim\u0173 planas <span style=\"color: #008000;\"><a style=\"color: #008000;\" href=\"https:\/\/ringuvos-sm.siauliai.lm.lt\/wp-content\/uploads\/2024\/04\/Pirkimu_planas_2023.pdf\">pdf<\/a><\/span><\/span><\/h5>\n<h5><span style=\"color: #000000;\">&nbsp; &nbsp; &nbsp; 2022 metais planuojam\u0173 pirkim\u0173 planas<\/span> <span style=\"color: #008000;\"><a style=\"color: #008000;\" href=\"https:\/\/ringuvos-sm.siauliai.lm.lt\/wp-content\/uploads\/2022\/11\/3-priedas_pirkimu-planas_2022.pdf\">pdf<\/a><\/span><\/h5>\n<h5><span style=\"color: #000000;\">&nbsp; &nbsp; &nbsp;2021 metais planuojam\u0173 pirkim\u0173 planas <span style=\"color: #008000;\"><a style=\"color: #008000;\" href=\"https:\/\/ringuvos-sm.siauliai.lm.lt\/wp-content\/uploads\/2021\/03\/2021-METAIS-PLANUOJAMU-PIRKIMU-PLANAS.pdf\">pdf<\/a><\/span><\/span><\/h5>\n<h5>&nbsp; &nbsp; &nbsp;<span style=\"color: #000000;\">20<span style=\"font-style: inherit; font-weight: inherit;\">20 metais planuojam\u0173 pirkim\u0173 planas&nbsp;<\/span> <\/span>&nbsp;<a href=\"https:\/\/ringuvos-sm.siauliai.lm.lt\/wp-content\/uploads\/2020\/05\/2020-planuojam\u0173-pirkim\u0173-planas.pdf\"><span style=\"color: #008000;\">pdf&nbsp;<\/span><\/a><\/h5>\n<hr>\n<h6><span style=\"color: #000000;\">&nbsp; &nbsp; &nbsp; &nbsp; Informacija apie 2021 m. sudarytas pirkimo sutartis&nbsp;<a href=\"https:\/\/ringuvos-sm.siauliai.lm.lt\/wp-content\/uploads\/2022\/02\/2021-m.-PS-sutartys-1.pdf\"><span style=\"color: #008000;\"> pdf<\/span><\/a><\/span><\/h6>\n<h6>&nbsp; &nbsp; &nbsp; <span style=\"color: #000000;\">&nbsp; Informacija apie ma\u017eos vert\u0117s pirkimus u\u017e 2021 metus <a href=\"https:\/\/ringuvos-sm.siauliai.lm.lt\/wp-content\/uploads\/2022\/02\/ataskaita-viesieji-pirkimai-2021-m..pdf\"><span style=\"color: #008000;\">pdf<\/span><\/a><\/span><\/h6>\n<hr>\n<h6><span style=\"color: #000000;\">&nbsp; &nbsp; &nbsp; &nbsp; &nbsp;Informacija apie 2020 m. sudarytas pirkimo sutartis&nbsp;<a href=\"https:\/\/ringuvos-sm.siauliai.lm.lt\/wp-content\/uploads\/2021\/03\/2020-m.-PS-sutartys.pdf\"><span style=\"color: #008000;\"> pdf<\/span><\/a><\/span><\/h6>\n<h6>&nbsp; &nbsp; &nbsp; <span style=\"color: #000000;\">&nbsp; Informacija apie ma\u017eos vert\u0117s pirkimus u\u017e 2020 metus <span style=\"color: #008000;\"><a style=\"color: #008000;\" href=\"https:\/\/ringuvos-sm.siauliai.lm.lt\/wp-content\/uploads\/2021\/02\/Ataskaita-viesieji-pirkimai-2020-m..pdf\">pdf<\/a><\/span><\/span><\/h6>\n<hr>\n<p>&nbsp;<\/p>\n<p>&nbsp;<\/p>\n","protected":false},"excerpt":{"rendered":"<p>&nbsp; &nbsp; Decentralizuot\u0173 vie\u0161\u0173j\u0173 pirkim\u0173 vykdymo ir vidaus kontrol\u0117s tvarkos apra\u0161as&nbsp;pdf &nbsp; &nbsp; &nbsp; &nbsp; &nbsp; 2025 metais planuojam\u0173 pirkim\u0173 planas pdf &nbsp; &nbsp; &nbsp; 2024 metais planuojam\u0173 pirkim\u0173 planas pdf &nbsp; &nbsp; &nbsp; 2023 metais planuojam\u0173 pirkim\u0173 planas pdf &hellip; <a href=\"https:\/\/ringuvos-sm.siauliai.lm.lt\/?page_id=371\">Continue reading <span class=\"meta-nav\">&rarr;<\/span><\/a><\/p>\n","protected":false},"author":2,"featured_media":0,"parent":0,"menu_order":0,"comment_status":"closed","ping_status":"closed","template":"","meta":{"ngg_post_thumbnail":0,"footnotes":""},"class_list":["post-371","page","type-page","status-publish","hentry"],"_links":{"self":[{"href":"https:\/\/ringuvos-sm.siauliai.lm.lt\/index.php?rest_route=\/wp\/v2\/pages\/371","targetHints":{"allow":["GET"]}}],"collection":[{"href":"https:\/\/ringuvos-sm.siauliai.lm.lt\/index.php?rest_route=\/wp\/v2\/pages"}],"about":[{"href":"https:\/\/ringuvos-sm.siauliai.lm.lt\/index.php?rest_route=\/wp\/v2\/types\/page"}],"author":[{"embeddable":true,"href":"https:\/\/ringuvos-sm.siauliai.lm.lt\/index.php?rest_route=\/wp\/v2\/users\/2"}],"replies":[{"embeddable":true,"href":"https:\/\/ringuvos-sm.siauliai.lm.lt\/index.php?rest_route=%2Fwp%2Fv2%2Fcomments&post=371"}],"version-history":[{"count":96,"href":"https:\/\/ringuvos-sm.siauliai.lm.lt\/index.php?rest_route=\/wp\/v2\/pages\/371\/revisions"}],"predecessor-version":[{"id":20850,"href":"https:\/\/ringuvos-sm.siauliai.lm.lt\/index.php?rest_route=\/wp\/v2\/pages\/371\/revisions\/20850"}],"wp:attachment":[{"href":"https:\/\/ringuvos-sm.siauliai.lm.lt\/index.php?rest_route=%2Fwp%2Fv2%2Fmedia&parent=371"}],"curies":[{"name":"wp","href":"https:\/\/api.w.org\/{rel}","templated":true}]}}