{"id":382,"date":"2013-04-08T14:03:00","date_gmt":"2013-04-08T12:03:00","guid":{"rendered":"http:\/\/ringuvos.coral.lt\/?page_id=382"},"modified":"2025-10-06T21:12:46","modified_gmt":"2025-10-06T19:12:46","slug":"veiklos-kokybes-isivertinimas","status":"publish","type":"page","link":"https:\/\/ringuvos-sm.siauliai.lm.lt\/?page_id=382","title":{"rendered":"Veiklos kokyb\u0117s \u012fsivertinimas"},"content":{"rendered":"<h6><span style=\"color: #008000;\"><strong>Mokyklos veiklos kokyb\u0117s \u012fsivertinim\u0105 reglamentuojantys dokumentai<\/strong><\/span><\/h6>\n<h6><span style=\"color: #000000;\">1.&nbsp;Lietuvos Respublikos \u0161vietimo ir mokslo ministro&nbsp; \u012fsakymas Nr. V-267 \u201eD\u0117l mokyklos, \u012fgyvendinan\u010dios bendrojo ugdymo programas, veiklos kokyb\u0117s \u012fsivertinimo metodikos patvirtinimo\u201c (2016)&nbsp;<\/span><br><span style=\"color: #000000;\">2. &nbsp;Priedas Nr. 1. Mokyklos, \u012fgyvendinan\u010dios bendrojo ugdymo programas, veiklos kokyb\u0117s \u012fsivertinimo modelio sandara (Nauji rodikliai)<\/span><br><span style=\"color: #000000;\">&nbsp;3. Priedas Nr. 2. Mokyklos, \u012fgyvendinan\u010dios bendrojo ugdymo programas, veiklos kokyb\u0117s \u012fsivertinimo modelio schema<\/span><br><span style=\"color: #000000;\">&nbsp;4. Bendrojo ugdymo mokykl\u0173 veiklos kokyb\u0117s \u012fsivertinimo rekomendacijos<\/span><\/h6>\n<h6><span style=\"color: #000000;\">5.&nbsp;Mokyklos, \u012fgyvendinan\u010dios bendrojo ugdymo programas, veiklos kokyb\u0117s \u012fsivertinimo metodika<\/span><\/h6>\n<hr>\n<h6>&nbsp;<\/h6>\n<h6><span style=\"color: #000000;\">\u0160iauli\u0173 ,,Ringuvos\u2018\u2018&nbsp; mokyklos veiklos kokyb\u0117s \u012fsivertinimo tvarkos apra\u0161as <span style=\"color: #008000;\"><a style=\"color: #008000;\" href=\"https:\/\/ringuvos-sm.siauliai.lm.lt\/wp-content\/uploads\/2020\/01\/TOV-193_veiklos-kokybes-isiveritinimo-metodika-pdf.pdf\">pdf<\/a><\/span><\/span><\/h6>\n<h6><span style=\"color: #000000;\">\u0160iauli\u0173 ,,Ringuvos&#8221;&nbsp; mokyklos pla\u010diojo \u012fsivertinimo <span style=\"color: #008000;\"><a style=\"color: #008000;\" href=\"https:\/\/ringuvos-sm.siauliai.lm.lt\/wp-content\/uploads\/2020\/05\/placiojo-ataskaita-2-trump-i-svetaine.pptx\">ataskaita 2019&nbsp;<\/a><\/span><\/span><\/h6>\n<h6><span style=\"color: #000000;\">\u0160iauli\u0173 ,,Ringuvos&#8221;&nbsp; mokyklos giluminio&nbsp; \u012fsivertinimo <span style=\"color: #008000;\"><a style=\"color: #008000;\" href=\"https:\/\/ringuvos-sm.siauliai.lm.lt\/wp-content\/uploads\/2020\/12\/ataskaita-pristatymas-2020-10-29-Svetaine.pptx\">ataskaita 2020&nbsp;<\/a><\/span><\/span><\/h6>\n<h6><span style=\"color: #000000;\">\u0160iauli\u0173 ,,Ringuvos&#8221; mokyklos veiklos \u012fsivertinimas ir pa\u017eanga<\/span>&nbsp; <span style=\"color: #008000;\"><a style=\"color: #008000;\" href=\"https:\/\/ringuvos-sm.siauliai.lm.lt\/wp-content\/uploads\/2022\/11\/isivertinimas-ir-pazanga-i-svetaine.png\">2021&nbsp;<\/a><\/span><\/h6>\n<h6><span style=\"color: #000000;\">\u0160iauli\u0173 ,,Ringuvos\u201d mokyklos veiklos \u012fsivertinimas ir pa\u017eanga&nbsp; <span style=\"color: #008000;\"><a style=\"color: #008000;\" href=\"https:\/\/ringuvos-sm.siauliai.lm.lt\/wp-content\/uploads\/2024\/04\/isivertinimo-pazangos-anketa-uz-2022-m.docx\">2022<\/a><\/span>&nbsp;<\/span><\/h6>\n<h6><span style=\"color: #000000;\">\u0160iauli\u0173 ,,Ringuvos\u201d mokyklos veiklos \u012fsivertinimas ir pa\u017eanga&nbsp;<span style=\"color: #008000;\"><a style=\"color: #008000;\" href=\"https:\/\/ringuvos-sm.siauliai.lm.lt\/wp-content\/uploads\/2024\/04\/isivertinimo-pazangos-anketa-uz-2023-m-.doc\"> 2023&nbsp;<\/a><\/span><\/span><\/h6>\n<h6>\u0160iauli\u0173 ,,Ringuvos\u201d mokyklos veiklos \u012fsivertinimas ir pa\u017eanga&nbsp;&nbsp;2024&nbsp;<\/h6>\n<p>&nbsp;<\/p>\n\n\n<p><\/p>\n","protected":false},"excerpt":{"rendered":"<p>Mokyklos veiklos kokyb\u0117s \u012fsivertinim\u0105 reglamentuojantys dokumentai 1.&nbsp;Lietuvos Respublikos \u0161vietimo ir mokslo ministro&nbsp; \u012fsakymas Nr. V-267 \u201eD\u0117l mokyklos, \u012fgyvendinan\u010dios bendrojo ugdymo programas, veiklos kokyb\u0117s \u012fsivertinimo metodikos patvirtinimo\u201c (2016)&nbsp;2. &nbsp;Priedas Nr. 1. Mokyklos, \u012fgyvendinan\u010dios bendrojo ugdymo programas, veiklos kokyb\u0117s \u012fsivertinimo modelio sandara &hellip; <a href=\"https:\/\/ringuvos-sm.siauliai.lm.lt\/?page_id=382\">Continue reading <span class=\"meta-nav\">&rarr;<\/span><\/a><\/p>\n","protected":false},"author":2,"featured_media":0,"parent":0,"menu_order":0,"comment_status":"closed","ping_status":"closed","template":"","meta":{"ngg_post_thumbnail":0,"footnotes":""},"class_list":["post-382","page","type-page","status-publish","hentry"],"_links":{"self":[{"href":"https:\/\/ringuvos-sm.siauliai.lm.lt\/index.php?rest_route=\/wp\/v2\/pages\/382","targetHints":{"allow":["GET"]}}],"collection":[{"href":"https:\/\/ringuvos-sm.siauliai.lm.lt\/index.php?rest_route=\/wp\/v2\/pages"}],"about":[{"href":"https:\/\/ringuvos-sm.siauliai.lm.lt\/index.php?rest_route=\/wp\/v2\/types\/page"}],"author":[{"embeddable":true,"href":"https:\/\/ringuvos-sm.siauliai.lm.lt\/index.php?rest_route=\/wp\/v2\/users\/2"}],"replies":[{"embeddable":true,"href":"https:\/\/ringuvos-sm.siauliai.lm.lt\/index.php?rest_route=%2Fwp%2Fv2%2Fcomments&post=382"}],"version-history":[{"count":31,"href":"https:\/\/ringuvos-sm.siauliai.lm.lt\/index.php?rest_route=\/wp\/v2\/pages\/382\/revisions"}],"predecessor-version":[{"id":20958,"href":"https:\/\/ringuvos-sm.siauliai.lm.lt\/index.php?rest_route=\/wp\/v2\/pages\/382\/revisions\/20958"}],"wp:attachment":[{"href":"https:\/\/ringuvos-sm.siauliai.lm.lt\/index.php?rest_route=%2Fwp%2Fv2%2Fmedia&parent=382"}],"curies":[{"name":"wp","href":"https:\/\/api.w.org\/{rel}","templated":true}]}}