{"id":389,"date":"2013-01-08T14:03:54","date_gmt":"2013-01-08T12:03:54","guid":{"rendered":"http:\/\/ringuvos.coral.lt\/?page_id=389"},"modified":"2022-09-15T13:05:47","modified_gmt":"2022-09-15T11:05:47","slug":"dokumentu-formos-2","status":"publish","type":"page","link":"https:\/\/ringuvos-sm.siauliai.lm.lt\/?page_id=389","title":{"rendered":"Dokument\u0173 formos"},"content":{"rendered":"<h6><span style=\"color: #000000;\">&nbsp;<\/span><\/h6>\n<ul>\n<li>\n<h5><span style=\"color: #000000;\">Pra\u0161ymas ,,&nbsp;D\u0117l praleist\u0173 pamok\u0173 pateisinimo&#8221;<a href=\"https:\/\/ringuvos-sm.siauliai.lm.lt\/wp-content\/uploads\/2020\/12\/praleistu-pamoku-pateisinimo-forma-PATAISYTA.docx\"><span style=\"color: #008000;\"> doc<\/span><\/a><\/span><\/h5>\n<\/li>\n<li>\n<h5><span style=\"color: #000000;\">Neformaliojo vaik\u0173 \u0161vietimo programa&nbsp; <a href=\"https:\/\/ringuvos-sm.siauliai.lm.lt\/wp-content\/uploads\/2022\/09\/NVS-programa-1.doc\">&nbsp;<span style=\"color: #008000;\">doc<\/span><\/a><\/span><\/h5>\n<\/li>\n<li>\n<h5><span style=\"color: #000000;\">&nbsp;Klas\u0117s vadovo veiklos planas&nbsp; &nbsp; <span style=\"color: #008000;\"><a style=\"color: #008000;\" href=\"https:\/\/ringuvos-sm.siauliai.lm.lt\/wp-content\/uploads\/2022\/09\/klases-vadovo-veiklos-planas.doc\">&nbsp;doc<\/a><\/span><\/span><\/h5>\n<\/li>\n<li>\n<h5><span style=\"color: #000000;\">&nbsp;Aukl\u0117jamosios grup\u0117s&nbsp;&nbsp;veiklos planas&nbsp;&nbsp;<span style=\"color: #008000;\"><a style=\"color: #008000;\" href=\"https:\/\/ringuvos-sm.siauliai.lm.lt\/wp-content\/uploads\/2022\/09\/Auklejamosios-grupes.doc\">&nbsp;doc<\/a><\/span><\/span><\/h5>\n<\/li>\n<li>\n<h5><span style=\"color: #000000;\">&nbsp;Pailgintos dienos grup\u0117s veiklos planas&nbsp;<span style=\"color: #008000;\"><a style=\"color: #008000;\" href=\"https:\/\/ringuvos-sm.siauliai.lm.lt\/wp-content\/uploads\/2022\/09\/pailgintos-d-grupes-veiklos-planas.doc\">&nbsp;&nbsp;doc<\/a><\/span><\/span><\/h5>\n<\/li>\n<li>\n<h5><span style=\"color: #000000;\">&nbsp;B\u016brelio veiklos planas&nbsp; <span style=\"color: #ff6600;\">&nbsp;<span style=\"color: #008000;\"><a style=\"color: #008000;\" href=\"https:\/\/ringuvos-sm.siauliai.lm.lt\/wp-content\/uploads\/2022\/09\/Burelio-veiklos-planas.docx\">doc<\/a><\/span>&nbsp;<\/span><\/span><\/h5>\n<\/li>\n<li>\n<h5><span style=\"color: #000000;\">Mokinio pasiekim\u0173 ir pa\u017eangos vertinimo lapas&nbsp;<a href=\"https:\/\/ringuvos-sm.siauliai.lm.lt\/wp-content\/uploads\/2021\/05\/MOKINIU-PASIEKIMU-IR-PAZANGOS-VERTINIMAS-Naujas.docx\"> &nbsp;<span style=\"color: #008000;\">doc<\/span><\/a><\/span><\/h5>\n<\/li>\n<\/ul>\n<hr>\n<h5><strong><span style=\"color: #008000;\">Vyresni\u0173j\u0173&nbsp;speciali\u0173j\u0173 klasi\u0173 mokytojams<\/span><\/strong><\/h5>\n<ul>\n<li>\n<h5><span style=\"color: #000000;\">Individualizuota ugdymo programa<span style=\"color: #008000;\"><a style=\"color: #008000;\" href=\"https:\/\/ringuvos-sm.siauliai.lm.lt\/wp-content\/uploads\/2021\/09\/vyresniuju-specialiuju-kl.-individualiz.p2021-2022.doc\">&nbsp; &nbsp;doc&nbsp;<\/a><\/span><\/span><\/h5>\n<\/li>\n<li>\n<h5><span style=\"color: #000000;\">&nbsp;<span style=\"color: #000000;\">Teminiai planai&nbsp; &nbsp; <a href=\"https:\/\/ringuvos-sm.siauliai.lm.lt\/wp-content\/uploads\/2021\/09\/vyresniuju-specialiuju-kl.-teminiai-2021-2022.docx\">&nbsp; <span style=\"color: #008000;\">doc&nbsp;&nbsp;<\/span><\/a><\/span><\/span><\/h5>\n<\/li>\n<\/ul>\n<h5><strong><span style=\"color: #008000;\">&nbsp;Pradini\u0173&nbsp;speciali\u0173j\u0173&nbsp;&nbsp;klasi\u0173 mokytojams&nbsp;<\/span><\/strong><\/h5>\n<ul>\n<li>\n<h5><span style=\"color: #000000;\">Individualizuota ugdymo programa&nbsp;<a href=\"https:\/\/ringuvos-sm.siauliai.lm.lt\/wp-content\/uploads\/2021\/09\/pradiniu-specialiuju-kl.-individualizu-2021-2022-otos-2020.doc\"> &nbsp;<span style=\"color: #008000;\">doc<\/span><\/a><\/span><\/h5>\n<\/li>\n<li>\n<h5><span style=\"color: #000000;\"><span style=\"font-size: 14px;\">&nbsp;<\/span>Teminiai planai&nbsp;&nbsp;<span style=\"color: #008000;\"><a style=\"color: #008000;\" href=\"https:\/\/ringuvos-sm.siauliai.lm.lt\/wp-content\/uploads\/2021\/09\/pradiniu-specialiuju-teminiai-2021-2022.doc\">&nbsp;doc&nbsp;<\/a><\/span><\/span><\/h5>\n<\/li>\n<\/ul>\n<h5><strong><span style=\"color: #008000;\">Lavinam\u0173j\u0173 klasi\u0173 mokytojams <\/span><\/strong><\/h5>\n<ul>\n<li>\n<h5><span style=\"color: #000000;\">&nbsp;<span style=\"color: #000000;\">Individualizuota ugdymo programa&nbsp; <span style=\"color: #008000;\"><a style=\"color: #008000;\" href=\"https:\/\/ringuvos-sm.siauliai.lm.lt\/wp-content\/uploads\/2021\/09\/lavinamosios-kl.-individualizu-2021-2022.doc\">&nbsp;doc&nbsp;&nbsp;<\/a><\/span><\/span><\/span><\/h5>\n<\/li>\n<li>\n<h5><span style=\"color: #000000;\"><span style=\"color: #000000;\">Teminiai planai&nbsp; &nbsp;&nbsp;<span style=\"color: #008000;\"><a style=\"color: #008000;\" href=\"https:\/\/ringuvos-sm.siauliai.lm.lt\/wp-content\/uploads\/2021\/09\/lavinamuju-klasiu-teminiai-2021-2022.doc\">doc&nbsp;<\/a><\/span>&nbsp;<\/span><\/span><\/h5>\n<h5>&nbsp;<\/h5>\n<h5><span style=\"color: #000000;\">&nbsp;<\/span><\/h5>\n<\/li>\n<\/ul>\n","protected":false},"excerpt":{"rendered":"<p>&nbsp; Pra\u0161ymas ,,&nbsp;D\u0117l praleist\u0173 pamok\u0173 pateisinimo&#8221; doc Neformaliojo vaik\u0173 \u0161vietimo programa&nbsp; &nbsp;doc &nbsp;Klas\u0117s vadovo veiklos planas&nbsp; &nbsp; &nbsp;doc &nbsp;Aukl\u0117jamosios grup\u0117s&nbsp;&nbsp;veiklos planas&nbsp;&nbsp;&nbsp;doc &nbsp;Pailgintos dienos grup\u0117s veiklos planas&nbsp;&nbsp;&nbsp;doc &nbsp;B\u016brelio veiklos planas&nbsp; &nbsp;doc&nbsp; Mokinio pasiekim\u0173 ir pa\u017eangos vertinimo lapas&nbsp; &nbsp;doc Vyresni\u0173j\u0173&nbsp;speciali\u0173j\u0173 klasi\u0173 mokytojams &hellip; <a href=\"https:\/\/ringuvos-sm.siauliai.lm.lt\/?page_id=389\">Continue reading <span class=\"meta-nav\">&rarr;<\/span><\/a><\/p>\n","protected":false},"author":2,"featured_media":0,"parent":24,"menu_order":0,"comment_status":"closed","ping_status":"closed","template":"","meta":{"ngg_post_thumbnail":0,"footnotes":""},"class_list":["post-389","page","type-page","status-publish","hentry"],"_links":{"self":[{"href":"https:\/\/ringuvos-sm.siauliai.lm.lt\/index.php?rest_route=\/wp\/v2\/pages\/389","targetHints":{"allow":["GET"]}}],"collection":[{"href":"https:\/\/ringuvos-sm.siauliai.lm.lt\/index.php?rest_route=\/wp\/v2\/pages"}],"about":[{"href":"https:\/\/ringuvos-sm.siauliai.lm.lt\/index.php?rest_route=\/wp\/v2\/types\/page"}],"author":[{"embeddable":true,"href":"https:\/\/ringuvos-sm.siauliai.lm.lt\/index.php?rest_route=\/wp\/v2\/users\/2"}],"replies":[{"embeddable":true,"href":"https:\/\/ringuvos-sm.siauliai.lm.lt\/index.php?rest_route=%2Fwp%2Fv2%2Fcomments&post=389"}],"version-history":[{"count":88,"href":"https:\/\/ringuvos-sm.siauliai.lm.lt\/index.php?rest_route=\/wp\/v2\/pages\/389\/revisions"}],"predecessor-version":[{"id":18490,"href":"https:\/\/ringuvos-sm.siauliai.lm.lt\/index.php?rest_route=\/wp\/v2\/pages\/389\/revisions\/18490"}],"up":[{"embeddable":true,"href":"https:\/\/ringuvos-sm.siauliai.lm.lt\/index.php?rest_route=\/wp\/v2\/pages\/24"}],"wp:attachment":[{"href":"https:\/\/ringuvos-sm.siauliai.lm.lt\/index.php?rest_route=%2Fwp%2Fv2%2Fmedia&parent=389"}],"curies":[{"name":"wp","href":"https:\/\/api.w.org\/{rel}","templated":true}]}}